{"id":18389,"date":"2021-12-02T11:40:21","date_gmt":"2021-12-02T09:40:21","guid":{"rendered":"https:\/\/www.libriparlanti.org\/index.php\/prodotto\/buongiorno-brava-gente\/"},"modified":"2022-05-23T09:58:23","modified_gmt":"2022-05-23T07:58:23","slug":"buongiorno-brava-gente","status":"publish","type":"product","link":"https:\/\/www.libriparlanti.org\/index.php\/prodotto\/buongiorno-brava-gente\/","title":{"rendered":"BUONGIORNO BRAVA GENTE"},"content":{"rendered":"<p>\u00abBuongiorno brava gente\u00bb: con queste parole Francesco d&#8217;Assisi si rivolse agli abitanti di Poggio Bustone quando, lasciata la sua citt\u00e0, inizi\u00f2 a predicare la Parola di Dio per le strade del mondo. Un saluto che racchiude insieme l&#8217;entusiasmo per l&#8217;avvio di una nuova giornata e il piacere di poterla condividere con gli altri. La recente pandemia ci ha insegnato che nessuno si salva da solo, e che andare incontro a chi ci \u00e8 vicino, con una parola, un gesto, un pensiero positivo, \u00e8 un atto salvifico, rigenerante. Per accompagnare le persone in questi difficili mesi, padre Enzo Fortunato ha avviato una rubrica quotidiana sulla sua pagina Facebook, aprendola proprio con il francescano saluto \u00abBuongiorno brava gente\u00bb: via via \u00e8 divenuta un prezioso momento di confronto e conforto reciproco, nel quale scoprire la bellezza di non sentirsi soli, di farsi comunit\u00e0 alla luce del Vangelo e dell&#8217;esperienza del santo di Assisi. Cos\u00ec, ripartendo dalle riflessioni che l\u00ec sono scaturite, padre Enzo ci propone in queste pagine un breviario per tutto l&#8217;anno, un cammino di meditazioni che scandisca il nostro tempo giorno per giorno. Perch\u00e9 \u00abil Vangelo \u00e8 la guida per aprire un cantiere dentro noi stessi. Nella misura in cui lavoriamo su noi stessi, lavoriamo il mondo. Nella misura in cui ci immaginiamo nel sogno, cresciamo in un mondo diverso\u00bb. Anche noi siamo invitati a ricordarci che l&#8217;unico modo per affrontare le difficolt\u00e0 \u00e8 avere fede, e che \u00abil rapporto con Dio, la preghiera, ci conduce agli altri. \u00c8 un modo di vivere la Parola e la nostra esistenza basato sull&#8217;avvicinarsi, sul sostenersi a vicenda, sul prendersi per mano\u00bb. Solo cos\u00ec, camminando insieme, diventeremo strumenti di pace e renderemo ogni giorno un buon giorno.<\/p>\n","protected":false},"excerpt":{"rendered":"<p><em>Autore:<\/em> ENZO FORTUNATO<br \/>\n<em>Editore:<\/em> MONDADORI ARNOLDO VARIA<br \/>\n<em>ISBN:<\/em> 9788804744474<\/p>\n","protected":false},"featured_media":18388,"comment_status":"closed","ping_status":"closed","template":"","meta":{"_et_pb_use_builder":"","_et_pb_old_content":"","_et_gb_content_width":"","_joinchat":[]},"product_brand":[],"product_cat":[959],"product_tag":[],"class_list":{"0":"post-18389","1":"product","2":"type-product","3":"status-publish","4":"has-post-thumbnail","6":"product_cat-senza-categoria","8":"first","9":"onbackorder","10":"taxable","11":"shipping-taxable","12":"purchasable","13":"product-type-simple"},"yoast_head":"<!-- This site is optimized with the Yoast SEO plugin v27.3 - https:\/\/yoast.com\/product\/yoast-seo-wordpress\/ -->\n<title>BUONGIORNO BRAVA GENTE - Libreria Libri parlanti<\/title>\n<meta name=\"robots\" content=\"index, follow, max-snippet:-1, max-image-preview:large, max-video-preview:-1\" \/>\n<link rel=\"canonical\" href=\"https:\/\/www.libriparlanti.org\/index.php\/prodotto\/buongiorno-brava-gente\/\" \/>\n<meta property=\"og:locale\" content=\"it_IT\" \/>\n<meta property=\"og:type\" content=\"article\" \/>\n<meta property=\"og:title\" content=\"BUONGIORNO BRAVA GENTE - Libreria Libri parlanti\" \/>\n<meta property=\"og:description\" content=\"Autore: ENZO FORTUNATO Editore: MONDADORI ARNOLDO VARIA ISBN: 9788804744474\" \/>\n<meta property=\"og:url\" content=\"https:\/\/www.libriparlanti.org\/index.php\/prodotto\/buongiorno-brava-gente\/\" \/>\n<meta property=\"og:site_name\" content=\"Libreria Libri parlanti\" \/>\n<meta property=\"article:publisher\" content=\"https:\/\/www.facebook.com\/LibriParlanti\" \/>\n<meta property=\"article:modified_time\" content=\"2022-05-23T07:58:23+00:00\" \/>\n<meta property=\"og:image\" content=\"https:\/\/www.libriparlanti.org\/wp-content\/uploads\/2021\/12\/9788804744474.jpg\" \/>\n\t<meta property=\"og:image:width\" content=\"181\" \/>\n\t<meta property=\"og:image:height\" content=\"279\" \/>\n\t<meta property=\"og:image:type\" content=\"image\/jpeg\" \/>\n<meta name=\"twitter:card\" content=\"summary_large_image\" \/>\n<meta name=\"twitter:label1\" content=\"Tempo di lettura stimato\" \/>\n\t<meta name=\"twitter:data1\" content=\"1 minuto\" \/>\n<script type=\"application\/ld+json\" class=\"yoast-schema-graph\">{\"@context\":\"https:\\\/\\\/schema.org\",\"@graph\":[{\"@type\":\"WebPage\",\"@id\":\"https:\\\/\\\/www.libriparlanti.org\\\/index.php\\\/prodotto\\\/buongiorno-brava-gente\\\/\",\"url\":\"https:\\\/\\\/www.libriparlanti.org\\\/index.php\\\/prodotto\\\/buongiorno-brava-gente\\\/\",\"name\":\"BUONGIORNO BRAVA GENTE - Libreria Libri parlanti\",\"isPartOf\":{\"@id\":\"https:\\\/\\\/www.libriparlanti.org\\\/#website\"},\"primaryImageOfPage\":{\"@id\":\"https:\\\/\\\/www.libriparlanti.org\\\/index.php\\\/prodotto\\\/buongiorno-brava-gente\\\/#primaryimage\"},\"image\":{\"@id\":\"https:\\\/\\\/www.libriparlanti.org\\\/index.php\\\/prodotto\\\/buongiorno-brava-gente\\\/#primaryimage\"},\"thumbnailUrl\":\"https:\\\/\\\/www.libriparlanti.org\\\/wp-content\\\/uploads\\\/2021\\\/12\\\/9788804744474.jpg\",\"datePublished\":\"2021-12-02T09:40:21+00:00\",\"dateModified\":\"2022-05-23T07:58:23+00:00\",\"breadcrumb\":{\"@id\":\"https:\\\/\\\/www.libriparlanti.org\\\/index.php\\\/prodotto\\\/buongiorno-brava-gente\\\/#breadcrumb\"},\"inLanguage\":\"it-IT\",\"potentialAction\":[{\"@type\":\"ReadAction\",\"target\":[\"https:\\\/\\\/www.libriparlanti.org\\\/index.php\\\/prodotto\\\/buongiorno-brava-gente\\\/\"]}]},{\"@type\":\"ImageObject\",\"inLanguage\":\"it-IT\",\"@id\":\"https:\\\/\\\/www.libriparlanti.org\\\/index.php\\\/prodotto\\\/buongiorno-brava-gente\\\/#primaryimage\",\"url\":\"https:\\\/\\\/www.libriparlanti.org\\\/wp-content\\\/uploads\\\/2021\\\/12\\\/9788804744474.jpg\",\"contentUrl\":\"https:\\\/\\\/www.libriparlanti.org\\\/wp-content\\\/uploads\\\/2021\\\/12\\\/9788804744474.jpg\",\"width\":181,\"height\":279},{\"@type\":\"BreadcrumbList\",\"@id\":\"https:\\\/\\\/www.libriparlanti.org\\\/index.php\\\/prodotto\\\/buongiorno-brava-gente\\\/#breadcrumb\",\"itemListElement\":[{\"@type\":\"ListItem\",\"position\":1,\"name\":\"Home\",\"item\":\"https:\\\/\\\/www.libriparlanti.org\\\/\"},{\"@type\":\"ListItem\",\"position\":2,\"name\":\"Shop\",\"item\":\"https:\\\/\\\/www.libriparlanti.org\\\/index.php\\\/negozio\\\/\"},{\"@type\":\"ListItem\",\"position\":3,\"name\":\"BUONGIORNO BRAVA GENTE\"}]},{\"@type\":\"WebSite\",\"@id\":\"https:\\\/\\\/www.libriparlanti.org\\\/#website\",\"url\":\"https:\\\/\\\/www.libriparlanti.org\\\/\",\"name\":\"Libreria Libri parlanti\",\"description\":\"Libreria in Castiglione del Lago (Pg)\",\"potentialAction\":[{\"@type\":\"SearchAction\",\"target\":{\"@type\":\"EntryPoint\",\"urlTemplate\":\"https:\\\/\\\/www.libriparlanti.org\\\/?s={search_term_string}\"},\"query-input\":{\"@type\":\"PropertyValueSpecification\",\"valueRequired\":true,\"valueName\":\"search_term_string\"}}],\"inLanguage\":\"it-IT\"}]}<\/script>\n<!-- \/ Yoast SEO plugin. -->","yoast_head_json":{"title":"BUONGIORNO BRAVA GENTE - Libreria Libri parlanti","robots":{"index":"index","follow":"follow","max-snippet":"max-snippet:-1","max-image-preview":"max-image-preview:large","max-video-preview":"max-video-preview:-1"},"canonical":"https:\/\/www.libriparlanti.org\/index.php\/prodotto\/buongiorno-brava-gente\/","og_locale":"it_IT","og_type":"article","og_title":"BUONGIORNO BRAVA GENTE - Libreria Libri parlanti","og_description":"Autore: ENZO FORTUNATO Editore: MONDADORI ARNOLDO VARIA ISBN: 9788804744474","og_url":"https:\/\/www.libriparlanti.org\/index.php\/prodotto\/buongiorno-brava-gente\/","og_site_name":"Libreria Libri parlanti","article_publisher":"https:\/\/www.facebook.com\/LibriParlanti","article_modified_time":"2022-05-23T07:58:23+00:00","og_image":[{"width":181,"height":279,"url":"https:\/\/www.libriparlanti.org\/wp-content\/uploads\/2021\/12\/9788804744474.jpg","type":"image\/jpeg"}],"twitter_card":"summary_large_image","twitter_misc":{"Tempo di lettura stimato":"1 minuto"},"schema":{"@context":"https:\/\/schema.org","@graph":[{"@type":"WebPage","@id":"https:\/\/www.libriparlanti.org\/index.php\/prodotto\/buongiorno-brava-gente\/","url":"https:\/\/www.libriparlanti.org\/index.php\/prodotto\/buongiorno-brava-gente\/","name":"BUONGIORNO BRAVA GENTE - Libreria Libri parlanti","isPartOf":{"@id":"https:\/\/www.libriparlanti.org\/#website"},"primaryImageOfPage":{"@id":"https:\/\/www.libriparlanti.org\/index.php\/prodotto\/buongiorno-brava-gente\/#primaryimage"},"image":{"@id":"https:\/\/www.libriparlanti.org\/index.php\/prodotto\/buongiorno-brava-gente\/#primaryimage"},"thumbnailUrl":"https:\/\/www.libriparlanti.org\/wp-content\/uploads\/2021\/12\/9788804744474.jpg","datePublished":"2021-12-02T09:40:21+00:00","dateModified":"2022-05-23T07:58:23+00:00","breadcrumb":{"@id":"https:\/\/www.libriparlanti.org\/index.php\/prodotto\/buongiorno-brava-gente\/#breadcrumb"},"inLanguage":"it-IT","potentialAction":[{"@type":"ReadAction","target":["https:\/\/www.libriparlanti.org\/index.php\/prodotto\/buongiorno-brava-gente\/"]}]},{"@type":"ImageObject","inLanguage":"it-IT","@id":"https:\/\/www.libriparlanti.org\/index.php\/prodotto\/buongiorno-brava-gente\/#primaryimage","url":"https:\/\/www.libriparlanti.org\/wp-content\/uploads\/2021\/12\/9788804744474.jpg","contentUrl":"https:\/\/www.libriparlanti.org\/wp-content\/uploads\/2021\/12\/9788804744474.jpg","width":181,"height":279},{"@type":"BreadcrumbList","@id":"https:\/\/www.libriparlanti.org\/index.php\/prodotto\/buongiorno-brava-gente\/#breadcrumb","itemListElement":[{"@type":"ListItem","position":1,"name":"Home","item":"https:\/\/www.libriparlanti.org\/"},{"@type":"ListItem","position":2,"name":"Shop","item":"https:\/\/www.libriparlanti.org\/index.php\/negozio\/"},{"@type":"ListItem","position":3,"name":"BUONGIORNO BRAVA GENTE"}]},{"@type":"WebSite","@id":"https:\/\/www.libriparlanti.org\/#website","url":"https:\/\/www.libriparlanti.org\/","name":"Libreria Libri parlanti","description":"Libreria in Castiglione del Lago (Pg)","potentialAction":[{"@type":"SearchAction","target":{"@type":"EntryPoint","urlTemplate":"https:\/\/www.libriparlanti.org\/?s={search_term_string}"},"query-input":{"@type":"PropertyValueSpecification","valueRequired":true,"valueName":"search_term_string"}}],"inLanguage":"it-IT"}]}},"_links":{"self":[{"href":"https:\/\/www.libriparlanti.org\/index.php\/wp-json\/wp\/v2\/product\/18389","targetHints":{"allow":["GET"]}}],"collection":[{"href":"https:\/\/www.libriparlanti.org\/index.php\/wp-json\/wp\/v2\/product"}],"about":[{"href":"https:\/\/www.libriparlanti.org\/index.php\/wp-json\/wp\/v2\/types\/product"}],"replies":[{"embeddable":true,"href":"https:\/\/www.libriparlanti.org\/index.php\/wp-json\/wp\/v2\/comments?post=18389"}],"wp:featuredmedia":[{"embeddable":true,"href":"https:\/\/www.libriparlanti.org\/index.php\/wp-json\/wp\/v2\/media\/18388"}],"wp:attachment":[{"href":"https:\/\/www.libriparlanti.org\/index.php\/wp-json\/wp\/v2\/media?parent=18389"}],"wp:term":[{"taxonomy":"product_brand","embeddable":true,"href":"https:\/\/www.libriparlanti.org\/index.php\/wp-json\/wp\/v2\/product_brand?post=18389"},{"taxonomy":"product_cat","embeddable":true,"href":"https:\/\/www.libriparlanti.org\/index.php\/wp-json\/wp\/v2\/product_cat?post=18389"},{"taxonomy":"product_tag","embeddable":true,"href":"https:\/\/www.libriparlanti.org\/index.php\/wp-json\/wp\/v2\/product_tag?post=18389"}],"curies":[{"name":"wp","href":"https:\/\/api.w.org\/{rel}","templated":true}]}}