{"id":17984,"date":"2021-10-26T10:57:03","date_gmt":"2021-10-26T08:57:03","guid":{"rendered":"https:\/\/www.libriparlanti.org\/index.php\/prodotto\/nuovo-romanzo-2\/"},"modified":"2023-01-26T12:14:33","modified_gmt":"2023-01-26T10:14:33","slug":"nuovo-romanzo-2","status":"publish","type":"product","link":"https:\/\/www.libriparlanti.org\/index.php\/prodotto\/nuovo-romanzo-2\/","title":{"rendered":"LA FELICITA DEL LUPO"},"content":{"rendered":"<p>\u00abSilvia rise. E di cosa sa gennaio? Di cosa sapeva gennaio? Fumo di stufa. Prati secchi e gelati in attesa della neve. Il corpo nudo di una ragazza dopo una lunga solitudine. Sapeva di miracolo\u00bb. Fausto si \u00e8 rifugiato in montagna perch\u00e9 voleva scomparire, Silvia sta cercando qualcosa di s\u00e9 per poi ripartire verso chiss\u00e0 dove. Lui ha quarant&#8217;anni, lei ventisette: provano a toccarsi, una notte, mentre Fontana Fredda si prepara per l&#8217;inverno. Intorno a loro ci sono Babette e il suo ristorante, e poi un rifugio a pi\u00fa di tremila metri, Santorso che sa tutto della valle, distese di nevi e d&#8217;erba che allargano il respiro. Persino il lupo, che mancava da un secolo, sembra aver fatto ritorno. Anche lui in cerca della sua felicit\u00e0. Arrivato alla fine di una lunga relazione, Fausto cerca rifugio tra i sentieri dove camminava da bambino. A Fontana Fredda incontra Babette, anche lei fuggita da Milano molto tempo prima, che gli propone di fare il cuoco nel suo ristorante, tra gli sciatori della piccola pista e gli operai della seggiovia. Silvia \u00e8 l\u00ed che serve ai tavoli, e non sa ancora se la montagna \u00e8 il nascondiglio di un inverno o un desiderio duraturo, se prima o poi riuscir\u00e0 a trovare il suo passo e se \u00e8 pronta ad accordarlo a quello di Fausto. E poi c&#8217;\u00e8 Santorso, che vede lungo e beve troppo, e scopre di essersi affezionato a quel forestiero dai modi spicci, capace di camminare in silenzio come un montanaro. Mentre cucina per i gattisti che d&#8217;inverno battono la pista e per i boscaioli che d&#8217;estate profumano il bosco impilando cataste di tronchi, Fausto ritrova il gusto per le cose e per la cura degli altri, assapora il desiderio del corpo e l&#8217;abbandono. Che esista o no, il luogo della felicit\u00e0, lui sente di essere esattamente dove deve stare.<\/p>\n","protected":false},"excerpt":{"rendered":"<p><em>Autore:<\/em> PAOLO COGNETTI<br \/>\n<em>Editore:<\/em> EINAUDI<br \/>\n<em>ISBN:<\/em> 9788806249878<br \/>\n<em>Pubblicazione:<\/em> 26\/10\/2021<\/p>\n","protected":false},"featured_media":17983,"comment_status":"closed","ping_status":"closed","template":"","meta":{"_et_pb_use_builder":"","_et_pb_old_content":"","_et_gb_content_width":"","_joinchat":[]},"product_brand":[],"product_cat":[1736],"product_tag":[],"class_list":{"0":"post-17984","1":"product","2":"type-product","3":"status-publish","4":"has-post-thumbnail","6":"product_cat-narrativa","8":"first","9":"onbackorder","10":"taxable","11":"shipping-taxable","12":"purchasable","13":"product-type-simple"},"yoast_head":"<!-- This site is optimized with the Yoast SEO plugin v27.5 - https:\/\/yoast.com\/product\/yoast-seo-wordpress\/ -->\n<title>LA FELICITA DEL LUPO - Libreria Libri parlanti<\/title>\n<meta name=\"robots\" content=\"index, follow, max-snippet:-1, max-image-preview:large, max-video-preview:-1\" \/>\n<link rel=\"canonical\" href=\"https:\/\/www.libriparlanti.org\/index.php\/prodotto\/nuovo-romanzo-2\/\" \/>\n<meta property=\"og:locale\" content=\"it_IT\" \/>\n<meta property=\"og:type\" content=\"article\" \/>\n<meta property=\"og:title\" content=\"LA FELICITA DEL LUPO - Libreria Libri parlanti\" \/>\n<meta property=\"og:description\" content=\"Autore: PAOLO COGNETTI Editore: EINAUDI ISBN: 9788806249878 Pubblicazione: 26\/10\/2021\" \/>\n<meta property=\"og:url\" content=\"https:\/\/www.libriparlanti.org\/index.php\/prodotto\/nuovo-romanzo-2\/\" \/>\n<meta property=\"og:site_name\" content=\"Libreria Libri parlanti\" \/>\n<meta property=\"article:publisher\" content=\"https:\/\/www.facebook.com\/LibriParlanti\" \/>\n<meta property=\"article:modified_time\" content=\"2023-01-26T10:14:33+00:00\" \/>\n<meta property=\"og:image\" content=\"https:\/\/www.libriparlanti.org\/wp-content\/uploads\/2021\/10\/AO3gTO0IjNwgDO4cTO.jpg\" \/>\n\t<meta property=\"og:image:width\" content=\"189\" \/>\n\t<meta property=\"og:image:height\" content=\"300\" \/>\n\t<meta property=\"og:image:type\" content=\"image\/jpeg\" \/>\n<meta name=\"twitter:card\" content=\"summary_large_image\" \/>\n<meta name=\"twitter:label1\" content=\"Tempo di lettura stimato\" \/>\n\t<meta name=\"twitter:data1\" content=\"2 minuti\" \/>\n<script type=\"application\/ld+json\" class=\"yoast-schema-graph\">{\"@context\":\"https:\\\/\\\/schema.org\",\"@graph\":[{\"@type\":\"WebPage\",\"@id\":\"https:\\\/\\\/www.libriparlanti.org\\\/index.php\\\/prodotto\\\/nuovo-romanzo-2\\\/\",\"url\":\"https:\\\/\\\/www.libriparlanti.org\\\/index.php\\\/prodotto\\\/nuovo-romanzo-2\\\/\",\"name\":\"LA FELICITA DEL LUPO - Libreria Libri parlanti\",\"isPartOf\":{\"@id\":\"https:\\\/\\\/www.libriparlanti.org\\\/#website\"},\"primaryImageOfPage\":{\"@id\":\"https:\\\/\\\/www.libriparlanti.org\\\/index.php\\\/prodotto\\\/nuovo-romanzo-2\\\/#primaryimage\"},\"image\":{\"@id\":\"https:\\\/\\\/www.libriparlanti.org\\\/index.php\\\/prodotto\\\/nuovo-romanzo-2\\\/#primaryimage\"},\"thumbnailUrl\":\"https:\\\/\\\/www.libriparlanti.org\\\/wp-content\\\/uploads\\\/2021\\\/10\\\/AO3gTO0IjNwgDO4cTO.jpg\",\"datePublished\":\"2021-10-26T08:57:03+00:00\",\"dateModified\":\"2023-01-26T10:14:33+00:00\",\"breadcrumb\":{\"@id\":\"https:\\\/\\\/www.libriparlanti.org\\\/index.php\\\/prodotto\\\/nuovo-romanzo-2\\\/#breadcrumb\"},\"inLanguage\":\"it-IT\",\"potentialAction\":[{\"@type\":\"ReadAction\",\"target\":[\"https:\\\/\\\/www.libriparlanti.org\\\/index.php\\\/prodotto\\\/nuovo-romanzo-2\\\/\"]}]},{\"@type\":\"ImageObject\",\"inLanguage\":\"it-IT\",\"@id\":\"https:\\\/\\\/www.libriparlanti.org\\\/index.php\\\/prodotto\\\/nuovo-romanzo-2\\\/#primaryimage\",\"url\":\"https:\\\/\\\/www.libriparlanti.org\\\/wp-content\\\/uploads\\\/2021\\\/10\\\/AO3gTO0IjNwgDO4cTO.jpg\",\"contentUrl\":\"https:\\\/\\\/www.libriparlanti.org\\\/wp-content\\\/uploads\\\/2021\\\/10\\\/AO3gTO0IjNwgDO4cTO.jpg\",\"width\":189,\"height\":300},{\"@type\":\"BreadcrumbList\",\"@id\":\"https:\\\/\\\/www.libriparlanti.org\\\/index.php\\\/prodotto\\\/nuovo-romanzo-2\\\/#breadcrumb\",\"itemListElement\":[{\"@type\":\"ListItem\",\"position\":1,\"name\":\"Home\",\"item\":\"https:\\\/\\\/www.libriparlanti.org\\\/\"},{\"@type\":\"ListItem\",\"position\":2,\"name\":\"Shop\",\"item\":\"https:\\\/\\\/www.libriparlanti.org\\\/index.php\\\/negozio\\\/\"},{\"@type\":\"ListItem\",\"position\":3,\"name\":\"LA FELICITA DEL LUPO\"}]},{\"@type\":\"WebSite\",\"@id\":\"https:\\\/\\\/www.libriparlanti.org\\\/#website\",\"url\":\"https:\\\/\\\/www.libriparlanti.org\\\/\",\"name\":\"Libreria Libri parlanti\",\"description\":\"Libreria in Castiglione del Lago (Pg)\",\"potentialAction\":[{\"@type\":\"SearchAction\",\"target\":{\"@type\":\"EntryPoint\",\"urlTemplate\":\"https:\\\/\\\/www.libriparlanti.org\\\/?s={search_term_string}\"},\"query-input\":{\"@type\":\"PropertyValueSpecification\",\"valueRequired\":true,\"valueName\":\"search_term_string\"}}],\"inLanguage\":\"it-IT\"}]}<\/script>\n<!-- \/ Yoast SEO plugin. -->","yoast_head_json":{"title":"LA FELICITA DEL LUPO - Libreria Libri parlanti","robots":{"index":"index","follow":"follow","max-snippet":"max-snippet:-1","max-image-preview":"max-image-preview:large","max-video-preview":"max-video-preview:-1"},"canonical":"https:\/\/www.libriparlanti.org\/index.php\/prodotto\/nuovo-romanzo-2\/","og_locale":"it_IT","og_type":"article","og_title":"LA FELICITA DEL LUPO - Libreria Libri parlanti","og_description":"Autore: PAOLO COGNETTI Editore: EINAUDI ISBN: 9788806249878 Pubblicazione: 26\/10\/2021","og_url":"https:\/\/www.libriparlanti.org\/index.php\/prodotto\/nuovo-romanzo-2\/","og_site_name":"Libreria Libri parlanti","article_publisher":"https:\/\/www.facebook.com\/LibriParlanti","article_modified_time":"2023-01-26T10:14:33+00:00","og_image":[{"width":189,"height":300,"url":"https:\/\/www.libriparlanti.org\/wp-content\/uploads\/2021\/10\/AO3gTO0IjNwgDO4cTO.jpg","type":"image\/jpeg"}],"twitter_card":"summary_large_image","twitter_misc":{"Tempo di lettura stimato":"2 minuti"},"schema":{"@context":"https:\/\/schema.org","@graph":[{"@type":"WebPage","@id":"https:\/\/www.libriparlanti.org\/index.php\/prodotto\/nuovo-romanzo-2\/","url":"https:\/\/www.libriparlanti.org\/index.php\/prodotto\/nuovo-romanzo-2\/","name":"LA FELICITA DEL LUPO - Libreria Libri parlanti","isPartOf":{"@id":"https:\/\/www.libriparlanti.org\/#website"},"primaryImageOfPage":{"@id":"https:\/\/www.libriparlanti.org\/index.php\/prodotto\/nuovo-romanzo-2\/#primaryimage"},"image":{"@id":"https:\/\/www.libriparlanti.org\/index.php\/prodotto\/nuovo-romanzo-2\/#primaryimage"},"thumbnailUrl":"https:\/\/www.libriparlanti.org\/wp-content\/uploads\/2021\/10\/AO3gTO0IjNwgDO4cTO.jpg","datePublished":"2021-10-26T08:57:03+00:00","dateModified":"2023-01-26T10:14:33+00:00","breadcrumb":{"@id":"https:\/\/www.libriparlanti.org\/index.php\/prodotto\/nuovo-romanzo-2\/#breadcrumb"},"inLanguage":"it-IT","potentialAction":[{"@type":"ReadAction","target":["https:\/\/www.libriparlanti.org\/index.php\/prodotto\/nuovo-romanzo-2\/"]}]},{"@type":"ImageObject","inLanguage":"it-IT","@id":"https:\/\/www.libriparlanti.org\/index.php\/prodotto\/nuovo-romanzo-2\/#primaryimage","url":"https:\/\/www.libriparlanti.org\/wp-content\/uploads\/2021\/10\/AO3gTO0IjNwgDO4cTO.jpg","contentUrl":"https:\/\/www.libriparlanti.org\/wp-content\/uploads\/2021\/10\/AO3gTO0IjNwgDO4cTO.jpg","width":189,"height":300},{"@type":"BreadcrumbList","@id":"https:\/\/www.libriparlanti.org\/index.php\/prodotto\/nuovo-romanzo-2\/#breadcrumb","itemListElement":[{"@type":"ListItem","position":1,"name":"Home","item":"https:\/\/www.libriparlanti.org\/"},{"@type":"ListItem","position":2,"name":"Shop","item":"https:\/\/www.libriparlanti.org\/index.php\/negozio\/"},{"@type":"ListItem","position":3,"name":"LA FELICITA DEL LUPO"}]},{"@type":"WebSite","@id":"https:\/\/www.libriparlanti.org\/#website","url":"https:\/\/www.libriparlanti.org\/","name":"Libreria Libri parlanti","description":"Libreria in Castiglione del Lago (Pg)","potentialAction":[{"@type":"SearchAction","target":{"@type":"EntryPoint","urlTemplate":"https:\/\/www.libriparlanti.org\/?s={search_term_string}"},"query-input":{"@type":"PropertyValueSpecification","valueRequired":true,"valueName":"search_term_string"}}],"inLanguage":"it-IT"}]}},"_links":{"self":[{"href":"https:\/\/www.libriparlanti.org\/index.php\/wp-json\/wp\/v2\/product\/17984","targetHints":{"allow":["GET"]}}],"collection":[{"href":"https:\/\/www.libriparlanti.org\/index.php\/wp-json\/wp\/v2\/product"}],"about":[{"href":"https:\/\/www.libriparlanti.org\/index.php\/wp-json\/wp\/v2\/types\/product"}],"replies":[{"embeddable":true,"href":"https:\/\/www.libriparlanti.org\/index.php\/wp-json\/wp\/v2\/comments?post=17984"}],"wp:featuredmedia":[{"embeddable":true,"href":"https:\/\/www.libriparlanti.org\/index.php\/wp-json\/wp\/v2\/media\/17983"}],"wp:attachment":[{"href":"https:\/\/www.libriparlanti.org\/index.php\/wp-json\/wp\/v2\/media?parent=17984"}],"wp:term":[{"taxonomy":"product_brand","embeddable":true,"href":"https:\/\/www.libriparlanti.org\/index.php\/wp-json\/wp\/v2\/product_brand?post=17984"},{"taxonomy":"product_cat","embeddable":true,"href":"https:\/\/www.libriparlanti.org\/index.php\/wp-json\/wp\/v2\/product_cat?post=17984"},{"taxonomy":"product_tag","embeddable":true,"href":"https:\/\/www.libriparlanti.org\/index.php\/wp-json\/wp\/v2\/product_tag?post=17984"}],"curies":[{"name":"wp","href":"https:\/\/api.w.org\/{rel}","templated":true}]}}