{"id":17463,"date":"2021-09-22T10:46:20","date_gmt":"2021-09-22T08:46:20","guid":{"rendered":"https:\/\/www.libriparlanti.org\/index.php\/prodotto\/nuovo-disegnare-con-la-parte-destra-del\/"},"modified":"2023-06-27T11:19:02","modified_gmt":"2023-06-27T09:19:02","slug":"nuovo-disegnare-con-la-parte-destra-del","status":"publish","type":"product","link":"https:\/\/www.libriparlanti.org\/index.php\/prodotto\/nuovo-disegnare-con-la-parte-destra-del\/","title":{"rendered":"NUOVO DISEGNARE CON LA PARTE DESTRA DEL"},"content":{"rendered":"<p>Tutti possono imparare a disegnare, purch\u00e9 imparino a far emergere la capacit\u00e0 di &#8220;vedere artisticamente&#8221;, ossia di percepire la realt\u00e0 non secondo gli schemi precostituiti della mente razionale che \u00e8 gestita dall&#8217;emisfero sinistro del cervello, bens\u00ec attraverso lo sviluppo delle categorie intuitive e della creativit\u00e0, cui presiede l&#8217;emisfero destro. La Edwards propone una serie di esercizi e strategie per &#8220;ingannare&#8221; l&#8217;emisfero sinistro, tendenzialmente dominante, e permettere a quello destro di &#8220;dirigere le operazioni&#8221;. Ricco di immagini esplicative e di suggerimenti pratici, il manuale insegna come riuscire a esprimere se stessi disegnando.<\/p>\n","protected":false},"excerpt":{"rendered":"<p><em>Autore:<\/em> EDWARDS<br \/>\n<em>Editore:<\/em> LONGANESI<br \/>\n<em>Collana:<\/em> ARTE<br \/>\n<em>ISBN:<\/em> 9788830418738<\/p>\n","protected":false},"featured_media":17462,"comment_status":"closed","ping_status":"closed","template":"","meta":{"_et_pb_use_builder":"","_et_pb_old_content":"","_et_gb_content_width":"","_joinchat":[]},"product_brand":[],"product_cat":[959],"product_tag":[],"class_list":{"0":"post-17463","1":"product","2":"type-product","3":"status-publish","4":"has-post-thumbnail","6":"product_cat-senza-categoria","8":"first","9":"onbackorder","10":"taxable","11":"shipping-taxable","12":"purchasable","13":"product-type-simple"},"yoast_head":"<!-- This site is optimized with the Yoast SEO plugin v27.3 - https:\/\/yoast.com\/product\/yoast-seo-wordpress\/ -->\n<title>NUOVO DISEGNARE CON LA PARTE DESTRA DEL - Libreria Libri parlanti<\/title>\n<meta name=\"robots\" content=\"index, follow, max-snippet:-1, max-image-preview:large, max-video-preview:-1\" \/>\n<link rel=\"canonical\" href=\"https:\/\/www.libriparlanti.org\/index.php\/prodotto\/nuovo-disegnare-con-la-parte-destra-del\/\" \/>\n<meta property=\"og:locale\" content=\"it_IT\" \/>\n<meta property=\"og:type\" content=\"article\" \/>\n<meta property=\"og:title\" content=\"NUOVO DISEGNARE CON LA PARTE DESTRA DEL - Libreria Libri parlanti\" \/>\n<meta property=\"og:description\" content=\"Autore: EDWARDS Editore: LONGANESI Collana: ARTE ISBN: 9788830418738\" \/>\n<meta property=\"og:url\" content=\"https:\/\/www.libriparlanti.org\/index.php\/prodotto\/nuovo-disegnare-con-la-parte-destra-del\/\" \/>\n<meta property=\"og:site_name\" content=\"Libreria Libri parlanti\" \/>\n<meta property=\"article:publisher\" content=\"https:\/\/www.facebook.com\/LibriParlanti\" \/>\n<meta property=\"article:modified_time\" content=\"2023-06-27T09:19:02+00:00\" \/>\n<meta property=\"og:image\" content=\"https:\/\/www.libriparlanti.org\/wp-content\/uploads\/2021\/09\/9788830418738.jpg\" \/>\n\t<meta property=\"og:image:width\" content=\"200\" \/>\n\t<meta property=\"og:image:height\" content=\"240\" \/>\n\t<meta property=\"og:image:type\" content=\"image\/jpeg\" \/>\n<meta name=\"twitter:card\" content=\"summary_large_image\" \/>\n<script type=\"application\/ld+json\" class=\"yoast-schema-graph\">{\"@context\":\"https:\\\/\\\/schema.org\",\"@graph\":[{\"@type\":\"WebPage\",\"@id\":\"https:\\\/\\\/www.libriparlanti.org\\\/index.php\\\/prodotto\\\/nuovo-disegnare-con-la-parte-destra-del\\\/\",\"url\":\"https:\\\/\\\/www.libriparlanti.org\\\/index.php\\\/prodotto\\\/nuovo-disegnare-con-la-parte-destra-del\\\/\",\"name\":\"NUOVO DISEGNARE CON LA PARTE DESTRA DEL - Libreria Libri parlanti\",\"isPartOf\":{\"@id\":\"https:\\\/\\\/www.libriparlanti.org\\\/#website\"},\"primaryImageOfPage\":{\"@id\":\"https:\\\/\\\/www.libriparlanti.org\\\/index.php\\\/prodotto\\\/nuovo-disegnare-con-la-parte-destra-del\\\/#primaryimage\"},\"image\":{\"@id\":\"https:\\\/\\\/www.libriparlanti.org\\\/index.php\\\/prodotto\\\/nuovo-disegnare-con-la-parte-destra-del\\\/#primaryimage\"},\"thumbnailUrl\":\"https:\\\/\\\/www.libriparlanti.org\\\/wp-content\\\/uploads\\\/2021\\\/09\\\/9788830418738.jpg\",\"datePublished\":\"2021-09-22T08:46:20+00:00\",\"dateModified\":\"2023-06-27T09:19:02+00:00\",\"breadcrumb\":{\"@id\":\"https:\\\/\\\/www.libriparlanti.org\\\/index.php\\\/prodotto\\\/nuovo-disegnare-con-la-parte-destra-del\\\/#breadcrumb\"},\"inLanguage\":\"it-IT\",\"potentialAction\":[{\"@type\":\"ReadAction\",\"target\":[\"https:\\\/\\\/www.libriparlanti.org\\\/index.php\\\/prodotto\\\/nuovo-disegnare-con-la-parte-destra-del\\\/\"]}]},{\"@type\":\"ImageObject\",\"inLanguage\":\"it-IT\",\"@id\":\"https:\\\/\\\/www.libriparlanti.org\\\/index.php\\\/prodotto\\\/nuovo-disegnare-con-la-parte-destra-del\\\/#primaryimage\",\"url\":\"https:\\\/\\\/www.libriparlanti.org\\\/wp-content\\\/uploads\\\/2021\\\/09\\\/9788830418738.jpg\",\"contentUrl\":\"https:\\\/\\\/www.libriparlanti.org\\\/wp-content\\\/uploads\\\/2021\\\/09\\\/9788830418738.jpg\",\"width\":200,\"height\":240},{\"@type\":\"BreadcrumbList\",\"@id\":\"https:\\\/\\\/www.libriparlanti.org\\\/index.php\\\/prodotto\\\/nuovo-disegnare-con-la-parte-destra-del\\\/#breadcrumb\",\"itemListElement\":[{\"@type\":\"ListItem\",\"position\":1,\"name\":\"Home\",\"item\":\"https:\\\/\\\/www.libriparlanti.org\\\/\"},{\"@type\":\"ListItem\",\"position\":2,\"name\":\"Shop\",\"item\":\"https:\\\/\\\/www.libriparlanti.org\\\/index.php\\\/negozio\\\/\"},{\"@type\":\"ListItem\",\"position\":3,\"name\":\"NUOVO DISEGNARE CON LA PARTE DESTRA DEL\"}]},{\"@type\":\"WebSite\",\"@id\":\"https:\\\/\\\/www.libriparlanti.org\\\/#website\",\"url\":\"https:\\\/\\\/www.libriparlanti.org\\\/\",\"name\":\"Libreria Libri parlanti\",\"description\":\"Libreria in Castiglione del Lago (Pg)\",\"potentialAction\":[{\"@type\":\"SearchAction\",\"target\":{\"@type\":\"EntryPoint\",\"urlTemplate\":\"https:\\\/\\\/www.libriparlanti.org\\\/?s={search_term_string}\"},\"query-input\":{\"@type\":\"PropertyValueSpecification\",\"valueRequired\":true,\"valueName\":\"search_term_string\"}}],\"inLanguage\":\"it-IT\"}]}<\/script>\n<!-- \/ Yoast SEO plugin. -->","yoast_head_json":{"title":"NUOVO DISEGNARE CON LA PARTE DESTRA DEL - Libreria Libri parlanti","robots":{"index":"index","follow":"follow","max-snippet":"max-snippet:-1","max-image-preview":"max-image-preview:large","max-video-preview":"max-video-preview:-1"},"canonical":"https:\/\/www.libriparlanti.org\/index.php\/prodotto\/nuovo-disegnare-con-la-parte-destra-del\/","og_locale":"it_IT","og_type":"article","og_title":"NUOVO DISEGNARE CON LA PARTE DESTRA DEL - Libreria Libri parlanti","og_description":"Autore: EDWARDS Editore: LONGANESI Collana: ARTE ISBN: 9788830418738","og_url":"https:\/\/www.libriparlanti.org\/index.php\/prodotto\/nuovo-disegnare-con-la-parte-destra-del\/","og_site_name":"Libreria Libri parlanti","article_publisher":"https:\/\/www.facebook.com\/LibriParlanti","article_modified_time":"2023-06-27T09:19:02+00:00","og_image":[{"width":200,"height":240,"url":"https:\/\/www.libriparlanti.org\/wp-content\/uploads\/2021\/09\/9788830418738.jpg","type":"image\/jpeg"}],"twitter_card":"summary_large_image","schema":{"@context":"https:\/\/schema.org","@graph":[{"@type":"WebPage","@id":"https:\/\/www.libriparlanti.org\/index.php\/prodotto\/nuovo-disegnare-con-la-parte-destra-del\/","url":"https:\/\/www.libriparlanti.org\/index.php\/prodotto\/nuovo-disegnare-con-la-parte-destra-del\/","name":"NUOVO DISEGNARE CON LA PARTE DESTRA DEL - Libreria Libri parlanti","isPartOf":{"@id":"https:\/\/www.libriparlanti.org\/#website"},"primaryImageOfPage":{"@id":"https:\/\/www.libriparlanti.org\/index.php\/prodotto\/nuovo-disegnare-con-la-parte-destra-del\/#primaryimage"},"image":{"@id":"https:\/\/www.libriparlanti.org\/index.php\/prodotto\/nuovo-disegnare-con-la-parte-destra-del\/#primaryimage"},"thumbnailUrl":"https:\/\/www.libriparlanti.org\/wp-content\/uploads\/2021\/09\/9788830418738.jpg","datePublished":"2021-09-22T08:46:20+00:00","dateModified":"2023-06-27T09:19:02+00:00","breadcrumb":{"@id":"https:\/\/www.libriparlanti.org\/index.php\/prodotto\/nuovo-disegnare-con-la-parte-destra-del\/#breadcrumb"},"inLanguage":"it-IT","potentialAction":[{"@type":"ReadAction","target":["https:\/\/www.libriparlanti.org\/index.php\/prodotto\/nuovo-disegnare-con-la-parte-destra-del\/"]}]},{"@type":"ImageObject","inLanguage":"it-IT","@id":"https:\/\/www.libriparlanti.org\/index.php\/prodotto\/nuovo-disegnare-con-la-parte-destra-del\/#primaryimage","url":"https:\/\/www.libriparlanti.org\/wp-content\/uploads\/2021\/09\/9788830418738.jpg","contentUrl":"https:\/\/www.libriparlanti.org\/wp-content\/uploads\/2021\/09\/9788830418738.jpg","width":200,"height":240},{"@type":"BreadcrumbList","@id":"https:\/\/www.libriparlanti.org\/index.php\/prodotto\/nuovo-disegnare-con-la-parte-destra-del\/#breadcrumb","itemListElement":[{"@type":"ListItem","position":1,"name":"Home","item":"https:\/\/www.libriparlanti.org\/"},{"@type":"ListItem","position":2,"name":"Shop","item":"https:\/\/www.libriparlanti.org\/index.php\/negozio\/"},{"@type":"ListItem","position":3,"name":"NUOVO DISEGNARE CON LA PARTE DESTRA DEL"}]},{"@type":"WebSite","@id":"https:\/\/www.libriparlanti.org\/#website","url":"https:\/\/www.libriparlanti.org\/","name":"Libreria Libri parlanti","description":"Libreria in Castiglione del Lago (Pg)","potentialAction":[{"@type":"SearchAction","target":{"@type":"EntryPoint","urlTemplate":"https:\/\/www.libriparlanti.org\/?s={search_term_string}"},"query-input":{"@type":"PropertyValueSpecification","valueRequired":true,"valueName":"search_term_string"}}],"inLanguage":"it-IT"}]}},"_links":{"self":[{"href":"https:\/\/www.libriparlanti.org\/index.php\/wp-json\/wp\/v2\/product\/17463","targetHints":{"allow":["GET"]}}],"collection":[{"href":"https:\/\/www.libriparlanti.org\/index.php\/wp-json\/wp\/v2\/product"}],"about":[{"href":"https:\/\/www.libriparlanti.org\/index.php\/wp-json\/wp\/v2\/types\/product"}],"replies":[{"embeddable":true,"href":"https:\/\/www.libriparlanti.org\/index.php\/wp-json\/wp\/v2\/comments?post=17463"}],"wp:featuredmedia":[{"embeddable":true,"href":"https:\/\/www.libriparlanti.org\/index.php\/wp-json\/wp\/v2\/media\/17462"}],"wp:attachment":[{"href":"https:\/\/www.libriparlanti.org\/index.php\/wp-json\/wp\/v2\/media?parent=17463"}],"wp:term":[{"taxonomy":"product_brand","embeddable":true,"href":"https:\/\/www.libriparlanti.org\/index.php\/wp-json\/wp\/v2\/product_brand?post=17463"},{"taxonomy":"product_cat","embeddable":true,"href":"https:\/\/www.libriparlanti.org\/index.php\/wp-json\/wp\/v2\/product_cat?post=17463"},{"taxonomy":"product_tag","embeddable":true,"href":"https:\/\/www.libriparlanti.org\/index.php\/wp-json\/wp\/v2\/product_tag?post=17463"}],"curies":[{"name":"wp","href":"https:\/\/api.w.org\/{rel}","templated":true}]}}