{"id":17286,"date":"2021-09-14T09:06:03","date_gmt":"2021-09-14T07:06:03","guid":{"rendered":"https:\/\/www.libriparlanti.org\/index.php\/prodotto\/sono-io-luomo-ricco\/"},"modified":"2022-10-14T19:47:42","modified_gmt":"2022-10-14T17:47:42","slug":"sono-io-luomo-ricco","status":"publish","type":"product","link":"https:\/\/www.libriparlanti.org\/index.php\/prodotto\/sono-io-luomo-ricco\/","title":{"rendered":"SONO IO L&#8217;UOMO RICCO"},"content":{"rendered":"<p>&#8220;Una ragazza dovrebbe avere una stanza tutta per s\u00e9 e una rendita di 500 sterline l&#8217;anno.&#8221; Con questa frase politicamente rivoluzionaria e di cui purtroppo la memoria collettiva ha conservato solo la prima parte, Virginia Woolf lega strettamente il discorso sull&#8217;emancipazione femminile ai soldi, presentati come la premessa stessa della libert\u00e0. Il denaro \u00e8 il vero tab\u00f9 da violare quando si parla di donne perch\u00e9 \u00e8 il potere pi\u00f9 grande, quindi per definizione \u00e8 stato per anni solo degli uomini. Ma allora perch\u00e9 tutt* continuano a consigliare alle donne, oggi come allora, di sposarsi con un uomo ricco? Perch\u00e9 in molte famiglie si insiste a non insegnare alle ragazze a gestire il denaro, facendo loro credere che farsi procurare da qualcun altr* la sicurezza materiale sia un traguardo di vita? In queste pagine troverete imprenditrici scaltre e un po&#8217; corsare, che tra rispettare le leggi o se stesse non hanno mai avuto dubbi, artiste carismatiche che non hanno pensato nemmeno per un momento di dover essere protette dal patrimonio dei loro partner. Vedrete politiche convinte che il miglior modo per arrivare in alto \u00e8 non farsi vedere mentre si sale, e mistiche per le quali \u00e8 la natura delle intenzioni, non il denaro con cui le realizzi, a segnare il confine tra ci\u00f2 che \u00e8 bene e ci\u00f2 che \u00e8 male.<\/p>\n","protected":false},"excerpt":{"rendered":"<p><em>Autore:<\/em> MURGIA MICHELA, TAGLIAFERRI CH<br \/>\n<em>Editore:<\/em> MONDADORI ARNOLDO VARIA<br \/>\n<em>ISBN:<\/em> 9788804745013<\/p>\n","protected":false},"featured_media":17285,"comment_status":"closed","ping_status":"closed","template":"","meta":{"_et_pb_use_builder":"","_et_pb_old_content":"","_et_gb_content_width":"","_joinchat":[]},"product_brand":[],"product_cat":[959],"product_tag":[],"class_list":{"0":"post-17286","1":"product","2":"type-product","3":"status-publish","4":"has-post-thumbnail","6":"product_cat-senza-categoria","8":"first","9":"onbackorder","10":"taxable","11":"shipping-taxable","12":"purchasable","13":"product-type-simple"},"yoast_head":"<!-- This site is optimized with the Yoast SEO plugin v27.3 - https:\/\/yoast.com\/product\/yoast-seo-wordpress\/ -->\n<title>SONO IO L&#039;UOMO RICCO - Libreria Libri parlanti<\/title>\n<meta name=\"robots\" content=\"index, follow, max-snippet:-1, max-image-preview:large, max-video-preview:-1\" \/>\n<link rel=\"canonical\" href=\"https:\/\/www.libriparlanti.org\/index.php\/prodotto\/sono-io-luomo-ricco\/\" \/>\n<meta property=\"og:locale\" content=\"it_IT\" \/>\n<meta property=\"og:type\" content=\"article\" \/>\n<meta property=\"og:title\" content=\"SONO IO L&#039;UOMO RICCO - Libreria Libri parlanti\" \/>\n<meta property=\"og:description\" content=\"Autore: MURGIA MICHELA, TAGLIAFERRI CH Editore: MONDADORI ARNOLDO VARIA ISBN: 9788804745013\" \/>\n<meta property=\"og:url\" content=\"https:\/\/www.libriparlanti.org\/index.php\/prodotto\/sono-io-luomo-ricco\/\" \/>\n<meta property=\"og:site_name\" content=\"Libreria Libri parlanti\" \/>\n<meta property=\"article:publisher\" content=\"https:\/\/www.facebook.com\/LibriParlanti\" \/>\n<meta property=\"article:modified_time\" content=\"2022-10-14T17:47:42+00:00\" \/>\n<meta property=\"og:image\" content=\"https:\/\/www.libriparlanti.org\/wp-content\/uploads\/2021\/09\/wMxATN0cDNwgDO4cTO.jpg\" \/>\n\t<meta property=\"og:image:width\" content=\"214\" \/>\n\t<meta property=\"og:image:height\" content=\"300\" \/>\n\t<meta property=\"og:image:type\" content=\"image\/jpeg\" \/>\n<meta name=\"twitter:card\" content=\"summary_large_image\" \/>\n<meta name=\"twitter:label1\" content=\"Tempo di lettura stimato\" \/>\n\t<meta name=\"twitter:data1\" content=\"1 minuto\" \/>\n<script type=\"application\/ld+json\" class=\"yoast-schema-graph\">{\"@context\":\"https:\\\/\\\/schema.org\",\"@graph\":[{\"@type\":\"WebPage\",\"@id\":\"https:\\\/\\\/www.libriparlanti.org\\\/index.php\\\/prodotto\\\/sono-io-luomo-ricco\\\/\",\"url\":\"https:\\\/\\\/www.libriparlanti.org\\\/index.php\\\/prodotto\\\/sono-io-luomo-ricco\\\/\",\"name\":\"SONO IO L'UOMO RICCO - Libreria Libri parlanti\",\"isPartOf\":{\"@id\":\"https:\\\/\\\/www.libriparlanti.org\\\/#website\"},\"primaryImageOfPage\":{\"@id\":\"https:\\\/\\\/www.libriparlanti.org\\\/index.php\\\/prodotto\\\/sono-io-luomo-ricco\\\/#primaryimage\"},\"image\":{\"@id\":\"https:\\\/\\\/www.libriparlanti.org\\\/index.php\\\/prodotto\\\/sono-io-luomo-ricco\\\/#primaryimage\"},\"thumbnailUrl\":\"https:\\\/\\\/www.libriparlanti.org\\\/wp-content\\\/uploads\\\/2021\\\/09\\\/wMxATN0cDNwgDO4cTO.jpg\",\"datePublished\":\"2021-09-14T07:06:03+00:00\",\"dateModified\":\"2022-10-14T17:47:42+00:00\",\"breadcrumb\":{\"@id\":\"https:\\\/\\\/www.libriparlanti.org\\\/index.php\\\/prodotto\\\/sono-io-luomo-ricco\\\/#breadcrumb\"},\"inLanguage\":\"it-IT\",\"potentialAction\":[{\"@type\":\"ReadAction\",\"target\":[\"https:\\\/\\\/www.libriparlanti.org\\\/index.php\\\/prodotto\\\/sono-io-luomo-ricco\\\/\"]}]},{\"@type\":\"ImageObject\",\"inLanguage\":\"it-IT\",\"@id\":\"https:\\\/\\\/www.libriparlanti.org\\\/index.php\\\/prodotto\\\/sono-io-luomo-ricco\\\/#primaryimage\",\"url\":\"https:\\\/\\\/www.libriparlanti.org\\\/wp-content\\\/uploads\\\/2021\\\/09\\\/wMxATN0cDNwgDO4cTO.jpg\",\"contentUrl\":\"https:\\\/\\\/www.libriparlanti.org\\\/wp-content\\\/uploads\\\/2021\\\/09\\\/wMxATN0cDNwgDO4cTO.jpg\",\"width\":214,\"height\":300},{\"@type\":\"BreadcrumbList\",\"@id\":\"https:\\\/\\\/www.libriparlanti.org\\\/index.php\\\/prodotto\\\/sono-io-luomo-ricco\\\/#breadcrumb\",\"itemListElement\":[{\"@type\":\"ListItem\",\"position\":1,\"name\":\"Home\",\"item\":\"https:\\\/\\\/www.libriparlanti.org\\\/\"},{\"@type\":\"ListItem\",\"position\":2,\"name\":\"Shop\",\"item\":\"https:\\\/\\\/www.libriparlanti.org\\\/index.php\\\/negozio\\\/\"},{\"@type\":\"ListItem\",\"position\":3,\"name\":\"SONO IO L&#8217;UOMO RICCO\"}]},{\"@type\":\"WebSite\",\"@id\":\"https:\\\/\\\/www.libriparlanti.org\\\/#website\",\"url\":\"https:\\\/\\\/www.libriparlanti.org\\\/\",\"name\":\"Libreria Libri parlanti\",\"description\":\"Libreria in Castiglione del Lago (Pg)\",\"potentialAction\":[{\"@type\":\"SearchAction\",\"target\":{\"@type\":\"EntryPoint\",\"urlTemplate\":\"https:\\\/\\\/www.libriparlanti.org\\\/?s={search_term_string}\"},\"query-input\":{\"@type\":\"PropertyValueSpecification\",\"valueRequired\":true,\"valueName\":\"search_term_string\"}}],\"inLanguage\":\"it-IT\"}]}<\/script>\n<!-- \/ Yoast SEO plugin. -->","yoast_head_json":{"title":"SONO IO L'UOMO RICCO - Libreria Libri parlanti","robots":{"index":"index","follow":"follow","max-snippet":"max-snippet:-1","max-image-preview":"max-image-preview:large","max-video-preview":"max-video-preview:-1"},"canonical":"https:\/\/www.libriparlanti.org\/index.php\/prodotto\/sono-io-luomo-ricco\/","og_locale":"it_IT","og_type":"article","og_title":"SONO IO L'UOMO RICCO - Libreria Libri parlanti","og_description":"Autore: MURGIA MICHELA, TAGLIAFERRI CH Editore: MONDADORI ARNOLDO VARIA ISBN: 9788804745013","og_url":"https:\/\/www.libriparlanti.org\/index.php\/prodotto\/sono-io-luomo-ricco\/","og_site_name":"Libreria Libri parlanti","article_publisher":"https:\/\/www.facebook.com\/LibriParlanti","article_modified_time":"2022-10-14T17:47:42+00:00","og_image":[{"width":214,"height":300,"url":"https:\/\/www.libriparlanti.org\/wp-content\/uploads\/2021\/09\/wMxATN0cDNwgDO4cTO.jpg","type":"image\/jpeg"}],"twitter_card":"summary_large_image","twitter_misc":{"Tempo di lettura stimato":"1 minuto"},"schema":{"@context":"https:\/\/schema.org","@graph":[{"@type":"WebPage","@id":"https:\/\/www.libriparlanti.org\/index.php\/prodotto\/sono-io-luomo-ricco\/","url":"https:\/\/www.libriparlanti.org\/index.php\/prodotto\/sono-io-luomo-ricco\/","name":"SONO IO L'UOMO RICCO - Libreria Libri parlanti","isPartOf":{"@id":"https:\/\/www.libriparlanti.org\/#website"},"primaryImageOfPage":{"@id":"https:\/\/www.libriparlanti.org\/index.php\/prodotto\/sono-io-luomo-ricco\/#primaryimage"},"image":{"@id":"https:\/\/www.libriparlanti.org\/index.php\/prodotto\/sono-io-luomo-ricco\/#primaryimage"},"thumbnailUrl":"https:\/\/www.libriparlanti.org\/wp-content\/uploads\/2021\/09\/wMxATN0cDNwgDO4cTO.jpg","datePublished":"2021-09-14T07:06:03+00:00","dateModified":"2022-10-14T17:47:42+00:00","breadcrumb":{"@id":"https:\/\/www.libriparlanti.org\/index.php\/prodotto\/sono-io-luomo-ricco\/#breadcrumb"},"inLanguage":"it-IT","potentialAction":[{"@type":"ReadAction","target":["https:\/\/www.libriparlanti.org\/index.php\/prodotto\/sono-io-luomo-ricco\/"]}]},{"@type":"ImageObject","inLanguage":"it-IT","@id":"https:\/\/www.libriparlanti.org\/index.php\/prodotto\/sono-io-luomo-ricco\/#primaryimage","url":"https:\/\/www.libriparlanti.org\/wp-content\/uploads\/2021\/09\/wMxATN0cDNwgDO4cTO.jpg","contentUrl":"https:\/\/www.libriparlanti.org\/wp-content\/uploads\/2021\/09\/wMxATN0cDNwgDO4cTO.jpg","width":214,"height":300},{"@type":"BreadcrumbList","@id":"https:\/\/www.libriparlanti.org\/index.php\/prodotto\/sono-io-luomo-ricco\/#breadcrumb","itemListElement":[{"@type":"ListItem","position":1,"name":"Home","item":"https:\/\/www.libriparlanti.org\/"},{"@type":"ListItem","position":2,"name":"Shop","item":"https:\/\/www.libriparlanti.org\/index.php\/negozio\/"},{"@type":"ListItem","position":3,"name":"SONO IO L&#8217;UOMO RICCO"}]},{"@type":"WebSite","@id":"https:\/\/www.libriparlanti.org\/#website","url":"https:\/\/www.libriparlanti.org\/","name":"Libreria Libri parlanti","description":"Libreria in Castiglione del Lago (Pg)","potentialAction":[{"@type":"SearchAction","target":{"@type":"EntryPoint","urlTemplate":"https:\/\/www.libriparlanti.org\/?s={search_term_string}"},"query-input":{"@type":"PropertyValueSpecification","valueRequired":true,"valueName":"search_term_string"}}],"inLanguage":"it-IT"}]}},"_links":{"self":[{"href":"https:\/\/www.libriparlanti.org\/index.php\/wp-json\/wp\/v2\/product\/17286","targetHints":{"allow":["GET"]}}],"collection":[{"href":"https:\/\/www.libriparlanti.org\/index.php\/wp-json\/wp\/v2\/product"}],"about":[{"href":"https:\/\/www.libriparlanti.org\/index.php\/wp-json\/wp\/v2\/types\/product"}],"replies":[{"embeddable":true,"href":"https:\/\/www.libriparlanti.org\/index.php\/wp-json\/wp\/v2\/comments?post=17286"}],"wp:featuredmedia":[{"embeddable":true,"href":"https:\/\/www.libriparlanti.org\/index.php\/wp-json\/wp\/v2\/media\/17285"}],"wp:attachment":[{"href":"https:\/\/www.libriparlanti.org\/index.php\/wp-json\/wp\/v2\/media?parent=17286"}],"wp:term":[{"taxonomy":"product_brand","embeddable":true,"href":"https:\/\/www.libriparlanti.org\/index.php\/wp-json\/wp\/v2\/product_brand?post=17286"},{"taxonomy":"product_cat","embeddable":true,"href":"https:\/\/www.libriparlanti.org\/index.php\/wp-json\/wp\/v2\/product_cat?post=17286"},{"taxonomy":"product_tag","embeddable":true,"href":"https:\/\/www.libriparlanti.org\/index.php\/wp-json\/wp\/v2\/product_tag?post=17286"}],"curies":[{"name":"wp","href":"https:\/\/api.w.org\/{rel}","templated":true}]}}