{"id":17170,"date":"2021-09-03T11:48:57","date_gmt":"2021-09-03T09:48:57","guid":{"rendered":"https:\/\/www.libriparlanti.org\/index.php\/prodotto\/guida-ai-luoghi-della-terra-di-mezzo\/"},"modified":"2022-03-17T22:27:01","modified_gmt":"2022-03-17T20:27:01","slug":"guida-ai-luoghi-della-terra-di-mezzo","status":"publish","type":"product","link":"https:\/\/www.libriparlanti.org\/index.php\/prodotto\/guida-ai-luoghi-della-terra-di-mezzo\/","title":{"rendered":"GUIDA AI LUOGHI DELLA TERRA DI MEZZO"},"content":{"rendered":"<p>La Terra di Mezzo \u00e8 stata cartografata, i viaggi di Bilbo e Frodo tracciati e misurati, eppure quella laggi\u00f9 resta una Terra Selvaggia. Le strade inesplorate sono molto pi\u00f9 numerose di quelle lungo le quali J.R.R. Tolkien ci ha condotto nei suoi libri. \u00abGuida ai luoghi della Terra di Mezzo\u00bb \u00e8 un viaggio a piedi nel mondo tolkieniano, che spazia dalle battaglie di ere lontane &#8211; ormai leggenda all&#8217;epoca del Signore degli Anelli &#8211; a regni perduti e antichi miti, fino a territori appena accennati nell&#8217;opera di Tolkien: reami del profondo Nord, lande di l\u00e0 dai mari. Disegni che sembrano schizzati dal vero s&#8217;intrecciano a osservazioni dell&#8217;artista sulle saghe di Tolkien. Nascono cos\u00ec immagini dipinte con le parole e la matita. John Howe riporta poi alla memoria il periodo trascorso a fianco di Peter Jackson durante la lavorazione delle due trilogie cinematografiche. \u00abGuida ai luoghi della Terra di Mezzo\u00bb raccoglie bozzetti prodotti per i film, classici disegni dall&#8217;ambientazione tolkieniana e moltissimi schizzi e dipinti realizzati apposta per il libro: un viaggio unico e indimenticabile attraverso il magico paesaggio delle opere di Tolkien.<\/p>\n","protected":false},"excerpt":{"rendered":"<p><em>Autore:<\/em> HOWE JOHN<br \/>\n<em>Editore:<\/em> BOMPIANI<br \/>\n<em>ISBN:<\/em> 9788845298660<br \/>\n<em>Pubblicazione:<\/em> 24\/10\/2018<\/p>\n","protected":false},"featured_media":17169,"comment_status":"closed","ping_status":"closed","template":"","meta":{"_et_pb_use_builder":"","_et_pb_old_content":"","_et_gb_content_width":"","_joinchat":[]},"product_brand":[],"product_cat":[959],"product_tag":[],"class_list":{"0":"post-17170","1":"product","2":"type-product","3":"status-publish","4":"has-post-thumbnail","6":"product_cat-senza-categoria","8":"first","9":"onbackorder","10":"taxable","11":"shipping-taxable","12":"purchasable","13":"product-type-simple"},"yoast_head":"<!-- This site is optimized with the Yoast SEO plugin v27.3 - https:\/\/yoast.com\/product\/yoast-seo-wordpress\/ -->\n<title>GUIDA AI LUOGHI DELLA TERRA DI MEZZO - Libreria Libri parlanti<\/title>\n<meta name=\"robots\" content=\"index, follow, max-snippet:-1, max-image-preview:large, max-video-preview:-1\" \/>\n<link rel=\"canonical\" href=\"https:\/\/www.libriparlanti.org\/index.php\/prodotto\/guida-ai-luoghi-della-terra-di-mezzo\/\" \/>\n<meta property=\"og:locale\" content=\"it_IT\" \/>\n<meta property=\"og:type\" content=\"article\" \/>\n<meta property=\"og:title\" content=\"GUIDA AI LUOGHI DELLA TERRA DI MEZZO - Libreria Libri parlanti\" \/>\n<meta property=\"og:description\" content=\"Autore: HOWE JOHN Editore: BOMPIANI ISBN: 9788845298660 Pubblicazione: 24\/10\/2018\" \/>\n<meta property=\"og:url\" content=\"https:\/\/www.libriparlanti.org\/index.php\/prodotto\/guida-ai-luoghi-della-terra-di-mezzo\/\" \/>\n<meta property=\"og:site_name\" content=\"Libreria Libri parlanti\" \/>\n<meta property=\"article:publisher\" content=\"https:\/\/www.facebook.com\/LibriParlanti\" \/>\n<meta property=\"article:modified_time\" content=\"2022-03-17T20:27:01+00:00\" \/>\n<meta property=\"og:image\" content=\"https:\/\/www.libriparlanti.org\/wp-content\/uploads\/2021\/09\/AM2YDO5ITN0gDO4cTO.jpg\" \/>\n\t<meta property=\"og:image:width\" content=\"228\" \/>\n\t<meta property=\"og:image:height\" content=\"300\" \/>\n\t<meta property=\"og:image:type\" content=\"image\/jpeg\" \/>\n<meta name=\"twitter:card\" content=\"summary_large_image\" \/>\n<meta name=\"twitter:label1\" content=\"Tempo di lettura stimato\" \/>\n\t<meta name=\"twitter:data1\" content=\"1 minuto\" \/>\n<script type=\"application\/ld+json\" class=\"yoast-schema-graph\">{\"@context\":\"https:\\\/\\\/schema.org\",\"@graph\":[{\"@type\":\"WebPage\",\"@id\":\"https:\\\/\\\/www.libriparlanti.org\\\/index.php\\\/prodotto\\\/guida-ai-luoghi-della-terra-di-mezzo\\\/\",\"url\":\"https:\\\/\\\/www.libriparlanti.org\\\/index.php\\\/prodotto\\\/guida-ai-luoghi-della-terra-di-mezzo\\\/\",\"name\":\"GUIDA AI LUOGHI DELLA TERRA DI MEZZO - Libreria Libri parlanti\",\"isPartOf\":{\"@id\":\"https:\\\/\\\/www.libriparlanti.org\\\/#website\"},\"primaryImageOfPage\":{\"@id\":\"https:\\\/\\\/www.libriparlanti.org\\\/index.php\\\/prodotto\\\/guida-ai-luoghi-della-terra-di-mezzo\\\/#primaryimage\"},\"image\":{\"@id\":\"https:\\\/\\\/www.libriparlanti.org\\\/index.php\\\/prodotto\\\/guida-ai-luoghi-della-terra-di-mezzo\\\/#primaryimage\"},\"thumbnailUrl\":\"https:\\\/\\\/www.libriparlanti.org\\\/wp-content\\\/uploads\\\/2021\\\/09\\\/AM2YDO5ITN0gDO4cTO.jpg\",\"datePublished\":\"2021-09-03T09:48:57+00:00\",\"dateModified\":\"2022-03-17T20:27:01+00:00\",\"breadcrumb\":{\"@id\":\"https:\\\/\\\/www.libriparlanti.org\\\/index.php\\\/prodotto\\\/guida-ai-luoghi-della-terra-di-mezzo\\\/#breadcrumb\"},\"inLanguage\":\"it-IT\",\"potentialAction\":[{\"@type\":\"ReadAction\",\"target\":[\"https:\\\/\\\/www.libriparlanti.org\\\/index.php\\\/prodotto\\\/guida-ai-luoghi-della-terra-di-mezzo\\\/\"]}]},{\"@type\":\"ImageObject\",\"inLanguage\":\"it-IT\",\"@id\":\"https:\\\/\\\/www.libriparlanti.org\\\/index.php\\\/prodotto\\\/guida-ai-luoghi-della-terra-di-mezzo\\\/#primaryimage\",\"url\":\"https:\\\/\\\/www.libriparlanti.org\\\/wp-content\\\/uploads\\\/2021\\\/09\\\/AM2YDO5ITN0gDO4cTO.jpg\",\"contentUrl\":\"https:\\\/\\\/www.libriparlanti.org\\\/wp-content\\\/uploads\\\/2021\\\/09\\\/AM2YDO5ITN0gDO4cTO.jpg\",\"width\":228,\"height\":300},{\"@type\":\"BreadcrumbList\",\"@id\":\"https:\\\/\\\/www.libriparlanti.org\\\/index.php\\\/prodotto\\\/guida-ai-luoghi-della-terra-di-mezzo\\\/#breadcrumb\",\"itemListElement\":[{\"@type\":\"ListItem\",\"position\":1,\"name\":\"Home\",\"item\":\"https:\\\/\\\/www.libriparlanti.org\\\/\"},{\"@type\":\"ListItem\",\"position\":2,\"name\":\"Shop\",\"item\":\"https:\\\/\\\/www.libriparlanti.org\\\/index.php\\\/negozio\\\/\"},{\"@type\":\"ListItem\",\"position\":3,\"name\":\"GUIDA AI LUOGHI DELLA TERRA DI MEZZO\"}]},{\"@type\":\"WebSite\",\"@id\":\"https:\\\/\\\/www.libriparlanti.org\\\/#website\",\"url\":\"https:\\\/\\\/www.libriparlanti.org\\\/\",\"name\":\"Libreria Libri parlanti\",\"description\":\"Libreria in Castiglione del Lago (Pg)\",\"potentialAction\":[{\"@type\":\"SearchAction\",\"target\":{\"@type\":\"EntryPoint\",\"urlTemplate\":\"https:\\\/\\\/www.libriparlanti.org\\\/?s={search_term_string}\"},\"query-input\":{\"@type\":\"PropertyValueSpecification\",\"valueRequired\":true,\"valueName\":\"search_term_string\"}}],\"inLanguage\":\"it-IT\"}]}<\/script>\n<!-- \/ Yoast SEO plugin. -->","yoast_head_json":{"title":"GUIDA AI LUOGHI DELLA TERRA DI MEZZO - Libreria Libri parlanti","robots":{"index":"index","follow":"follow","max-snippet":"max-snippet:-1","max-image-preview":"max-image-preview:large","max-video-preview":"max-video-preview:-1"},"canonical":"https:\/\/www.libriparlanti.org\/index.php\/prodotto\/guida-ai-luoghi-della-terra-di-mezzo\/","og_locale":"it_IT","og_type":"article","og_title":"GUIDA AI LUOGHI DELLA TERRA DI MEZZO - Libreria Libri parlanti","og_description":"Autore: HOWE JOHN Editore: BOMPIANI ISBN: 9788845298660 Pubblicazione: 24\/10\/2018","og_url":"https:\/\/www.libriparlanti.org\/index.php\/prodotto\/guida-ai-luoghi-della-terra-di-mezzo\/","og_site_name":"Libreria Libri parlanti","article_publisher":"https:\/\/www.facebook.com\/LibriParlanti","article_modified_time":"2022-03-17T20:27:01+00:00","og_image":[{"width":228,"height":300,"url":"https:\/\/www.libriparlanti.org\/wp-content\/uploads\/2021\/09\/AM2YDO5ITN0gDO4cTO.jpg","type":"image\/jpeg"}],"twitter_card":"summary_large_image","twitter_misc":{"Tempo di lettura stimato":"1 minuto"},"schema":{"@context":"https:\/\/schema.org","@graph":[{"@type":"WebPage","@id":"https:\/\/www.libriparlanti.org\/index.php\/prodotto\/guida-ai-luoghi-della-terra-di-mezzo\/","url":"https:\/\/www.libriparlanti.org\/index.php\/prodotto\/guida-ai-luoghi-della-terra-di-mezzo\/","name":"GUIDA AI LUOGHI DELLA TERRA DI MEZZO - Libreria Libri parlanti","isPartOf":{"@id":"https:\/\/www.libriparlanti.org\/#website"},"primaryImageOfPage":{"@id":"https:\/\/www.libriparlanti.org\/index.php\/prodotto\/guida-ai-luoghi-della-terra-di-mezzo\/#primaryimage"},"image":{"@id":"https:\/\/www.libriparlanti.org\/index.php\/prodotto\/guida-ai-luoghi-della-terra-di-mezzo\/#primaryimage"},"thumbnailUrl":"https:\/\/www.libriparlanti.org\/wp-content\/uploads\/2021\/09\/AM2YDO5ITN0gDO4cTO.jpg","datePublished":"2021-09-03T09:48:57+00:00","dateModified":"2022-03-17T20:27:01+00:00","breadcrumb":{"@id":"https:\/\/www.libriparlanti.org\/index.php\/prodotto\/guida-ai-luoghi-della-terra-di-mezzo\/#breadcrumb"},"inLanguage":"it-IT","potentialAction":[{"@type":"ReadAction","target":["https:\/\/www.libriparlanti.org\/index.php\/prodotto\/guida-ai-luoghi-della-terra-di-mezzo\/"]}]},{"@type":"ImageObject","inLanguage":"it-IT","@id":"https:\/\/www.libriparlanti.org\/index.php\/prodotto\/guida-ai-luoghi-della-terra-di-mezzo\/#primaryimage","url":"https:\/\/www.libriparlanti.org\/wp-content\/uploads\/2021\/09\/AM2YDO5ITN0gDO4cTO.jpg","contentUrl":"https:\/\/www.libriparlanti.org\/wp-content\/uploads\/2021\/09\/AM2YDO5ITN0gDO4cTO.jpg","width":228,"height":300},{"@type":"BreadcrumbList","@id":"https:\/\/www.libriparlanti.org\/index.php\/prodotto\/guida-ai-luoghi-della-terra-di-mezzo\/#breadcrumb","itemListElement":[{"@type":"ListItem","position":1,"name":"Home","item":"https:\/\/www.libriparlanti.org\/"},{"@type":"ListItem","position":2,"name":"Shop","item":"https:\/\/www.libriparlanti.org\/index.php\/negozio\/"},{"@type":"ListItem","position":3,"name":"GUIDA AI LUOGHI DELLA TERRA DI MEZZO"}]},{"@type":"WebSite","@id":"https:\/\/www.libriparlanti.org\/#website","url":"https:\/\/www.libriparlanti.org\/","name":"Libreria Libri parlanti","description":"Libreria in Castiglione del Lago (Pg)","potentialAction":[{"@type":"SearchAction","target":{"@type":"EntryPoint","urlTemplate":"https:\/\/www.libriparlanti.org\/?s={search_term_string}"},"query-input":{"@type":"PropertyValueSpecification","valueRequired":true,"valueName":"search_term_string"}}],"inLanguage":"it-IT"}]}},"_links":{"self":[{"href":"https:\/\/www.libriparlanti.org\/index.php\/wp-json\/wp\/v2\/product\/17170","targetHints":{"allow":["GET"]}}],"collection":[{"href":"https:\/\/www.libriparlanti.org\/index.php\/wp-json\/wp\/v2\/product"}],"about":[{"href":"https:\/\/www.libriparlanti.org\/index.php\/wp-json\/wp\/v2\/types\/product"}],"replies":[{"embeddable":true,"href":"https:\/\/www.libriparlanti.org\/index.php\/wp-json\/wp\/v2\/comments?post=17170"}],"wp:featuredmedia":[{"embeddable":true,"href":"https:\/\/www.libriparlanti.org\/index.php\/wp-json\/wp\/v2\/media\/17169"}],"wp:attachment":[{"href":"https:\/\/www.libriparlanti.org\/index.php\/wp-json\/wp\/v2\/media?parent=17170"}],"wp:term":[{"taxonomy":"product_brand","embeddable":true,"href":"https:\/\/www.libriparlanti.org\/index.php\/wp-json\/wp\/v2\/product_brand?post=17170"},{"taxonomy":"product_cat","embeddable":true,"href":"https:\/\/www.libriparlanti.org\/index.php\/wp-json\/wp\/v2\/product_cat?post=17170"},{"taxonomy":"product_tag","embeddable":true,"href":"https:\/\/www.libriparlanti.org\/index.php\/wp-json\/wp\/v2\/product_tag?post=17170"}],"curies":[{"name":"wp","href":"https:\/\/api.w.org\/{rel}","templated":true}]}}