{"id":17168,"date":"2021-09-03T11:48:34","date_gmt":"2021-09-03T09:48:34","guid":{"rendered":"https:\/\/www.libriparlanti.org\/index.php\/prodotto\/lo-hobbit-2\/"},"modified":"2022-03-17T22:27:02","modified_gmt":"2022-03-17T20:27:02","slug":"lo-hobbit-2","status":"publish","type":"product","link":"https:\/\/www.libriparlanti.org\/index.php\/prodotto\/lo-hobbit-2\/","title":{"rendered":"LO HOBBIT"},"content":{"rendered":"<p>&#8220;Se vi piacciono i viaggi fuori del confortevole e accogliente mondo occidentale, oltre il Confine delle Terre Selvagge, per poi tornare a casa, e pensate di poter provare un certo interesse per un umile eroe, ecco la storia di questo viaggio e di questo viaggiatore. Il periodo \u00e8 il tempo antico fra l&#8217;Et\u00e0 Fatata e il dominio degli Uomini, quando la famosa foresta di Boscotetro esisteva ancora e le montagne erano piene di pericoli. Nel percorso verrete a imparare molte cose (come \u00e8 capitato a lui) su Uomini Neri, Orchi, Nani ed Elfi e potrete dare uno sguardo alla storia e alla politica di un&#8217;epoca trascurata ma molto importante. Infatti, il signor Bilbo Baggins and\u00f2 in visita a vari personaggi di rilievo; ebbe una conversazione con il drago Smaug; fu presente alla Battaglia dei Cinque Eserciti. Tutto ci\u00f2 \u00e8 tanto pi\u00f9 singolare in quanto egli era uno Hobbit. Finora gli Hobbit sono stati trascurati nella storia e nella leggenda, forse perch\u00e9 &#8211; in genere &#8211; preferivano le comodit\u00e0 alle emozioni. Questo resoconto, fondato sui ricordi di un anno elettrizzante nella vita solitamente tranquilla del signor Baggins, vi dar\u00e0 un&#8217;idea abbastanza chiara di questo rispettabile popolo che adesso (a quanto si dice) sta diventando piuttosto raro. Non amano il rumore.&#8221; (J.R.R. Tolkien)<\/p>\n","protected":false},"excerpt":{"rendered":"<p><em>Autore:<\/em> TOLKIEN JOHN RONALD REUEL<br \/>\n<em>Editore:<\/em> BOMPIANI<br \/>\n<em>ISBN:<\/em> 9788845299209<br \/>\n<em>Pubblicazione:<\/em> 24\/10\/2018<\/p>\n","protected":false},"featured_media":17167,"comment_status":"closed","ping_status":"closed","template":"","meta":{"_et_pb_use_builder":"","_et_pb_old_content":"","_et_gb_content_width":"","_joinchat":[]},"product_brand":[],"product_cat":[959],"product_tag":[],"class_list":{"0":"post-17168","1":"product","2":"type-product","3":"status-publish","4":"has-post-thumbnail","6":"product_cat-senza-categoria","8":"first","9":"onbackorder","10":"taxable","11":"shipping-taxable","12":"purchasable","13":"product-type-simple"},"yoast_head":"<!-- This site is optimized with the Yoast SEO plugin v27.3 - https:\/\/yoast.com\/product\/yoast-seo-wordpress\/ -->\n<title>LO HOBBIT - Libreria Libri parlanti<\/title>\n<meta name=\"robots\" content=\"index, follow, max-snippet:-1, max-image-preview:large, max-video-preview:-1\" \/>\n<link rel=\"canonical\" href=\"https:\/\/www.libriparlanti.org\/index.php\/prodotto\/lo-hobbit-2\/\" \/>\n<meta property=\"og:locale\" content=\"it_IT\" \/>\n<meta property=\"og:type\" content=\"article\" \/>\n<meta property=\"og:title\" content=\"LO HOBBIT - Libreria Libri parlanti\" \/>\n<meta property=\"og:description\" content=\"Autore: TOLKIEN JOHN RONALD REUEL Editore: BOMPIANI ISBN: 9788845299209 Pubblicazione: 24\/10\/2018\" \/>\n<meta property=\"og:url\" content=\"https:\/\/www.libriparlanti.org\/index.php\/prodotto\/lo-hobbit-2\/\" \/>\n<meta property=\"og:site_name\" content=\"Libreria Libri parlanti\" \/>\n<meta property=\"article:publisher\" content=\"https:\/\/www.facebook.com\/LibriParlanti\" \/>\n<meta property=\"article:modified_time\" content=\"2022-03-17T20:27:02+00:00\" \/>\n<meta property=\"og:image\" content=\"https:\/\/www.libriparlanti.org\/wp-content\/uploads\/2021\/09\/QOwITO5ITN0gDO4cTO.jpg\" \/>\n\t<meta property=\"og:image:width\" content=\"196\" \/>\n\t<meta property=\"og:image:height\" content=\"300\" \/>\n\t<meta property=\"og:image:type\" content=\"image\/jpeg\" \/>\n<meta name=\"twitter:card\" content=\"summary_large_image\" \/>\n<meta name=\"twitter:label1\" content=\"Tempo di lettura stimato\" \/>\n\t<meta name=\"twitter:data1\" content=\"1 minuto\" \/>\n<script type=\"application\/ld+json\" class=\"yoast-schema-graph\">{\"@context\":\"https:\\\/\\\/schema.org\",\"@graph\":[{\"@type\":\"WebPage\",\"@id\":\"https:\\\/\\\/www.libriparlanti.org\\\/index.php\\\/prodotto\\\/lo-hobbit-2\\\/\",\"url\":\"https:\\\/\\\/www.libriparlanti.org\\\/index.php\\\/prodotto\\\/lo-hobbit-2\\\/\",\"name\":\"LO HOBBIT - Libreria Libri parlanti\",\"isPartOf\":{\"@id\":\"https:\\\/\\\/www.libriparlanti.org\\\/#website\"},\"primaryImageOfPage\":{\"@id\":\"https:\\\/\\\/www.libriparlanti.org\\\/index.php\\\/prodotto\\\/lo-hobbit-2\\\/#primaryimage\"},\"image\":{\"@id\":\"https:\\\/\\\/www.libriparlanti.org\\\/index.php\\\/prodotto\\\/lo-hobbit-2\\\/#primaryimage\"},\"thumbnailUrl\":\"https:\\\/\\\/www.libriparlanti.org\\\/wp-content\\\/uploads\\\/2021\\\/09\\\/QOwITO5ITN0gDO4cTO.jpg\",\"datePublished\":\"2021-09-03T09:48:34+00:00\",\"dateModified\":\"2022-03-17T20:27:02+00:00\",\"breadcrumb\":{\"@id\":\"https:\\\/\\\/www.libriparlanti.org\\\/index.php\\\/prodotto\\\/lo-hobbit-2\\\/#breadcrumb\"},\"inLanguage\":\"it-IT\",\"potentialAction\":[{\"@type\":\"ReadAction\",\"target\":[\"https:\\\/\\\/www.libriparlanti.org\\\/index.php\\\/prodotto\\\/lo-hobbit-2\\\/\"]}]},{\"@type\":\"ImageObject\",\"inLanguage\":\"it-IT\",\"@id\":\"https:\\\/\\\/www.libriparlanti.org\\\/index.php\\\/prodotto\\\/lo-hobbit-2\\\/#primaryimage\",\"url\":\"https:\\\/\\\/www.libriparlanti.org\\\/wp-content\\\/uploads\\\/2021\\\/09\\\/QOwITO5ITN0gDO4cTO.jpg\",\"contentUrl\":\"https:\\\/\\\/www.libriparlanti.org\\\/wp-content\\\/uploads\\\/2021\\\/09\\\/QOwITO5ITN0gDO4cTO.jpg\",\"width\":196,\"height\":300},{\"@type\":\"BreadcrumbList\",\"@id\":\"https:\\\/\\\/www.libriparlanti.org\\\/index.php\\\/prodotto\\\/lo-hobbit-2\\\/#breadcrumb\",\"itemListElement\":[{\"@type\":\"ListItem\",\"position\":1,\"name\":\"Home\",\"item\":\"https:\\\/\\\/www.libriparlanti.org\\\/\"},{\"@type\":\"ListItem\",\"position\":2,\"name\":\"Shop\",\"item\":\"https:\\\/\\\/www.libriparlanti.org\\\/index.php\\\/negozio\\\/\"},{\"@type\":\"ListItem\",\"position\":3,\"name\":\"LO HOBBIT\"}]},{\"@type\":\"WebSite\",\"@id\":\"https:\\\/\\\/www.libriparlanti.org\\\/#website\",\"url\":\"https:\\\/\\\/www.libriparlanti.org\\\/\",\"name\":\"Libreria Libri parlanti\",\"description\":\"Libreria in Castiglione del Lago (Pg)\",\"potentialAction\":[{\"@type\":\"SearchAction\",\"target\":{\"@type\":\"EntryPoint\",\"urlTemplate\":\"https:\\\/\\\/www.libriparlanti.org\\\/?s={search_term_string}\"},\"query-input\":{\"@type\":\"PropertyValueSpecification\",\"valueRequired\":true,\"valueName\":\"search_term_string\"}}],\"inLanguage\":\"it-IT\"}]}<\/script>\n<!-- \/ Yoast SEO plugin. -->","yoast_head_json":{"title":"LO HOBBIT - Libreria Libri parlanti","robots":{"index":"index","follow":"follow","max-snippet":"max-snippet:-1","max-image-preview":"max-image-preview:large","max-video-preview":"max-video-preview:-1"},"canonical":"https:\/\/www.libriparlanti.org\/index.php\/prodotto\/lo-hobbit-2\/","og_locale":"it_IT","og_type":"article","og_title":"LO HOBBIT - Libreria Libri parlanti","og_description":"Autore: TOLKIEN JOHN RONALD REUEL Editore: BOMPIANI ISBN: 9788845299209 Pubblicazione: 24\/10\/2018","og_url":"https:\/\/www.libriparlanti.org\/index.php\/prodotto\/lo-hobbit-2\/","og_site_name":"Libreria Libri parlanti","article_publisher":"https:\/\/www.facebook.com\/LibriParlanti","article_modified_time":"2022-03-17T20:27:02+00:00","og_image":[{"width":196,"height":300,"url":"https:\/\/www.libriparlanti.org\/wp-content\/uploads\/2021\/09\/QOwITO5ITN0gDO4cTO.jpg","type":"image\/jpeg"}],"twitter_card":"summary_large_image","twitter_misc":{"Tempo di lettura stimato":"1 minuto"},"schema":{"@context":"https:\/\/schema.org","@graph":[{"@type":"WebPage","@id":"https:\/\/www.libriparlanti.org\/index.php\/prodotto\/lo-hobbit-2\/","url":"https:\/\/www.libriparlanti.org\/index.php\/prodotto\/lo-hobbit-2\/","name":"LO HOBBIT - Libreria Libri parlanti","isPartOf":{"@id":"https:\/\/www.libriparlanti.org\/#website"},"primaryImageOfPage":{"@id":"https:\/\/www.libriparlanti.org\/index.php\/prodotto\/lo-hobbit-2\/#primaryimage"},"image":{"@id":"https:\/\/www.libriparlanti.org\/index.php\/prodotto\/lo-hobbit-2\/#primaryimage"},"thumbnailUrl":"https:\/\/www.libriparlanti.org\/wp-content\/uploads\/2021\/09\/QOwITO5ITN0gDO4cTO.jpg","datePublished":"2021-09-03T09:48:34+00:00","dateModified":"2022-03-17T20:27:02+00:00","breadcrumb":{"@id":"https:\/\/www.libriparlanti.org\/index.php\/prodotto\/lo-hobbit-2\/#breadcrumb"},"inLanguage":"it-IT","potentialAction":[{"@type":"ReadAction","target":["https:\/\/www.libriparlanti.org\/index.php\/prodotto\/lo-hobbit-2\/"]}]},{"@type":"ImageObject","inLanguage":"it-IT","@id":"https:\/\/www.libriparlanti.org\/index.php\/prodotto\/lo-hobbit-2\/#primaryimage","url":"https:\/\/www.libriparlanti.org\/wp-content\/uploads\/2021\/09\/QOwITO5ITN0gDO4cTO.jpg","contentUrl":"https:\/\/www.libriparlanti.org\/wp-content\/uploads\/2021\/09\/QOwITO5ITN0gDO4cTO.jpg","width":196,"height":300},{"@type":"BreadcrumbList","@id":"https:\/\/www.libriparlanti.org\/index.php\/prodotto\/lo-hobbit-2\/#breadcrumb","itemListElement":[{"@type":"ListItem","position":1,"name":"Home","item":"https:\/\/www.libriparlanti.org\/"},{"@type":"ListItem","position":2,"name":"Shop","item":"https:\/\/www.libriparlanti.org\/index.php\/negozio\/"},{"@type":"ListItem","position":3,"name":"LO HOBBIT"}]},{"@type":"WebSite","@id":"https:\/\/www.libriparlanti.org\/#website","url":"https:\/\/www.libriparlanti.org\/","name":"Libreria Libri parlanti","description":"Libreria in Castiglione del Lago (Pg)","potentialAction":[{"@type":"SearchAction","target":{"@type":"EntryPoint","urlTemplate":"https:\/\/www.libriparlanti.org\/?s={search_term_string}"},"query-input":{"@type":"PropertyValueSpecification","valueRequired":true,"valueName":"search_term_string"}}],"inLanguage":"it-IT"}]}},"_links":{"self":[{"href":"https:\/\/www.libriparlanti.org\/index.php\/wp-json\/wp\/v2\/product\/17168","targetHints":{"allow":["GET"]}}],"collection":[{"href":"https:\/\/www.libriparlanti.org\/index.php\/wp-json\/wp\/v2\/product"}],"about":[{"href":"https:\/\/www.libriparlanti.org\/index.php\/wp-json\/wp\/v2\/types\/product"}],"replies":[{"embeddable":true,"href":"https:\/\/www.libriparlanti.org\/index.php\/wp-json\/wp\/v2\/comments?post=17168"}],"wp:featuredmedia":[{"embeddable":true,"href":"https:\/\/www.libriparlanti.org\/index.php\/wp-json\/wp\/v2\/media\/17167"}],"wp:attachment":[{"href":"https:\/\/www.libriparlanti.org\/index.php\/wp-json\/wp\/v2\/media?parent=17168"}],"wp:term":[{"taxonomy":"product_brand","embeddable":true,"href":"https:\/\/www.libriparlanti.org\/index.php\/wp-json\/wp\/v2\/product_brand?post=17168"},{"taxonomy":"product_cat","embeddable":true,"href":"https:\/\/www.libriparlanti.org\/index.php\/wp-json\/wp\/v2\/product_cat?post=17168"},{"taxonomy":"product_tag","embeddable":true,"href":"https:\/\/www.libriparlanti.org\/index.php\/wp-json\/wp\/v2\/product_tag?post=17168"}],"curies":[{"name":"wp","href":"https:\/\/api.w.org\/{rel}","templated":true}]}}