{"id":16996,"date":"2021-07-28T11:59:30","date_gmt":"2021-07-28T09:59:30","guid":{"rendered":"https:\/\/www.libriparlanti.org\/index.php\/prodotto\/la-seconda-ora-darte\/"},"modified":"2021-10-18T09:23:41","modified_gmt":"2021-10-18T07:23:41","slug":"la-seconda-ora-darte","status":"publish","type":"product","link":"https:\/\/www.libriparlanti.org\/index.php\/prodotto\/la-seconda-ora-darte\/","title":{"rendered":"LA SECONDA ORA D&#8217;ARTE"},"content":{"rendered":"<p>Oggi in Italia tutti hanno una ricetta in tasca per avvicinare gli italiani all&#8217;arte. Si tratta spesso di ricette a base di usurate pratiche di marketing, che dovrebbero far digerire Botticelli, come uno zuccherino aiuta a buttar gi\u00f9 la medicina amara, a cittadini considerati soltanto orde di consumatori inconsapevoli e irredimibili. Il risultato \u00e8 desolante: ammesso (e per nulla concesso) che questa spintissima mercificazione serva a vendere qualche biglietto in pi\u00f9, \u00e8 certo che non alimenta in alcun modo il nostro dialogo con l&#8217;arte. E se invece la ricetta fosse molto pi\u00f9 semplice e rispettosa dell&#8217;intelligenza di ognuno di noi? Montanari traccia in queste pagine agili e appassionanti una possibile via per un&#8217;educazione artistica che sia anche educazione sentimentale e civica. E ci accompagna tra le strade del bello, dove alto e basso si mescolano, dove contemporaneo e classico sono parte di un unico grande discorso, che parte dalle mani impresse sulla roccia in una caverna e arriva a Banksy, passando per Raffaello, Monet, Pellizza da Volpedo e Rothko. \u00abI monumenti ci parlano. In ogni modo provano ad attirare la nostra attenzione, implorano uno sguardo, una nostra sosta. Lo fanno perch\u00e9, pur eterni o quasi, non vivono se non attraverso la vita dei vivi. Se accettiamo di far loro un po&#8217; di spazio nella mente e nel cuore, in cambio essi rendono pi\u00f9 intensa, pi\u00f9 profumata, pi\u00f9 profonda la nostra vita. Temo che nessun produttore o responsabile di rete lo accetterebbe, ma il programma televisivo che davvero vorrei realizzare consisterebbe in una lentissima camminata in una qualunque chiesa storica del nostro Paese: e invece di fermarmi a far due chiacchiere con i passanti e i conoscenti, mi fermerei a leggere ogni lapide. Ognuno di quei brevi testi ha il potere di convocare davanti ai nostri occhi uomini e donne, eventi e pensieri, storie e vite di dieci secoli, e oltre. Dalla pi\u00f9 sperduta chiesa si stende una rete di storie che avvolge l&#8217;Europa o il mondo interi, capace di farci sprofondare nei recessi intimi della nostra comune umanit\u00e0\u00bb.<\/p>\n","protected":false},"excerpt":{"rendered":"<p><em>Autore:<\/em> TOMASO MONTANARI<br \/>\n<em>Editore:<\/em> EINAUDI<br \/>\n<em>ISBN:<\/em> 9788806247249<br \/>\n<em>Pubblicazione:<\/em> 01\/01\/2021<\/p>\n","protected":false},"featured_media":16995,"comment_status":"closed","ping_status":"closed","template":"","meta":{"_et_pb_use_builder":"","_et_pb_old_content":"","_et_gb_content_width":"","_joinchat":[]},"product_brand":[],"product_cat":[959],"product_tag":[],"class_list":{"0":"post-16996","1":"product","2":"type-product","3":"status-publish","4":"has-post-thumbnail","6":"product_cat-senza-categoria","8":"first","9":"onbackorder","10":"taxable","11":"shipping-taxable","12":"purchasable","13":"product-type-simple"},"yoast_head":"<!-- This site is optimized with the Yoast SEO plugin v27.3 - https:\/\/yoast.com\/product\/yoast-seo-wordpress\/ -->\n<title>LA SECONDA ORA D&#039;ARTE - Libreria Libri parlanti<\/title>\n<meta name=\"robots\" content=\"index, follow, max-snippet:-1, max-image-preview:large, max-video-preview:-1\" \/>\n<link rel=\"canonical\" href=\"https:\/\/www.libriparlanti.org\/index.php\/prodotto\/la-seconda-ora-darte\/\" \/>\n<meta property=\"og:locale\" content=\"it_IT\" \/>\n<meta property=\"og:type\" content=\"article\" \/>\n<meta property=\"og:title\" content=\"LA SECONDA ORA D&#039;ARTE - Libreria Libri parlanti\" \/>\n<meta property=\"og:description\" content=\"Autore: TOMASO MONTANARI Editore: EINAUDI ISBN: 9788806247249 Pubblicazione: 01\/01\/2021\" \/>\n<meta property=\"og:url\" content=\"https:\/\/www.libriparlanti.org\/index.php\/prodotto\/la-seconda-ora-darte\/\" \/>\n<meta property=\"og:site_name\" content=\"Libreria Libri parlanti\" \/>\n<meta property=\"article:publisher\" content=\"https:\/\/www.facebook.com\/LibriParlanti\" \/>\n<meta property=\"article:modified_time\" content=\"2021-10-18T07:23:41+00:00\" \/>\n<meta property=\"og:image\" content=\"https:\/\/www.libriparlanti.org\/wp-content\/uploads\/2021\/07\/QO0IzN0IjNwgDO4cTO.jpg\" \/>\n\t<meta property=\"og:image:width\" content=\"202\" \/>\n\t<meta property=\"og:image:height\" content=\"300\" \/>\n\t<meta property=\"og:image:type\" content=\"image\/jpeg\" \/>\n<meta name=\"twitter:card\" content=\"summary_large_image\" \/>\n<meta name=\"twitter:label1\" content=\"Tempo di lettura stimato\" \/>\n\t<meta name=\"twitter:data1\" content=\"2 minuti\" \/>\n<script type=\"application\/ld+json\" class=\"yoast-schema-graph\">{\"@context\":\"https:\\\/\\\/schema.org\",\"@graph\":[{\"@type\":\"WebPage\",\"@id\":\"https:\\\/\\\/www.libriparlanti.org\\\/index.php\\\/prodotto\\\/la-seconda-ora-darte\\\/\",\"url\":\"https:\\\/\\\/www.libriparlanti.org\\\/index.php\\\/prodotto\\\/la-seconda-ora-darte\\\/\",\"name\":\"LA SECONDA ORA D'ARTE - Libreria Libri parlanti\",\"isPartOf\":{\"@id\":\"https:\\\/\\\/www.libriparlanti.org\\\/#website\"},\"primaryImageOfPage\":{\"@id\":\"https:\\\/\\\/www.libriparlanti.org\\\/index.php\\\/prodotto\\\/la-seconda-ora-darte\\\/#primaryimage\"},\"image\":{\"@id\":\"https:\\\/\\\/www.libriparlanti.org\\\/index.php\\\/prodotto\\\/la-seconda-ora-darte\\\/#primaryimage\"},\"thumbnailUrl\":\"https:\\\/\\\/www.libriparlanti.org\\\/wp-content\\\/uploads\\\/2021\\\/07\\\/QO0IzN0IjNwgDO4cTO.jpg\",\"datePublished\":\"2021-07-28T09:59:30+00:00\",\"dateModified\":\"2021-10-18T07:23:41+00:00\",\"breadcrumb\":{\"@id\":\"https:\\\/\\\/www.libriparlanti.org\\\/index.php\\\/prodotto\\\/la-seconda-ora-darte\\\/#breadcrumb\"},\"inLanguage\":\"it-IT\",\"potentialAction\":[{\"@type\":\"ReadAction\",\"target\":[\"https:\\\/\\\/www.libriparlanti.org\\\/index.php\\\/prodotto\\\/la-seconda-ora-darte\\\/\"]}]},{\"@type\":\"ImageObject\",\"inLanguage\":\"it-IT\",\"@id\":\"https:\\\/\\\/www.libriparlanti.org\\\/index.php\\\/prodotto\\\/la-seconda-ora-darte\\\/#primaryimage\",\"url\":\"https:\\\/\\\/www.libriparlanti.org\\\/wp-content\\\/uploads\\\/2021\\\/07\\\/QO0IzN0IjNwgDO4cTO.jpg\",\"contentUrl\":\"https:\\\/\\\/www.libriparlanti.org\\\/wp-content\\\/uploads\\\/2021\\\/07\\\/QO0IzN0IjNwgDO4cTO.jpg\",\"width\":202,\"height\":300},{\"@type\":\"BreadcrumbList\",\"@id\":\"https:\\\/\\\/www.libriparlanti.org\\\/index.php\\\/prodotto\\\/la-seconda-ora-darte\\\/#breadcrumb\",\"itemListElement\":[{\"@type\":\"ListItem\",\"position\":1,\"name\":\"Home\",\"item\":\"https:\\\/\\\/www.libriparlanti.org\\\/\"},{\"@type\":\"ListItem\",\"position\":2,\"name\":\"Shop\",\"item\":\"https:\\\/\\\/www.libriparlanti.org\\\/index.php\\\/negozio\\\/\"},{\"@type\":\"ListItem\",\"position\":3,\"name\":\"LA SECONDA ORA D&#8217;ARTE\"}]},{\"@type\":\"WebSite\",\"@id\":\"https:\\\/\\\/www.libriparlanti.org\\\/#website\",\"url\":\"https:\\\/\\\/www.libriparlanti.org\\\/\",\"name\":\"Libreria Libri parlanti\",\"description\":\"Libreria in Castiglione del Lago (Pg)\",\"potentialAction\":[{\"@type\":\"SearchAction\",\"target\":{\"@type\":\"EntryPoint\",\"urlTemplate\":\"https:\\\/\\\/www.libriparlanti.org\\\/?s={search_term_string}\"},\"query-input\":{\"@type\":\"PropertyValueSpecification\",\"valueRequired\":true,\"valueName\":\"search_term_string\"}}],\"inLanguage\":\"it-IT\"}]}<\/script>\n<!-- \/ Yoast SEO plugin. -->","yoast_head_json":{"title":"LA SECONDA ORA D'ARTE - Libreria Libri parlanti","robots":{"index":"index","follow":"follow","max-snippet":"max-snippet:-1","max-image-preview":"max-image-preview:large","max-video-preview":"max-video-preview:-1"},"canonical":"https:\/\/www.libriparlanti.org\/index.php\/prodotto\/la-seconda-ora-darte\/","og_locale":"it_IT","og_type":"article","og_title":"LA SECONDA ORA D'ARTE - Libreria Libri parlanti","og_description":"Autore: TOMASO MONTANARI Editore: EINAUDI ISBN: 9788806247249 Pubblicazione: 01\/01\/2021","og_url":"https:\/\/www.libriparlanti.org\/index.php\/prodotto\/la-seconda-ora-darte\/","og_site_name":"Libreria Libri parlanti","article_publisher":"https:\/\/www.facebook.com\/LibriParlanti","article_modified_time":"2021-10-18T07:23:41+00:00","og_image":[{"width":202,"height":300,"url":"https:\/\/www.libriparlanti.org\/wp-content\/uploads\/2021\/07\/QO0IzN0IjNwgDO4cTO.jpg","type":"image\/jpeg"}],"twitter_card":"summary_large_image","twitter_misc":{"Tempo di lettura stimato":"2 minuti"},"schema":{"@context":"https:\/\/schema.org","@graph":[{"@type":"WebPage","@id":"https:\/\/www.libriparlanti.org\/index.php\/prodotto\/la-seconda-ora-darte\/","url":"https:\/\/www.libriparlanti.org\/index.php\/prodotto\/la-seconda-ora-darte\/","name":"LA SECONDA ORA D'ARTE - Libreria Libri parlanti","isPartOf":{"@id":"https:\/\/www.libriparlanti.org\/#website"},"primaryImageOfPage":{"@id":"https:\/\/www.libriparlanti.org\/index.php\/prodotto\/la-seconda-ora-darte\/#primaryimage"},"image":{"@id":"https:\/\/www.libriparlanti.org\/index.php\/prodotto\/la-seconda-ora-darte\/#primaryimage"},"thumbnailUrl":"https:\/\/www.libriparlanti.org\/wp-content\/uploads\/2021\/07\/QO0IzN0IjNwgDO4cTO.jpg","datePublished":"2021-07-28T09:59:30+00:00","dateModified":"2021-10-18T07:23:41+00:00","breadcrumb":{"@id":"https:\/\/www.libriparlanti.org\/index.php\/prodotto\/la-seconda-ora-darte\/#breadcrumb"},"inLanguage":"it-IT","potentialAction":[{"@type":"ReadAction","target":["https:\/\/www.libriparlanti.org\/index.php\/prodotto\/la-seconda-ora-darte\/"]}]},{"@type":"ImageObject","inLanguage":"it-IT","@id":"https:\/\/www.libriparlanti.org\/index.php\/prodotto\/la-seconda-ora-darte\/#primaryimage","url":"https:\/\/www.libriparlanti.org\/wp-content\/uploads\/2021\/07\/QO0IzN0IjNwgDO4cTO.jpg","contentUrl":"https:\/\/www.libriparlanti.org\/wp-content\/uploads\/2021\/07\/QO0IzN0IjNwgDO4cTO.jpg","width":202,"height":300},{"@type":"BreadcrumbList","@id":"https:\/\/www.libriparlanti.org\/index.php\/prodotto\/la-seconda-ora-darte\/#breadcrumb","itemListElement":[{"@type":"ListItem","position":1,"name":"Home","item":"https:\/\/www.libriparlanti.org\/"},{"@type":"ListItem","position":2,"name":"Shop","item":"https:\/\/www.libriparlanti.org\/index.php\/negozio\/"},{"@type":"ListItem","position":3,"name":"LA SECONDA ORA D&#8217;ARTE"}]},{"@type":"WebSite","@id":"https:\/\/www.libriparlanti.org\/#website","url":"https:\/\/www.libriparlanti.org\/","name":"Libreria Libri parlanti","description":"Libreria in Castiglione del Lago (Pg)","potentialAction":[{"@type":"SearchAction","target":{"@type":"EntryPoint","urlTemplate":"https:\/\/www.libriparlanti.org\/?s={search_term_string}"},"query-input":{"@type":"PropertyValueSpecification","valueRequired":true,"valueName":"search_term_string"}}],"inLanguage":"it-IT"}]}},"_links":{"self":[{"href":"https:\/\/www.libriparlanti.org\/index.php\/wp-json\/wp\/v2\/product\/16996","targetHints":{"allow":["GET"]}}],"collection":[{"href":"https:\/\/www.libriparlanti.org\/index.php\/wp-json\/wp\/v2\/product"}],"about":[{"href":"https:\/\/www.libriparlanti.org\/index.php\/wp-json\/wp\/v2\/types\/product"}],"replies":[{"embeddable":true,"href":"https:\/\/www.libriparlanti.org\/index.php\/wp-json\/wp\/v2\/comments?post=16996"}],"wp:featuredmedia":[{"embeddable":true,"href":"https:\/\/www.libriparlanti.org\/index.php\/wp-json\/wp\/v2\/media\/16995"}],"wp:attachment":[{"href":"https:\/\/www.libriparlanti.org\/index.php\/wp-json\/wp\/v2\/media?parent=16996"}],"wp:term":[{"taxonomy":"product_brand","embeddable":true,"href":"https:\/\/www.libriparlanti.org\/index.php\/wp-json\/wp\/v2\/product_brand?post=16996"},{"taxonomy":"product_cat","embeddable":true,"href":"https:\/\/www.libriparlanti.org\/index.php\/wp-json\/wp\/v2\/product_cat?post=16996"},{"taxonomy":"product_tag","embeddable":true,"href":"https:\/\/www.libriparlanti.org\/index.php\/wp-json\/wp\/v2\/product_tag?post=16996"}],"curies":[{"name":"wp","href":"https:\/\/api.w.org\/{rel}","templated":true}]}}