{"id":16560,"date":"2021-06-17T12:35:44","date_gmt":"2021-06-17T10:35:44","guid":{"rendered":"https:\/\/www.libriparlanti.org\/index.php\/prodotto\/dialoghi-impossibili\/"},"modified":"2021-10-02T19:52:26","modified_gmt":"2021-10-02T17:52:26","slug":"dialoghi-impossibili","status":"publish","type":"product","link":"https:\/\/www.libriparlanti.org\/index.php\/prodotto\/dialoghi-impossibili\/","title":{"rendered":"DIALOGHI IMPOSSIBILI"},"content":{"rendered":"<p>&#8220;Ciao, sono il risvolto del libro. Mi usano per spiegarti in 1500 caratteri (o anche meno) perch\u00e9 dovresti comprarlo. Allora io mi metto qua e comincio col solito repertorio. E blatero in carattere otto di \u00abstorie corrosive\u00bb, di \u00abfinali spiazzanti\u00bb o, che dio mi perdoni, \u00abdi un autore istrionico che non finisce mai di stupirci\u00bb. Non \u00e8 certo il lavoro dei sogni. Io avrei voluto essere altro. Non dico un romanzo, ma almeno un saggio breve, un dizionario dei sinonimi, una tesi di laurea. Al limite una multa. Ma questo lavoro di portineria? questo proprio no. Va bene, vuoi che ti dica perch\u00e9 devi comprarlo? Ma scusa, come faccio a saperlo? Che ne so io cosa cerchi in un libro, come ti stanno andando le cose o se in queste duecento pagine c&#8217;\u00e8 o meno la frase capace di farti uscire da una brutta settimana? L&#8217;autore \u00e8 un tizio che ha scritto 27 storielle minuscole sulla Storia maiuscola, fossi in te non mi farei illusioni. Per\u00f2. Per\u00f2 una cosa posso dirtela senza vendertela. \u00c8 la prima volta che mi lasciano parlare. Che mi lasciano essere me, il risvolto del libro. Ora, magari non vuol dire niente. O magari invece \u00e8 un segno del fatto che in questo libro, dove la storia \u00e8 una lunga cinica sequenza di errori ripetuti e lezioni dimenticate, tutti, anche quelli pi\u00f9 bistrattati, hanno avuto la possibilit\u00e0 di dire la loro e raccontarsi in modo diverso che altrove. Ecco, questo te lo posso dire. A questo ci credo. Comunque, fossi in te, guarderei le stelline. Oppure chiederei a un commesso.&#8221;<\/p>\n","protected":false},"excerpt":{"rendered":"<p><em>Autore:<\/em> NICOL\u00d2 TARGHETTA<br \/>\n<em>Editore:<\/em> LONGANESI<br \/>\n<em>ISBN:<\/em> 9788830457485<br \/>\n<em>Pubblicazione:<\/em> 10\/06\/2021<\/p>\n","protected":false},"featured_media":16559,"comment_status":"closed","ping_status":"closed","template":"","meta":{"_et_pb_use_builder":"","_et_pb_old_content":"","_et_gb_content_width":"","_joinchat":[]},"product_brand":[],"product_cat":[1736],"product_tag":[],"class_list":{"0":"post-16560","1":"product","2":"type-product","3":"status-publish","4":"has-post-thumbnail","6":"product_cat-narrativa","8":"first","9":"onbackorder","10":"taxable","11":"shipping-taxable","12":"purchasable","13":"product-type-simple"},"yoast_head":"<!-- This site is optimized with the Yoast SEO plugin v27.5 - https:\/\/yoast.com\/product\/yoast-seo-wordpress\/ -->\n<title>DIALOGHI IMPOSSIBILI - Libreria Libri parlanti<\/title>\n<meta name=\"robots\" content=\"index, follow, max-snippet:-1, max-image-preview:large, max-video-preview:-1\" \/>\n<link rel=\"canonical\" href=\"https:\/\/www.libriparlanti.org\/index.php\/prodotto\/dialoghi-impossibili\/\" \/>\n<meta property=\"og:locale\" content=\"it_IT\" \/>\n<meta property=\"og:type\" content=\"article\" \/>\n<meta property=\"og:title\" content=\"DIALOGHI IMPOSSIBILI - Libreria Libri parlanti\" \/>\n<meta property=\"og:description\" content=\"Autore: NICOL\u00d2 TARGHETTA Editore: LONGANESI ISBN: 9788830457485 Pubblicazione: 10\/06\/2021\" \/>\n<meta property=\"og:url\" content=\"https:\/\/www.libriparlanti.org\/index.php\/prodotto\/dialoghi-impossibili\/\" \/>\n<meta property=\"og:site_name\" content=\"Libreria Libri parlanti\" \/>\n<meta property=\"article:publisher\" content=\"https:\/\/www.facebook.com\/LibriParlanti\" \/>\n<meta property=\"article:modified_time\" content=\"2021-10-02T17:52:26+00:00\" \/>\n<meta property=\"og:image\" content=\"https:\/\/www.libriparlanti.org\/wp-content\/uploads\/2021\/06\/9788830457485.jpg\" \/>\n\t<meta property=\"og:image:width\" content=\"189\" \/>\n\t<meta property=\"og:image:height\" content=\"266\" \/>\n\t<meta property=\"og:image:type\" content=\"image\/jpeg\" \/>\n<meta name=\"twitter:card\" content=\"summary_large_image\" \/>\n<meta name=\"twitter:label1\" content=\"Tempo di lettura stimato\" \/>\n\t<meta name=\"twitter:data1\" content=\"1 minuto\" \/>\n<script type=\"application\/ld+json\" class=\"yoast-schema-graph\">{\"@context\":\"https:\\\/\\\/schema.org\",\"@graph\":[{\"@type\":\"WebPage\",\"@id\":\"https:\\\/\\\/www.libriparlanti.org\\\/index.php\\\/prodotto\\\/dialoghi-impossibili\\\/\",\"url\":\"https:\\\/\\\/www.libriparlanti.org\\\/index.php\\\/prodotto\\\/dialoghi-impossibili\\\/\",\"name\":\"DIALOGHI IMPOSSIBILI - Libreria Libri parlanti\",\"isPartOf\":{\"@id\":\"https:\\\/\\\/www.libriparlanti.org\\\/#website\"},\"primaryImageOfPage\":{\"@id\":\"https:\\\/\\\/www.libriparlanti.org\\\/index.php\\\/prodotto\\\/dialoghi-impossibili\\\/#primaryimage\"},\"image\":{\"@id\":\"https:\\\/\\\/www.libriparlanti.org\\\/index.php\\\/prodotto\\\/dialoghi-impossibili\\\/#primaryimage\"},\"thumbnailUrl\":\"https:\\\/\\\/www.libriparlanti.org\\\/wp-content\\\/uploads\\\/2021\\\/06\\\/9788830457485.jpg\",\"datePublished\":\"2021-06-17T10:35:44+00:00\",\"dateModified\":\"2021-10-02T17:52:26+00:00\",\"breadcrumb\":{\"@id\":\"https:\\\/\\\/www.libriparlanti.org\\\/index.php\\\/prodotto\\\/dialoghi-impossibili\\\/#breadcrumb\"},\"inLanguage\":\"it-IT\",\"potentialAction\":[{\"@type\":\"ReadAction\",\"target\":[\"https:\\\/\\\/www.libriparlanti.org\\\/index.php\\\/prodotto\\\/dialoghi-impossibili\\\/\"]}]},{\"@type\":\"ImageObject\",\"inLanguage\":\"it-IT\",\"@id\":\"https:\\\/\\\/www.libriparlanti.org\\\/index.php\\\/prodotto\\\/dialoghi-impossibili\\\/#primaryimage\",\"url\":\"https:\\\/\\\/www.libriparlanti.org\\\/wp-content\\\/uploads\\\/2021\\\/06\\\/9788830457485.jpg\",\"contentUrl\":\"https:\\\/\\\/www.libriparlanti.org\\\/wp-content\\\/uploads\\\/2021\\\/06\\\/9788830457485.jpg\",\"width\":189,\"height\":266},{\"@type\":\"BreadcrumbList\",\"@id\":\"https:\\\/\\\/www.libriparlanti.org\\\/index.php\\\/prodotto\\\/dialoghi-impossibili\\\/#breadcrumb\",\"itemListElement\":[{\"@type\":\"ListItem\",\"position\":1,\"name\":\"Home\",\"item\":\"https:\\\/\\\/www.libriparlanti.org\\\/\"},{\"@type\":\"ListItem\",\"position\":2,\"name\":\"Shop\",\"item\":\"https:\\\/\\\/www.libriparlanti.org\\\/index.php\\\/negozio\\\/\"},{\"@type\":\"ListItem\",\"position\":3,\"name\":\"DIALOGHI IMPOSSIBILI\"}]},{\"@type\":\"WebSite\",\"@id\":\"https:\\\/\\\/www.libriparlanti.org\\\/#website\",\"url\":\"https:\\\/\\\/www.libriparlanti.org\\\/\",\"name\":\"Libreria Libri parlanti\",\"description\":\"Libreria in Castiglione del Lago (Pg)\",\"potentialAction\":[{\"@type\":\"SearchAction\",\"target\":{\"@type\":\"EntryPoint\",\"urlTemplate\":\"https:\\\/\\\/www.libriparlanti.org\\\/?s={search_term_string}\"},\"query-input\":{\"@type\":\"PropertyValueSpecification\",\"valueRequired\":true,\"valueName\":\"search_term_string\"}}],\"inLanguage\":\"it-IT\"}]}<\/script>\n<!-- \/ Yoast SEO plugin. -->","yoast_head_json":{"title":"DIALOGHI IMPOSSIBILI - Libreria Libri parlanti","robots":{"index":"index","follow":"follow","max-snippet":"max-snippet:-1","max-image-preview":"max-image-preview:large","max-video-preview":"max-video-preview:-1"},"canonical":"https:\/\/www.libriparlanti.org\/index.php\/prodotto\/dialoghi-impossibili\/","og_locale":"it_IT","og_type":"article","og_title":"DIALOGHI IMPOSSIBILI - Libreria Libri parlanti","og_description":"Autore: NICOL\u00d2 TARGHETTA Editore: LONGANESI ISBN: 9788830457485 Pubblicazione: 10\/06\/2021","og_url":"https:\/\/www.libriparlanti.org\/index.php\/prodotto\/dialoghi-impossibili\/","og_site_name":"Libreria Libri parlanti","article_publisher":"https:\/\/www.facebook.com\/LibriParlanti","article_modified_time":"2021-10-02T17:52:26+00:00","og_image":[{"width":189,"height":266,"url":"https:\/\/www.libriparlanti.org\/wp-content\/uploads\/2021\/06\/9788830457485.jpg","type":"image\/jpeg"}],"twitter_card":"summary_large_image","twitter_misc":{"Tempo di lettura stimato":"1 minuto"},"schema":{"@context":"https:\/\/schema.org","@graph":[{"@type":"WebPage","@id":"https:\/\/www.libriparlanti.org\/index.php\/prodotto\/dialoghi-impossibili\/","url":"https:\/\/www.libriparlanti.org\/index.php\/prodotto\/dialoghi-impossibili\/","name":"DIALOGHI IMPOSSIBILI - Libreria Libri parlanti","isPartOf":{"@id":"https:\/\/www.libriparlanti.org\/#website"},"primaryImageOfPage":{"@id":"https:\/\/www.libriparlanti.org\/index.php\/prodotto\/dialoghi-impossibili\/#primaryimage"},"image":{"@id":"https:\/\/www.libriparlanti.org\/index.php\/prodotto\/dialoghi-impossibili\/#primaryimage"},"thumbnailUrl":"https:\/\/www.libriparlanti.org\/wp-content\/uploads\/2021\/06\/9788830457485.jpg","datePublished":"2021-06-17T10:35:44+00:00","dateModified":"2021-10-02T17:52:26+00:00","breadcrumb":{"@id":"https:\/\/www.libriparlanti.org\/index.php\/prodotto\/dialoghi-impossibili\/#breadcrumb"},"inLanguage":"it-IT","potentialAction":[{"@type":"ReadAction","target":["https:\/\/www.libriparlanti.org\/index.php\/prodotto\/dialoghi-impossibili\/"]}]},{"@type":"ImageObject","inLanguage":"it-IT","@id":"https:\/\/www.libriparlanti.org\/index.php\/prodotto\/dialoghi-impossibili\/#primaryimage","url":"https:\/\/www.libriparlanti.org\/wp-content\/uploads\/2021\/06\/9788830457485.jpg","contentUrl":"https:\/\/www.libriparlanti.org\/wp-content\/uploads\/2021\/06\/9788830457485.jpg","width":189,"height":266},{"@type":"BreadcrumbList","@id":"https:\/\/www.libriparlanti.org\/index.php\/prodotto\/dialoghi-impossibili\/#breadcrumb","itemListElement":[{"@type":"ListItem","position":1,"name":"Home","item":"https:\/\/www.libriparlanti.org\/"},{"@type":"ListItem","position":2,"name":"Shop","item":"https:\/\/www.libriparlanti.org\/index.php\/negozio\/"},{"@type":"ListItem","position":3,"name":"DIALOGHI IMPOSSIBILI"}]},{"@type":"WebSite","@id":"https:\/\/www.libriparlanti.org\/#website","url":"https:\/\/www.libriparlanti.org\/","name":"Libreria Libri parlanti","description":"Libreria in Castiglione del Lago (Pg)","potentialAction":[{"@type":"SearchAction","target":{"@type":"EntryPoint","urlTemplate":"https:\/\/www.libriparlanti.org\/?s={search_term_string}"},"query-input":{"@type":"PropertyValueSpecification","valueRequired":true,"valueName":"search_term_string"}}],"inLanguage":"it-IT"}]}},"_links":{"self":[{"href":"https:\/\/www.libriparlanti.org\/index.php\/wp-json\/wp\/v2\/product\/16560","targetHints":{"allow":["GET"]}}],"collection":[{"href":"https:\/\/www.libriparlanti.org\/index.php\/wp-json\/wp\/v2\/product"}],"about":[{"href":"https:\/\/www.libriparlanti.org\/index.php\/wp-json\/wp\/v2\/types\/product"}],"replies":[{"embeddable":true,"href":"https:\/\/www.libriparlanti.org\/index.php\/wp-json\/wp\/v2\/comments?post=16560"}],"wp:featuredmedia":[{"embeddable":true,"href":"https:\/\/www.libriparlanti.org\/index.php\/wp-json\/wp\/v2\/media\/16559"}],"wp:attachment":[{"href":"https:\/\/www.libriparlanti.org\/index.php\/wp-json\/wp\/v2\/media?parent=16560"}],"wp:term":[{"taxonomy":"product_brand","embeddable":true,"href":"https:\/\/www.libriparlanti.org\/index.php\/wp-json\/wp\/v2\/product_brand?post=16560"},{"taxonomy":"product_cat","embeddable":true,"href":"https:\/\/www.libriparlanti.org\/index.php\/wp-json\/wp\/v2\/product_cat?post=16560"},{"taxonomy":"product_tag","embeddable":true,"href":"https:\/\/www.libriparlanti.org\/index.php\/wp-json\/wp\/v2\/product_tag?post=16560"}],"curies":[{"name":"wp","href":"https:\/\/api.w.org\/{rel}","templated":true}]}}