{"id":16497,"date":"2021-06-12T17:13:21","date_gmt":"2021-06-12T15:13:21","guid":{"rendered":"https:\/\/www.libriparlanti.org\/index.php\/prodotto\/ossessione\/"},"modified":"2021-10-02T19:52:26","modified_gmt":"2021-10-02T17:52:26","slug":"ossessione","status":"publish","type":"product","link":"https:\/\/www.libriparlanti.org\/index.php\/prodotto\/ossessione\/","title":{"rendered":"OSSESSIONE"},"content":{"rendered":"<p>Che fine ha fatto Ellen Roth? Mark Behrendt \u00e8 uno psichiatra con due vite, quella di prima e quella di adesso. Prima lavorava alla Waldklinik di Fahlenberg, prima aveva Tanja, il suo amore. Adesso vive e lavora a Francoforte. In mezzo un inspiegabile incidente d&#8217;auto in cui Tanja \u00e8 morta, e la nebbia dell&#8217;alcolismo in cui \u00e8 precipitato e da cui l&#8217;ha aiutato a salvarsi un&#8217;amica: Doreen. Ed \u00e8 a cena da lei quando qualcuno bussa alla porta e Doreen va ad aprire: \u00e8 l&#8217;ultima cosa che Mark ricorda. Si risveglia intontito, Doreen \u00e8 scomparsa. Poco dopo riceve una telefonata. Se vuole rivedere la sua amica viva deve svolgere un compito: deve trovare qualcuno e deve scoprire da solo chi. Ha esattamente 2 giorni, 9 ore e 23 minuti per riuscirci, poi la donna verr\u00e0 uccisa. Comincia cos\u00ec una corsa contro il tempo nel tentativo di capire chi c&#8217;\u00e8 dietro questa follia, che cosa lo motiva, perch\u00e9 ce l&#8217;ha con Mark a tal punto, e chi \u00e8 la persona misteriosa da trovare. Un tassello dopo l&#8217;altro, una rivelazione dopo l&#8217;altra, Mark cerca di risolvere questo enigma mortale, eseguendo al contempo gli ordini folli di uno sconosciuto, perseguitato da un dolore indicibile e disposto a fare qualunque cosa &#8230;proprio come lui?<\/p>\n","protected":false},"excerpt":{"rendered":"<p><em>Autore:<\/em> DORN WULF<br \/>\n<em>Editore:<\/em> CORBACCIO<br \/>\n<em>Collana:<\/em> TOP THRILLER<br \/>\n<em>ISBN:<\/em> 9788867006588<\/p>\n","protected":false},"featured_media":16496,"comment_status":"closed","ping_status":"closed","template":"","meta":{"_et_pb_use_builder":"","_et_pb_old_content":"","_et_gb_content_width":"","_joinchat":[]},"product_brand":[],"product_cat":[1736],"product_tag":[],"class_list":{"0":"post-16497","1":"product","2":"type-product","3":"status-publish","4":"has-post-thumbnail","6":"product_cat-narrativa","8":"first","9":"onbackorder","10":"taxable","11":"shipping-taxable","12":"purchasable","13":"product-type-simple"},"yoast_head":"<!-- This site is optimized with the Yoast SEO plugin v27.5 - https:\/\/yoast.com\/product\/yoast-seo-wordpress\/ -->\n<title>OSSESSIONE - Libreria Libri parlanti<\/title>\n<meta name=\"robots\" content=\"index, follow, max-snippet:-1, max-image-preview:large, max-video-preview:-1\" \/>\n<link rel=\"canonical\" href=\"https:\/\/www.libriparlanti.org\/index.php\/prodotto\/ossessione\/\" \/>\n<meta property=\"og:locale\" content=\"it_IT\" \/>\n<meta property=\"og:type\" content=\"article\" \/>\n<meta property=\"og:title\" content=\"OSSESSIONE - Libreria Libri parlanti\" \/>\n<meta property=\"og:description\" content=\"Autore: DORN WULF Editore: CORBACCIO Collana: TOP THRILLER ISBN: 9788867006588\" \/>\n<meta property=\"og:url\" content=\"https:\/\/www.libriparlanti.org\/index.php\/prodotto\/ossessione\/\" \/>\n<meta property=\"og:site_name\" content=\"Libreria Libri parlanti\" \/>\n<meta property=\"article:publisher\" content=\"https:\/\/www.facebook.com\/LibriParlanti\" \/>\n<meta property=\"article:modified_time\" content=\"2021-10-02T17:52:26+00:00\" \/>\n<meta property=\"og:image\" content=\"https:\/\/www.libriparlanti.org\/wp-content\/uploads\/2021\/06\/9788867006588.jpg\" \/>\n\t<meta property=\"og:image:width\" content=\"159\" \/>\n\t<meta property=\"og:image:height\" content=\"230\" \/>\n\t<meta property=\"og:image:type\" content=\"image\/jpeg\" \/>\n<meta name=\"twitter:card\" content=\"summary_large_image\" \/>\n<meta name=\"twitter:label1\" content=\"Tempo di lettura stimato\" \/>\n\t<meta name=\"twitter:data1\" content=\"1 minuto\" \/>\n<script type=\"application\/ld+json\" class=\"yoast-schema-graph\">{\"@context\":\"https:\\\/\\\/schema.org\",\"@graph\":[{\"@type\":\"WebPage\",\"@id\":\"https:\\\/\\\/www.libriparlanti.org\\\/index.php\\\/prodotto\\\/ossessione\\\/\",\"url\":\"https:\\\/\\\/www.libriparlanti.org\\\/index.php\\\/prodotto\\\/ossessione\\\/\",\"name\":\"OSSESSIONE - Libreria Libri parlanti\",\"isPartOf\":{\"@id\":\"https:\\\/\\\/www.libriparlanti.org\\\/#website\"},\"primaryImageOfPage\":{\"@id\":\"https:\\\/\\\/www.libriparlanti.org\\\/index.php\\\/prodotto\\\/ossessione\\\/#primaryimage\"},\"image\":{\"@id\":\"https:\\\/\\\/www.libriparlanti.org\\\/index.php\\\/prodotto\\\/ossessione\\\/#primaryimage\"},\"thumbnailUrl\":\"https:\\\/\\\/www.libriparlanti.org\\\/wp-content\\\/uploads\\\/2021\\\/06\\\/9788867006588.jpg\",\"datePublished\":\"2021-06-12T15:13:21+00:00\",\"dateModified\":\"2021-10-02T17:52:26+00:00\",\"breadcrumb\":{\"@id\":\"https:\\\/\\\/www.libriparlanti.org\\\/index.php\\\/prodotto\\\/ossessione\\\/#breadcrumb\"},\"inLanguage\":\"it-IT\",\"potentialAction\":[{\"@type\":\"ReadAction\",\"target\":[\"https:\\\/\\\/www.libriparlanti.org\\\/index.php\\\/prodotto\\\/ossessione\\\/\"]}]},{\"@type\":\"ImageObject\",\"inLanguage\":\"it-IT\",\"@id\":\"https:\\\/\\\/www.libriparlanti.org\\\/index.php\\\/prodotto\\\/ossessione\\\/#primaryimage\",\"url\":\"https:\\\/\\\/www.libriparlanti.org\\\/wp-content\\\/uploads\\\/2021\\\/06\\\/9788867006588.jpg\",\"contentUrl\":\"https:\\\/\\\/www.libriparlanti.org\\\/wp-content\\\/uploads\\\/2021\\\/06\\\/9788867006588.jpg\",\"width\":159,\"height\":230},{\"@type\":\"BreadcrumbList\",\"@id\":\"https:\\\/\\\/www.libriparlanti.org\\\/index.php\\\/prodotto\\\/ossessione\\\/#breadcrumb\",\"itemListElement\":[{\"@type\":\"ListItem\",\"position\":1,\"name\":\"Home\",\"item\":\"https:\\\/\\\/www.libriparlanti.org\\\/\"},{\"@type\":\"ListItem\",\"position\":2,\"name\":\"Shop\",\"item\":\"https:\\\/\\\/www.libriparlanti.org\\\/index.php\\\/negozio\\\/\"},{\"@type\":\"ListItem\",\"position\":3,\"name\":\"OSSESSIONE\"}]},{\"@type\":\"WebSite\",\"@id\":\"https:\\\/\\\/www.libriparlanti.org\\\/#website\",\"url\":\"https:\\\/\\\/www.libriparlanti.org\\\/\",\"name\":\"Libreria Libri parlanti\",\"description\":\"Libreria in Castiglione del Lago (Pg)\",\"potentialAction\":[{\"@type\":\"SearchAction\",\"target\":{\"@type\":\"EntryPoint\",\"urlTemplate\":\"https:\\\/\\\/www.libriparlanti.org\\\/?s={search_term_string}\"},\"query-input\":{\"@type\":\"PropertyValueSpecification\",\"valueRequired\":true,\"valueName\":\"search_term_string\"}}],\"inLanguage\":\"it-IT\"}]}<\/script>\n<!-- \/ Yoast SEO plugin. -->","yoast_head_json":{"title":"OSSESSIONE - Libreria Libri parlanti","robots":{"index":"index","follow":"follow","max-snippet":"max-snippet:-1","max-image-preview":"max-image-preview:large","max-video-preview":"max-video-preview:-1"},"canonical":"https:\/\/www.libriparlanti.org\/index.php\/prodotto\/ossessione\/","og_locale":"it_IT","og_type":"article","og_title":"OSSESSIONE - Libreria Libri parlanti","og_description":"Autore: DORN WULF Editore: CORBACCIO Collana: TOP THRILLER ISBN: 9788867006588","og_url":"https:\/\/www.libriparlanti.org\/index.php\/prodotto\/ossessione\/","og_site_name":"Libreria Libri parlanti","article_publisher":"https:\/\/www.facebook.com\/LibriParlanti","article_modified_time":"2021-10-02T17:52:26+00:00","og_image":[{"width":159,"height":230,"url":"https:\/\/www.libriparlanti.org\/wp-content\/uploads\/2021\/06\/9788867006588.jpg","type":"image\/jpeg"}],"twitter_card":"summary_large_image","twitter_misc":{"Tempo di lettura stimato":"1 minuto"},"schema":{"@context":"https:\/\/schema.org","@graph":[{"@type":"WebPage","@id":"https:\/\/www.libriparlanti.org\/index.php\/prodotto\/ossessione\/","url":"https:\/\/www.libriparlanti.org\/index.php\/prodotto\/ossessione\/","name":"OSSESSIONE - Libreria Libri parlanti","isPartOf":{"@id":"https:\/\/www.libriparlanti.org\/#website"},"primaryImageOfPage":{"@id":"https:\/\/www.libriparlanti.org\/index.php\/prodotto\/ossessione\/#primaryimage"},"image":{"@id":"https:\/\/www.libriparlanti.org\/index.php\/prodotto\/ossessione\/#primaryimage"},"thumbnailUrl":"https:\/\/www.libriparlanti.org\/wp-content\/uploads\/2021\/06\/9788867006588.jpg","datePublished":"2021-06-12T15:13:21+00:00","dateModified":"2021-10-02T17:52:26+00:00","breadcrumb":{"@id":"https:\/\/www.libriparlanti.org\/index.php\/prodotto\/ossessione\/#breadcrumb"},"inLanguage":"it-IT","potentialAction":[{"@type":"ReadAction","target":["https:\/\/www.libriparlanti.org\/index.php\/prodotto\/ossessione\/"]}]},{"@type":"ImageObject","inLanguage":"it-IT","@id":"https:\/\/www.libriparlanti.org\/index.php\/prodotto\/ossessione\/#primaryimage","url":"https:\/\/www.libriparlanti.org\/wp-content\/uploads\/2021\/06\/9788867006588.jpg","contentUrl":"https:\/\/www.libriparlanti.org\/wp-content\/uploads\/2021\/06\/9788867006588.jpg","width":159,"height":230},{"@type":"BreadcrumbList","@id":"https:\/\/www.libriparlanti.org\/index.php\/prodotto\/ossessione\/#breadcrumb","itemListElement":[{"@type":"ListItem","position":1,"name":"Home","item":"https:\/\/www.libriparlanti.org\/"},{"@type":"ListItem","position":2,"name":"Shop","item":"https:\/\/www.libriparlanti.org\/index.php\/negozio\/"},{"@type":"ListItem","position":3,"name":"OSSESSIONE"}]},{"@type":"WebSite","@id":"https:\/\/www.libriparlanti.org\/#website","url":"https:\/\/www.libriparlanti.org\/","name":"Libreria Libri parlanti","description":"Libreria in Castiglione del Lago (Pg)","potentialAction":[{"@type":"SearchAction","target":{"@type":"EntryPoint","urlTemplate":"https:\/\/www.libriparlanti.org\/?s={search_term_string}"},"query-input":{"@type":"PropertyValueSpecification","valueRequired":true,"valueName":"search_term_string"}}],"inLanguage":"it-IT"}]}},"_links":{"self":[{"href":"https:\/\/www.libriparlanti.org\/index.php\/wp-json\/wp\/v2\/product\/16497","targetHints":{"allow":["GET"]}}],"collection":[{"href":"https:\/\/www.libriparlanti.org\/index.php\/wp-json\/wp\/v2\/product"}],"about":[{"href":"https:\/\/www.libriparlanti.org\/index.php\/wp-json\/wp\/v2\/types\/product"}],"replies":[{"embeddable":true,"href":"https:\/\/www.libriparlanti.org\/index.php\/wp-json\/wp\/v2\/comments?post=16497"}],"wp:featuredmedia":[{"embeddable":true,"href":"https:\/\/www.libriparlanti.org\/index.php\/wp-json\/wp\/v2\/media\/16496"}],"wp:attachment":[{"href":"https:\/\/www.libriparlanti.org\/index.php\/wp-json\/wp\/v2\/media?parent=16497"}],"wp:term":[{"taxonomy":"product_brand","embeddable":true,"href":"https:\/\/www.libriparlanti.org\/index.php\/wp-json\/wp\/v2\/product_brand?post=16497"},{"taxonomy":"product_cat","embeddable":true,"href":"https:\/\/www.libriparlanti.org\/index.php\/wp-json\/wp\/v2\/product_cat?post=16497"},{"taxonomy":"product_tag","embeddable":true,"href":"https:\/\/www.libriparlanti.org\/index.php\/wp-json\/wp\/v2\/product_tag?post=16497"}],"curies":[{"name":"wp","href":"https:\/\/api.w.org\/{rel}","templated":true}]}}