{"id":16378,"date":"2021-06-07T17:31:43","date_gmt":"2021-06-07T15:31:43","guid":{"rendered":"https:\/\/www.libriparlanti.org\/index.php\/prodotto\/luomo-del-bosco\/"},"modified":"2021-12-24T15:12:24","modified_gmt":"2021-12-24T13:12:24","slug":"luomo-del-bosco","status":"publish","type":"product","link":"https:\/\/www.libriparlanti.org\/index.php\/prodotto\/luomo-del-bosco\/","title":{"rendered":"L&#8217;UOMO DEL BOSCO"},"content":{"rendered":"<p>Il professor John Glynn, scienziato di fama mondiale, \u00e8 al lavoro su una speciale sonda geofonica, SismoTime, che ascoltando la voce del nostro pianeta &#8211; i movimenti nelle profondit\u00e0 della crosta terrestre &#8211; sar\u00e0 in grado di prevedere ogni tipo di terremoto con grande anticipo salvando milioni di vite umane. Nel momento in cui presenta la sua invenzione alla stampa, John Glynn \u00e8 una stella del firmamento accademico, ma nessuno sa che la causa scatenante di quella ascesa straordinaria ha una precisa data di nascita: il 19\/04\/1990, quando, poco prima dell&#8217;alba, suo padre Liam Glynn &#8211; il grande eretico delle scienze geologiche degli anni Ottanta &#8211; scompare nell&#8217;esplosione di una miniera in Belgio insieme alla sua squadra di estrattori. Da quel tragico giorno sono trascorsi trent&#8217;anni e per John la memoria di quel tempo si \u00e8 polverizzata in un oblio nebuloso. Almeno finch\u00e9 la sua famiglia non si trasferisce nella casa che affaccia sulla fiabesca Civita di Bagnoregio, la citt\u00e0 che muore. Da quel momento una serie di eventi straordinari &#8211; la scomparsa di una sonda nei boschi di Civita, l&#8217;apparizione di un poliziotto con una VHS appartenuta a suo padre, gli sms che riceve da vecchi compagni di scuola e quella voce che abita i suoi incubi, notte dopo notte &#8211; sconvolge la vita perfetta del professore.<\/p>\n","protected":false},"excerpt":{"rendered":"<p><em>Autore:<\/em> MIRKO ZILAHY<br \/>\n<em>Editore:<\/em> LONGANESI<br \/>\n<em>ISBN:<\/em> 9788830446922<br \/>\n<em>Pubblicazione:<\/em> 06\/05\/2021<\/p>\n","protected":false},"featured_media":16377,"comment_status":"closed","ping_status":"closed","template":"","meta":{"_et_pb_use_builder":"","_et_pb_old_content":"","_et_gb_content_width":"","_joinchat":[]},"product_brand":[],"product_cat":[1737],"product_tag":[],"class_list":{"0":"post-16378","1":"product","2":"type-product","3":"status-publish","4":"has-post-thumbnail","6":"product_cat-gialli-thriller","8":"first","9":"onbackorder","10":"taxable","11":"shipping-taxable","12":"purchasable","13":"product-type-simple"},"yoast_head":"<!-- This site is optimized with the Yoast SEO plugin v27.5 - https:\/\/yoast.com\/product\/yoast-seo-wordpress\/ -->\n<title>L&#039;UOMO DEL BOSCO - Libreria Libri parlanti<\/title>\n<meta name=\"robots\" content=\"index, follow, max-snippet:-1, max-image-preview:large, max-video-preview:-1\" \/>\n<link rel=\"canonical\" href=\"https:\/\/www.libriparlanti.org\/index.php\/prodotto\/luomo-del-bosco\/\" \/>\n<meta property=\"og:locale\" content=\"it_IT\" \/>\n<meta property=\"og:type\" content=\"article\" \/>\n<meta property=\"og:title\" content=\"L&#039;UOMO DEL BOSCO - Libreria Libri parlanti\" \/>\n<meta property=\"og:description\" content=\"Autore: MIRKO ZILAHY Editore: LONGANESI ISBN: 9788830446922 Pubblicazione: 06\/05\/2021\" \/>\n<meta property=\"og:url\" content=\"https:\/\/www.libriparlanti.org\/index.php\/prodotto\/luomo-del-bosco\/\" \/>\n<meta property=\"og:site_name\" content=\"Libreria Libri parlanti\" \/>\n<meta property=\"article:publisher\" content=\"https:\/\/www.facebook.com\/LibriParlanti\" \/>\n<meta property=\"article:modified_time\" content=\"2021-12-24T13:12:24+00:00\" \/>\n<meta property=\"og:image\" content=\"https:\/\/www.libriparlanti.org\/wp-content\/uploads\/2021\/06\/gMykjN0QDMzgDO4cTO.jpg\" \/>\n\t<meta property=\"og:image:width\" content=\"197\" \/>\n\t<meta property=\"og:image:height\" content=\"300\" \/>\n\t<meta property=\"og:image:type\" content=\"image\/jpeg\" \/>\n<meta name=\"twitter:card\" content=\"summary_large_image\" \/>\n<meta name=\"twitter:label1\" content=\"Tempo di lettura stimato\" \/>\n\t<meta name=\"twitter:data1\" content=\"1 minuto\" \/>\n<script type=\"application\/ld+json\" class=\"yoast-schema-graph\">{\"@context\":\"https:\\\/\\\/schema.org\",\"@graph\":[{\"@type\":\"WebPage\",\"@id\":\"https:\\\/\\\/www.libriparlanti.org\\\/index.php\\\/prodotto\\\/luomo-del-bosco\\\/\",\"url\":\"https:\\\/\\\/www.libriparlanti.org\\\/index.php\\\/prodotto\\\/luomo-del-bosco\\\/\",\"name\":\"L'UOMO DEL BOSCO - Libreria Libri parlanti\",\"isPartOf\":{\"@id\":\"https:\\\/\\\/www.libriparlanti.org\\\/#website\"},\"primaryImageOfPage\":{\"@id\":\"https:\\\/\\\/www.libriparlanti.org\\\/index.php\\\/prodotto\\\/luomo-del-bosco\\\/#primaryimage\"},\"image\":{\"@id\":\"https:\\\/\\\/www.libriparlanti.org\\\/index.php\\\/prodotto\\\/luomo-del-bosco\\\/#primaryimage\"},\"thumbnailUrl\":\"https:\\\/\\\/www.libriparlanti.org\\\/wp-content\\\/uploads\\\/2021\\\/06\\\/gMykjN0QDMzgDO4cTO.jpg\",\"datePublished\":\"2021-06-07T15:31:43+00:00\",\"dateModified\":\"2021-12-24T13:12:24+00:00\",\"breadcrumb\":{\"@id\":\"https:\\\/\\\/www.libriparlanti.org\\\/index.php\\\/prodotto\\\/luomo-del-bosco\\\/#breadcrumb\"},\"inLanguage\":\"it-IT\",\"potentialAction\":[{\"@type\":\"ReadAction\",\"target\":[\"https:\\\/\\\/www.libriparlanti.org\\\/index.php\\\/prodotto\\\/luomo-del-bosco\\\/\"]}]},{\"@type\":\"ImageObject\",\"inLanguage\":\"it-IT\",\"@id\":\"https:\\\/\\\/www.libriparlanti.org\\\/index.php\\\/prodotto\\\/luomo-del-bosco\\\/#primaryimage\",\"url\":\"https:\\\/\\\/www.libriparlanti.org\\\/wp-content\\\/uploads\\\/2021\\\/06\\\/gMykjN0QDMzgDO4cTO.jpg\",\"contentUrl\":\"https:\\\/\\\/www.libriparlanti.org\\\/wp-content\\\/uploads\\\/2021\\\/06\\\/gMykjN0QDMzgDO4cTO.jpg\",\"width\":197,\"height\":300},{\"@type\":\"BreadcrumbList\",\"@id\":\"https:\\\/\\\/www.libriparlanti.org\\\/index.php\\\/prodotto\\\/luomo-del-bosco\\\/#breadcrumb\",\"itemListElement\":[{\"@type\":\"ListItem\",\"position\":1,\"name\":\"Home\",\"item\":\"https:\\\/\\\/www.libriparlanti.org\\\/\"},{\"@type\":\"ListItem\",\"position\":2,\"name\":\"Shop\",\"item\":\"https:\\\/\\\/www.libriparlanti.org\\\/index.php\\\/negozio\\\/\"},{\"@type\":\"ListItem\",\"position\":3,\"name\":\"L&#8217;UOMO DEL BOSCO\"}]},{\"@type\":\"WebSite\",\"@id\":\"https:\\\/\\\/www.libriparlanti.org\\\/#website\",\"url\":\"https:\\\/\\\/www.libriparlanti.org\\\/\",\"name\":\"Libreria Libri parlanti\",\"description\":\"Libreria in Castiglione del Lago (Pg)\",\"potentialAction\":[{\"@type\":\"SearchAction\",\"target\":{\"@type\":\"EntryPoint\",\"urlTemplate\":\"https:\\\/\\\/www.libriparlanti.org\\\/?s={search_term_string}\"},\"query-input\":{\"@type\":\"PropertyValueSpecification\",\"valueRequired\":true,\"valueName\":\"search_term_string\"}}],\"inLanguage\":\"it-IT\"}]}<\/script>\n<!-- \/ Yoast SEO plugin. -->","yoast_head_json":{"title":"L'UOMO DEL BOSCO - Libreria Libri parlanti","robots":{"index":"index","follow":"follow","max-snippet":"max-snippet:-1","max-image-preview":"max-image-preview:large","max-video-preview":"max-video-preview:-1"},"canonical":"https:\/\/www.libriparlanti.org\/index.php\/prodotto\/luomo-del-bosco\/","og_locale":"it_IT","og_type":"article","og_title":"L'UOMO DEL BOSCO - Libreria Libri parlanti","og_description":"Autore: MIRKO ZILAHY Editore: LONGANESI ISBN: 9788830446922 Pubblicazione: 06\/05\/2021","og_url":"https:\/\/www.libriparlanti.org\/index.php\/prodotto\/luomo-del-bosco\/","og_site_name":"Libreria Libri parlanti","article_publisher":"https:\/\/www.facebook.com\/LibriParlanti","article_modified_time":"2021-12-24T13:12:24+00:00","og_image":[{"width":197,"height":300,"url":"https:\/\/www.libriparlanti.org\/wp-content\/uploads\/2021\/06\/gMykjN0QDMzgDO4cTO.jpg","type":"image\/jpeg"}],"twitter_card":"summary_large_image","twitter_misc":{"Tempo di lettura stimato":"1 minuto"},"schema":{"@context":"https:\/\/schema.org","@graph":[{"@type":"WebPage","@id":"https:\/\/www.libriparlanti.org\/index.php\/prodotto\/luomo-del-bosco\/","url":"https:\/\/www.libriparlanti.org\/index.php\/prodotto\/luomo-del-bosco\/","name":"L'UOMO DEL BOSCO - Libreria Libri parlanti","isPartOf":{"@id":"https:\/\/www.libriparlanti.org\/#website"},"primaryImageOfPage":{"@id":"https:\/\/www.libriparlanti.org\/index.php\/prodotto\/luomo-del-bosco\/#primaryimage"},"image":{"@id":"https:\/\/www.libriparlanti.org\/index.php\/prodotto\/luomo-del-bosco\/#primaryimage"},"thumbnailUrl":"https:\/\/www.libriparlanti.org\/wp-content\/uploads\/2021\/06\/gMykjN0QDMzgDO4cTO.jpg","datePublished":"2021-06-07T15:31:43+00:00","dateModified":"2021-12-24T13:12:24+00:00","breadcrumb":{"@id":"https:\/\/www.libriparlanti.org\/index.php\/prodotto\/luomo-del-bosco\/#breadcrumb"},"inLanguage":"it-IT","potentialAction":[{"@type":"ReadAction","target":["https:\/\/www.libriparlanti.org\/index.php\/prodotto\/luomo-del-bosco\/"]}]},{"@type":"ImageObject","inLanguage":"it-IT","@id":"https:\/\/www.libriparlanti.org\/index.php\/prodotto\/luomo-del-bosco\/#primaryimage","url":"https:\/\/www.libriparlanti.org\/wp-content\/uploads\/2021\/06\/gMykjN0QDMzgDO4cTO.jpg","contentUrl":"https:\/\/www.libriparlanti.org\/wp-content\/uploads\/2021\/06\/gMykjN0QDMzgDO4cTO.jpg","width":197,"height":300},{"@type":"BreadcrumbList","@id":"https:\/\/www.libriparlanti.org\/index.php\/prodotto\/luomo-del-bosco\/#breadcrumb","itemListElement":[{"@type":"ListItem","position":1,"name":"Home","item":"https:\/\/www.libriparlanti.org\/"},{"@type":"ListItem","position":2,"name":"Shop","item":"https:\/\/www.libriparlanti.org\/index.php\/negozio\/"},{"@type":"ListItem","position":3,"name":"L&#8217;UOMO DEL BOSCO"}]},{"@type":"WebSite","@id":"https:\/\/www.libriparlanti.org\/#website","url":"https:\/\/www.libriparlanti.org\/","name":"Libreria Libri parlanti","description":"Libreria in Castiglione del Lago (Pg)","potentialAction":[{"@type":"SearchAction","target":{"@type":"EntryPoint","urlTemplate":"https:\/\/www.libriparlanti.org\/?s={search_term_string}"},"query-input":{"@type":"PropertyValueSpecification","valueRequired":true,"valueName":"search_term_string"}}],"inLanguage":"it-IT"}]}},"_links":{"self":[{"href":"https:\/\/www.libriparlanti.org\/index.php\/wp-json\/wp\/v2\/product\/16378","targetHints":{"allow":["GET"]}}],"collection":[{"href":"https:\/\/www.libriparlanti.org\/index.php\/wp-json\/wp\/v2\/product"}],"about":[{"href":"https:\/\/www.libriparlanti.org\/index.php\/wp-json\/wp\/v2\/types\/product"}],"replies":[{"embeddable":true,"href":"https:\/\/www.libriparlanti.org\/index.php\/wp-json\/wp\/v2\/comments?post=16378"}],"wp:featuredmedia":[{"embeddable":true,"href":"https:\/\/www.libriparlanti.org\/index.php\/wp-json\/wp\/v2\/media\/16377"}],"wp:attachment":[{"href":"https:\/\/www.libriparlanti.org\/index.php\/wp-json\/wp\/v2\/media?parent=16378"}],"wp:term":[{"taxonomy":"product_brand","embeddable":true,"href":"https:\/\/www.libriparlanti.org\/index.php\/wp-json\/wp\/v2\/product_brand?post=16378"},{"taxonomy":"product_cat","embeddable":true,"href":"https:\/\/www.libriparlanti.org\/index.php\/wp-json\/wp\/v2\/product_cat?post=16378"},{"taxonomy":"product_tag","embeddable":true,"href":"https:\/\/www.libriparlanti.org\/index.php\/wp-json\/wp\/v2\/product_tag?post=16378"}],"curies":[{"name":"wp","href":"https:\/\/api.w.org\/{rel}","templated":true}]}}