{"id":16181,"date":"2021-05-31T12:33:08","date_gmt":"2021-05-31T10:33:08","guid":{"rendered":"https:\/\/www.libriparlanti.org\/index.php\/prodotto\/free\/"},"modified":"2021-09-25T18:17:26","modified_gmt":"2021-09-25T16:17:26","slug":"free","status":"publish","type":"product","link":"https:\/\/www.libriparlanti.org\/index.php\/prodotto\/free\/","title":{"rendered":"FREE"},"content":{"rendered":"<p>Siamo lieti di invitarvi al matrimonio del decennio, quando Christian Grey far\u00e0 di Anastasia Steele sua moglie. Ma sapr\u00e0 essere un buon marito? Suo padre non ne \u00e8 sicuro, suo fratello vuole organizzare una festa di addio al celibato indimenticabile e la sua fidanzata certamente non giurer\u00e0 di obbedirgli. Il matrimonio porta con s\u00e9 le sue sfide: la loro passione reciproca arde pi\u00f9 calda e profonda che mai, ma lo spirito ribelle di Ana continua a risvegliare le paure pi\u00f9 oscure di Christian e mette alla prova il suo bisogno di controllo. Mentre emergono pericolosamente vecchie rivalit\u00e0 e risentimenti, un errore di valutazione minaccia di distruggerli per sempre. Christian sar\u00e0 in grado di superare gli incubi della sua infanzia e i tormenti della sua giovinezza e salvarsi? E una volta scoperta la verit\u00e0 sulle sue origini, trover\u00e0 la capacit\u00e0 di perdonare e di accettare l&#8217;amore incondizionato di Ana? Riuscir\u00e0 Christian a essere finalmente libero?<\/p>\n","protected":false},"excerpt":{"rendered":"<p><em>Autore:<\/em> E. L. JAMES<br \/>\n<em>Editore:<\/em> MONDADORI ARNOLDO VARIA<br \/>\n<em>ISBN:<\/em> 9788804743187<br \/>\n<em>Pubblicazione:<\/em> 01\/06\/2021<\/p>\n","protected":false},"featured_media":16180,"comment_status":"closed","ping_status":"closed","template":"","meta":{"_et_pb_use_builder":"","_et_pb_old_content":"","_et_gb_content_width":"","_joinchat":[]},"product_brand":[],"product_cat":[1736],"product_tag":[],"class_list":{"0":"post-16181","1":"product","2":"type-product","3":"status-publish","4":"has-post-thumbnail","6":"product_cat-narrativa","8":"first","9":"onbackorder","10":"taxable","11":"shipping-taxable","12":"purchasable","13":"product-type-simple"},"yoast_head":"<!-- This site is optimized with the Yoast SEO plugin v27.5 - https:\/\/yoast.com\/product\/yoast-seo-wordpress\/ -->\n<title>FREE - Libreria Libri parlanti<\/title>\n<meta name=\"robots\" content=\"index, follow, max-snippet:-1, max-image-preview:large, max-video-preview:-1\" \/>\n<link rel=\"canonical\" href=\"https:\/\/www.libriparlanti.org\/index.php\/prodotto\/free\/\" \/>\n<meta property=\"og:locale\" content=\"it_IT\" \/>\n<meta property=\"og:type\" content=\"article\" \/>\n<meta property=\"og:title\" content=\"FREE - Libreria Libri parlanti\" \/>\n<meta property=\"og:description\" content=\"Autore: E. L. JAMES Editore: MONDADORI ARNOLDO VARIA ISBN: 9788804743187 Pubblicazione: 01\/06\/2021\" \/>\n<meta property=\"og:url\" content=\"https:\/\/www.libriparlanti.org\/index.php\/prodotto\/free\/\" \/>\n<meta property=\"og:site_name\" content=\"Libreria Libri parlanti\" \/>\n<meta property=\"article:publisher\" content=\"https:\/\/www.facebook.com\/LibriParlanti\" \/>\n<meta property=\"article:modified_time\" content=\"2021-09-25T16:17:26+00:00\" \/>\n<meta property=\"og:image\" content=\"https:\/\/www.libriparlanti.org\/wp-content\/uploads\/2021\/05\/9788804743187.jpg\" \/>\n\t<meta property=\"og:image:width\" content=\"186\" \/>\n\t<meta property=\"og:image:height\" content=\"271\" \/>\n\t<meta property=\"og:image:type\" content=\"image\/jpeg\" \/>\n<meta name=\"twitter:card\" content=\"summary_large_image\" \/>\n<meta name=\"twitter:label1\" content=\"Tempo di lettura stimato\" \/>\n\t<meta name=\"twitter:data1\" content=\"1 minuto\" \/>\n<script type=\"application\/ld+json\" class=\"yoast-schema-graph\">{\"@context\":\"https:\\\/\\\/schema.org\",\"@graph\":[{\"@type\":\"WebPage\",\"@id\":\"https:\\\/\\\/www.libriparlanti.org\\\/index.php\\\/prodotto\\\/free\\\/\",\"url\":\"https:\\\/\\\/www.libriparlanti.org\\\/index.php\\\/prodotto\\\/free\\\/\",\"name\":\"FREE - Libreria Libri parlanti\",\"isPartOf\":{\"@id\":\"https:\\\/\\\/www.libriparlanti.org\\\/#website\"},\"primaryImageOfPage\":{\"@id\":\"https:\\\/\\\/www.libriparlanti.org\\\/index.php\\\/prodotto\\\/free\\\/#primaryimage\"},\"image\":{\"@id\":\"https:\\\/\\\/www.libriparlanti.org\\\/index.php\\\/prodotto\\\/free\\\/#primaryimage\"},\"thumbnailUrl\":\"https:\\\/\\\/www.libriparlanti.org\\\/wp-content\\\/uploads\\\/2021\\\/05\\\/9788804743187.jpg\",\"datePublished\":\"2021-05-31T10:33:08+00:00\",\"dateModified\":\"2021-09-25T16:17:26+00:00\",\"breadcrumb\":{\"@id\":\"https:\\\/\\\/www.libriparlanti.org\\\/index.php\\\/prodotto\\\/free\\\/#breadcrumb\"},\"inLanguage\":\"it-IT\",\"potentialAction\":[{\"@type\":\"ReadAction\",\"target\":[\"https:\\\/\\\/www.libriparlanti.org\\\/index.php\\\/prodotto\\\/free\\\/\"]}]},{\"@type\":\"ImageObject\",\"inLanguage\":\"it-IT\",\"@id\":\"https:\\\/\\\/www.libriparlanti.org\\\/index.php\\\/prodotto\\\/free\\\/#primaryimage\",\"url\":\"https:\\\/\\\/www.libriparlanti.org\\\/wp-content\\\/uploads\\\/2021\\\/05\\\/9788804743187.jpg\",\"contentUrl\":\"https:\\\/\\\/www.libriparlanti.org\\\/wp-content\\\/uploads\\\/2021\\\/05\\\/9788804743187.jpg\",\"width\":186,\"height\":271},{\"@type\":\"BreadcrumbList\",\"@id\":\"https:\\\/\\\/www.libriparlanti.org\\\/index.php\\\/prodotto\\\/free\\\/#breadcrumb\",\"itemListElement\":[{\"@type\":\"ListItem\",\"position\":1,\"name\":\"Home\",\"item\":\"https:\\\/\\\/www.libriparlanti.org\\\/\"},{\"@type\":\"ListItem\",\"position\":2,\"name\":\"Shop\",\"item\":\"https:\\\/\\\/www.libriparlanti.org\\\/index.php\\\/negozio\\\/\"},{\"@type\":\"ListItem\",\"position\":3,\"name\":\"FREE\"}]},{\"@type\":\"WebSite\",\"@id\":\"https:\\\/\\\/www.libriparlanti.org\\\/#website\",\"url\":\"https:\\\/\\\/www.libriparlanti.org\\\/\",\"name\":\"Libreria Libri parlanti\",\"description\":\"Libreria in Castiglione del Lago (Pg)\",\"potentialAction\":[{\"@type\":\"SearchAction\",\"target\":{\"@type\":\"EntryPoint\",\"urlTemplate\":\"https:\\\/\\\/www.libriparlanti.org\\\/?s={search_term_string}\"},\"query-input\":{\"@type\":\"PropertyValueSpecification\",\"valueRequired\":true,\"valueName\":\"search_term_string\"}}],\"inLanguage\":\"it-IT\"}]}<\/script>\n<!-- \/ Yoast SEO plugin. -->","yoast_head_json":{"title":"FREE - Libreria Libri parlanti","robots":{"index":"index","follow":"follow","max-snippet":"max-snippet:-1","max-image-preview":"max-image-preview:large","max-video-preview":"max-video-preview:-1"},"canonical":"https:\/\/www.libriparlanti.org\/index.php\/prodotto\/free\/","og_locale":"it_IT","og_type":"article","og_title":"FREE - Libreria Libri parlanti","og_description":"Autore: E. L. JAMES Editore: MONDADORI ARNOLDO VARIA ISBN: 9788804743187 Pubblicazione: 01\/06\/2021","og_url":"https:\/\/www.libriparlanti.org\/index.php\/prodotto\/free\/","og_site_name":"Libreria Libri parlanti","article_publisher":"https:\/\/www.facebook.com\/LibriParlanti","article_modified_time":"2021-09-25T16:17:26+00:00","og_image":[{"width":186,"height":271,"url":"https:\/\/www.libriparlanti.org\/wp-content\/uploads\/2021\/05\/9788804743187.jpg","type":"image\/jpeg"}],"twitter_card":"summary_large_image","twitter_misc":{"Tempo di lettura stimato":"1 minuto"},"schema":{"@context":"https:\/\/schema.org","@graph":[{"@type":"WebPage","@id":"https:\/\/www.libriparlanti.org\/index.php\/prodotto\/free\/","url":"https:\/\/www.libriparlanti.org\/index.php\/prodotto\/free\/","name":"FREE - Libreria Libri parlanti","isPartOf":{"@id":"https:\/\/www.libriparlanti.org\/#website"},"primaryImageOfPage":{"@id":"https:\/\/www.libriparlanti.org\/index.php\/prodotto\/free\/#primaryimage"},"image":{"@id":"https:\/\/www.libriparlanti.org\/index.php\/prodotto\/free\/#primaryimage"},"thumbnailUrl":"https:\/\/www.libriparlanti.org\/wp-content\/uploads\/2021\/05\/9788804743187.jpg","datePublished":"2021-05-31T10:33:08+00:00","dateModified":"2021-09-25T16:17:26+00:00","breadcrumb":{"@id":"https:\/\/www.libriparlanti.org\/index.php\/prodotto\/free\/#breadcrumb"},"inLanguage":"it-IT","potentialAction":[{"@type":"ReadAction","target":["https:\/\/www.libriparlanti.org\/index.php\/prodotto\/free\/"]}]},{"@type":"ImageObject","inLanguage":"it-IT","@id":"https:\/\/www.libriparlanti.org\/index.php\/prodotto\/free\/#primaryimage","url":"https:\/\/www.libriparlanti.org\/wp-content\/uploads\/2021\/05\/9788804743187.jpg","contentUrl":"https:\/\/www.libriparlanti.org\/wp-content\/uploads\/2021\/05\/9788804743187.jpg","width":186,"height":271},{"@type":"BreadcrumbList","@id":"https:\/\/www.libriparlanti.org\/index.php\/prodotto\/free\/#breadcrumb","itemListElement":[{"@type":"ListItem","position":1,"name":"Home","item":"https:\/\/www.libriparlanti.org\/"},{"@type":"ListItem","position":2,"name":"Shop","item":"https:\/\/www.libriparlanti.org\/index.php\/negozio\/"},{"@type":"ListItem","position":3,"name":"FREE"}]},{"@type":"WebSite","@id":"https:\/\/www.libriparlanti.org\/#website","url":"https:\/\/www.libriparlanti.org\/","name":"Libreria Libri parlanti","description":"Libreria in Castiglione del Lago (Pg)","potentialAction":[{"@type":"SearchAction","target":{"@type":"EntryPoint","urlTemplate":"https:\/\/www.libriparlanti.org\/?s={search_term_string}"},"query-input":{"@type":"PropertyValueSpecification","valueRequired":true,"valueName":"search_term_string"}}],"inLanguage":"it-IT"}]}},"_links":{"self":[{"href":"https:\/\/www.libriparlanti.org\/index.php\/wp-json\/wp\/v2\/product\/16181","targetHints":{"allow":["GET"]}}],"collection":[{"href":"https:\/\/www.libriparlanti.org\/index.php\/wp-json\/wp\/v2\/product"}],"about":[{"href":"https:\/\/www.libriparlanti.org\/index.php\/wp-json\/wp\/v2\/types\/product"}],"replies":[{"embeddable":true,"href":"https:\/\/www.libriparlanti.org\/index.php\/wp-json\/wp\/v2\/comments?post=16181"}],"wp:featuredmedia":[{"embeddable":true,"href":"https:\/\/www.libriparlanti.org\/index.php\/wp-json\/wp\/v2\/media\/16180"}],"wp:attachment":[{"href":"https:\/\/www.libriparlanti.org\/index.php\/wp-json\/wp\/v2\/media?parent=16181"}],"wp:term":[{"taxonomy":"product_brand","embeddable":true,"href":"https:\/\/www.libriparlanti.org\/index.php\/wp-json\/wp\/v2\/product_brand?post=16181"},{"taxonomy":"product_cat","embeddable":true,"href":"https:\/\/www.libriparlanti.org\/index.php\/wp-json\/wp\/v2\/product_cat?post=16181"},{"taxonomy":"product_tag","embeddable":true,"href":"https:\/\/www.libriparlanti.org\/index.php\/wp-json\/wp\/v2\/product_tag?post=16181"}],"curies":[{"name":"wp","href":"https:\/\/api.w.org\/{rel}","templated":true}]}}