{"id":15855,"date":"2021-05-15T13:00:59","date_gmt":"2021-05-15T11:00:59","guid":{"rendered":"https:\/\/www.libriparlanti.org\/index.php\/prodotto\/regina-delle-rane-non-puo-bagnarsi-piedi\/"},"modified":"2021-05-27T18:46:06","modified_gmt":"2021-05-27T16:46:06","slug":"regina-delle-rane-non-puo-bagnarsi-piedi","status":"publish","type":"product","link":"https:\/\/www.libriparlanti.org\/index.php\/prodotto\/regina-delle-rane-non-puo-bagnarsi-piedi\/","title":{"rendered":"REGINA DELLE RANE NON PU\u00d2 BAGNARSI PIEDI"},"content":{"rendered":"<p>C&#8217;era una volta uno stagno dove le rane dormicchiavano, cacciavano e ogni sera, all&#8217;ora del tramonto, cantavano insieme. Un giorno, qualcosa cadde nello stagno e la prima rana che riusc\u00ec a scovarlo si ritrov\u00f2 con una corona in testa. Presto divenne regina: non pot\u00e9 pi\u00f9 bagnarsi le zampe n\u00e9 cacciare le mosche e si piazz\u00f2 su una grande foglia in compagnia dei suoi lacch\u00e9. In breve le rane dovettero servirla e smisero di cantare. Ma all&#8217;eccezionale esibizione di tuffi, la pi\u00f9 grande tuffatrice dello stagno emerge dall&#8217;acqua senza corona&#8230; Una favola pungente che combina con leggerezza il dipanarsi del caso e la critica sociale, che racconta l&#8217;arbitrariet\u00e0 del potere e il corso del destino, la noia della sovrana e l&#8217;euforia collettiva del coro. Et\u00e0 di lettura: da 6 anni.<\/p>\n","protected":false},"excerpt":{"rendered":"<p><em>Autore:<\/em> CALI&#8217; &#8211; SOMA&#8217;<br \/>\n<em>Editore:<\/em> KITE EDIZIONI<br \/>\n<em>ISBN:<\/em> 9788867450053<\/p>\n","protected":false},"featured_media":15854,"comment_status":"closed","ping_status":"closed","template":"","meta":{"_et_pb_use_builder":"","_et_pb_old_content":"","_et_gb_content_width":"","_joinchat":[]},"product_brand":[],"product_cat":[959],"product_tag":[],"class_list":{"0":"post-15855","1":"product","2":"type-product","3":"status-publish","4":"has-post-thumbnail","6":"product_cat-senza-categoria","8":"first","9":"onbackorder","10":"taxable","11":"shipping-taxable","12":"purchasable","13":"product-type-simple"},"yoast_head":"<!-- This site is optimized with the Yoast SEO plugin v27.3 - https:\/\/yoast.com\/product\/yoast-seo-wordpress\/ -->\n<title>REGINA DELLE RANE NON PU\u00d2 BAGNARSI PIEDI - Libreria Libri parlanti<\/title>\n<meta name=\"robots\" content=\"index, follow, max-snippet:-1, max-image-preview:large, max-video-preview:-1\" \/>\n<link rel=\"canonical\" href=\"https:\/\/www.libriparlanti.org\/index.php\/prodotto\/regina-delle-rane-non-puo-bagnarsi-piedi\/\" \/>\n<meta property=\"og:locale\" content=\"it_IT\" \/>\n<meta property=\"og:type\" content=\"article\" \/>\n<meta property=\"og:title\" content=\"REGINA DELLE RANE NON PU\u00d2 BAGNARSI PIEDI - Libreria Libri parlanti\" \/>\n<meta property=\"og:description\" content=\"Autore: CALI&#039; - SOMA&#039; Editore: KITE EDIZIONI ISBN: 9788867450053\" \/>\n<meta property=\"og:url\" content=\"https:\/\/www.libriparlanti.org\/index.php\/prodotto\/regina-delle-rane-non-puo-bagnarsi-piedi\/\" \/>\n<meta property=\"og:site_name\" content=\"Libreria Libri parlanti\" \/>\n<meta property=\"article:publisher\" content=\"https:\/\/www.facebook.com\/LibriParlanti\" \/>\n<meta property=\"article:modified_time\" content=\"2021-05-27T16:46:06+00:00\" \/>\n<meta property=\"og:image\" content=\"https:\/\/www.libriparlanti.org\/wp-content\/uploads\/2021\/05\/wM1ADM1QzN2gDO4cTO.jpg\" \/>\n\t<meta property=\"og:image:width\" content=\"300\" \/>\n\t<meta property=\"og:image:height\" content=\"374\" \/>\n\t<meta property=\"og:image:type\" content=\"image\/jpeg\" \/>\n<meta name=\"twitter:card\" content=\"summary_large_image\" \/>\n<meta name=\"twitter:label1\" content=\"Tempo di lettura stimato\" \/>\n\t<meta name=\"twitter:data1\" content=\"1 minuto\" \/>\n<script type=\"application\/ld+json\" class=\"yoast-schema-graph\">{\"@context\":\"https:\\\/\\\/schema.org\",\"@graph\":[{\"@type\":\"WebPage\",\"@id\":\"https:\\\/\\\/www.libriparlanti.org\\\/index.php\\\/prodotto\\\/regina-delle-rane-non-puo-bagnarsi-piedi\\\/\",\"url\":\"https:\\\/\\\/www.libriparlanti.org\\\/index.php\\\/prodotto\\\/regina-delle-rane-non-puo-bagnarsi-piedi\\\/\",\"name\":\"REGINA DELLE RANE NON PU\u00d2 BAGNARSI PIEDI - Libreria Libri parlanti\",\"isPartOf\":{\"@id\":\"https:\\\/\\\/www.libriparlanti.org\\\/#website\"},\"primaryImageOfPage\":{\"@id\":\"https:\\\/\\\/www.libriparlanti.org\\\/index.php\\\/prodotto\\\/regina-delle-rane-non-puo-bagnarsi-piedi\\\/#primaryimage\"},\"image\":{\"@id\":\"https:\\\/\\\/www.libriparlanti.org\\\/index.php\\\/prodotto\\\/regina-delle-rane-non-puo-bagnarsi-piedi\\\/#primaryimage\"},\"thumbnailUrl\":\"https:\\\/\\\/www.libriparlanti.org\\\/wp-content\\\/uploads\\\/2021\\\/05\\\/wM1ADM1QzN2gDO4cTO.jpg\",\"datePublished\":\"2021-05-15T11:00:59+00:00\",\"dateModified\":\"2021-05-27T16:46:06+00:00\",\"breadcrumb\":{\"@id\":\"https:\\\/\\\/www.libriparlanti.org\\\/index.php\\\/prodotto\\\/regina-delle-rane-non-puo-bagnarsi-piedi\\\/#breadcrumb\"},\"inLanguage\":\"it-IT\",\"potentialAction\":[{\"@type\":\"ReadAction\",\"target\":[\"https:\\\/\\\/www.libriparlanti.org\\\/index.php\\\/prodotto\\\/regina-delle-rane-non-puo-bagnarsi-piedi\\\/\"]}]},{\"@type\":\"ImageObject\",\"inLanguage\":\"it-IT\",\"@id\":\"https:\\\/\\\/www.libriparlanti.org\\\/index.php\\\/prodotto\\\/regina-delle-rane-non-puo-bagnarsi-piedi\\\/#primaryimage\",\"url\":\"https:\\\/\\\/www.libriparlanti.org\\\/wp-content\\\/uploads\\\/2021\\\/05\\\/wM1ADM1QzN2gDO4cTO.jpg\",\"contentUrl\":\"https:\\\/\\\/www.libriparlanti.org\\\/wp-content\\\/uploads\\\/2021\\\/05\\\/wM1ADM1QzN2gDO4cTO.jpg\",\"width\":300,\"height\":374},{\"@type\":\"BreadcrumbList\",\"@id\":\"https:\\\/\\\/www.libriparlanti.org\\\/index.php\\\/prodotto\\\/regina-delle-rane-non-puo-bagnarsi-piedi\\\/#breadcrumb\",\"itemListElement\":[{\"@type\":\"ListItem\",\"position\":1,\"name\":\"Home\",\"item\":\"https:\\\/\\\/www.libriparlanti.org\\\/\"},{\"@type\":\"ListItem\",\"position\":2,\"name\":\"Shop\",\"item\":\"https:\\\/\\\/www.libriparlanti.org\\\/index.php\\\/negozio\\\/\"},{\"@type\":\"ListItem\",\"position\":3,\"name\":\"REGINA DELLE RANE NON PU\u00d2 BAGNARSI PIEDI\"}]},{\"@type\":\"WebSite\",\"@id\":\"https:\\\/\\\/www.libriparlanti.org\\\/#website\",\"url\":\"https:\\\/\\\/www.libriparlanti.org\\\/\",\"name\":\"Libreria Libri parlanti\",\"description\":\"Libreria in Castiglione del Lago (Pg)\",\"potentialAction\":[{\"@type\":\"SearchAction\",\"target\":{\"@type\":\"EntryPoint\",\"urlTemplate\":\"https:\\\/\\\/www.libriparlanti.org\\\/?s={search_term_string}\"},\"query-input\":{\"@type\":\"PropertyValueSpecification\",\"valueRequired\":true,\"valueName\":\"search_term_string\"}}],\"inLanguage\":\"it-IT\"}]}<\/script>\n<!-- \/ Yoast SEO plugin. -->","yoast_head_json":{"title":"REGINA DELLE RANE NON PU\u00d2 BAGNARSI PIEDI - Libreria Libri parlanti","robots":{"index":"index","follow":"follow","max-snippet":"max-snippet:-1","max-image-preview":"max-image-preview:large","max-video-preview":"max-video-preview:-1"},"canonical":"https:\/\/www.libriparlanti.org\/index.php\/prodotto\/regina-delle-rane-non-puo-bagnarsi-piedi\/","og_locale":"it_IT","og_type":"article","og_title":"REGINA DELLE RANE NON PU\u00d2 BAGNARSI PIEDI - Libreria Libri parlanti","og_description":"Autore: CALI' - SOMA' Editore: KITE EDIZIONI ISBN: 9788867450053","og_url":"https:\/\/www.libriparlanti.org\/index.php\/prodotto\/regina-delle-rane-non-puo-bagnarsi-piedi\/","og_site_name":"Libreria Libri parlanti","article_publisher":"https:\/\/www.facebook.com\/LibriParlanti","article_modified_time":"2021-05-27T16:46:06+00:00","og_image":[{"width":300,"height":374,"url":"https:\/\/www.libriparlanti.org\/wp-content\/uploads\/2021\/05\/wM1ADM1QzN2gDO4cTO.jpg","type":"image\/jpeg"}],"twitter_card":"summary_large_image","twitter_misc":{"Tempo di lettura stimato":"1 minuto"},"schema":{"@context":"https:\/\/schema.org","@graph":[{"@type":"WebPage","@id":"https:\/\/www.libriparlanti.org\/index.php\/prodotto\/regina-delle-rane-non-puo-bagnarsi-piedi\/","url":"https:\/\/www.libriparlanti.org\/index.php\/prodotto\/regina-delle-rane-non-puo-bagnarsi-piedi\/","name":"REGINA DELLE RANE NON PU\u00d2 BAGNARSI PIEDI - Libreria Libri parlanti","isPartOf":{"@id":"https:\/\/www.libriparlanti.org\/#website"},"primaryImageOfPage":{"@id":"https:\/\/www.libriparlanti.org\/index.php\/prodotto\/regina-delle-rane-non-puo-bagnarsi-piedi\/#primaryimage"},"image":{"@id":"https:\/\/www.libriparlanti.org\/index.php\/prodotto\/regina-delle-rane-non-puo-bagnarsi-piedi\/#primaryimage"},"thumbnailUrl":"https:\/\/www.libriparlanti.org\/wp-content\/uploads\/2021\/05\/wM1ADM1QzN2gDO4cTO.jpg","datePublished":"2021-05-15T11:00:59+00:00","dateModified":"2021-05-27T16:46:06+00:00","breadcrumb":{"@id":"https:\/\/www.libriparlanti.org\/index.php\/prodotto\/regina-delle-rane-non-puo-bagnarsi-piedi\/#breadcrumb"},"inLanguage":"it-IT","potentialAction":[{"@type":"ReadAction","target":["https:\/\/www.libriparlanti.org\/index.php\/prodotto\/regina-delle-rane-non-puo-bagnarsi-piedi\/"]}]},{"@type":"ImageObject","inLanguage":"it-IT","@id":"https:\/\/www.libriparlanti.org\/index.php\/prodotto\/regina-delle-rane-non-puo-bagnarsi-piedi\/#primaryimage","url":"https:\/\/www.libriparlanti.org\/wp-content\/uploads\/2021\/05\/wM1ADM1QzN2gDO4cTO.jpg","contentUrl":"https:\/\/www.libriparlanti.org\/wp-content\/uploads\/2021\/05\/wM1ADM1QzN2gDO4cTO.jpg","width":300,"height":374},{"@type":"BreadcrumbList","@id":"https:\/\/www.libriparlanti.org\/index.php\/prodotto\/regina-delle-rane-non-puo-bagnarsi-piedi\/#breadcrumb","itemListElement":[{"@type":"ListItem","position":1,"name":"Home","item":"https:\/\/www.libriparlanti.org\/"},{"@type":"ListItem","position":2,"name":"Shop","item":"https:\/\/www.libriparlanti.org\/index.php\/negozio\/"},{"@type":"ListItem","position":3,"name":"REGINA DELLE RANE NON PU\u00d2 BAGNARSI PIEDI"}]},{"@type":"WebSite","@id":"https:\/\/www.libriparlanti.org\/#website","url":"https:\/\/www.libriparlanti.org\/","name":"Libreria Libri parlanti","description":"Libreria in Castiglione del Lago (Pg)","potentialAction":[{"@type":"SearchAction","target":{"@type":"EntryPoint","urlTemplate":"https:\/\/www.libriparlanti.org\/?s={search_term_string}"},"query-input":{"@type":"PropertyValueSpecification","valueRequired":true,"valueName":"search_term_string"}}],"inLanguage":"it-IT"}]}},"_links":{"self":[{"href":"https:\/\/www.libriparlanti.org\/index.php\/wp-json\/wp\/v2\/product\/15855","targetHints":{"allow":["GET"]}}],"collection":[{"href":"https:\/\/www.libriparlanti.org\/index.php\/wp-json\/wp\/v2\/product"}],"about":[{"href":"https:\/\/www.libriparlanti.org\/index.php\/wp-json\/wp\/v2\/types\/product"}],"replies":[{"embeddable":true,"href":"https:\/\/www.libriparlanti.org\/index.php\/wp-json\/wp\/v2\/comments?post=15855"}],"wp:featuredmedia":[{"embeddable":true,"href":"https:\/\/www.libriparlanti.org\/index.php\/wp-json\/wp\/v2\/media\/15854"}],"wp:attachment":[{"href":"https:\/\/www.libriparlanti.org\/index.php\/wp-json\/wp\/v2\/media?parent=15855"}],"wp:term":[{"taxonomy":"product_brand","embeddable":true,"href":"https:\/\/www.libriparlanti.org\/index.php\/wp-json\/wp\/v2\/product_brand?post=15855"},{"taxonomy":"product_cat","embeddable":true,"href":"https:\/\/www.libriparlanti.org\/index.php\/wp-json\/wp\/v2\/product_cat?post=15855"},{"taxonomy":"product_tag","embeddable":true,"href":"https:\/\/www.libriparlanti.org\/index.php\/wp-json\/wp\/v2\/product_tag?post=15855"}],"curies":[{"name":"wp","href":"https:\/\/api.w.org\/{rel}","templated":true}]}}