{"id":15727,"date":"2021-05-13T07:48:37","date_gmt":"2021-05-13T05:48:37","guid":{"rendered":"https:\/\/www.libriparlanti.org\/index.php\/prodotto\/uno-studio-in-nero\/"},"modified":"2023-03-11T08:55:04","modified_gmt":"2023-03-11T06:55:04","slug":"uno-studio-in-nero","status":"publish","type":"product","link":"https:\/\/www.libriparlanti.org\/index.php\/prodotto\/uno-studio-in-nero\/","title":{"rendered":"UNO STUDIO IN NERO"},"content":{"rendered":"<p>Inghilterra, fine del XIX secolo. L&#8217;infermiera Anne McCarey, stanca della vita a Londra e in fuga da una relazione burrascosa, accetta un lavoro per occuparsi di un paziente in una clinica per malati di mente a Southsea, nella citt\u00e0 costiera di Portsmouth. Per una donna con la sua esperienza, il lavoro non potrebbe essere pi\u00f9 facile. Ma si sbaglia. Il paziente, chiamato semplicemente &#8220;Mr. X&#8221;, possiede un intuito fuori dalla norma ed \u00e8 in grado di scoprire i segreti pi\u00f9 intimi delle persone che lo circondano senza nemmeno lasciare l&#8217;oscurit\u00e0 della propria stanza. A questo duo si aggiunge il giovane dottor Arthur Conan Doyle, che si reca in clinica per assistere il signor X. Pratica medicina a Southsea e sta sviluppando un personaggio per il suo prossimo romanzo: il pi\u00f9 famoso detective di tutti i tempi. Solo Anne e il dottor Doyle saranno pronti a decifrare gli impenetrabili enigmi del signor X. Questi sembrano essere la chiave per risolvere gli omicidi che hanno appena iniziato a sconvolgere la citt\u00e0 di Portsmouth, con i suoi spettacoli oltraggiosi, il mondo sotterraneo dei teatri clandestini e delle esibizioni illecite.<\/p>\n","protected":false},"excerpt":{"rendered":"<p><em>Autore:<\/em> JOS\u00c9 CARLOS SOMOZA<br \/>\n<em>Editore:<\/em> ALTEREGO<br \/>\n<em>ISBN:<\/em> 9788893331876<br \/>\n<em>Pubblicazione:<\/em> 21\/04\/2021<\/p>\n","protected":false},"featured_media":15726,"comment_status":"closed","ping_status":"closed","template":"","meta":{"_et_pb_use_builder":"","_et_pb_old_content":"","_et_gb_content_width":"","_joinchat":[]},"product_brand":[],"product_cat":[1737],"product_tag":[],"class_list":{"0":"post-15727","1":"product","2":"type-product","3":"status-publish","4":"has-post-thumbnail","6":"product_cat-gialli-thriller","8":"first","9":"onbackorder","10":"taxable","11":"shipping-taxable","12":"purchasable","13":"product-type-simple"},"yoast_head":"<!-- This site is optimized with the Yoast SEO plugin v27.5 - https:\/\/yoast.com\/product\/yoast-seo-wordpress\/ -->\n<title>UNO STUDIO IN NERO - Libreria Libri parlanti<\/title>\n<meta name=\"robots\" content=\"index, follow, max-snippet:-1, max-image-preview:large, max-video-preview:-1\" \/>\n<link rel=\"canonical\" href=\"https:\/\/www.libriparlanti.org\/index.php\/prodotto\/uno-studio-in-nero\/\" \/>\n<meta property=\"og:locale\" content=\"it_IT\" \/>\n<meta property=\"og:type\" content=\"article\" \/>\n<meta property=\"og:title\" content=\"UNO STUDIO IN NERO - Libreria Libri parlanti\" \/>\n<meta property=\"og:description\" content=\"Autore: JOS\u00c9 CARLOS SOMOZA Editore: ALTEREGO ISBN: 9788893331876 Pubblicazione: 21\/04\/2021\" \/>\n<meta property=\"og:url\" content=\"https:\/\/www.libriparlanti.org\/index.php\/prodotto\/uno-studio-in-nero\/\" \/>\n<meta property=\"og:site_name\" content=\"Libreria Libri parlanti\" \/>\n<meta property=\"article:publisher\" content=\"https:\/\/www.facebook.com\/LibriParlanti\" \/>\n<meta property=\"article:modified_time\" content=\"2023-03-11T06:55:04+00:00\" \/>\n<meta property=\"og:image\" content=\"https:\/\/www.libriparlanti.org\/wp-content\/uploads\/2021\/05\/9788893331876.jpg\" \/>\n\t<meta property=\"og:image:width\" content=\"128\" \/>\n\t<meta property=\"og:image:height\" content=\"196\" \/>\n\t<meta property=\"og:image:type\" content=\"image\/jpeg\" \/>\n<meta name=\"twitter:card\" content=\"summary_large_image\" \/>\n<meta name=\"twitter:label1\" content=\"Tempo di lettura stimato\" \/>\n\t<meta name=\"twitter:data1\" content=\"1 minuto\" \/>\n<script type=\"application\/ld+json\" class=\"yoast-schema-graph\">{\"@context\":\"https:\\\/\\\/schema.org\",\"@graph\":[{\"@type\":\"WebPage\",\"@id\":\"https:\\\/\\\/www.libriparlanti.org\\\/index.php\\\/prodotto\\\/uno-studio-in-nero\\\/\",\"url\":\"https:\\\/\\\/www.libriparlanti.org\\\/index.php\\\/prodotto\\\/uno-studio-in-nero\\\/\",\"name\":\"UNO STUDIO IN NERO - Libreria Libri parlanti\",\"isPartOf\":{\"@id\":\"https:\\\/\\\/www.libriparlanti.org\\\/#website\"},\"primaryImageOfPage\":{\"@id\":\"https:\\\/\\\/www.libriparlanti.org\\\/index.php\\\/prodotto\\\/uno-studio-in-nero\\\/#primaryimage\"},\"image\":{\"@id\":\"https:\\\/\\\/www.libriparlanti.org\\\/index.php\\\/prodotto\\\/uno-studio-in-nero\\\/#primaryimage\"},\"thumbnailUrl\":\"https:\\\/\\\/www.libriparlanti.org\\\/wp-content\\\/uploads\\\/2021\\\/05\\\/9788893331876.jpg\",\"datePublished\":\"2021-05-13T05:48:37+00:00\",\"dateModified\":\"2023-03-11T06:55:04+00:00\",\"breadcrumb\":{\"@id\":\"https:\\\/\\\/www.libriparlanti.org\\\/index.php\\\/prodotto\\\/uno-studio-in-nero\\\/#breadcrumb\"},\"inLanguage\":\"it-IT\",\"potentialAction\":[{\"@type\":\"ReadAction\",\"target\":[\"https:\\\/\\\/www.libriparlanti.org\\\/index.php\\\/prodotto\\\/uno-studio-in-nero\\\/\"]}]},{\"@type\":\"ImageObject\",\"inLanguage\":\"it-IT\",\"@id\":\"https:\\\/\\\/www.libriparlanti.org\\\/index.php\\\/prodotto\\\/uno-studio-in-nero\\\/#primaryimage\",\"url\":\"https:\\\/\\\/www.libriparlanti.org\\\/wp-content\\\/uploads\\\/2021\\\/05\\\/9788893331876.jpg\",\"contentUrl\":\"https:\\\/\\\/www.libriparlanti.org\\\/wp-content\\\/uploads\\\/2021\\\/05\\\/9788893331876.jpg\",\"width\":128,\"height\":196},{\"@type\":\"BreadcrumbList\",\"@id\":\"https:\\\/\\\/www.libriparlanti.org\\\/index.php\\\/prodotto\\\/uno-studio-in-nero\\\/#breadcrumb\",\"itemListElement\":[{\"@type\":\"ListItem\",\"position\":1,\"name\":\"Home\",\"item\":\"https:\\\/\\\/www.libriparlanti.org\\\/\"},{\"@type\":\"ListItem\",\"position\":2,\"name\":\"Shop\",\"item\":\"https:\\\/\\\/www.libriparlanti.org\\\/index.php\\\/negozio\\\/\"},{\"@type\":\"ListItem\",\"position\":3,\"name\":\"UNO STUDIO IN NERO\"}]},{\"@type\":\"WebSite\",\"@id\":\"https:\\\/\\\/www.libriparlanti.org\\\/#website\",\"url\":\"https:\\\/\\\/www.libriparlanti.org\\\/\",\"name\":\"Libreria Libri parlanti\",\"description\":\"Libreria in Castiglione del Lago (Pg)\",\"potentialAction\":[{\"@type\":\"SearchAction\",\"target\":{\"@type\":\"EntryPoint\",\"urlTemplate\":\"https:\\\/\\\/www.libriparlanti.org\\\/?s={search_term_string}\"},\"query-input\":{\"@type\":\"PropertyValueSpecification\",\"valueRequired\":true,\"valueName\":\"search_term_string\"}}],\"inLanguage\":\"it-IT\"}]}<\/script>\n<!-- \/ Yoast SEO plugin. -->","yoast_head_json":{"title":"UNO STUDIO IN NERO - Libreria Libri parlanti","robots":{"index":"index","follow":"follow","max-snippet":"max-snippet:-1","max-image-preview":"max-image-preview:large","max-video-preview":"max-video-preview:-1"},"canonical":"https:\/\/www.libriparlanti.org\/index.php\/prodotto\/uno-studio-in-nero\/","og_locale":"it_IT","og_type":"article","og_title":"UNO STUDIO IN NERO - Libreria Libri parlanti","og_description":"Autore: JOS\u00c9 CARLOS SOMOZA Editore: ALTEREGO ISBN: 9788893331876 Pubblicazione: 21\/04\/2021","og_url":"https:\/\/www.libriparlanti.org\/index.php\/prodotto\/uno-studio-in-nero\/","og_site_name":"Libreria Libri parlanti","article_publisher":"https:\/\/www.facebook.com\/LibriParlanti","article_modified_time":"2023-03-11T06:55:04+00:00","og_image":[{"width":128,"height":196,"url":"https:\/\/www.libriparlanti.org\/wp-content\/uploads\/2021\/05\/9788893331876.jpg","type":"image\/jpeg"}],"twitter_card":"summary_large_image","twitter_misc":{"Tempo di lettura stimato":"1 minuto"},"schema":{"@context":"https:\/\/schema.org","@graph":[{"@type":"WebPage","@id":"https:\/\/www.libriparlanti.org\/index.php\/prodotto\/uno-studio-in-nero\/","url":"https:\/\/www.libriparlanti.org\/index.php\/prodotto\/uno-studio-in-nero\/","name":"UNO STUDIO IN NERO - Libreria Libri parlanti","isPartOf":{"@id":"https:\/\/www.libriparlanti.org\/#website"},"primaryImageOfPage":{"@id":"https:\/\/www.libriparlanti.org\/index.php\/prodotto\/uno-studio-in-nero\/#primaryimage"},"image":{"@id":"https:\/\/www.libriparlanti.org\/index.php\/prodotto\/uno-studio-in-nero\/#primaryimage"},"thumbnailUrl":"https:\/\/www.libriparlanti.org\/wp-content\/uploads\/2021\/05\/9788893331876.jpg","datePublished":"2021-05-13T05:48:37+00:00","dateModified":"2023-03-11T06:55:04+00:00","breadcrumb":{"@id":"https:\/\/www.libriparlanti.org\/index.php\/prodotto\/uno-studio-in-nero\/#breadcrumb"},"inLanguage":"it-IT","potentialAction":[{"@type":"ReadAction","target":["https:\/\/www.libriparlanti.org\/index.php\/prodotto\/uno-studio-in-nero\/"]}]},{"@type":"ImageObject","inLanguage":"it-IT","@id":"https:\/\/www.libriparlanti.org\/index.php\/prodotto\/uno-studio-in-nero\/#primaryimage","url":"https:\/\/www.libriparlanti.org\/wp-content\/uploads\/2021\/05\/9788893331876.jpg","contentUrl":"https:\/\/www.libriparlanti.org\/wp-content\/uploads\/2021\/05\/9788893331876.jpg","width":128,"height":196},{"@type":"BreadcrumbList","@id":"https:\/\/www.libriparlanti.org\/index.php\/prodotto\/uno-studio-in-nero\/#breadcrumb","itemListElement":[{"@type":"ListItem","position":1,"name":"Home","item":"https:\/\/www.libriparlanti.org\/"},{"@type":"ListItem","position":2,"name":"Shop","item":"https:\/\/www.libriparlanti.org\/index.php\/negozio\/"},{"@type":"ListItem","position":3,"name":"UNO STUDIO IN NERO"}]},{"@type":"WebSite","@id":"https:\/\/www.libriparlanti.org\/#website","url":"https:\/\/www.libriparlanti.org\/","name":"Libreria Libri parlanti","description":"Libreria in Castiglione del Lago (Pg)","potentialAction":[{"@type":"SearchAction","target":{"@type":"EntryPoint","urlTemplate":"https:\/\/www.libriparlanti.org\/?s={search_term_string}"},"query-input":{"@type":"PropertyValueSpecification","valueRequired":true,"valueName":"search_term_string"}}],"inLanguage":"it-IT"}]}},"_links":{"self":[{"href":"https:\/\/www.libriparlanti.org\/index.php\/wp-json\/wp\/v2\/product\/15727","targetHints":{"allow":["GET"]}}],"collection":[{"href":"https:\/\/www.libriparlanti.org\/index.php\/wp-json\/wp\/v2\/product"}],"about":[{"href":"https:\/\/www.libriparlanti.org\/index.php\/wp-json\/wp\/v2\/types\/product"}],"replies":[{"embeddable":true,"href":"https:\/\/www.libriparlanti.org\/index.php\/wp-json\/wp\/v2\/comments?post=15727"}],"wp:featuredmedia":[{"embeddable":true,"href":"https:\/\/www.libriparlanti.org\/index.php\/wp-json\/wp\/v2\/media\/15726"}],"wp:attachment":[{"href":"https:\/\/www.libriparlanti.org\/index.php\/wp-json\/wp\/v2\/media?parent=15727"}],"wp:term":[{"taxonomy":"product_brand","embeddable":true,"href":"https:\/\/www.libriparlanti.org\/index.php\/wp-json\/wp\/v2\/product_brand?post=15727"},{"taxonomy":"product_cat","embeddable":true,"href":"https:\/\/www.libriparlanti.org\/index.php\/wp-json\/wp\/v2\/product_cat?post=15727"},{"taxonomy":"product_tag","embeddable":true,"href":"https:\/\/www.libriparlanti.org\/index.php\/wp-json\/wp\/v2\/product_tag?post=15727"}],"curies":[{"name":"wp","href":"https:\/\/api.w.org\/{rel}","templated":true}]}}