{"id":15020,"date":"2021-04-15T18:31:43","date_gmt":"2021-04-15T16:31:43","guid":{"rendered":"https:\/\/www.libriparlanti.org\/index.php\/prodotto\/astuccio-degli-argomenti-di-storia\/"},"modified":"2025-04-11T11:35:07","modified_gmt":"2025-04-11T09:35:07","slug":"astuccio-degli-argomenti-di-storia","status":"publish","type":"product","link":"https:\/\/www.libriparlanti.org\/index.php\/prodotto\/astuccio-degli-argomenti-di-storia\/","title":{"rendered":"ASTUCCIO DEGLI ARGOMENTI DI STORIA"},"content":{"rendered":"<p>Come un vero e proprio astuccio, dove tutto ci\u00f2 che serve \u00e8 a portata di mano, questo volume raccoglie le principali nozioni di Storia insegnate nella scuola primaria, uno strumento pratico, di facile consultazione, che grazie a un&#8217;impostazione grafica a colori chiara e pulita e all&#8217;adozione di un lessico semplice, sfrutta l&#8217;immediatezza dell&#8217;impatto visivo per aiutare i bambini a fissare i principali concetti di storia. L&#8217;ordine di presentazione degli argomenti segue il programma di insegnamento della materia cos\u00ec come viene affrontata dalla terza alla quinta classe. Ogni sezione \u00e8 introdotta da una vignetta illustrata che ne anticipa il contenuto, fornendo all&#8217;alunno un \u00abgancio visivo\u00bb per una maggior comprensione dell&#8217;argomento presentato. Un aiuto immediato \u00e8 offerto anche dalle linee temporali proposte all&#8217;interno della copertina apribile, utili strumenti per la consultazione rapida dei principali eventi che hanno caratterizzato la storia dell&#8217;Universo e l&#8217;evoluzione della vita sul nostro pianeta, oltre alle tappe principali che hanno segnato la Storia delle grandi civilt\u00e0 dei fiumi e del Mediterraneo. L&#8217;Astuccio di storia nasce dall&#8217;esperienza e dalla competenza delle Edizioni Centro Studi Erickson nell&#8217;ambito della didattica e dell&#8217;apprendimento, con particolare riferimento ai temi dell&#8217;inclusivit\u00e0 e dei Bisogni Educativi Speciali, che valorizza stili di apprendimento diversi, capacit\u00e0 cognitive, relazionali ed emotive. Per gli alunni con maggiori difficolt\u00e0 sono di grande aiuto tutte le forme di schematizzazione e organizzazione della conoscenza con l&#8217;ausilio di immagini significative e un lessico facilitato.<\/p>\n","protected":false},"excerpt":{"rendered":"<p><em>Autore:<\/em> BEATRICE PONTALTI<br \/>\n<em>Editore:<\/em> ERICKSON<br \/>\n<em>Collana:<\/em> I MATERIALI<br \/>\n<em>ISBN:<\/em> 9788859023470<\/p>\n","protected":false},"featured_media":15019,"comment_status":"closed","ping_status":"closed","template":"","meta":{"_et_pb_use_builder":"","_et_pb_old_content":"","_et_gb_content_width":"","_joinchat":[]},"product_brand":[],"product_cat":[959],"product_tag":[],"class_list":{"0":"post-15020","1":"product","2":"type-product","3":"status-publish","4":"has-post-thumbnail","6":"product_cat-senza-categoria","8":"first","9":"instock","10":"taxable","11":"shipping-taxable","12":"purchasable","13":"product-type-simple"},"yoast_head":"<!-- This site is optimized with the Yoast SEO plugin v27.3 - https:\/\/yoast.com\/product\/yoast-seo-wordpress\/ -->\n<title>ASTUCCIO DEGLI ARGOMENTI DI STORIA - Libreria Libri parlanti<\/title>\n<meta name=\"robots\" content=\"index, follow, max-snippet:-1, max-image-preview:large, max-video-preview:-1\" \/>\n<link rel=\"canonical\" href=\"https:\/\/www.libriparlanti.org\/index.php\/prodotto\/astuccio-degli-argomenti-di-storia\/\" \/>\n<meta property=\"og:locale\" content=\"it_IT\" \/>\n<meta property=\"og:type\" content=\"article\" \/>\n<meta property=\"og:title\" content=\"ASTUCCIO DEGLI ARGOMENTI DI STORIA - Libreria Libri parlanti\" \/>\n<meta property=\"og:description\" content=\"Autore: BEATRICE PONTALTI Editore: ERICKSON Collana: I MATERIALI ISBN: 9788859023470\" \/>\n<meta property=\"og:url\" content=\"https:\/\/www.libriparlanti.org\/index.php\/prodotto\/astuccio-degli-argomenti-di-storia\/\" \/>\n<meta property=\"og:site_name\" content=\"Libreria Libri parlanti\" \/>\n<meta property=\"article:publisher\" content=\"https:\/\/www.facebook.com\/LibriParlanti\" \/>\n<meta property=\"article:modified_time\" content=\"2025-04-11T09:35:07+00:00\" \/>\n<meta property=\"og:image\" content=\"https:\/\/www.libriparlanti.org\/wp-content\/uploads\/2021\/04\/9788859023470.jpg\" \/>\n\t<meta property=\"og:image:width\" content=\"128\" \/>\n\t<meta property=\"og:image:height\" content=\"169\" \/>\n\t<meta property=\"og:image:type\" content=\"image\/jpeg\" \/>\n<meta name=\"twitter:card\" content=\"summary_large_image\" \/>\n<meta name=\"twitter:label1\" content=\"Tempo di lettura stimato\" \/>\n\t<meta name=\"twitter:data1\" content=\"1 minuto\" \/>\n<script type=\"application\/ld+json\" class=\"yoast-schema-graph\">{\"@context\":\"https:\\\/\\\/schema.org\",\"@graph\":[{\"@type\":\"WebPage\",\"@id\":\"https:\\\/\\\/www.libriparlanti.org\\\/index.php\\\/prodotto\\\/astuccio-degli-argomenti-di-storia\\\/\",\"url\":\"https:\\\/\\\/www.libriparlanti.org\\\/index.php\\\/prodotto\\\/astuccio-degli-argomenti-di-storia\\\/\",\"name\":\"ASTUCCIO DEGLI ARGOMENTI DI STORIA - Libreria Libri parlanti\",\"isPartOf\":{\"@id\":\"https:\\\/\\\/www.libriparlanti.org\\\/#website\"},\"primaryImageOfPage\":{\"@id\":\"https:\\\/\\\/www.libriparlanti.org\\\/index.php\\\/prodotto\\\/astuccio-degli-argomenti-di-storia\\\/#primaryimage\"},\"image\":{\"@id\":\"https:\\\/\\\/www.libriparlanti.org\\\/index.php\\\/prodotto\\\/astuccio-degli-argomenti-di-storia\\\/#primaryimage\"},\"thumbnailUrl\":\"https:\\\/\\\/www.libriparlanti.org\\\/wp-content\\\/uploads\\\/2021\\\/04\\\/9788859023470.jpg\",\"datePublished\":\"2021-04-15T16:31:43+00:00\",\"dateModified\":\"2025-04-11T09:35:07+00:00\",\"breadcrumb\":{\"@id\":\"https:\\\/\\\/www.libriparlanti.org\\\/index.php\\\/prodotto\\\/astuccio-degli-argomenti-di-storia\\\/#breadcrumb\"},\"inLanguage\":\"it-IT\",\"potentialAction\":[{\"@type\":\"ReadAction\",\"target\":[\"https:\\\/\\\/www.libriparlanti.org\\\/index.php\\\/prodotto\\\/astuccio-degli-argomenti-di-storia\\\/\"]}]},{\"@type\":\"ImageObject\",\"inLanguage\":\"it-IT\",\"@id\":\"https:\\\/\\\/www.libriparlanti.org\\\/index.php\\\/prodotto\\\/astuccio-degli-argomenti-di-storia\\\/#primaryimage\",\"url\":\"https:\\\/\\\/www.libriparlanti.org\\\/wp-content\\\/uploads\\\/2021\\\/04\\\/9788859023470.jpg\",\"contentUrl\":\"https:\\\/\\\/www.libriparlanti.org\\\/wp-content\\\/uploads\\\/2021\\\/04\\\/9788859023470.jpg\",\"width\":128,\"height\":169},{\"@type\":\"BreadcrumbList\",\"@id\":\"https:\\\/\\\/www.libriparlanti.org\\\/index.php\\\/prodotto\\\/astuccio-degli-argomenti-di-storia\\\/#breadcrumb\",\"itemListElement\":[{\"@type\":\"ListItem\",\"position\":1,\"name\":\"Home\",\"item\":\"https:\\\/\\\/www.libriparlanti.org\\\/\"},{\"@type\":\"ListItem\",\"position\":2,\"name\":\"Shop\",\"item\":\"https:\\\/\\\/www.libriparlanti.org\\\/index.php\\\/negozio\\\/\"},{\"@type\":\"ListItem\",\"position\":3,\"name\":\"ASTUCCIO DEGLI ARGOMENTI DI STORIA\"}]},{\"@type\":\"WebSite\",\"@id\":\"https:\\\/\\\/www.libriparlanti.org\\\/#website\",\"url\":\"https:\\\/\\\/www.libriparlanti.org\\\/\",\"name\":\"Libreria Libri parlanti\",\"description\":\"Libreria in Castiglione del Lago (Pg)\",\"potentialAction\":[{\"@type\":\"SearchAction\",\"target\":{\"@type\":\"EntryPoint\",\"urlTemplate\":\"https:\\\/\\\/www.libriparlanti.org\\\/?s={search_term_string}\"},\"query-input\":{\"@type\":\"PropertyValueSpecification\",\"valueRequired\":true,\"valueName\":\"search_term_string\"}}],\"inLanguage\":\"it-IT\"}]}<\/script>\n<!-- \/ Yoast SEO plugin. -->","yoast_head_json":{"title":"ASTUCCIO DEGLI ARGOMENTI DI STORIA - Libreria Libri parlanti","robots":{"index":"index","follow":"follow","max-snippet":"max-snippet:-1","max-image-preview":"max-image-preview:large","max-video-preview":"max-video-preview:-1"},"canonical":"https:\/\/www.libriparlanti.org\/index.php\/prodotto\/astuccio-degli-argomenti-di-storia\/","og_locale":"it_IT","og_type":"article","og_title":"ASTUCCIO DEGLI ARGOMENTI DI STORIA - Libreria Libri parlanti","og_description":"Autore: BEATRICE PONTALTI Editore: ERICKSON Collana: I MATERIALI ISBN: 9788859023470","og_url":"https:\/\/www.libriparlanti.org\/index.php\/prodotto\/astuccio-degli-argomenti-di-storia\/","og_site_name":"Libreria Libri parlanti","article_publisher":"https:\/\/www.facebook.com\/LibriParlanti","article_modified_time":"2025-04-11T09:35:07+00:00","og_image":[{"width":128,"height":169,"url":"https:\/\/www.libriparlanti.org\/wp-content\/uploads\/2021\/04\/9788859023470.jpg","type":"image\/jpeg"}],"twitter_card":"summary_large_image","twitter_misc":{"Tempo di lettura stimato":"1 minuto"},"schema":{"@context":"https:\/\/schema.org","@graph":[{"@type":"WebPage","@id":"https:\/\/www.libriparlanti.org\/index.php\/prodotto\/astuccio-degli-argomenti-di-storia\/","url":"https:\/\/www.libriparlanti.org\/index.php\/prodotto\/astuccio-degli-argomenti-di-storia\/","name":"ASTUCCIO DEGLI ARGOMENTI DI STORIA - Libreria Libri parlanti","isPartOf":{"@id":"https:\/\/www.libriparlanti.org\/#website"},"primaryImageOfPage":{"@id":"https:\/\/www.libriparlanti.org\/index.php\/prodotto\/astuccio-degli-argomenti-di-storia\/#primaryimage"},"image":{"@id":"https:\/\/www.libriparlanti.org\/index.php\/prodotto\/astuccio-degli-argomenti-di-storia\/#primaryimage"},"thumbnailUrl":"https:\/\/www.libriparlanti.org\/wp-content\/uploads\/2021\/04\/9788859023470.jpg","datePublished":"2021-04-15T16:31:43+00:00","dateModified":"2025-04-11T09:35:07+00:00","breadcrumb":{"@id":"https:\/\/www.libriparlanti.org\/index.php\/prodotto\/astuccio-degli-argomenti-di-storia\/#breadcrumb"},"inLanguage":"it-IT","potentialAction":[{"@type":"ReadAction","target":["https:\/\/www.libriparlanti.org\/index.php\/prodotto\/astuccio-degli-argomenti-di-storia\/"]}]},{"@type":"ImageObject","inLanguage":"it-IT","@id":"https:\/\/www.libriparlanti.org\/index.php\/prodotto\/astuccio-degli-argomenti-di-storia\/#primaryimage","url":"https:\/\/www.libriparlanti.org\/wp-content\/uploads\/2021\/04\/9788859023470.jpg","contentUrl":"https:\/\/www.libriparlanti.org\/wp-content\/uploads\/2021\/04\/9788859023470.jpg","width":128,"height":169},{"@type":"BreadcrumbList","@id":"https:\/\/www.libriparlanti.org\/index.php\/prodotto\/astuccio-degli-argomenti-di-storia\/#breadcrumb","itemListElement":[{"@type":"ListItem","position":1,"name":"Home","item":"https:\/\/www.libriparlanti.org\/"},{"@type":"ListItem","position":2,"name":"Shop","item":"https:\/\/www.libriparlanti.org\/index.php\/negozio\/"},{"@type":"ListItem","position":3,"name":"ASTUCCIO DEGLI ARGOMENTI DI STORIA"}]},{"@type":"WebSite","@id":"https:\/\/www.libriparlanti.org\/#website","url":"https:\/\/www.libriparlanti.org\/","name":"Libreria Libri parlanti","description":"Libreria in Castiglione del Lago (Pg)","potentialAction":[{"@type":"SearchAction","target":{"@type":"EntryPoint","urlTemplate":"https:\/\/www.libriparlanti.org\/?s={search_term_string}"},"query-input":{"@type":"PropertyValueSpecification","valueRequired":true,"valueName":"search_term_string"}}],"inLanguage":"it-IT"}]}},"_links":{"self":[{"href":"https:\/\/www.libriparlanti.org\/index.php\/wp-json\/wp\/v2\/product\/15020","targetHints":{"allow":["GET"]}}],"collection":[{"href":"https:\/\/www.libriparlanti.org\/index.php\/wp-json\/wp\/v2\/product"}],"about":[{"href":"https:\/\/www.libriparlanti.org\/index.php\/wp-json\/wp\/v2\/types\/product"}],"replies":[{"embeddable":true,"href":"https:\/\/www.libriparlanti.org\/index.php\/wp-json\/wp\/v2\/comments?post=15020"}],"wp:featuredmedia":[{"embeddable":true,"href":"https:\/\/www.libriparlanti.org\/index.php\/wp-json\/wp\/v2\/media\/15019"}],"wp:attachment":[{"href":"https:\/\/www.libriparlanti.org\/index.php\/wp-json\/wp\/v2\/media?parent=15020"}],"wp:term":[{"taxonomy":"product_brand","embeddable":true,"href":"https:\/\/www.libriparlanti.org\/index.php\/wp-json\/wp\/v2\/product_brand?post=15020"},{"taxonomy":"product_cat","embeddable":true,"href":"https:\/\/www.libriparlanti.org\/index.php\/wp-json\/wp\/v2\/product_cat?post=15020"},{"taxonomy":"product_tag","embeddable":true,"href":"https:\/\/www.libriparlanti.org\/index.php\/wp-json\/wp\/v2\/product_tag?post=15020"}],"curies":[{"name":"wp","href":"https:\/\/api.w.org\/{rel}","templated":true}]}}