{"id":14916,"date":"2021-04-12T17:32:23","date_gmt":"2021-04-12T15:32:23","guid":{"rendered":"https:\/\/www.libriparlanti.org\/index.php\/prodotto\/alla-luce-del-mattino\/"},"modified":"2021-04-14T19:54:24","modified_gmt":"2021-04-14T17:54:24","slug":"alla-luce-del-mattino","status":"publish","type":"product","link":"https:\/\/www.libriparlanti.org\/index.php\/prodotto\/alla-luce-del-mattino\/","title":{"rendered":"ALLA LUCE DEL MATTINO"},"content":{"rendered":"<p>\u00c8 un giorno del 1850. Il sole non \u00e8 ancora sorto quando Gracelin O&#8217;Malley scruta la baia di San Francisco alla ricerca degli alberi maestosi dell&#8217;Eliza J, la nave del capitano Peter Reinders, l&#8217;uomo buono e gentile che da Liverpool l&#8217;aveva condotta negli Stati Uniti. Durante gli anni trascorsi a New York, Grace era stata sul punto di cedere alla proposta di matrimonio del capitano. Ma i sentimenti per Morgan McDonagh, il suo secondo marito sposato in segreto all&#8217;alba di una nebbiosa giornata irlandese e sparito per sempre pochi istanti dopo, l&#8217;avevano dissuasa dal farlo. Senza prospettive e con due bambini di cui prendersi cura, Grace \u00e8 ora decisa ad acconsentire al matrimonio. Il capitano Reinders, per\u00f2, ha levato le vele da tempo e nessuno sa quando far\u00e0 ritorno a San Francisco. Sola, in una citt\u00e0 sconosciuta e popolata di bande malavitose, soldati disillusi e giocatori d&#8217;azzardo professionisti, Grace \u00e8 costretta a condividere la misera vita degli immigrati nei bassifondi della citt\u00e0: corpi sudici ammassati in stanze minuscole e buie. La giovane irlandese non cede, tuttavia, allo sconforto, e si mette alacremente alla ricerca di qualche famiglia cristiana e di cos\u00ec buon cuore da affittarle un alloggio decente per tirare avanti fino a quando non trover\u00e0 un impiego. A salvare lei e i suoi figli da un oscuro destino \u00e8 il provvidenziale intervento del dottor Wakefield, uno dei medici pi\u00f9 influenti della citt\u00e0, che offre alla donna un lavoro da cuoca nella sua tenuta sulla collina. Gracelin accetta, ignara della intricata rete di ricatti e tradimenti in cui, suo malgrado, si trover\u00e0 invischiata. Ignara, soprattutto, del fatto che Morgan McDonagh \u00e8 non soltanto ancora vivo, ma pienamente determinato a trovare il modo di raggiungerla&#8230;<\/p>\n","protected":false},"excerpt":{"rendered":"<p><em>Autore:<\/em> MOORE ANN<br \/>\n<em>Editore:<\/em> BEAT<br \/>\n<em>Collana:<\/em> SUPERBEAT<br \/>\n<em>ISBN:<\/em> 9788865596104<\/p>\n","protected":false},"featured_media":14915,"comment_status":"closed","ping_status":"closed","template":"","meta":{"_et_pb_use_builder":"","_et_pb_old_content":"","_et_gb_content_width":"","_joinchat":[]},"product_brand":[],"product_cat":[959],"product_tag":[],"class_list":{"0":"post-14916","1":"product","2":"type-product","3":"status-publish","4":"has-post-thumbnail","6":"product_cat-senza-categoria","8":"first","9":"onbackorder","10":"taxable","11":"shipping-taxable","12":"purchasable","13":"product-type-simple"},"yoast_head":"<!-- This site is optimized with the Yoast SEO plugin v27.3 - https:\/\/yoast.com\/product\/yoast-seo-wordpress\/ -->\n<title>ALLA LUCE DEL MATTINO - Libreria Libri parlanti<\/title>\n<meta name=\"robots\" content=\"index, follow, max-snippet:-1, max-image-preview:large, max-video-preview:-1\" \/>\n<link rel=\"canonical\" href=\"https:\/\/www.libriparlanti.org\/index.php\/prodotto\/alla-luce-del-mattino\/\" \/>\n<meta property=\"og:locale\" content=\"it_IT\" \/>\n<meta property=\"og:type\" content=\"article\" \/>\n<meta property=\"og:title\" content=\"ALLA LUCE DEL MATTINO - Libreria Libri parlanti\" \/>\n<meta property=\"og:description\" content=\"Autore: MOORE ANN Editore: BEAT Collana: SUPERBEAT ISBN: 9788865596104\" \/>\n<meta property=\"og:url\" content=\"https:\/\/www.libriparlanti.org\/index.php\/prodotto\/alla-luce-del-mattino\/\" \/>\n<meta property=\"og:site_name\" content=\"Libreria Libri parlanti\" \/>\n<meta property=\"article:publisher\" content=\"https:\/\/www.facebook.com\/LibriParlanti\" \/>\n<meta property=\"article:modified_time\" content=\"2021-04-14T17:54:24+00:00\" \/>\n<meta property=\"og:image\" content=\"https:\/\/www.libriparlanti.org\/wp-content\/uploads\/2021\/04\/9788865596104.jpg\" \/>\n\t<meta property=\"og:image:width\" content=\"210\" \/>\n\t<meta property=\"og:image:height\" content=\"210\" \/>\n\t<meta property=\"og:image:type\" content=\"image\/jpeg\" \/>\n<meta name=\"twitter:card\" content=\"summary_large_image\" \/>\n<meta name=\"twitter:label1\" content=\"Tempo di lettura stimato\" \/>\n\t<meta name=\"twitter:data1\" content=\"1 minuto\" \/>\n<script type=\"application\/ld+json\" class=\"yoast-schema-graph\">{\"@context\":\"https:\\\/\\\/schema.org\",\"@graph\":[{\"@type\":\"WebPage\",\"@id\":\"https:\\\/\\\/www.libriparlanti.org\\\/index.php\\\/prodotto\\\/alla-luce-del-mattino\\\/\",\"url\":\"https:\\\/\\\/www.libriparlanti.org\\\/index.php\\\/prodotto\\\/alla-luce-del-mattino\\\/\",\"name\":\"ALLA LUCE DEL MATTINO - Libreria Libri parlanti\",\"isPartOf\":{\"@id\":\"https:\\\/\\\/www.libriparlanti.org\\\/#website\"},\"primaryImageOfPage\":{\"@id\":\"https:\\\/\\\/www.libriparlanti.org\\\/index.php\\\/prodotto\\\/alla-luce-del-mattino\\\/#primaryimage\"},\"image\":{\"@id\":\"https:\\\/\\\/www.libriparlanti.org\\\/index.php\\\/prodotto\\\/alla-luce-del-mattino\\\/#primaryimage\"},\"thumbnailUrl\":\"https:\\\/\\\/www.libriparlanti.org\\\/wp-content\\\/uploads\\\/2021\\\/04\\\/9788865596104.jpg\",\"datePublished\":\"2021-04-12T15:32:23+00:00\",\"dateModified\":\"2021-04-14T17:54:24+00:00\",\"breadcrumb\":{\"@id\":\"https:\\\/\\\/www.libriparlanti.org\\\/index.php\\\/prodotto\\\/alla-luce-del-mattino\\\/#breadcrumb\"},\"inLanguage\":\"it-IT\",\"potentialAction\":[{\"@type\":\"ReadAction\",\"target\":[\"https:\\\/\\\/www.libriparlanti.org\\\/index.php\\\/prodotto\\\/alla-luce-del-mattino\\\/\"]}]},{\"@type\":\"ImageObject\",\"inLanguage\":\"it-IT\",\"@id\":\"https:\\\/\\\/www.libriparlanti.org\\\/index.php\\\/prodotto\\\/alla-luce-del-mattino\\\/#primaryimage\",\"url\":\"https:\\\/\\\/www.libriparlanti.org\\\/wp-content\\\/uploads\\\/2021\\\/04\\\/9788865596104.jpg\",\"contentUrl\":\"https:\\\/\\\/www.libriparlanti.org\\\/wp-content\\\/uploads\\\/2021\\\/04\\\/9788865596104.jpg\",\"width\":210,\"height\":210},{\"@type\":\"BreadcrumbList\",\"@id\":\"https:\\\/\\\/www.libriparlanti.org\\\/index.php\\\/prodotto\\\/alla-luce-del-mattino\\\/#breadcrumb\",\"itemListElement\":[{\"@type\":\"ListItem\",\"position\":1,\"name\":\"Home\",\"item\":\"https:\\\/\\\/www.libriparlanti.org\\\/\"},{\"@type\":\"ListItem\",\"position\":2,\"name\":\"Shop\",\"item\":\"https:\\\/\\\/www.libriparlanti.org\\\/index.php\\\/negozio\\\/\"},{\"@type\":\"ListItem\",\"position\":3,\"name\":\"ALLA LUCE DEL MATTINO\"}]},{\"@type\":\"WebSite\",\"@id\":\"https:\\\/\\\/www.libriparlanti.org\\\/#website\",\"url\":\"https:\\\/\\\/www.libriparlanti.org\\\/\",\"name\":\"Libreria Libri parlanti\",\"description\":\"Libreria in Castiglione del Lago (Pg)\",\"potentialAction\":[{\"@type\":\"SearchAction\",\"target\":{\"@type\":\"EntryPoint\",\"urlTemplate\":\"https:\\\/\\\/www.libriparlanti.org\\\/?s={search_term_string}\"},\"query-input\":{\"@type\":\"PropertyValueSpecification\",\"valueRequired\":true,\"valueName\":\"search_term_string\"}}],\"inLanguage\":\"it-IT\"}]}<\/script>\n<!-- \/ Yoast SEO plugin. -->","yoast_head_json":{"title":"ALLA LUCE DEL MATTINO - Libreria Libri parlanti","robots":{"index":"index","follow":"follow","max-snippet":"max-snippet:-1","max-image-preview":"max-image-preview:large","max-video-preview":"max-video-preview:-1"},"canonical":"https:\/\/www.libriparlanti.org\/index.php\/prodotto\/alla-luce-del-mattino\/","og_locale":"it_IT","og_type":"article","og_title":"ALLA LUCE DEL MATTINO - Libreria Libri parlanti","og_description":"Autore: MOORE ANN Editore: BEAT Collana: SUPERBEAT ISBN: 9788865596104","og_url":"https:\/\/www.libriparlanti.org\/index.php\/prodotto\/alla-luce-del-mattino\/","og_site_name":"Libreria Libri parlanti","article_publisher":"https:\/\/www.facebook.com\/LibriParlanti","article_modified_time":"2021-04-14T17:54:24+00:00","og_image":[{"width":210,"height":210,"url":"https:\/\/www.libriparlanti.org\/wp-content\/uploads\/2021\/04\/9788865596104.jpg","type":"image\/jpeg"}],"twitter_card":"summary_large_image","twitter_misc":{"Tempo di lettura stimato":"1 minuto"},"schema":{"@context":"https:\/\/schema.org","@graph":[{"@type":"WebPage","@id":"https:\/\/www.libriparlanti.org\/index.php\/prodotto\/alla-luce-del-mattino\/","url":"https:\/\/www.libriparlanti.org\/index.php\/prodotto\/alla-luce-del-mattino\/","name":"ALLA LUCE DEL MATTINO - Libreria Libri parlanti","isPartOf":{"@id":"https:\/\/www.libriparlanti.org\/#website"},"primaryImageOfPage":{"@id":"https:\/\/www.libriparlanti.org\/index.php\/prodotto\/alla-luce-del-mattino\/#primaryimage"},"image":{"@id":"https:\/\/www.libriparlanti.org\/index.php\/prodotto\/alla-luce-del-mattino\/#primaryimage"},"thumbnailUrl":"https:\/\/www.libriparlanti.org\/wp-content\/uploads\/2021\/04\/9788865596104.jpg","datePublished":"2021-04-12T15:32:23+00:00","dateModified":"2021-04-14T17:54:24+00:00","breadcrumb":{"@id":"https:\/\/www.libriparlanti.org\/index.php\/prodotto\/alla-luce-del-mattino\/#breadcrumb"},"inLanguage":"it-IT","potentialAction":[{"@type":"ReadAction","target":["https:\/\/www.libriparlanti.org\/index.php\/prodotto\/alla-luce-del-mattino\/"]}]},{"@type":"ImageObject","inLanguage":"it-IT","@id":"https:\/\/www.libriparlanti.org\/index.php\/prodotto\/alla-luce-del-mattino\/#primaryimage","url":"https:\/\/www.libriparlanti.org\/wp-content\/uploads\/2021\/04\/9788865596104.jpg","contentUrl":"https:\/\/www.libriparlanti.org\/wp-content\/uploads\/2021\/04\/9788865596104.jpg","width":210,"height":210},{"@type":"BreadcrumbList","@id":"https:\/\/www.libriparlanti.org\/index.php\/prodotto\/alla-luce-del-mattino\/#breadcrumb","itemListElement":[{"@type":"ListItem","position":1,"name":"Home","item":"https:\/\/www.libriparlanti.org\/"},{"@type":"ListItem","position":2,"name":"Shop","item":"https:\/\/www.libriparlanti.org\/index.php\/negozio\/"},{"@type":"ListItem","position":3,"name":"ALLA LUCE DEL MATTINO"}]},{"@type":"WebSite","@id":"https:\/\/www.libriparlanti.org\/#website","url":"https:\/\/www.libriparlanti.org\/","name":"Libreria Libri parlanti","description":"Libreria in Castiglione del Lago (Pg)","potentialAction":[{"@type":"SearchAction","target":{"@type":"EntryPoint","urlTemplate":"https:\/\/www.libriparlanti.org\/?s={search_term_string}"},"query-input":{"@type":"PropertyValueSpecification","valueRequired":true,"valueName":"search_term_string"}}],"inLanguage":"it-IT"}]}},"_links":{"self":[{"href":"https:\/\/www.libriparlanti.org\/index.php\/wp-json\/wp\/v2\/product\/14916","targetHints":{"allow":["GET"]}}],"collection":[{"href":"https:\/\/www.libriparlanti.org\/index.php\/wp-json\/wp\/v2\/product"}],"about":[{"href":"https:\/\/www.libriparlanti.org\/index.php\/wp-json\/wp\/v2\/types\/product"}],"replies":[{"embeddable":true,"href":"https:\/\/www.libriparlanti.org\/index.php\/wp-json\/wp\/v2\/comments?post=14916"}],"wp:featuredmedia":[{"embeddable":true,"href":"https:\/\/www.libriparlanti.org\/index.php\/wp-json\/wp\/v2\/media\/14915"}],"wp:attachment":[{"href":"https:\/\/www.libriparlanti.org\/index.php\/wp-json\/wp\/v2\/media?parent=14916"}],"wp:term":[{"taxonomy":"product_brand","embeddable":true,"href":"https:\/\/www.libriparlanti.org\/index.php\/wp-json\/wp\/v2\/product_brand?post=14916"},{"taxonomy":"product_cat","embeddable":true,"href":"https:\/\/www.libriparlanti.org\/index.php\/wp-json\/wp\/v2\/product_cat?post=14916"},{"taxonomy":"product_tag","embeddable":true,"href":"https:\/\/www.libriparlanti.org\/index.php\/wp-json\/wp\/v2\/product_tag?post=14916"}],"curies":[{"name":"wp","href":"https:\/\/api.w.org\/{rel}","templated":true}]}}