{"id":14871,"date":"2021-04-12T16:31:17","date_gmt":"2021-04-12T14:31:17","guid":{"rendered":"https:\/\/www.libriparlanti.org\/index.php\/prodotto\/la-verita-sul-caso-di-mister-valdemar-un\/"},"modified":"2023-03-11T08:55:04","modified_gmt":"2023-03-11T06:55:04","slug":"la-verita-sul-caso-di-mister-valdemar-un","status":"publish","type":"product","link":"https:\/\/www.libriparlanti.org\/index.php\/prodotto\/la-verita-sul-caso-di-mister-valdemar-un\/","title":{"rendered":"LA VERIT\u00c0 SUL CASO DI MISTER VALDEMAR-UN"},"content":{"rendered":"<p>La penna di Poe ha tracciato, per i protagonisti di questi due racconti, un percorso che conduce l\u00e0 dove nessun umano \u00e8 mai riuscito a spingersi. Ne &#8220;La verit\u00e0 sul caso di mister Valdemar&#8221;, il capezzale di un uomo consumato da un male incurabile si trasforma nello scenario di un esperimento inquietante: \u00e8 possibile &#8220;congelare&#8221; il passaggio tra la vita e la morte? E con quali conseguenze? Invece, &#8220;Una discesa nel Maelstrom&#8221; riporta fedelmente la terribile esperienza di un pescatore norvegese alle prese con la pi\u00f9 potente furia che la natura possa scatenare, capace di suggestionare tutti coloro che ne entrano in contatto.<\/p>\n","protected":false},"excerpt":{"rendered":"<p><em>Autore:<\/em> EDGAR ALLAN POE<br \/>\n<em>Editore:<\/em> ALTIERI<br \/>\n<em>ISBN:<\/em> 9788893331012<\/p>\n","protected":false},"featured_media":14870,"comment_status":"closed","ping_status":"closed","template":"","meta":{"_et_pb_use_builder":"","_et_pb_old_content":"","_et_gb_content_width":"","_joinchat":[]},"product_brand":[],"product_cat":[959],"product_tag":[],"class_list":{"0":"post-14871","1":"product","2":"type-product","3":"status-publish","4":"has-post-thumbnail","6":"product_cat-senza-categoria","8":"first","9":"onbackorder","10":"taxable","11":"shipping-taxable","12":"purchasable","13":"product-type-simple"},"yoast_head":"<!-- This site is optimized with the Yoast SEO plugin v27.3 - https:\/\/yoast.com\/product\/yoast-seo-wordpress\/ -->\n<title>LA VERIT\u00c0 SUL CASO DI MISTER VALDEMAR-UN - Libreria Libri parlanti<\/title>\n<meta name=\"robots\" content=\"index, follow, max-snippet:-1, max-image-preview:large, max-video-preview:-1\" \/>\n<link rel=\"canonical\" href=\"https:\/\/www.libriparlanti.org\/index.php\/prodotto\/la-verita-sul-caso-di-mister-valdemar-un\/\" \/>\n<meta property=\"og:locale\" content=\"it_IT\" \/>\n<meta property=\"og:type\" content=\"article\" \/>\n<meta property=\"og:title\" content=\"LA VERIT\u00c0 SUL CASO DI MISTER VALDEMAR-UN - Libreria Libri parlanti\" \/>\n<meta property=\"og:description\" content=\"Autore: EDGAR ALLAN POE Editore: ALTIERI ISBN: 9788893331012\" \/>\n<meta property=\"og:url\" content=\"https:\/\/www.libriparlanti.org\/index.php\/prodotto\/la-verita-sul-caso-di-mister-valdemar-un\/\" \/>\n<meta property=\"og:site_name\" content=\"Libreria Libri parlanti\" \/>\n<meta property=\"article:publisher\" content=\"https:\/\/www.facebook.com\/LibriParlanti\" \/>\n<meta property=\"article:modified_time\" content=\"2023-03-11T06:55:04+00:00\" \/>\n<meta property=\"og:image\" content=\"https:\/\/www.libriparlanti.org\/wp-content\/uploads\/2021\/04\/9788893331012.jpg\" \/>\n\t<meta property=\"og:image:width\" content=\"170\" \/>\n\t<meta property=\"og:image:height\" content=\"246\" \/>\n\t<meta property=\"og:image:type\" content=\"image\/jpeg\" \/>\n<meta name=\"twitter:card\" content=\"summary_large_image\" \/>\n<meta name=\"twitter:label1\" content=\"Tempo di lettura stimato\" \/>\n\t<meta name=\"twitter:data1\" content=\"1 minuto\" \/>\n<script type=\"application\/ld+json\" class=\"yoast-schema-graph\">{\"@context\":\"https:\\\/\\\/schema.org\",\"@graph\":[{\"@type\":\"WebPage\",\"@id\":\"https:\\\/\\\/www.libriparlanti.org\\\/index.php\\\/prodotto\\\/la-verita-sul-caso-di-mister-valdemar-un\\\/\",\"url\":\"https:\\\/\\\/www.libriparlanti.org\\\/index.php\\\/prodotto\\\/la-verita-sul-caso-di-mister-valdemar-un\\\/\",\"name\":\"LA VERIT\u00c0 SUL CASO DI MISTER VALDEMAR-UN - Libreria Libri parlanti\",\"isPartOf\":{\"@id\":\"https:\\\/\\\/www.libriparlanti.org\\\/#website\"},\"primaryImageOfPage\":{\"@id\":\"https:\\\/\\\/www.libriparlanti.org\\\/index.php\\\/prodotto\\\/la-verita-sul-caso-di-mister-valdemar-un\\\/#primaryimage\"},\"image\":{\"@id\":\"https:\\\/\\\/www.libriparlanti.org\\\/index.php\\\/prodotto\\\/la-verita-sul-caso-di-mister-valdemar-un\\\/#primaryimage\"},\"thumbnailUrl\":\"https:\\\/\\\/www.libriparlanti.org\\\/wp-content\\\/uploads\\\/2021\\\/04\\\/9788893331012.jpg\",\"datePublished\":\"2021-04-12T14:31:17+00:00\",\"dateModified\":\"2023-03-11T06:55:04+00:00\",\"breadcrumb\":{\"@id\":\"https:\\\/\\\/www.libriparlanti.org\\\/index.php\\\/prodotto\\\/la-verita-sul-caso-di-mister-valdemar-un\\\/#breadcrumb\"},\"inLanguage\":\"it-IT\",\"potentialAction\":[{\"@type\":\"ReadAction\",\"target\":[\"https:\\\/\\\/www.libriparlanti.org\\\/index.php\\\/prodotto\\\/la-verita-sul-caso-di-mister-valdemar-un\\\/\"]}]},{\"@type\":\"ImageObject\",\"inLanguage\":\"it-IT\",\"@id\":\"https:\\\/\\\/www.libriparlanti.org\\\/index.php\\\/prodotto\\\/la-verita-sul-caso-di-mister-valdemar-un\\\/#primaryimage\",\"url\":\"https:\\\/\\\/www.libriparlanti.org\\\/wp-content\\\/uploads\\\/2021\\\/04\\\/9788893331012.jpg\",\"contentUrl\":\"https:\\\/\\\/www.libriparlanti.org\\\/wp-content\\\/uploads\\\/2021\\\/04\\\/9788893331012.jpg\",\"width\":170,\"height\":246},{\"@type\":\"BreadcrumbList\",\"@id\":\"https:\\\/\\\/www.libriparlanti.org\\\/index.php\\\/prodotto\\\/la-verita-sul-caso-di-mister-valdemar-un\\\/#breadcrumb\",\"itemListElement\":[{\"@type\":\"ListItem\",\"position\":1,\"name\":\"Home\",\"item\":\"https:\\\/\\\/www.libriparlanti.org\\\/\"},{\"@type\":\"ListItem\",\"position\":2,\"name\":\"Shop\",\"item\":\"https:\\\/\\\/www.libriparlanti.org\\\/index.php\\\/negozio\\\/\"},{\"@type\":\"ListItem\",\"position\":3,\"name\":\"LA VERIT\u00c0 SUL CASO DI MISTER VALDEMAR-UN\"}]},{\"@type\":\"WebSite\",\"@id\":\"https:\\\/\\\/www.libriparlanti.org\\\/#website\",\"url\":\"https:\\\/\\\/www.libriparlanti.org\\\/\",\"name\":\"Libreria Libri parlanti\",\"description\":\"Libreria in Castiglione del Lago (Pg)\",\"potentialAction\":[{\"@type\":\"SearchAction\",\"target\":{\"@type\":\"EntryPoint\",\"urlTemplate\":\"https:\\\/\\\/www.libriparlanti.org\\\/?s={search_term_string}\"},\"query-input\":{\"@type\":\"PropertyValueSpecification\",\"valueRequired\":true,\"valueName\":\"search_term_string\"}}],\"inLanguage\":\"it-IT\"}]}<\/script>\n<!-- \/ Yoast SEO plugin. -->","yoast_head_json":{"title":"LA VERIT\u00c0 SUL CASO DI MISTER VALDEMAR-UN - Libreria Libri parlanti","robots":{"index":"index","follow":"follow","max-snippet":"max-snippet:-1","max-image-preview":"max-image-preview:large","max-video-preview":"max-video-preview:-1"},"canonical":"https:\/\/www.libriparlanti.org\/index.php\/prodotto\/la-verita-sul-caso-di-mister-valdemar-un\/","og_locale":"it_IT","og_type":"article","og_title":"LA VERIT\u00c0 SUL CASO DI MISTER VALDEMAR-UN - Libreria Libri parlanti","og_description":"Autore: EDGAR ALLAN POE Editore: ALTIERI ISBN: 9788893331012","og_url":"https:\/\/www.libriparlanti.org\/index.php\/prodotto\/la-verita-sul-caso-di-mister-valdemar-un\/","og_site_name":"Libreria Libri parlanti","article_publisher":"https:\/\/www.facebook.com\/LibriParlanti","article_modified_time":"2023-03-11T06:55:04+00:00","og_image":[{"width":170,"height":246,"url":"https:\/\/www.libriparlanti.org\/wp-content\/uploads\/2021\/04\/9788893331012.jpg","type":"image\/jpeg"}],"twitter_card":"summary_large_image","twitter_misc":{"Tempo di lettura stimato":"1 minuto"},"schema":{"@context":"https:\/\/schema.org","@graph":[{"@type":"WebPage","@id":"https:\/\/www.libriparlanti.org\/index.php\/prodotto\/la-verita-sul-caso-di-mister-valdemar-un\/","url":"https:\/\/www.libriparlanti.org\/index.php\/prodotto\/la-verita-sul-caso-di-mister-valdemar-un\/","name":"LA VERIT\u00c0 SUL CASO DI MISTER VALDEMAR-UN - Libreria Libri parlanti","isPartOf":{"@id":"https:\/\/www.libriparlanti.org\/#website"},"primaryImageOfPage":{"@id":"https:\/\/www.libriparlanti.org\/index.php\/prodotto\/la-verita-sul-caso-di-mister-valdemar-un\/#primaryimage"},"image":{"@id":"https:\/\/www.libriparlanti.org\/index.php\/prodotto\/la-verita-sul-caso-di-mister-valdemar-un\/#primaryimage"},"thumbnailUrl":"https:\/\/www.libriparlanti.org\/wp-content\/uploads\/2021\/04\/9788893331012.jpg","datePublished":"2021-04-12T14:31:17+00:00","dateModified":"2023-03-11T06:55:04+00:00","breadcrumb":{"@id":"https:\/\/www.libriparlanti.org\/index.php\/prodotto\/la-verita-sul-caso-di-mister-valdemar-un\/#breadcrumb"},"inLanguage":"it-IT","potentialAction":[{"@type":"ReadAction","target":["https:\/\/www.libriparlanti.org\/index.php\/prodotto\/la-verita-sul-caso-di-mister-valdemar-un\/"]}]},{"@type":"ImageObject","inLanguage":"it-IT","@id":"https:\/\/www.libriparlanti.org\/index.php\/prodotto\/la-verita-sul-caso-di-mister-valdemar-un\/#primaryimage","url":"https:\/\/www.libriparlanti.org\/wp-content\/uploads\/2021\/04\/9788893331012.jpg","contentUrl":"https:\/\/www.libriparlanti.org\/wp-content\/uploads\/2021\/04\/9788893331012.jpg","width":170,"height":246},{"@type":"BreadcrumbList","@id":"https:\/\/www.libriparlanti.org\/index.php\/prodotto\/la-verita-sul-caso-di-mister-valdemar-un\/#breadcrumb","itemListElement":[{"@type":"ListItem","position":1,"name":"Home","item":"https:\/\/www.libriparlanti.org\/"},{"@type":"ListItem","position":2,"name":"Shop","item":"https:\/\/www.libriparlanti.org\/index.php\/negozio\/"},{"@type":"ListItem","position":3,"name":"LA VERIT\u00c0 SUL CASO DI MISTER VALDEMAR-UN"}]},{"@type":"WebSite","@id":"https:\/\/www.libriparlanti.org\/#website","url":"https:\/\/www.libriparlanti.org\/","name":"Libreria Libri parlanti","description":"Libreria in Castiglione del Lago (Pg)","potentialAction":[{"@type":"SearchAction","target":{"@type":"EntryPoint","urlTemplate":"https:\/\/www.libriparlanti.org\/?s={search_term_string}"},"query-input":{"@type":"PropertyValueSpecification","valueRequired":true,"valueName":"search_term_string"}}],"inLanguage":"it-IT"}]}},"_links":{"self":[{"href":"https:\/\/www.libriparlanti.org\/index.php\/wp-json\/wp\/v2\/product\/14871","targetHints":{"allow":["GET"]}}],"collection":[{"href":"https:\/\/www.libriparlanti.org\/index.php\/wp-json\/wp\/v2\/product"}],"about":[{"href":"https:\/\/www.libriparlanti.org\/index.php\/wp-json\/wp\/v2\/types\/product"}],"replies":[{"embeddable":true,"href":"https:\/\/www.libriparlanti.org\/index.php\/wp-json\/wp\/v2\/comments?post=14871"}],"wp:featuredmedia":[{"embeddable":true,"href":"https:\/\/www.libriparlanti.org\/index.php\/wp-json\/wp\/v2\/media\/14870"}],"wp:attachment":[{"href":"https:\/\/www.libriparlanti.org\/index.php\/wp-json\/wp\/v2\/media?parent=14871"}],"wp:term":[{"taxonomy":"product_brand","embeddable":true,"href":"https:\/\/www.libriparlanti.org\/index.php\/wp-json\/wp\/v2\/product_brand?post=14871"},{"taxonomy":"product_cat","embeddable":true,"href":"https:\/\/www.libriparlanti.org\/index.php\/wp-json\/wp\/v2\/product_cat?post=14871"},{"taxonomy":"product_tag","embeddable":true,"href":"https:\/\/www.libriparlanti.org\/index.php\/wp-json\/wp\/v2\/product_tag?post=14871"}],"curies":[{"name":"wp","href":"https:\/\/api.w.org\/{rel}","templated":true}]}}