{"id":14837,"date":"2021-04-10T12:09:13","date_gmt":"2021-04-10T10:09:13","guid":{"rendered":"https:\/\/www.libriparlanti.org\/index.php\/prodotto\/le-parole-di-sara\/"},"modified":"2022-11-14T11:01:09","modified_gmt":"2022-11-14T09:01:09","slug":"le-parole-di-sara","status":"publish","type":"product","link":"https:\/\/www.libriparlanti.org\/index.php\/prodotto\/le-parole-di-sara\/","title":{"rendered":"LE PAROLE DI SARA"},"content":{"rendered":"<p>Due donne si parlano con gli occhi. Conoscono il linguaggio del corpo e per loro la verit\u00e0 \u00e8 scritta sulle facce degli altri. Entrambe hanno imparato a non sottovalutare le conseguenze dell&#8217;amore. Sara Morozzi l&#8217;ha capito molto presto, Teresa Pandolfi troppo tardi. Diverse come il giorno e la notte, sono cresciute insieme: colleghe, amiche, avversarie leali presso una delle pi\u00f9 segrete unit\u00e0 dei Servizi. Per amore, Sara ha rinunciato a tutto, abbandonando un marito e un figlio che ha rivisto soltanto sul tavolo di un obitorio. Per non privarsi di nulla, Teresa ha rinunciato all&#8217;amore. Trent&#8217;anni dopo, Sara prova a uscire dalla solitudine in cui \u00e8 sprofondata dalla scomparsa del suo compagno, mentre Teresa ha conquistato i vertici dell&#8217;unit\u00e0. Ma questa volta ha commesso un errore: si \u00e8 fatta ammaliare dagli occhi di Sergio, un giovane e fascinoso ricercatore. Cos\u00ec, quando il ragazzo sparisce senza lasciare traccia, non le resta che chiedere aiuto all&#8217;amica di un tempo. E Sara, la donna invisibile, torna sul campo. Insieme a lei ci sono il goffo ispettore Davide Pardo e Viola, ultima compagna del figlio, che da poco l&#8217;ha resa nonna, regalandole una nuova speranza.<\/p>\n","protected":false},"excerpt":{"rendered":"<p><em>Autore:<\/em> MAURIZIO DE GIOVANNI<br \/>\n<em>Editore:<\/em> RIZZOLI<br \/>\n<em>ISBN:<\/em> 9788817145800<\/p>\n","protected":false},"featured_media":14836,"comment_status":"closed","ping_status":"closed","template":"","meta":{"_et_pb_use_builder":"","_et_pb_old_content":"","_et_gb_content_width":"","_joinchat":[]},"product_brand":[],"product_cat":[959],"product_tag":[],"class_list":{"0":"post-14837","1":"product","2":"type-product","3":"status-publish","4":"has-post-thumbnail","6":"product_cat-senza-categoria","8":"first","9":"onbackorder","10":"taxable","11":"shipping-taxable","12":"purchasable","13":"product-type-simple"},"yoast_head":"<!-- This site is optimized with the Yoast SEO plugin v27.3 - https:\/\/yoast.com\/product\/yoast-seo-wordpress\/ -->\n<title>LE PAROLE DI SARA - Libreria Libri parlanti<\/title>\n<meta name=\"robots\" content=\"index, follow, max-snippet:-1, max-image-preview:large, max-video-preview:-1\" \/>\n<link rel=\"canonical\" href=\"https:\/\/www.libriparlanti.org\/index.php\/prodotto\/le-parole-di-sara\/\" \/>\n<meta property=\"og:locale\" content=\"it_IT\" \/>\n<meta property=\"og:type\" content=\"article\" \/>\n<meta property=\"og:title\" content=\"LE PAROLE DI SARA - Libreria Libri parlanti\" \/>\n<meta property=\"og:description\" content=\"Autore: MAURIZIO DE GIOVANNI Editore: RIZZOLI ISBN: 9788817145800\" \/>\n<meta property=\"og:url\" content=\"https:\/\/www.libriparlanti.org\/index.php\/prodotto\/le-parole-di-sara\/\" \/>\n<meta property=\"og:site_name\" content=\"Libreria Libri parlanti\" \/>\n<meta property=\"article:publisher\" content=\"https:\/\/www.facebook.com\/LibriParlanti\" \/>\n<meta property=\"article:modified_time\" content=\"2022-11-14T09:01:09+00:00\" \/>\n<meta property=\"og:image\" content=\"https:\/\/www.libriparlanti.org\/wp-content\/uploads\/2021\/04\/9788817145800.jpg\" \/>\n\t<meta property=\"og:image:width\" content=\"128\" \/>\n\t<meta property=\"og:image:height\" content=\"200\" \/>\n\t<meta property=\"og:image:type\" content=\"image\/jpeg\" \/>\n<meta name=\"twitter:card\" content=\"summary_large_image\" \/>\n<meta name=\"twitter:label1\" content=\"Tempo di lettura stimato\" \/>\n\t<meta name=\"twitter:data1\" content=\"1 minuto\" \/>\n<script type=\"application\/ld+json\" class=\"yoast-schema-graph\">{\"@context\":\"https:\\\/\\\/schema.org\",\"@graph\":[{\"@type\":\"WebPage\",\"@id\":\"https:\\\/\\\/www.libriparlanti.org\\\/index.php\\\/prodotto\\\/le-parole-di-sara\\\/\",\"url\":\"https:\\\/\\\/www.libriparlanti.org\\\/index.php\\\/prodotto\\\/le-parole-di-sara\\\/\",\"name\":\"LE PAROLE DI SARA - Libreria Libri parlanti\",\"isPartOf\":{\"@id\":\"https:\\\/\\\/www.libriparlanti.org\\\/#website\"},\"primaryImageOfPage\":{\"@id\":\"https:\\\/\\\/www.libriparlanti.org\\\/index.php\\\/prodotto\\\/le-parole-di-sara\\\/#primaryimage\"},\"image\":{\"@id\":\"https:\\\/\\\/www.libriparlanti.org\\\/index.php\\\/prodotto\\\/le-parole-di-sara\\\/#primaryimage\"},\"thumbnailUrl\":\"https:\\\/\\\/www.libriparlanti.org\\\/wp-content\\\/uploads\\\/2021\\\/04\\\/9788817145800.jpg\",\"datePublished\":\"2021-04-10T10:09:13+00:00\",\"dateModified\":\"2022-11-14T09:01:09+00:00\",\"breadcrumb\":{\"@id\":\"https:\\\/\\\/www.libriparlanti.org\\\/index.php\\\/prodotto\\\/le-parole-di-sara\\\/#breadcrumb\"},\"inLanguage\":\"it-IT\",\"potentialAction\":[{\"@type\":\"ReadAction\",\"target\":[\"https:\\\/\\\/www.libriparlanti.org\\\/index.php\\\/prodotto\\\/le-parole-di-sara\\\/\"]}]},{\"@type\":\"ImageObject\",\"inLanguage\":\"it-IT\",\"@id\":\"https:\\\/\\\/www.libriparlanti.org\\\/index.php\\\/prodotto\\\/le-parole-di-sara\\\/#primaryimage\",\"url\":\"https:\\\/\\\/www.libriparlanti.org\\\/wp-content\\\/uploads\\\/2021\\\/04\\\/9788817145800.jpg\",\"contentUrl\":\"https:\\\/\\\/www.libriparlanti.org\\\/wp-content\\\/uploads\\\/2021\\\/04\\\/9788817145800.jpg\",\"width\":128,\"height\":200},{\"@type\":\"BreadcrumbList\",\"@id\":\"https:\\\/\\\/www.libriparlanti.org\\\/index.php\\\/prodotto\\\/le-parole-di-sara\\\/#breadcrumb\",\"itemListElement\":[{\"@type\":\"ListItem\",\"position\":1,\"name\":\"Home\",\"item\":\"https:\\\/\\\/www.libriparlanti.org\\\/\"},{\"@type\":\"ListItem\",\"position\":2,\"name\":\"Shop\",\"item\":\"https:\\\/\\\/www.libriparlanti.org\\\/index.php\\\/negozio\\\/\"},{\"@type\":\"ListItem\",\"position\":3,\"name\":\"LE PAROLE DI SARA\"}]},{\"@type\":\"WebSite\",\"@id\":\"https:\\\/\\\/www.libriparlanti.org\\\/#website\",\"url\":\"https:\\\/\\\/www.libriparlanti.org\\\/\",\"name\":\"Libreria Libri parlanti\",\"description\":\"Libreria in Castiglione del Lago (Pg)\",\"potentialAction\":[{\"@type\":\"SearchAction\",\"target\":{\"@type\":\"EntryPoint\",\"urlTemplate\":\"https:\\\/\\\/www.libriparlanti.org\\\/?s={search_term_string}\"},\"query-input\":{\"@type\":\"PropertyValueSpecification\",\"valueRequired\":true,\"valueName\":\"search_term_string\"}}],\"inLanguage\":\"it-IT\"}]}<\/script>\n<!-- \/ Yoast SEO plugin. -->","yoast_head_json":{"title":"LE PAROLE DI SARA - Libreria Libri parlanti","robots":{"index":"index","follow":"follow","max-snippet":"max-snippet:-1","max-image-preview":"max-image-preview:large","max-video-preview":"max-video-preview:-1"},"canonical":"https:\/\/www.libriparlanti.org\/index.php\/prodotto\/le-parole-di-sara\/","og_locale":"it_IT","og_type":"article","og_title":"LE PAROLE DI SARA - Libreria Libri parlanti","og_description":"Autore: MAURIZIO DE GIOVANNI Editore: RIZZOLI ISBN: 9788817145800","og_url":"https:\/\/www.libriparlanti.org\/index.php\/prodotto\/le-parole-di-sara\/","og_site_name":"Libreria Libri parlanti","article_publisher":"https:\/\/www.facebook.com\/LibriParlanti","article_modified_time":"2022-11-14T09:01:09+00:00","og_image":[{"width":128,"height":200,"url":"https:\/\/www.libriparlanti.org\/wp-content\/uploads\/2021\/04\/9788817145800.jpg","type":"image\/jpeg"}],"twitter_card":"summary_large_image","twitter_misc":{"Tempo di lettura stimato":"1 minuto"},"schema":{"@context":"https:\/\/schema.org","@graph":[{"@type":"WebPage","@id":"https:\/\/www.libriparlanti.org\/index.php\/prodotto\/le-parole-di-sara\/","url":"https:\/\/www.libriparlanti.org\/index.php\/prodotto\/le-parole-di-sara\/","name":"LE PAROLE DI SARA - Libreria Libri parlanti","isPartOf":{"@id":"https:\/\/www.libriparlanti.org\/#website"},"primaryImageOfPage":{"@id":"https:\/\/www.libriparlanti.org\/index.php\/prodotto\/le-parole-di-sara\/#primaryimage"},"image":{"@id":"https:\/\/www.libriparlanti.org\/index.php\/prodotto\/le-parole-di-sara\/#primaryimage"},"thumbnailUrl":"https:\/\/www.libriparlanti.org\/wp-content\/uploads\/2021\/04\/9788817145800.jpg","datePublished":"2021-04-10T10:09:13+00:00","dateModified":"2022-11-14T09:01:09+00:00","breadcrumb":{"@id":"https:\/\/www.libriparlanti.org\/index.php\/prodotto\/le-parole-di-sara\/#breadcrumb"},"inLanguage":"it-IT","potentialAction":[{"@type":"ReadAction","target":["https:\/\/www.libriparlanti.org\/index.php\/prodotto\/le-parole-di-sara\/"]}]},{"@type":"ImageObject","inLanguage":"it-IT","@id":"https:\/\/www.libriparlanti.org\/index.php\/prodotto\/le-parole-di-sara\/#primaryimage","url":"https:\/\/www.libriparlanti.org\/wp-content\/uploads\/2021\/04\/9788817145800.jpg","contentUrl":"https:\/\/www.libriparlanti.org\/wp-content\/uploads\/2021\/04\/9788817145800.jpg","width":128,"height":200},{"@type":"BreadcrumbList","@id":"https:\/\/www.libriparlanti.org\/index.php\/prodotto\/le-parole-di-sara\/#breadcrumb","itemListElement":[{"@type":"ListItem","position":1,"name":"Home","item":"https:\/\/www.libriparlanti.org\/"},{"@type":"ListItem","position":2,"name":"Shop","item":"https:\/\/www.libriparlanti.org\/index.php\/negozio\/"},{"@type":"ListItem","position":3,"name":"LE PAROLE DI SARA"}]},{"@type":"WebSite","@id":"https:\/\/www.libriparlanti.org\/#website","url":"https:\/\/www.libriparlanti.org\/","name":"Libreria Libri parlanti","description":"Libreria in Castiglione del Lago (Pg)","potentialAction":[{"@type":"SearchAction","target":{"@type":"EntryPoint","urlTemplate":"https:\/\/www.libriparlanti.org\/?s={search_term_string}"},"query-input":{"@type":"PropertyValueSpecification","valueRequired":true,"valueName":"search_term_string"}}],"inLanguage":"it-IT"}]}},"_links":{"self":[{"href":"https:\/\/www.libriparlanti.org\/index.php\/wp-json\/wp\/v2\/product\/14837","targetHints":{"allow":["GET"]}}],"collection":[{"href":"https:\/\/www.libriparlanti.org\/index.php\/wp-json\/wp\/v2\/product"}],"about":[{"href":"https:\/\/www.libriparlanti.org\/index.php\/wp-json\/wp\/v2\/types\/product"}],"replies":[{"embeddable":true,"href":"https:\/\/www.libriparlanti.org\/index.php\/wp-json\/wp\/v2\/comments?post=14837"}],"wp:featuredmedia":[{"embeddable":true,"href":"https:\/\/www.libriparlanti.org\/index.php\/wp-json\/wp\/v2\/media\/14836"}],"wp:attachment":[{"href":"https:\/\/www.libriparlanti.org\/index.php\/wp-json\/wp\/v2\/media?parent=14837"}],"wp:term":[{"taxonomy":"product_brand","embeddable":true,"href":"https:\/\/www.libriparlanti.org\/index.php\/wp-json\/wp\/v2\/product_brand?post=14837"},{"taxonomy":"product_cat","embeddable":true,"href":"https:\/\/www.libriparlanti.org\/index.php\/wp-json\/wp\/v2\/product_cat?post=14837"},{"taxonomy":"product_tag","embeddable":true,"href":"https:\/\/www.libriparlanti.org\/index.php\/wp-json\/wp\/v2\/product_tag?post=14837"}],"curies":[{"name":"wp","href":"https:\/\/api.w.org\/{rel}","templated":true}]}}