{"id":14589,"date":"2021-04-01T12:50:15","date_gmt":"2021-04-01T10:50:15","guid":{"rendered":"https:\/\/www.libriparlanti.org\/index.php\/prodotto\/cinque-sorelle\/"},"modified":"2021-05-08T19:41:03","modified_gmt":"2021-05-08T17:41:03","slug":"cinque-sorelle","status":"publish","type":"product","link":"https:\/\/www.libriparlanti.org\/index.php\/prodotto\/cinque-sorelle\/","title":{"rendered":"CINQUE SORELLE"},"content":{"rendered":"<p>Quando Maddalena Splendori entra per la prima volta nella boutique della famiglia Fendi, in via Piave, Adele Casagrande Fendi la riconosce subito. Maddalena \u00e8 una donna nota alle cronache per uno scandalo di cui \u00e8 stata protagonista prima del matrimonio. Sin dal primo scambio di parole, per\u00f2, le due donne sentono che qualcosa le lega: \u00e8 lo spirito anticonformista e passionale che le anima entrambe. Quello spirito che ha consentito a Maddalena di emanciparsi dalla miseria in cui \u00e8 nata e frequentare ora i salotti buoni di Roma, di ospitare in casa sua scrittori dell&#8217;importanza di Luigi Pirandello. Lo stesso spirito che ha spinto Adele Fendi, nella Roma degli anni Venti, ad aprire un negozio di moda insieme al marito, realizzando il suo sogno e diventando una stimata e affermata imprenditrice. Ben presto, infatti, grazie alla sua determinazione, le raffinate pellicce e gli accessori in pelle con il marchio Fendi diventano famosi anche all&#8217;estero, nonostante il conflitto mondiale. \u00c8 solo l&#8217;inizio di un successo inarrestabile: l&#8217;amore per la produzione artigianale e per la tradizione, unito alla capacit\u00e0 visionaria, si trasmetter\u00e0 dalla madre alle cinque incredibili figlie. Con loro e grazie al duraturo sodalizio con Karl Lagerfeld, il marchio diventer\u00e0 una vera e propria icona del lusso internazionale. Tra le pagine di questo romanzo rivive la storia di un&#8217;amicizia cos\u00ec profonda da legare pi\u00f9 generazioni, insieme a quella di una famiglia il cui nome \u00e8 in grado di evocare eleganza e bellezza. Un viaggio nel mondo della moda&#8230;<\/p>\n","protected":false},"excerpt":{"rendered":"<p><em>Autore:<\/em> CINZIA GIORGIO<br \/>\n<em>Editore:<\/em> NEWTON COMPTON<br \/>\n<em>ISBN:<\/em> 9788822749871<br \/>\n<em>Pubblicazione:<\/em> 01\/04\/2021<\/p>\n","protected":false},"featured_media":14588,"comment_status":"closed","ping_status":"closed","template":"","meta":{"_et_pb_use_builder":"","_et_pb_old_content":"","_et_gb_content_width":"","_joinchat":[]},"product_brand":[],"product_cat":[1736,959],"product_tag":[],"class_list":{"0":"post-14589","1":"product","2":"type-product","3":"status-publish","4":"has-post-thumbnail","6":"product_cat-narrativa","7":"product_cat-senza-categoria","9":"first","10":"onbackorder","11":"taxable","12":"shipping-taxable","13":"purchasable","14":"product-type-simple"},"yoast_head":"<!-- This site is optimized with the Yoast SEO plugin v27.5 - https:\/\/yoast.com\/product\/yoast-seo-wordpress\/ -->\n<title>CINQUE SORELLE - Libreria Libri parlanti<\/title>\n<meta name=\"robots\" content=\"index, follow, max-snippet:-1, max-image-preview:large, max-video-preview:-1\" \/>\n<link rel=\"canonical\" href=\"https:\/\/www.libriparlanti.org\/index.php\/prodotto\/cinque-sorelle\/\" \/>\n<meta property=\"og:locale\" content=\"it_IT\" \/>\n<meta property=\"og:type\" content=\"article\" \/>\n<meta property=\"og:title\" content=\"CINQUE SORELLE - Libreria Libri parlanti\" \/>\n<meta property=\"og:description\" content=\"Autore: CINZIA GIORGIO Editore: NEWTON COMPTON ISBN: 9788822749871 Pubblicazione: 01\/04\/2021\" \/>\n<meta property=\"og:url\" content=\"https:\/\/www.libriparlanti.org\/index.php\/prodotto\/cinque-sorelle\/\" \/>\n<meta property=\"og:site_name\" content=\"Libreria Libri parlanti\" \/>\n<meta property=\"article:publisher\" content=\"https:\/\/www.facebook.com\/LibriParlanti\" \/>\n<meta property=\"article:modified_time\" content=\"2021-05-08T17:41:03+00:00\" \/>\n<meta property=\"og:image\" content=\"https:\/\/www.libriparlanti.org\/wp-content\/uploads\/2021\/04\/QM3gTO0cjMygDO4cTO.jpg\" \/>\n\t<meta property=\"og:image:width\" content=\"191\" \/>\n\t<meta property=\"og:image:height\" content=\"300\" \/>\n\t<meta property=\"og:image:type\" content=\"image\/jpeg\" \/>\n<meta name=\"twitter:card\" content=\"summary_large_image\" \/>\n<meta name=\"twitter:label1\" content=\"Tempo di lettura stimato\" \/>\n\t<meta name=\"twitter:data1\" content=\"1 minuto\" \/>\n<script type=\"application\/ld+json\" class=\"yoast-schema-graph\">{\"@context\":\"https:\\\/\\\/schema.org\",\"@graph\":[{\"@type\":\"WebPage\",\"@id\":\"https:\\\/\\\/www.libriparlanti.org\\\/index.php\\\/prodotto\\\/cinque-sorelle\\\/\",\"url\":\"https:\\\/\\\/www.libriparlanti.org\\\/index.php\\\/prodotto\\\/cinque-sorelle\\\/\",\"name\":\"CINQUE SORELLE - Libreria Libri parlanti\",\"isPartOf\":{\"@id\":\"https:\\\/\\\/www.libriparlanti.org\\\/#website\"},\"primaryImageOfPage\":{\"@id\":\"https:\\\/\\\/www.libriparlanti.org\\\/index.php\\\/prodotto\\\/cinque-sorelle\\\/#primaryimage\"},\"image\":{\"@id\":\"https:\\\/\\\/www.libriparlanti.org\\\/index.php\\\/prodotto\\\/cinque-sorelle\\\/#primaryimage\"},\"thumbnailUrl\":\"https:\\\/\\\/www.libriparlanti.org\\\/wp-content\\\/uploads\\\/2021\\\/04\\\/QM3gTO0cjMygDO4cTO.jpg\",\"datePublished\":\"2021-04-01T10:50:15+00:00\",\"dateModified\":\"2021-05-08T17:41:03+00:00\",\"breadcrumb\":{\"@id\":\"https:\\\/\\\/www.libriparlanti.org\\\/index.php\\\/prodotto\\\/cinque-sorelle\\\/#breadcrumb\"},\"inLanguage\":\"it-IT\",\"potentialAction\":[{\"@type\":\"ReadAction\",\"target\":[\"https:\\\/\\\/www.libriparlanti.org\\\/index.php\\\/prodotto\\\/cinque-sorelle\\\/\"]}]},{\"@type\":\"ImageObject\",\"inLanguage\":\"it-IT\",\"@id\":\"https:\\\/\\\/www.libriparlanti.org\\\/index.php\\\/prodotto\\\/cinque-sorelle\\\/#primaryimage\",\"url\":\"https:\\\/\\\/www.libriparlanti.org\\\/wp-content\\\/uploads\\\/2021\\\/04\\\/QM3gTO0cjMygDO4cTO.jpg\",\"contentUrl\":\"https:\\\/\\\/www.libriparlanti.org\\\/wp-content\\\/uploads\\\/2021\\\/04\\\/QM3gTO0cjMygDO4cTO.jpg\",\"width\":191,\"height\":300},{\"@type\":\"BreadcrumbList\",\"@id\":\"https:\\\/\\\/www.libriparlanti.org\\\/index.php\\\/prodotto\\\/cinque-sorelle\\\/#breadcrumb\",\"itemListElement\":[{\"@type\":\"ListItem\",\"position\":1,\"name\":\"Home\",\"item\":\"https:\\\/\\\/www.libriparlanti.org\\\/\"},{\"@type\":\"ListItem\",\"position\":2,\"name\":\"Shop\",\"item\":\"https:\\\/\\\/www.libriparlanti.org\\\/index.php\\\/negozio\\\/\"},{\"@type\":\"ListItem\",\"position\":3,\"name\":\"CINQUE SORELLE\"}]},{\"@type\":\"WebSite\",\"@id\":\"https:\\\/\\\/www.libriparlanti.org\\\/#website\",\"url\":\"https:\\\/\\\/www.libriparlanti.org\\\/\",\"name\":\"Libreria Libri parlanti\",\"description\":\"Libreria in Castiglione del Lago (Pg)\",\"potentialAction\":[{\"@type\":\"SearchAction\",\"target\":{\"@type\":\"EntryPoint\",\"urlTemplate\":\"https:\\\/\\\/www.libriparlanti.org\\\/?s={search_term_string}\"},\"query-input\":{\"@type\":\"PropertyValueSpecification\",\"valueRequired\":true,\"valueName\":\"search_term_string\"}}],\"inLanguage\":\"it-IT\"}]}<\/script>\n<!-- \/ Yoast SEO plugin. -->","yoast_head_json":{"title":"CINQUE SORELLE - Libreria Libri parlanti","robots":{"index":"index","follow":"follow","max-snippet":"max-snippet:-1","max-image-preview":"max-image-preview:large","max-video-preview":"max-video-preview:-1"},"canonical":"https:\/\/www.libriparlanti.org\/index.php\/prodotto\/cinque-sorelle\/","og_locale":"it_IT","og_type":"article","og_title":"CINQUE SORELLE - Libreria Libri parlanti","og_description":"Autore: CINZIA GIORGIO Editore: NEWTON COMPTON ISBN: 9788822749871 Pubblicazione: 01\/04\/2021","og_url":"https:\/\/www.libriparlanti.org\/index.php\/prodotto\/cinque-sorelle\/","og_site_name":"Libreria Libri parlanti","article_publisher":"https:\/\/www.facebook.com\/LibriParlanti","article_modified_time":"2021-05-08T17:41:03+00:00","og_image":[{"width":191,"height":300,"url":"https:\/\/www.libriparlanti.org\/wp-content\/uploads\/2021\/04\/QM3gTO0cjMygDO4cTO.jpg","type":"image\/jpeg"}],"twitter_card":"summary_large_image","twitter_misc":{"Tempo di lettura stimato":"1 minuto"},"schema":{"@context":"https:\/\/schema.org","@graph":[{"@type":"WebPage","@id":"https:\/\/www.libriparlanti.org\/index.php\/prodotto\/cinque-sorelle\/","url":"https:\/\/www.libriparlanti.org\/index.php\/prodotto\/cinque-sorelle\/","name":"CINQUE SORELLE - Libreria Libri parlanti","isPartOf":{"@id":"https:\/\/www.libriparlanti.org\/#website"},"primaryImageOfPage":{"@id":"https:\/\/www.libriparlanti.org\/index.php\/prodotto\/cinque-sorelle\/#primaryimage"},"image":{"@id":"https:\/\/www.libriparlanti.org\/index.php\/prodotto\/cinque-sorelle\/#primaryimage"},"thumbnailUrl":"https:\/\/www.libriparlanti.org\/wp-content\/uploads\/2021\/04\/QM3gTO0cjMygDO4cTO.jpg","datePublished":"2021-04-01T10:50:15+00:00","dateModified":"2021-05-08T17:41:03+00:00","breadcrumb":{"@id":"https:\/\/www.libriparlanti.org\/index.php\/prodotto\/cinque-sorelle\/#breadcrumb"},"inLanguage":"it-IT","potentialAction":[{"@type":"ReadAction","target":["https:\/\/www.libriparlanti.org\/index.php\/prodotto\/cinque-sorelle\/"]}]},{"@type":"ImageObject","inLanguage":"it-IT","@id":"https:\/\/www.libriparlanti.org\/index.php\/prodotto\/cinque-sorelle\/#primaryimage","url":"https:\/\/www.libriparlanti.org\/wp-content\/uploads\/2021\/04\/QM3gTO0cjMygDO4cTO.jpg","contentUrl":"https:\/\/www.libriparlanti.org\/wp-content\/uploads\/2021\/04\/QM3gTO0cjMygDO4cTO.jpg","width":191,"height":300},{"@type":"BreadcrumbList","@id":"https:\/\/www.libriparlanti.org\/index.php\/prodotto\/cinque-sorelle\/#breadcrumb","itemListElement":[{"@type":"ListItem","position":1,"name":"Home","item":"https:\/\/www.libriparlanti.org\/"},{"@type":"ListItem","position":2,"name":"Shop","item":"https:\/\/www.libriparlanti.org\/index.php\/negozio\/"},{"@type":"ListItem","position":3,"name":"CINQUE SORELLE"}]},{"@type":"WebSite","@id":"https:\/\/www.libriparlanti.org\/#website","url":"https:\/\/www.libriparlanti.org\/","name":"Libreria Libri parlanti","description":"Libreria in Castiglione del Lago (Pg)","potentialAction":[{"@type":"SearchAction","target":{"@type":"EntryPoint","urlTemplate":"https:\/\/www.libriparlanti.org\/?s={search_term_string}"},"query-input":{"@type":"PropertyValueSpecification","valueRequired":true,"valueName":"search_term_string"}}],"inLanguage":"it-IT"}]}},"_links":{"self":[{"href":"https:\/\/www.libriparlanti.org\/index.php\/wp-json\/wp\/v2\/product\/14589","targetHints":{"allow":["GET"]}}],"collection":[{"href":"https:\/\/www.libriparlanti.org\/index.php\/wp-json\/wp\/v2\/product"}],"about":[{"href":"https:\/\/www.libriparlanti.org\/index.php\/wp-json\/wp\/v2\/types\/product"}],"replies":[{"embeddable":true,"href":"https:\/\/www.libriparlanti.org\/index.php\/wp-json\/wp\/v2\/comments?post=14589"}],"wp:featuredmedia":[{"embeddable":true,"href":"https:\/\/www.libriparlanti.org\/index.php\/wp-json\/wp\/v2\/media\/14588"}],"wp:attachment":[{"href":"https:\/\/www.libriparlanti.org\/index.php\/wp-json\/wp\/v2\/media?parent=14589"}],"wp:term":[{"taxonomy":"product_brand","embeddable":true,"href":"https:\/\/www.libriparlanti.org\/index.php\/wp-json\/wp\/v2\/product_brand?post=14589"},{"taxonomy":"product_cat","embeddable":true,"href":"https:\/\/www.libriparlanti.org\/index.php\/wp-json\/wp\/v2\/product_cat?post=14589"},{"taxonomy":"product_tag","embeddable":true,"href":"https:\/\/www.libriparlanti.org\/index.php\/wp-json\/wp\/v2\/product_tag?post=14589"}],"curies":[{"name":"wp","href":"https:\/\/api.w.org\/{rel}","templated":true}]}}