{"id":14505,"date":"2021-03-31T19:08:56","date_gmt":"2021-03-31T17:08:56","guid":{"rendered":"https:\/\/www.libriparlanti.org\/index.php\/prodotto\/non-siamo-mai-stati-bravi-a-giocare-a-pa\/"},"modified":"2021-07-15T08:29:53","modified_gmt":"2021-07-15T06:29:53","slug":"non-siamo-mai-stati-bravi-a-giocare-a-pa","status":"publish","type":"product","link":"https:\/\/www.libriparlanti.org\/index.php\/prodotto\/non-siamo-mai-stati-bravi-a-giocare-a-pa\/","title":{"rendered":"NON SIAMO MAI STATI BRAVI A GIOCARE A PA"},"content":{"rendered":"<p>Se questo libro fosse un film, inizierebbe con un lungo piano sequenza. Melito, Napoli Nord, esterno giorno. Una mattina qualunque di settembre alla met\u00e0 degli anni Novanta, il sole gi\u00e0 alto nel cielo e tre ragazzini che si incontrano davanti a scuola per il loro primo giorno di medie, e non possono sapere che quell&#8217;evento casuale segner\u00e0 per sempre le loro vite. Se questo libro invece fosse un manuale per diventare videomaker, per gestire un&#8217;azienda o per raggiungere il successo partendo da uno scantinato, allora i The Jackal potrebbero raccontarvi i passi da fare, gli errori da evitare, il modo migliore per organizzare meeting e business plan. Solo che questo non \u00e8 un manuale, dal momento che dietro il successo di video ormai di culto come &#8220;Lost in Google&#8221;, &#8220;Gay ingenui&#8221; e &#8220;Gli effetti di Gomorra sulla gente&#8221;, dietro un film ambiziosissimo e folle come &#8220;Addio fottuti musi verdi&#8221;, dietro gli ormai celebri hackeraggi ai Festival di Sanremo non esistono regole. Perch\u00e9 l&#8217;unica regola dei The Jackal \u00e8 divertirsi a raccontare storie. Anche &#8220;Non siamo mai stati bravi a giocare a pallone&#8221; \u00e8 prima di tutto una storia. Una storia di amicizia, di fallimenti e di vittorie, di strade prese, di strade perse e di strade solo abbozzate. Cominciata molto prima che spuntasse YouTube ? quando i modem a 56 k producevano un rumore infernale ogni volta che si connettevano ? e arrivata fino a qui, alle pagine di questo termost libro.<\/p>\n","protected":false},"excerpt":{"rendered":"<p><em>Autore:<\/em> THE JACKAL<br \/>\n<em>Editore:<\/em> RIZZOLI<br \/>\n<em>ISBN:<\/em> 9788817142687<br \/>\n<em>Pubblicazione:<\/em> 30\/03\/2021<\/p>\n","protected":false},"featured_media":14504,"comment_status":"closed","ping_status":"closed","template":"","meta":{"_et_pb_use_builder":"","_et_pb_old_content":"","_et_gb_content_width":"","_joinchat":[]},"product_brand":[],"product_cat":[1733],"product_tag":[],"class_list":{"0":"post-14505","1":"product","2":"type-product","3":"status-publish","4":"has-post-thumbnail","6":"product_cat-ragazzi","8":"first","9":"onbackorder","10":"taxable","11":"shipping-taxable","12":"purchasable","13":"product-type-simple"},"yoast_head":"<!-- This site is optimized with the Yoast SEO plugin v27.4 - https:\/\/yoast.com\/product\/yoast-seo-wordpress\/ -->\n<title>NON SIAMO MAI STATI BRAVI A GIOCARE A PA - Libreria Libri parlanti<\/title>\n<meta name=\"robots\" content=\"index, follow, max-snippet:-1, max-image-preview:large, max-video-preview:-1\" \/>\n<link rel=\"canonical\" href=\"https:\/\/www.libriparlanti.org\/index.php\/prodotto\/non-siamo-mai-stati-bravi-a-giocare-a-pa\/\" \/>\n<meta property=\"og:locale\" content=\"it_IT\" \/>\n<meta property=\"og:type\" content=\"article\" \/>\n<meta property=\"og:title\" content=\"NON SIAMO MAI STATI BRAVI A GIOCARE A PA - Libreria Libri parlanti\" \/>\n<meta property=\"og:description\" content=\"Autore: THE JACKAL Editore: RIZZOLI ISBN: 9788817142687 Pubblicazione: 30\/03\/2021\" \/>\n<meta property=\"og:url\" content=\"https:\/\/www.libriparlanti.org\/index.php\/prodotto\/non-siamo-mai-stati-bravi-a-giocare-a-pa\/\" \/>\n<meta property=\"og:site_name\" content=\"Libreria Libri parlanti\" \/>\n<meta property=\"article:publisher\" content=\"https:\/\/www.facebook.com\/LibriParlanti\" \/>\n<meta property=\"article:modified_time\" content=\"2021-07-15T06:29:53+00:00\" \/>\n<meta property=\"og:image\" content=\"https:\/\/www.libriparlanti.org\/wp-content\/uploads\/2021\/03\/wN4YjM0EzNxgDO4cTO.jpg\" \/>\n\t<meta property=\"og:image:width\" content=\"196\" \/>\n\t<meta property=\"og:image:height\" content=\"300\" \/>\n\t<meta property=\"og:image:type\" content=\"image\/jpeg\" \/>\n<meta name=\"twitter:card\" content=\"summary_large_image\" \/>\n<meta name=\"twitter:label1\" content=\"Tempo di lettura stimato\" \/>\n\t<meta name=\"twitter:data1\" content=\"1 minuto\" \/>\n<script type=\"application\/ld+json\" class=\"yoast-schema-graph\">{\"@context\":\"https:\\\/\\\/schema.org\",\"@graph\":[{\"@type\":\"WebPage\",\"@id\":\"https:\\\/\\\/www.libriparlanti.org\\\/index.php\\\/prodotto\\\/non-siamo-mai-stati-bravi-a-giocare-a-pa\\\/\",\"url\":\"https:\\\/\\\/www.libriparlanti.org\\\/index.php\\\/prodotto\\\/non-siamo-mai-stati-bravi-a-giocare-a-pa\\\/\",\"name\":\"NON SIAMO MAI STATI BRAVI A GIOCARE A PA - Libreria Libri parlanti\",\"isPartOf\":{\"@id\":\"https:\\\/\\\/www.libriparlanti.org\\\/#website\"},\"primaryImageOfPage\":{\"@id\":\"https:\\\/\\\/www.libriparlanti.org\\\/index.php\\\/prodotto\\\/non-siamo-mai-stati-bravi-a-giocare-a-pa\\\/#primaryimage\"},\"image\":{\"@id\":\"https:\\\/\\\/www.libriparlanti.org\\\/index.php\\\/prodotto\\\/non-siamo-mai-stati-bravi-a-giocare-a-pa\\\/#primaryimage\"},\"thumbnailUrl\":\"https:\\\/\\\/www.libriparlanti.org\\\/wp-content\\\/uploads\\\/2021\\\/03\\\/wN4YjM0EzNxgDO4cTO.jpg\",\"datePublished\":\"2021-03-31T17:08:56+00:00\",\"dateModified\":\"2021-07-15T06:29:53+00:00\",\"breadcrumb\":{\"@id\":\"https:\\\/\\\/www.libriparlanti.org\\\/index.php\\\/prodotto\\\/non-siamo-mai-stati-bravi-a-giocare-a-pa\\\/#breadcrumb\"},\"inLanguage\":\"it-IT\",\"potentialAction\":[{\"@type\":\"ReadAction\",\"target\":[\"https:\\\/\\\/www.libriparlanti.org\\\/index.php\\\/prodotto\\\/non-siamo-mai-stati-bravi-a-giocare-a-pa\\\/\"]}]},{\"@type\":\"ImageObject\",\"inLanguage\":\"it-IT\",\"@id\":\"https:\\\/\\\/www.libriparlanti.org\\\/index.php\\\/prodotto\\\/non-siamo-mai-stati-bravi-a-giocare-a-pa\\\/#primaryimage\",\"url\":\"https:\\\/\\\/www.libriparlanti.org\\\/wp-content\\\/uploads\\\/2021\\\/03\\\/wN4YjM0EzNxgDO4cTO.jpg\",\"contentUrl\":\"https:\\\/\\\/www.libriparlanti.org\\\/wp-content\\\/uploads\\\/2021\\\/03\\\/wN4YjM0EzNxgDO4cTO.jpg\",\"width\":196,\"height\":300},{\"@type\":\"BreadcrumbList\",\"@id\":\"https:\\\/\\\/www.libriparlanti.org\\\/index.php\\\/prodotto\\\/non-siamo-mai-stati-bravi-a-giocare-a-pa\\\/#breadcrumb\",\"itemListElement\":[{\"@type\":\"ListItem\",\"position\":1,\"name\":\"Home\",\"item\":\"https:\\\/\\\/www.libriparlanti.org\\\/\"},{\"@type\":\"ListItem\",\"position\":2,\"name\":\"Shop\",\"item\":\"https:\\\/\\\/www.libriparlanti.org\\\/index.php\\\/negozio\\\/\"},{\"@type\":\"ListItem\",\"position\":3,\"name\":\"NON SIAMO MAI STATI BRAVI A GIOCARE A PA\"}]},{\"@type\":\"WebSite\",\"@id\":\"https:\\\/\\\/www.libriparlanti.org\\\/#website\",\"url\":\"https:\\\/\\\/www.libriparlanti.org\\\/\",\"name\":\"Libreria Libri parlanti\",\"description\":\"Libreria in Castiglione del Lago (Pg)\",\"potentialAction\":[{\"@type\":\"SearchAction\",\"target\":{\"@type\":\"EntryPoint\",\"urlTemplate\":\"https:\\\/\\\/www.libriparlanti.org\\\/?s={search_term_string}\"},\"query-input\":{\"@type\":\"PropertyValueSpecification\",\"valueRequired\":true,\"valueName\":\"search_term_string\"}}],\"inLanguage\":\"it-IT\"}]}<\/script>\n<!-- \/ Yoast SEO plugin. -->","yoast_head_json":{"title":"NON SIAMO MAI STATI BRAVI A GIOCARE A PA - Libreria Libri parlanti","robots":{"index":"index","follow":"follow","max-snippet":"max-snippet:-1","max-image-preview":"max-image-preview:large","max-video-preview":"max-video-preview:-1"},"canonical":"https:\/\/www.libriparlanti.org\/index.php\/prodotto\/non-siamo-mai-stati-bravi-a-giocare-a-pa\/","og_locale":"it_IT","og_type":"article","og_title":"NON SIAMO MAI STATI BRAVI A GIOCARE A PA - Libreria Libri parlanti","og_description":"Autore: THE JACKAL Editore: RIZZOLI ISBN: 9788817142687 Pubblicazione: 30\/03\/2021","og_url":"https:\/\/www.libriparlanti.org\/index.php\/prodotto\/non-siamo-mai-stati-bravi-a-giocare-a-pa\/","og_site_name":"Libreria Libri parlanti","article_publisher":"https:\/\/www.facebook.com\/LibriParlanti","article_modified_time":"2021-07-15T06:29:53+00:00","og_image":[{"width":196,"height":300,"url":"https:\/\/www.libriparlanti.org\/wp-content\/uploads\/2021\/03\/wN4YjM0EzNxgDO4cTO.jpg","type":"image\/jpeg"}],"twitter_card":"summary_large_image","twitter_misc":{"Tempo di lettura stimato":"1 minuto"},"schema":{"@context":"https:\/\/schema.org","@graph":[{"@type":"WebPage","@id":"https:\/\/www.libriparlanti.org\/index.php\/prodotto\/non-siamo-mai-stati-bravi-a-giocare-a-pa\/","url":"https:\/\/www.libriparlanti.org\/index.php\/prodotto\/non-siamo-mai-stati-bravi-a-giocare-a-pa\/","name":"NON SIAMO MAI STATI BRAVI A GIOCARE A PA - Libreria Libri parlanti","isPartOf":{"@id":"https:\/\/www.libriparlanti.org\/#website"},"primaryImageOfPage":{"@id":"https:\/\/www.libriparlanti.org\/index.php\/prodotto\/non-siamo-mai-stati-bravi-a-giocare-a-pa\/#primaryimage"},"image":{"@id":"https:\/\/www.libriparlanti.org\/index.php\/prodotto\/non-siamo-mai-stati-bravi-a-giocare-a-pa\/#primaryimage"},"thumbnailUrl":"https:\/\/www.libriparlanti.org\/wp-content\/uploads\/2021\/03\/wN4YjM0EzNxgDO4cTO.jpg","datePublished":"2021-03-31T17:08:56+00:00","dateModified":"2021-07-15T06:29:53+00:00","breadcrumb":{"@id":"https:\/\/www.libriparlanti.org\/index.php\/prodotto\/non-siamo-mai-stati-bravi-a-giocare-a-pa\/#breadcrumb"},"inLanguage":"it-IT","potentialAction":[{"@type":"ReadAction","target":["https:\/\/www.libriparlanti.org\/index.php\/prodotto\/non-siamo-mai-stati-bravi-a-giocare-a-pa\/"]}]},{"@type":"ImageObject","inLanguage":"it-IT","@id":"https:\/\/www.libriparlanti.org\/index.php\/prodotto\/non-siamo-mai-stati-bravi-a-giocare-a-pa\/#primaryimage","url":"https:\/\/www.libriparlanti.org\/wp-content\/uploads\/2021\/03\/wN4YjM0EzNxgDO4cTO.jpg","contentUrl":"https:\/\/www.libriparlanti.org\/wp-content\/uploads\/2021\/03\/wN4YjM0EzNxgDO4cTO.jpg","width":196,"height":300},{"@type":"BreadcrumbList","@id":"https:\/\/www.libriparlanti.org\/index.php\/prodotto\/non-siamo-mai-stati-bravi-a-giocare-a-pa\/#breadcrumb","itemListElement":[{"@type":"ListItem","position":1,"name":"Home","item":"https:\/\/www.libriparlanti.org\/"},{"@type":"ListItem","position":2,"name":"Shop","item":"https:\/\/www.libriparlanti.org\/index.php\/negozio\/"},{"@type":"ListItem","position":3,"name":"NON SIAMO MAI STATI BRAVI A GIOCARE A PA"}]},{"@type":"WebSite","@id":"https:\/\/www.libriparlanti.org\/#website","url":"https:\/\/www.libriparlanti.org\/","name":"Libreria Libri parlanti","description":"Libreria in Castiglione del Lago (Pg)","potentialAction":[{"@type":"SearchAction","target":{"@type":"EntryPoint","urlTemplate":"https:\/\/www.libriparlanti.org\/?s={search_term_string}"},"query-input":{"@type":"PropertyValueSpecification","valueRequired":true,"valueName":"search_term_string"}}],"inLanguage":"it-IT"}]}},"_links":{"self":[{"href":"https:\/\/www.libriparlanti.org\/index.php\/wp-json\/wp\/v2\/product\/14505","targetHints":{"allow":["GET"]}}],"collection":[{"href":"https:\/\/www.libriparlanti.org\/index.php\/wp-json\/wp\/v2\/product"}],"about":[{"href":"https:\/\/www.libriparlanti.org\/index.php\/wp-json\/wp\/v2\/types\/product"}],"replies":[{"embeddable":true,"href":"https:\/\/www.libriparlanti.org\/index.php\/wp-json\/wp\/v2\/comments?post=14505"}],"wp:featuredmedia":[{"embeddable":true,"href":"https:\/\/www.libriparlanti.org\/index.php\/wp-json\/wp\/v2\/media\/14504"}],"wp:attachment":[{"href":"https:\/\/www.libriparlanti.org\/index.php\/wp-json\/wp\/v2\/media?parent=14505"}],"wp:term":[{"taxonomy":"product_brand","embeddable":true,"href":"https:\/\/www.libriparlanti.org\/index.php\/wp-json\/wp\/v2\/product_brand?post=14505"},{"taxonomy":"product_cat","embeddable":true,"href":"https:\/\/www.libriparlanti.org\/index.php\/wp-json\/wp\/v2\/product_cat?post=14505"},{"taxonomy":"product_tag","embeddable":true,"href":"https:\/\/www.libriparlanti.org\/index.php\/wp-json\/wp\/v2\/product_tag?post=14505"}],"curies":[{"name":"wp","href":"https:\/\/api.w.org\/{rel}","templated":true}]}}