{"id":14392,"date":"2021-03-26T14:04:34","date_gmt":"2021-03-26T12:04:34","guid":{"rendered":"https:\/\/www.libriparlanti.org\/index.php\/prodotto\/colpevoli\/"},"modified":"2021-05-25T17:53:03","modified_gmt":"2021-05-25T15:53:03","slug":"colpevoli","status":"publish","type":"product","link":"https:\/\/www.libriparlanti.org\/index.php\/prodotto\/colpevoli\/","title":{"rendered":"COLPEVOLI"},"content":{"rendered":"<p>A quarant&#8217;anni dalla scoperta della P2, la testimonianza della giornalista che visse in prima persona il periodo pi\u00f9 nero della Prima repubblica Gelli e Andreotti. Ci sono loro al centro di molte sedute della Commissione che indag\u00f2 sulle trame eversive della loggia P2. Ma Belfagor e Belzeb\u00f9, come li soprannomin\u00f2 Craxi, non sono gli unici spettri che per decenni avvelenarono la nostra democrazia, coltivando nell&#8217;ombra la deviazione e l&#8217;inganno. Sandra Bonsanti ripercorre le fasi salienti di quelle indagini, che da coraggiosa giornalista document\u00f2 e approfond\u00ec in ogni loro fase. A quarant&#8217;anni dalla scoperta degli elenchi di Castiglion Fibocchi, le raccorda con i recenti esiti delle inchieste sulle stragi, aggiungendo numerosi dettagli inediti e toccanti ricordi personali. Scopriamo cos\u00ec di quando, nell&#8217;agosto del 1974, rinvenne insieme ai carabinieri un deposito di tritolo sulla ferrovia dov&#8217;era appena avvenuta la strage dell&#8217;Italicus. Di quando nel 1982 segu\u00ec la Commissione Anselmi a Otisville, negli Stati Uniti, per l&#8217;interrogatorio a Michele Sindona. Di quando nell&#8217;aprile del 1988 intervist\u00f2 Gelli, appena tornato libero, a Villa Wanda. Del suo incontro con i vecchi genitori del giudice Livatino ammazzato dalla mafia nel 1990, degli insulti che le rivolse Cossiga, forse piccato dai suoi articoli sulla P2. Come scrive Stefania Limiti nel suo dialogo con l&#8217;autrice in chiusura del libro, la storia della P2 e del suo ineffabile direttore parla ancora molto all&#8217;Italia di oggi. Sarebbe un micidiale errore archiviarla come uno spiacevole incidente di percorso.<\/p>\n","protected":false},"excerpt":{"rendered":"<p><em>Autore:<\/em> BONSANTI SANDRA<br \/>\n<em>Editore:<\/em> CHIARE LETTERE<br \/>\n<em>Collana:<\/em> REVERSE<br \/>\n<em>ISBN:<\/em> 9788832963854<\/p>\n","protected":false},"featured_media":14391,"comment_status":"closed","ping_status":"closed","template":"","meta":{"_et_pb_use_builder":"","_et_pb_old_content":"","_et_gb_content_width":"","_joinchat":[]},"product_brand":[],"product_cat":[1734],"product_tag":[],"class_list":{"0":"post-14392","1":"product","2":"type-product","3":"status-publish","4":"has-post-thumbnail","6":"product_cat-saggistica","8":"first","9":"instock","10":"taxable","11":"shipping-taxable","12":"purchasable","13":"product-type-simple"},"yoast_head":"<!-- This site is optimized with the Yoast SEO plugin v27.4 - https:\/\/yoast.com\/product\/yoast-seo-wordpress\/ -->\n<title>COLPEVOLI - Libreria Libri parlanti<\/title>\n<meta name=\"robots\" content=\"index, follow, max-snippet:-1, max-image-preview:large, max-video-preview:-1\" \/>\n<link rel=\"canonical\" href=\"https:\/\/www.libriparlanti.org\/index.php\/prodotto\/colpevoli\/\" \/>\n<meta property=\"og:locale\" content=\"it_IT\" \/>\n<meta property=\"og:type\" content=\"article\" \/>\n<meta property=\"og:title\" content=\"COLPEVOLI - Libreria Libri parlanti\" \/>\n<meta property=\"og:description\" content=\"Autore: BONSANTI SANDRA Editore: CHIARE LETTERE Collana: REVERSE ISBN: 9788832963854\" \/>\n<meta property=\"og:url\" content=\"https:\/\/www.libriparlanti.org\/index.php\/prodotto\/colpevoli\/\" \/>\n<meta property=\"og:site_name\" content=\"Libreria Libri parlanti\" \/>\n<meta property=\"article:publisher\" content=\"https:\/\/www.facebook.com\/LibriParlanti\" \/>\n<meta property=\"article:modified_time\" content=\"2021-05-25T15:53:03+00:00\" \/>\n<meta property=\"og:image\" content=\"https:\/\/www.libriparlanti.org\/wp-content\/uploads\/2021\/03\/AN1gzM2kjMzgDO4cTO.jpg\" \/>\n\t<meta property=\"og:image:width\" content=\"194\" \/>\n\t<meta property=\"og:image:height\" content=\"300\" \/>\n\t<meta property=\"og:image:type\" content=\"image\/jpeg\" \/>\n<meta name=\"twitter:card\" content=\"summary_large_image\" \/>\n<meta name=\"twitter:label1\" content=\"Tempo di lettura stimato\" \/>\n\t<meta name=\"twitter:data1\" content=\"1 minuto\" \/>\n<script type=\"application\/ld+json\" class=\"yoast-schema-graph\">{\"@context\":\"https:\\\/\\\/schema.org\",\"@graph\":[{\"@type\":\"WebPage\",\"@id\":\"https:\\\/\\\/www.libriparlanti.org\\\/index.php\\\/prodotto\\\/colpevoli\\\/\",\"url\":\"https:\\\/\\\/www.libriparlanti.org\\\/index.php\\\/prodotto\\\/colpevoli\\\/\",\"name\":\"COLPEVOLI - Libreria Libri parlanti\",\"isPartOf\":{\"@id\":\"https:\\\/\\\/www.libriparlanti.org\\\/#website\"},\"primaryImageOfPage\":{\"@id\":\"https:\\\/\\\/www.libriparlanti.org\\\/index.php\\\/prodotto\\\/colpevoli\\\/#primaryimage\"},\"image\":{\"@id\":\"https:\\\/\\\/www.libriparlanti.org\\\/index.php\\\/prodotto\\\/colpevoli\\\/#primaryimage\"},\"thumbnailUrl\":\"https:\\\/\\\/www.libriparlanti.org\\\/wp-content\\\/uploads\\\/2021\\\/03\\\/AN1gzM2kjMzgDO4cTO.jpg\",\"datePublished\":\"2021-03-26T12:04:34+00:00\",\"dateModified\":\"2021-05-25T15:53:03+00:00\",\"breadcrumb\":{\"@id\":\"https:\\\/\\\/www.libriparlanti.org\\\/index.php\\\/prodotto\\\/colpevoli\\\/#breadcrumb\"},\"inLanguage\":\"it-IT\",\"potentialAction\":[{\"@type\":\"ReadAction\",\"target\":[\"https:\\\/\\\/www.libriparlanti.org\\\/index.php\\\/prodotto\\\/colpevoli\\\/\"]}]},{\"@type\":\"ImageObject\",\"inLanguage\":\"it-IT\",\"@id\":\"https:\\\/\\\/www.libriparlanti.org\\\/index.php\\\/prodotto\\\/colpevoli\\\/#primaryimage\",\"url\":\"https:\\\/\\\/www.libriparlanti.org\\\/wp-content\\\/uploads\\\/2021\\\/03\\\/AN1gzM2kjMzgDO4cTO.jpg\",\"contentUrl\":\"https:\\\/\\\/www.libriparlanti.org\\\/wp-content\\\/uploads\\\/2021\\\/03\\\/AN1gzM2kjMzgDO4cTO.jpg\",\"width\":194,\"height\":300},{\"@type\":\"BreadcrumbList\",\"@id\":\"https:\\\/\\\/www.libriparlanti.org\\\/index.php\\\/prodotto\\\/colpevoli\\\/#breadcrumb\",\"itemListElement\":[{\"@type\":\"ListItem\",\"position\":1,\"name\":\"Home\",\"item\":\"https:\\\/\\\/www.libriparlanti.org\\\/\"},{\"@type\":\"ListItem\",\"position\":2,\"name\":\"Shop\",\"item\":\"https:\\\/\\\/www.libriparlanti.org\\\/index.php\\\/negozio\\\/\"},{\"@type\":\"ListItem\",\"position\":3,\"name\":\"COLPEVOLI\"}]},{\"@type\":\"WebSite\",\"@id\":\"https:\\\/\\\/www.libriparlanti.org\\\/#website\",\"url\":\"https:\\\/\\\/www.libriparlanti.org\\\/\",\"name\":\"Libreria Libri parlanti\",\"description\":\"Libreria in Castiglione del Lago (Pg)\",\"potentialAction\":[{\"@type\":\"SearchAction\",\"target\":{\"@type\":\"EntryPoint\",\"urlTemplate\":\"https:\\\/\\\/www.libriparlanti.org\\\/?s={search_term_string}\"},\"query-input\":{\"@type\":\"PropertyValueSpecification\",\"valueRequired\":true,\"valueName\":\"search_term_string\"}}],\"inLanguage\":\"it-IT\"}]}<\/script>\n<!-- \/ Yoast SEO plugin. -->","yoast_head_json":{"title":"COLPEVOLI - Libreria Libri parlanti","robots":{"index":"index","follow":"follow","max-snippet":"max-snippet:-1","max-image-preview":"max-image-preview:large","max-video-preview":"max-video-preview:-1"},"canonical":"https:\/\/www.libriparlanti.org\/index.php\/prodotto\/colpevoli\/","og_locale":"it_IT","og_type":"article","og_title":"COLPEVOLI - Libreria Libri parlanti","og_description":"Autore: BONSANTI SANDRA Editore: CHIARE LETTERE Collana: REVERSE ISBN: 9788832963854","og_url":"https:\/\/www.libriparlanti.org\/index.php\/prodotto\/colpevoli\/","og_site_name":"Libreria Libri parlanti","article_publisher":"https:\/\/www.facebook.com\/LibriParlanti","article_modified_time":"2021-05-25T15:53:03+00:00","og_image":[{"width":194,"height":300,"url":"https:\/\/www.libriparlanti.org\/wp-content\/uploads\/2021\/03\/AN1gzM2kjMzgDO4cTO.jpg","type":"image\/jpeg"}],"twitter_card":"summary_large_image","twitter_misc":{"Tempo di lettura stimato":"1 minuto"},"schema":{"@context":"https:\/\/schema.org","@graph":[{"@type":"WebPage","@id":"https:\/\/www.libriparlanti.org\/index.php\/prodotto\/colpevoli\/","url":"https:\/\/www.libriparlanti.org\/index.php\/prodotto\/colpevoli\/","name":"COLPEVOLI - Libreria Libri parlanti","isPartOf":{"@id":"https:\/\/www.libriparlanti.org\/#website"},"primaryImageOfPage":{"@id":"https:\/\/www.libriparlanti.org\/index.php\/prodotto\/colpevoli\/#primaryimage"},"image":{"@id":"https:\/\/www.libriparlanti.org\/index.php\/prodotto\/colpevoli\/#primaryimage"},"thumbnailUrl":"https:\/\/www.libriparlanti.org\/wp-content\/uploads\/2021\/03\/AN1gzM2kjMzgDO4cTO.jpg","datePublished":"2021-03-26T12:04:34+00:00","dateModified":"2021-05-25T15:53:03+00:00","breadcrumb":{"@id":"https:\/\/www.libriparlanti.org\/index.php\/prodotto\/colpevoli\/#breadcrumb"},"inLanguage":"it-IT","potentialAction":[{"@type":"ReadAction","target":["https:\/\/www.libriparlanti.org\/index.php\/prodotto\/colpevoli\/"]}]},{"@type":"ImageObject","inLanguage":"it-IT","@id":"https:\/\/www.libriparlanti.org\/index.php\/prodotto\/colpevoli\/#primaryimage","url":"https:\/\/www.libriparlanti.org\/wp-content\/uploads\/2021\/03\/AN1gzM2kjMzgDO4cTO.jpg","contentUrl":"https:\/\/www.libriparlanti.org\/wp-content\/uploads\/2021\/03\/AN1gzM2kjMzgDO4cTO.jpg","width":194,"height":300},{"@type":"BreadcrumbList","@id":"https:\/\/www.libriparlanti.org\/index.php\/prodotto\/colpevoli\/#breadcrumb","itemListElement":[{"@type":"ListItem","position":1,"name":"Home","item":"https:\/\/www.libriparlanti.org\/"},{"@type":"ListItem","position":2,"name":"Shop","item":"https:\/\/www.libriparlanti.org\/index.php\/negozio\/"},{"@type":"ListItem","position":3,"name":"COLPEVOLI"}]},{"@type":"WebSite","@id":"https:\/\/www.libriparlanti.org\/#website","url":"https:\/\/www.libriparlanti.org\/","name":"Libreria Libri parlanti","description":"Libreria in Castiglione del Lago (Pg)","potentialAction":[{"@type":"SearchAction","target":{"@type":"EntryPoint","urlTemplate":"https:\/\/www.libriparlanti.org\/?s={search_term_string}"},"query-input":{"@type":"PropertyValueSpecification","valueRequired":true,"valueName":"search_term_string"}}],"inLanguage":"it-IT"}]}},"_links":{"self":[{"href":"https:\/\/www.libriparlanti.org\/index.php\/wp-json\/wp\/v2\/product\/14392","targetHints":{"allow":["GET"]}}],"collection":[{"href":"https:\/\/www.libriparlanti.org\/index.php\/wp-json\/wp\/v2\/product"}],"about":[{"href":"https:\/\/www.libriparlanti.org\/index.php\/wp-json\/wp\/v2\/types\/product"}],"replies":[{"embeddable":true,"href":"https:\/\/www.libriparlanti.org\/index.php\/wp-json\/wp\/v2\/comments?post=14392"}],"wp:featuredmedia":[{"embeddable":true,"href":"https:\/\/www.libriparlanti.org\/index.php\/wp-json\/wp\/v2\/media\/14391"}],"wp:attachment":[{"href":"https:\/\/www.libriparlanti.org\/index.php\/wp-json\/wp\/v2\/media?parent=14392"}],"wp:term":[{"taxonomy":"product_brand","embeddable":true,"href":"https:\/\/www.libriparlanti.org\/index.php\/wp-json\/wp\/v2\/product_brand?post=14392"},{"taxonomy":"product_cat","embeddable":true,"href":"https:\/\/www.libriparlanti.org\/index.php\/wp-json\/wp\/v2\/product_cat?post=14392"},{"taxonomy":"product_tag","embeddable":true,"href":"https:\/\/www.libriparlanti.org\/index.php\/wp-json\/wp\/v2\/product_tag?post=14392"}],"curies":[{"name":"wp","href":"https:\/\/api.w.org\/{rel}","templated":true}]}}