{"id":14120,"date":"2021-03-24T10:35:33","date_gmt":"2021-03-24T08:35:33","guid":{"rendered":"https:\/\/www.libriparlanti.org\/index.php\/prodotto\/tablet-delle-regole-di-inglese\/"},"modified":"2025-04-11T12:42:10","modified_gmt":"2025-04-11T10:42:10","slug":"tablet-delle-regole-di-inglese","status":"publish","type":"product","link":"https:\/\/www.libriparlanti.org\/index.php\/prodotto\/tablet-delle-regole-di-inglese\/","title":{"rendered":"TABLET DELLE REGOLE DI INGLESE"},"content":{"rendered":"<p>Come un vero e proprio tablet, pratico e maneggevole, dove ogni informazione pu\u00f2 essere istantaneamente richiamata con un semplice touch, Tablet delle regole di inglese raccoglie i principali contenuti della lingua inglese, fonologia, ortografia, morfologia e lessico, affrontati nella scuola secondaria di primo grado. Progressivo livello di difficolt\u00e0 della materia: L&#8217;ordine di presentazione degli argomenti segue il progressivo livello di difficolt\u00e0 della materia cos\u00ec come viene affrontata dalla prima alla terza classe. Ciascun argomento \u00e8 introdotto da una mappa anticipatoria, che fornisce una visione di insieme dei concetti affrontati e aiuta a orientarsi e a focalizzare l&#8217;attenzione sui punti fondamentali. Spiegazione della regola: Ogni pagina \u00e8 dedicata alla spiegazione di una regola o alla presentazione degli elementi morfosintattici e delle strutture lessicali fondamentali della lingua inglese, ed \u00e8 introdotta da una vignetta illustrata che ne anticipa il contenuto. Una chiara presentazione: La presentazione dei contenuti accompagna l&#8217;alunno a riconoscere i vari elementi, a identificarne in modo chiaro le caratteristiche, differenziandoli, allo stesso tempo, da altri con i quali potrebbero confondersi. La struttura delle pagine, che si richiama costantemente, facilita infatti il recupero e il confronto delle informazioni. Un aiuto immediato \u00e8 offerto anche dagli strumenti di consultazione proposti all&#8217;interno delle alette di copertina, per trovare rapidamente frasi utili e phrasal verb. Consigliato a: Di facile consultazione, grazie a un&#8217;impostazione grafica a colori chiara e pulita e all&#8217;adozione di un lessico il pi\u00f9 possibile semplice e immediato, Tablet delle regole di inglese \u00e8 uno strumento per tutti gli studenti della scuola secondaria di primo grado, per gli insegnanti e i genitori e pu\u00f2 risultare molto efficace per gli alunni con Disturbi Specifici di Apprendimento.<\/p>\n","protected":false},"excerpt":{"rendered":"<p><em>Autore:<\/em> ANTONELLA PESCE<br \/>\n<em>Editore:<\/em> ERICKSON<br \/>\n<em>Collana:<\/em> I MATERIALI<br \/>\n<em>ISBN:<\/em> 9788859019381<\/p>\n","protected":false},"featured_media":14119,"comment_status":"closed","ping_status":"closed","template":"","meta":{"_et_pb_use_builder":"","_et_pb_old_content":"","_et_gb_content_width":"","_joinchat":[]},"product_brand":[],"product_cat":[959],"product_tag":[],"class_list":{"0":"post-14120","1":"product","2":"type-product","3":"status-publish","4":"has-post-thumbnail","6":"product_cat-senza-categoria","8":"first","9":"instock","10":"taxable","11":"shipping-taxable","12":"purchasable","13":"product-type-simple"},"yoast_head":"<!-- This site is optimized with the Yoast SEO plugin v27.3 - https:\/\/yoast.com\/product\/yoast-seo-wordpress\/ -->\n<title>TABLET DELLE REGOLE DI INGLESE - Libreria Libri parlanti<\/title>\n<meta name=\"robots\" content=\"index, follow, max-snippet:-1, max-image-preview:large, max-video-preview:-1\" \/>\n<link rel=\"canonical\" href=\"https:\/\/www.libriparlanti.org\/index.php\/prodotto\/tablet-delle-regole-di-inglese\/\" \/>\n<meta property=\"og:locale\" content=\"it_IT\" \/>\n<meta property=\"og:type\" content=\"article\" \/>\n<meta property=\"og:title\" content=\"TABLET DELLE REGOLE DI INGLESE - Libreria Libri parlanti\" \/>\n<meta property=\"og:description\" content=\"Autore: ANTONELLA PESCE Editore: ERICKSON Collana: I MATERIALI ISBN: 9788859019381\" \/>\n<meta property=\"og:url\" content=\"https:\/\/www.libriparlanti.org\/index.php\/prodotto\/tablet-delle-regole-di-inglese\/\" \/>\n<meta property=\"og:site_name\" content=\"Libreria Libri parlanti\" \/>\n<meta property=\"article:publisher\" content=\"https:\/\/www.facebook.com\/LibriParlanti\" \/>\n<meta property=\"article:modified_time\" content=\"2025-04-11T10:42:10+00:00\" \/>\n<meta property=\"og:image\" content=\"https:\/\/www.libriparlanti.org\/wp-content\/uploads\/2021\/03\/9788859019381.jpg\" \/>\n\t<meta property=\"og:image:width\" content=\"128\" \/>\n\t<meta property=\"og:image:height\" content=\"182\" \/>\n\t<meta property=\"og:image:type\" content=\"image\/jpeg\" \/>\n<meta name=\"twitter:card\" content=\"summary_large_image\" \/>\n<meta name=\"twitter:label1\" content=\"Tempo di lettura stimato\" \/>\n\t<meta name=\"twitter:data1\" content=\"1 minuto\" \/>\n<script type=\"application\/ld+json\" class=\"yoast-schema-graph\">{\"@context\":\"https:\\\/\\\/schema.org\",\"@graph\":[{\"@type\":\"WebPage\",\"@id\":\"https:\\\/\\\/www.libriparlanti.org\\\/index.php\\\/prodotto\\\/tablet-delle-regole-di-inglese\\\/\",\"url\":\"https:\\\/\\\/www.libriparlanti.org\\\/index.php\\\/prodotto\\\/tablet-delle-regole-di-inglese\\\/\",\"name\":\"TABLET DELLE REGOLE DI INGLESE - Libreria Libri parlanti\",\"isPartOf\":{\"@id\":\"https:\\\/\\\/www.libriparlanti.org\\\/#website\"},\"primaryImageOfPage\":{\"@id\":\"https:\\\/\\\/www.libriparlanti.org\\\/index.php\\\/prodotto\\\/tablet-delle-regole-di-inglese\\\/#primaryimage\"},\"image\":{\"@id\":\"https:\\\/\\\/www.libriparlanti.org\\\/index.php\\\/prodotto\\\/tablet-delle-regole-di-inglese\\\/#primaryimage\"},\"thumbnailUrl\":\"https:\\\/\\\/www.libriparlanti.org\\\/wp-content\\\/uploads\\\/2021\\\/03\\\/9788859019381.jpg\",\"datePublished\":\"2021-03-24T08:35:33+00:00\",\"dateModified\":\"2025-04-11T10:42:10+00:00\",\"breadcrumb\":{\"@id\":\"https:\\\/\\\/www.libriparlanti.org\\\/index.php\\\/prodotto\\\/tablet-delle-regole-di-inglese\\\/#breadcrumb\"},\"inLanguage\":\"it-IT\",\"potentialAction\":[{\"@type\":\"ReadAction\",\"target\":[\"https:\\\/\\\/www.libriparlanti.org\\\/index.php\\\/prodotto\\\/tablet-delle-regole-di-inglese\\\/\"]}]},{\"@type\":\"ImageObject\",\"inLanguage\":\"it-IT\",\"@id\":\"https:\\\/\\\/www.libriparlanti.org\\\/index.php\\\/prodotto\\\/tablet-delle-regole-di-inglese\\\/#primaryimage\",\"url\":\"https:\\\/\\\/www.libriparlanti.org\\\/wp-content\\\/uploads\\\/2021\\\/03\\\/9788859019381.jpg\",\"contentUrl\":\"https:\\\/\\\/www.libriparlanti.org\\\/wp-content\\\/uploads\\\/2021\\\/03\\\/9788859019381.jpg\",\"width\":128,\"height\":182},{\"@type\":\"BreadcrumbList\",\"@id\":\"https:\\\/\\\/www.libriparlanti.org\\\/index.php\\\/prodotto\\\/tablet-delle-regole-di-inglese\\\/#breadcrumb\",\"itemListElement\":[{\"@type\":\"ListItem\",\"position\":1,\"name\":\"Home\",\"item\":\"https:\\\/\\\/www.libriparlanti.org\\\/\"},{\"@type\":\"ListItem\",\"position\":2,\"name\":\"Shop\",\"item\":\"https:\\\/\\\/www.libriparlanti.org\\\/index.php\\\/negozio\\\/\"},{\"@type\":\"ListItem\",\"position\":3,\"name\":\"TABLET DELLE REGOLE DI INGLESE\"}]},{\"@type\":\"WebSite\",\"@id\":\"https:\\\/\\\/www.libriparlanti.org\\\/#website\",\"url\":\"https:\\\/\\\/www.libriparlanti.org\\\/\",\"name\":\"Libreria Libri parlanti\",\"description\":\"Libreria in Castiglione del Lago (Pg)\",\"potentialAction\":[{\"@type\":\"SearchAction\",\"target\":{\"@type\":\"EntryPoint\",\"urlTemplate\":\"https:\\\/\\\/www.libriparlanti.org\\\/?s={search_term_string}\"},\"query-input\":{\"@type\":\"PropertyValueSpecification\",\"valueRequired\":true,\"valueName\":\"search_term_string\"}}],\"inLanguage\":\"it-IT\"}]}<\/script>\n<!-- \/ Yoast SEO plugin. -->","yoast_head_json":{"title":"TABLET DELLE REGOLE DI INGLESE - Libreria Libri parlanti","robots":{"index":"index","follow":"follow","max-snippet":"max-snippet:-1","max-image-preview":"max-image-preview:large","max-video-preview":"max-video-preview:-1"},"canonical":"https:\/\/www.libriparlanti.org\/index.php\/prodotto\/tablet-delle-regole-di-inglese\/","og_locale":"it_IT","og_type":"article","og_title":"TABLET DELLE REGOLE DI INGLESE - Libreria Libri parlanti","og_description":"Autore: ANTONELLA PESCE Editore: ERICKSON Collana: I MATERIALI ISBN: 9788859019381","og_url":"https:\/\/www.libriparlanti.org\/index.php\/prodotto\/tablet-delle-regole-di-inglese\/","og_site_name":"Libreria Libri parlanti","article_publisher":"https:\/\/www.facebook.com\/LibriParlanti","article_modified_time":"2025-04-11T10:42:10+00:00","og_image":[{"width":128,"height":182,"url":"https:\/\/www.libriparlanti.org\/wp-content\/uploads\/2021\/03\/9788859019381.jpg","type":"image\/jpeg"}],"twitter_card":"summary_large_image","twitter_misc":{"Tempo di lettura stimato":"1 minuto"},"schema":{"@context":"https:\/\/schema.org","@graph":[{"@type":"WebPage","@id":"https:\/\/www.libriparlanti.org\/index.php\/prodotto\/tablet-delle-regole-di-inglese\/","url":"https:\/\/www.libriparlanti.org\/index.php\/prodotto\/tablet-delle-regole-di-inglese\/","name":"TABLET DELLE REGOLE DI INGLESE - Libreria Libri parlanti","isPartOf":{"@id":"https:\/\/www.libriparlanti.org\/#website"},"primaryImageOfPage":{"@id":"https:\/\/www.libriparlanti.org\/index.php\/prodotto\/tablet-delle-regole-di-inglese\/#primaryimage"},"image":{"@id":"https:\/\/www.libriparlanti.org\/index.php\/prodotto\/tablet-delle-regole-di-inglese\/#primaryimage"},"thumbnailUrl":"https:\/\/www.libriparlanti.org\/wp-content\/uploads\/2021\/03\/9788859019381.jpg","datePublished":"2021-03-24T08:35:33+00:00","dateModified":"2025-04-11T10:42:10+00:00","breadcrumb":{"@id":"https:\/\/www.libriparlanti.org\/index.php\/prodotto\/tablet-delle-regole-di-inglese\/#breadcrumb"},"inLanguage":"it-IT","potentialAction":[{"@type":"ReadAction","target":["https:\/\/www.libriparlanti.org\/index.php\/prodotto\/tablet-delle-regole-di-inglese\/"]}]},{"@type":"ImageObject","inLanguage":"it-IT","@id":"https:\/\/www.libriparlanti.org\/index.php\/prodotto\/tablet-delle-regole-di-inglese\/#primaryimage","url":"https:\/\/www.libriparlanti.org\/wp-content\/uploads\/2021\/03\/9788859019381.jpg","contentUrl":"https:\/\/www.libriparlanti.org\/wp-content\/uploads\/2021\/03\/9788859019381.jpg","width":128,"height":182},{"@type":"BreadcrumbList","@id":"https:\/\/www.libriparlanti.org\/index.php\/prodotto\/tablet-delle-regole-di-inglese\/#breadcrumb","itemListElement":[{"@type":"ListItem","position":1,"name":"Home","item":"https:\/\/www.libriparlanti.org\/"},{"@type":"ListItem","position":2,"name":"Shop","item":"https:\/\/www.libriparlanti.org\/index.php\/negozio\/"},{"@type":"ListItem","position":3,"name":"TABLET DELLE REGOLE DI INGLESE"}]},{"@type":"WebSite","@id":"https:\/\/www.libriparlanti.org\/#website","url":"https:\/\/www.libriparlanti.org\/","name":"Libreria Libri parlanti","description":"Libreria in Castiglione del Lago (Pg)","potentialAction":[{"@type":"SearchAction","target":{"@type":"EntryPoint","urlTemplate":"https:\/\/www.libriparlanti.org\/?s={search_term_string}"},"query-input":{"@type":"PropertyValueSpecification","valueRequired":true,"valueName":"search_term_string"}}],"inLanguage":"it-IT"}]}},"_links":{"self":[{"href":"https:\/\/www.libriparlanti.org\/index.php\/wp-json\/wp\/v2\/product\/14120","targetHints":{"allow":["GET"]}}],"collection":[{"href":"https:\/\/www.libriparlanti.org\/index.php\/wp-json\/wp\/v2\/product"}],"about":[{"href":"https:\/\/www.libriparlanti.org\/index.php\/wp-json\/wp\/v2\/types\/product"}],"replies":[{"embeddable":true,"href":"https:\/\/www.libriparlanti.org\/index.php\/wp-json\/wp\/v2\/comments?post=14120"}],"wp:featuredmedia":[{"embeddable":true,"href":"https:\/\/www.libriparlanti.org\/index.php\/wp-json\/wp\/v2\/media\/14119"}],"wp:attachment":[{"href":"https:\/\/www.libriparlanti.org\/index.php\/wp-json\/wp\/v2\/media?parent=14120"}],"wp:term":[{"taxonomy":"product_brand","embeddable":true,"href":"https:\/\/www.libriparlanti.org\/index.php\/wp-json\/wp\/v2\/product_brand?post=14120"},{"taxonomy":"product_cat","embeddable":true,"href":"https:\/\/www.libriparlanti.org\/index.php\/wp-json\/wp\/v2\/product_cat?post=14120"},{"taxonomy":"product_tag","embeddable":true,"href":"https:\/\/www.libriparlanti.org\/index.php\/wp-json\/wp\/v2\/product_tag?post=14120"}],"curies":[{"name":"wp","href":"https:\/\/api.w.org\/{rel}","templated":true}]}}