{"id":12719,"date":"2021-01-30T19:07:09","date_gmt":"2021-01-30T17:07:09","guid":{"rendered":"https:\/\/www.libriparlanti.org\/index.php\/prodotto\/basta-un-caffe-per-essere-felici\/"},"modified":"2023-06-12T10:12:22","modified_gmt":"2023-06-12T08:12:22","slug":"basta-un-caffe-per-essere-felici","status":"publish","type":"product","link":"https:\/\/www.libriparlanti.org\/index.php\/prodotto\/basta-un-caffe-per-essere-felici\/","title":{"rendered":"BASTA UN CAFF\u00c8 PER ESSERE FELICI"},"content":{"rendered":"<p>Accomodati a un tavolino. Gusta il tuo caff\u00e8. Lasciati sorprendere dalla vita.   L&#8217;aroma dolce del caff\u00e8 aleggia nell&#8217;aria fin dalle prime ore del mattino. Quando lo si avverte, \u00e8 impossibile non varcare la soglia della caffetteria da cui proviene. Un luogo, in un piccolo paese del Giappone, dove si pu\u00f2 essere protagonisti di un&#8217;esperienza indimenticabile. Basta entrare, lasciarsi servire e appoggiare le labbra alla tazzina per vivere di nuovo l&#8217;esatto istante in cui ci si \u00e8 trovati a prendere una decisione sbagliata. Per farlo, \u00e8 importante che ogni avventore stia attento a bere il caff\u00e8 finch\u00e9 \u00e8 caldo: una volta che ci si mette comodi, non si pu\u00f2 pi\u00f9 tornare indietro. \u00c8 cos\u00ec per Gotaro, che non \u00e8 mai riuscito ad aprirsi con la ragazza che ha cresciuto come una figlia. Yukio, che per inseguire i suoi sogni non \u00e8 stato vicino alla madre quando ne aveva pi\u00f9 bisogno. Katsuki, che per paura di far soffrire la fidanzata le ha taciuto una dolorosa verit\u00e0. O Kiyoshi, che non ha detto addio alla moglie come avrebbe voluto. Tutti loro hanno qualcosa in sospeso, ma si rendono presto conto che per ritrovare la felicit\u00e0 non serve cancellare il passato, bens\u00ec imparare a perdonare e a perdonarsi. Questo \u00e8 l&#8217;unico modo per guardare al futuro senza rimpianti e dare spazio a un nuovo inizio.<\/p>\n","protected":false},"excerpt":{"rendered":"<p><em>Autore:<\/em> TOSHIKAZU KAWAGUCHI<br \/>\n<em>Editore:<\/em> GARZANTI<br \/>\n<em>ISBN:<\/em> 9788811816812<br \/>\n<em>Pubblicazione:<\/em> 07\/01\/2021<\/p>\n","protected":false},"featured_media":12718,"comment_status":"closed","ping_status":"closed","template":"","meta":{"_et_pb_use_builder":"","_et_pb_old_content":"","_et_gb_content_width":"","_joinchat":[]},"product_brand":[],"product_cat":[959],"product_tag":[],"class_list":{"0":"post-12719","1":"product","2":"type-product","3":"status-publish","4":"has-post-thumbnail","6":"product_cat-senza-categoria","8":"first","9":"instock","10":"taxable","11":"shipping-taxable","12":"purchasable","13":"product-type-simple"},"yoast_head":"<!-- This site is optimized with the Yoast SEO plugin v27.3 - https:\/\/yoast.com\/product\/yoast-seo-wordpress\/ -->\n<title>BASTA UN CAFF\u00c8 PER ESSERE FELICI - Libreria Libri parlanti<\/title>\n<meta name=\"robots\" content=\"index, follow, max-snippet:-1, max-image-preview:large, max-video-preview:-1\" \/>\n<link rel=\"canonical\" href=\"https:\/\/www.libriparlanti.org\/index.php\/prodotto\/basta-un-caffe-per-essere-felici\/\" \/>\n<meta property=\"og:locale\" content=\"it_IT\" \/>\n<meta property=\"og:type\" content=\"article\" \/>\n<meta property=\"og:title\" content=\"BASTA UN CAFF\u00c8 PER ESSERE FELICI - Libreria Libri parlanti\" \/>\n<meta property=\"og:description\" content=\"Autore: TOSHIKAZU KAWAGUCHI Editore: GARZANTI ISBN: 9788811816812 Pubblicazione: 07\/01\/2021\" \/>\n<meta property=\"og:url\" content=\"https:\/\/www.libriparlanti.org\/index.php\/prodotto\/basta-un-caffe-per-essere-felici\/\" \/>\n<meta property=\"og:site_name\" content=\"Libreria Libri parlanti\" \/>\n<meta property=\"article:publisher\" content=\"https:\/\/www.facebook.com\/LibriParlanti\" \/>\n<meta property=\"article:modified_time\" content=\"2023-06-12T08:12:22+00:00\" \/>\n<meta property=\"og:image\" content=\"https:\/\/www.libriparlanti.org\/wp-content\/uploads\/2021\/01\/41rEtEgv200L._SY344_BO1204203200_.jpg\" \/>\n\t<meta property=\"og:image:width\" content=\"232\" \/>\n\t<meta property=\"og:image:height\" content=\"346\" \/>\n\t<meta property=\"og:image:type\" content=\"image\/jpeg\" \/>\n<meta name=\"twitter:card\" content=\"summary_large_image\" \/>\n<meta name=\"twitter:label1\" content=\"Tempo di lettura stimato\" \/>\n\t<meta name=\"twitter:data1\" content=\"1 minuto\" \/>\n<script type=\"application\/ld+json\" class=\"yoast-schema-graph\">{\"@context\":\"https:\\\/\\\/schema.org\",\"@graph\":[{\"@type\":\"WebPage\",\"@id\":\"https:\\\/\\\/www.libriparlanti.org\\\/index.php\\\/prodotto\\\/basta-un-caffe-per-essere-felici\\\/\",\"url\":\"https:\\\/\\\/www.libriparlanti.org\\\/index.php\\\/prodotto\\\/basta-un-caffe-per-essere-felici\\\/\",\"name\":\"BASTA UN CAFF\u00c8 PER ESSERE FELICI - Libreria Libri parlanti\",\"isPartOf\":{\"@id\":\"https:\\\/\\\/www.libriparlanti.org\\\/#website\"},\"primaryImageOfPage\":{\"@id\":\"https:\\\/\\\/www.libriparlanti.org\\\/index.php\\\/prodotto\\\/basta-un-caffe-per-essere-felici\\\/#primaryimage\"},\"image\":{\"@id\":\"https:\\\/\\\/www.libriparlanti.org\\\/index.php\\\/prodotto\\\/basta-un-caffe-per-essere-felici\\\/#primaryimage\"},\"thumbnailUrl\":\"https:\\\/\\\/www.libriparlanti.org\\\/wp-content\\\/uploads\\\/2021\\\/01\\\/41rEtEgv200L._SY344_BO1204203200_.jpg\",\"datePublished\":\"2021-01-30T17:07:09+00:00\",\"dateModified\":\"2023-06-12T08:12:22+00:00\",\"breadcrumb\":{\"@id\":\"https:\\\/\\\/www.libriparlanti.org\\\/index.php\\\/prodotto\\\/basta-un-caffe-per-essere-felici\\\/#breadcrumb\"},\"inLanguage\":\"it-IT\",\"potentialAction\":[{\"@type\":\"ReadAction\",\"target\":[\"https:\\\/\\\/www.libriparlanti.org\\\/index.php\\\/prodotto\\\/basta-un-caffe-per-essere-felici\\\/\"]}]},{\"@type\":\"ImageObject\",\"inLanguage\":\"it-IT\",\"@id\":\"https:\\\/\\\/www.libriparlanti.org\\\/index.php\\\/prodotto\\\/basta-un-caffe-per-essere-felici\\\/#primaryimage\",\"url\":\"https:\\\/\\\/www.libriparlanti.org\\\/wp-content\\\/uploads\\\/2021\\\/01\\\/41rEtEgv200L._SY344_BO1204203200_.jpg\",\"contentUrl\":\"https:\\\/\\\/www.libriparlanti.org\\\/wp-content\\\/uploads\\\/2021\\\/01\\\/41rEtEgv200L._SY344_BO1204203200_.jpg\",\"width\":232,\"height\":346},{\"@type\":\"BreadcrumbList\",\"@id\":\"https:\\\/\\\/www.libriparlanti.org\\\/index.php\\\/prodotto\\\/basta-un-caffe-per-essere-felici\\\/#breadcrumb\",\"itemListElement\":[{\"@type\":\"ListItem\",\"position\":1,\"name\":\"Home\",\"item\":\"https:\\\/\\\/www.libriparlanti.org\\\/\"},{\"@type\":\"ListItem\",\"position\":2,\"name\":\"Shop\",\"item\":\"https:\\\/\\\/www.libriparlanti.org\\\/index.php\\\/negozio\\\/\"},{\"@type\":\"ListItem\",\"position\":3,\"name\":\"BASTA UN CAFF\u00c8 PER ESSERE FELICI\"}]},{\"@type\":\"WebSite\",\"@id\":\"https:\\\/\\\/www.libriparlanti.org\\\/#website\",\"url\":\"https:\\\/\\\/www.libriparlanti.org\\\/\",\"name\":\"Libreria Libri parlanti\",\"description\":\"Libreria in Castiglione del Lago (Pg)\",\"potentialAction\":[{\"@type\":\"SearchAction\",\"target\":{\"@type\":\"EntryPoint\",\"urlTemplate\":\"https:\\\/\\\/www.libriparlanti.org\\\/?s={search_term_string}\"},\"query-input\":{\"@type\":\"PropertyValueSpecification\",\"valueRequired\":true,\"valueName\":\"search_term_string\"}}],\"inLanguage\":\"it-IT\"}]}<\/script>\n<!-- \/ Yoast SEO plugin. -->","yoast_head_json":{"title":"BASTA UN CAFF\u00c8 PER ESSERE FELICI - Libreria Libri parlanti","robots":{"index":"index","follow":"follow","max-snippet":"max-snippet:-1","max-image-preview":"max-image-preview:large","max-video-preview":"max-video-preview:-1"},"canonical":"https:\/\/www.libriparlanti.org\/index.php\/prodotto\/basta-un-caffe-per-essere-felici\/","og_locale":"it_IT","og_type":"article","og_title":"BASTA UN CAFF\u00c8 PER ESSERE FELICI - Libreria Libri parlanti","og_description":"Autore: TOSHIKAZU KAWAGUCHI Editore: GARZANTI ISBN: 9788811816812 Pubblicazione: 07\/01\/2021","og_url":"https:\/\/www.libriparlanti.org\/index.php\/prodotto\/basta-un-caffe-per-essere-felici\/","og_site_name":"Libreria Libri parlanti","article_publisher":"https:\/\/www.facebook.com\/LibriParlanti","article_modified_time":"2023-06-12T08:12:22+00:00","og_image":[{"width":232,"height":346,"url":"https:\/\/www.libriparlanti.org\/wp-content\/uploads\/2021\/01\/41rEtEgv200L._SY344_BO1204203200_.jpg","type":"image\/jpeg"}],"twitter_card":"summary_large_image","twitter_misc":{"Tempo di lettura stimato":"1 minuto"},"schema":{"@context":"https:\/\/schema.org","@graph":[{"@type":"WebPage","@id":"https:\/\/www.libriparlanti.org\/index.php\/prodotto\/basta-un-caffe-per-essere-felici\/","url":"https:\/\/www.libriparlanti.org\/index.php\/prodotto\/basta-un-caffe-per-essere-felici\/","name":"BASTA UN CAFF\u00c8 PER ESSERE FELICI - Libreria Libri parlanti","isPartOf":{"@id":"https:\/\/www.libriparlanti.org\/#website"},"primaryImageOfPage":{"@id":"https:\/\/www.libriparlanti.org\/index.php\/prodotto\/basta-un-caffe-per-essere-felici\/#primaryimage"},"image":{"@id":"https:\/\/www.libriparlanti.org\/index.php\/prodotto\/basta-un-caffe-per-essere-felici\/#primaryimage"},"thumbnailUrl":"https:\/\/www.libriparlanti.org\/wp-content\/uploads\/2021\/01\/41rEtEgv200L._SY344_BO1204203200_.jpg","datePublished":"2021-01-30T17:07:09+00:00","dateModified":"2023-06-12T08:12:22+00:00","breadcrumb":{"@id":"https:\/\/www.libriparlanti.org\/index.php\/prodotto\/basta-un-caffe-per-essere-felici\/#breadcrumb"},"inLanguage":"it-IT","potentialAction":[{"@type":"ReadAction","target":["https:\/\/www.libriparlanti.org\/index.php\/prodotto\/basta-un-caffe-per-essere-felici\/"]}]},{"@type":"ImageObject","inLanguage":"it-IT","@id":"https:\/\/www.libriparlanti.org\/index.php\/prodotto\/basta-un-caffe-per-essere-felici\/#primaryimage","url":"https:\/\/www.libriparlanti.org\/wp-content\/uploads\/2021\/01\/41rEtEgv200L._SY344_BO1204203200_.jpg","contentUrl":"https:\/\/www.libriparlanti.org\/wp-content\/uploads\/2021\/01\/41rEtEgv200L._SY344_BO1204203200_.jpg","width":232,"height":346},{"@type":"BreadcrumbList","@id":"https:\/\/www.libriparlanti.org\/index.php\/prodotto\/basta-un-caffe-per-essere-felici\/#breadcrumb","itemListElement":[{"@type":"ListItem","position":1,"name":"Home","item":"https:\/\/www.libriparlanti.org\/"},{"@type":"ListItem","position":2,"name":"Shop","item":"https:\/\/www.libriparlanti.org\/index.php\/negozio\/"},{"@type":"ListItem","position":3,"name":"BASTA UN CAFF\u00c8 PER ESSERE FELICI"}]},{"@type":"WebSite","@id":"https:\/\/www.libriparlanti.org\/#website","url":"https:\/\/www.libriparlanti.org\/","name":"Libreria Libri parlanti","description":"Libreria in Castiglione del Lago (Pg)","potentialAction":[{"@type":"SearchAction","target":{"@type":"EntryPoint","urlTemplate":"https:\/\/www.libriparlanti.org\/?s={search_term_string}"},"query-input":{"@type":"PropertyValueSpecification","valueRequired":true,"valueName":"search_term_string"}}],"inLanguage":"it-IT"}]}},"_links":{"self":[{"href":"https:\/\/www.libriparlanti.org\/index.php\/wp-json\/wp\/v2\/product\/12719","targetHints":{"allow":["GET"]}}],"collection":[{"href":"https:\/\/www.libriparlanti.org\/index.php\/wp-json\/wp\/v2\/product"}],"about":[{"href":"https:\/\/www.libriparlanti.org\/index.php\/wp-json\/wp\/v2\/types\/product"}],"replies":[{"embeddable":true,"href":"https:\/\/www.libriparlanti.org\/index.php\/wp-json\/wp\/v2\/comments?post=12719"}],"wp:featuredmedia":[{"embeddable":true,"href":"https:\/\/www.libriparlanti.org\/index.php\/wp-json\/wp\/v2\/media\/12718"}],"wp:attachment":[{"href":"https:\/\/www.libriparlanti.org\/index.php\/wp-json\/wp\/v2\/media?parent=12719"}],"wp:term":[{"taxonomy":"product_brand","embeddable":true,"href":"https:\/\/www.libriparlanti.org\/index.php\/wp-json\/wp\/v2\/product_brand?post=12719"},{"taxonomy":"product_cat","embeddable":true,"href":"https:\/\/www.libriparlanti.org\/index.php\/wp-json\/wp\/v2\/product_cat?post=12719"},{"taxonomy":"product_tag","embeddable":true,"href":"https:\/\/www.libriparlanti.org\/index.php\/wp-json\/wp\/v2\/product_tag?post=12719"}],"curies":[{"name":"wp","href":"https:\/\/api.w.org\/{rel}","templated":true}]}}