{"id":12522,"date":"2020-12-10T16:15:08","date_gmt":"2020-12-10T14:15:08","guid":{"rendered":"https:\/\/www.libriparlanti.org\/?post_type=product&#038;p=12522"},"modified":"2020-12-11T21:09:42","modified_gmt":"2020-12-11T19:09:42","slug":"la-partita","status":"publish","type":"product","link":"https:\/\/www.libriparlanti.org\/index.php\/prodotto\/la-partita\/","title":{"rendered":"La Partita"},"content":{"rendered":"<div id=\"attachment_12523\" style=\"width: 224px\" class=\"wp-caption alignnone\"><a href=\"https:\/\/www.libriparlanti.org\/wp-content\/uploads\/2020\/12\/download.jpeg\"><img loading=\"lazy\" decoding=\"async\" aria-describedby=\"caption-attachment-12523\" class=\"size-medium wp-image-12523\" src=\"https:\/\/www.libriparlanti.org\/wp-content\/uploads\/2020\/12\/download-214x300.jpeg\" alt=\"\" width=\"214\" height=\"300\" srcset=\"https:\/\/www.libriparlanti.org\/wp-content\/uploads\/2020\/12\/download-214x300.jpeg 214w, https:\/\/www.libriparlanti.org\/wp-content\/uploads\/2020\/12\/download-300x420.jpeg 300w, https:\/\/www.libriparlanti.org\/wp-content\/uploads\/2020\/12\/download.jpeg 364w\" sizes=\"(max-width: 214px) 100vw, 214px\" \/><\/a><p id=\"caption-attachment-12523\" class=\"wp-caption-text\">La PartitaNel pomeriggio pi\u00f9 caldo del secolo si incrociano i destini di un arbitro scampato all&#8217;Olocausto, un centravanti in attesa di rinascita, un capitano che ha fatto la rivoluzione, un fotoreporter con un dolore al petto, un portiere considerato bollito, un centrocampista con le scarpe dipinte, un commissario tecnico con la pipa e un inviato alla sua ultima estate. Si trovano tutti ai Mondiali di Spagna nel momento in cui l&#8217;Italia incontra il Brasile. E l&#8217;ultima partita prima della semifinale. Per arrivarci, ai sudamericani basta un punto. Dalla loro hanno la bellezza, gli elogi e il pronostico. Oltre all&#8217;allegria. Per gli azzurri, invece, chiusi nel loro silenzio e in guerra contro il Mondo, \u00e8 una sfida ai limiti dell&#8217;impossibile. Il sole \u00e8 ancora alto, lo stadio \u00e8 pieno, l&#8217;epilogo sembra scritto. A farlo sui giornali ci hanno gi\u00e0 pensato Gianni Brera e Mario Vargas Llosa. A pochi passi da loro, in tribuna, c&#8217;\u00e8 un bambino di dieci anni, si chiama Jos\u00e9 e non sa che diventer\u00e0 un simbolo. Gli altri, invece, non possono nemmeno immaginare che quella sar\u00e0 la pi\u00f9 grande partita mai giocata su un campo da calcio. Hanno tutti lo stesso sangue e nascondono segreti inconfessabili. Per conoscerli, per\u00f2, bisogna seguire dal principio i fili che li hanno condotti fino a quel 5 luglio del 1982 dentro lo stadio Sarria di Barcellona.<\/p><\/div>\n","protected":false},"excerpt":{"rendered":"<p><a href=\"https:\/\/www.libriparlanti.org\/wp-content\/uploads\/2020\/12\/download-1.jpeg\"><img loading=\"lazy\" decoding=\"async\" class=\"alignnone size-medium wp-image-12524\" src=\"https:\/\/www.libriparlanti.org\/wp-content\/uploads\/2020\/12\/download-1-214x300.jpeg\" alt=\"\" width=\"214\" height=\"300\" srcset=\"https:\/\/www.libriparlanti.org\/wp-content\/uploads\/2020\/12\/download-1-214x300.jpeg 214w, https:\/\/www.libriparlanti.org\/wp-content\/uploads\/2020\/12\/download-1-300x420.jpeg 300w, https:\/\/www.libriparlanti.org\/wp-content\/uploads\/2020\/12\/download-1.jpeg 364w\" sizes=\"(max-width: 214px) 100vw, 214px\" \/><\/a><\/p>\n","protected":false},"featured_media":12523,"comment_status":"open","ping_status":"closed","template":"","meta":{"_et_pb_use_builder":"","_et_pb_old_content":"","_et_gb_content_width":"","_joinchat":[]},"product_brand":[],"product_cat":[1730],"product_tag":[1960,1959,1957,1958],"class_list":{"0":"post-12522","1":"product","2":"type-product","3":"status-publish","4":"has-post-thumbnail","6":"product_cat-varia","7":"product_tag-calcio","8":"product_tag-la-partita","9":"product_tag-mondiali-82","10":"product_tag-trellini","12":"first","13":"instock","14":"taxable","15":"shipping-taxable","16":"purchasable","17":"product-type-simple"},"yoast_head":"<!-- This site is optimized with the Yoast SEO plugin v27.5 - https:\/\/yoast.com\/product\/yoast-seo-wordpress\/ -->\n<title>La Partita - Libreria Libri parlanti<\/title>\n<meta name=\"robots\" content=\"index, follow, max-snippet:-1, max-image-preview:large, max-video-preview:-1\" \/>\n<link rel=\"canonical\" href=\"https:\/\/www.libriparlanti.org\/index.php\/prodotto\/la-partita\/\" \/>\n<meta property=\"og:locale\" content=\"it_IT\" \/>\n<meta property=\"og:type\" content=\"article\" \/>\n<meta property=\"og:title\" content=\"La Partita - Libreria Libri parlanti\" \/>\n<meta property=\"og:url\" content=\"https:\/\/www.libriparlanti.org\/index.php\/prodotto\/la-partita\/\" \/>\n<meta property=\"og:site_name\" content=\"Libreria Libri parlanti\" \/>\n<meta property=\"article:publisher\" content=\"https:\/\/www.facebook.com\/LibriParlanti\" \/>\n<meta property=\"article:modified_time\" content=\"2020-12-11T19:09:42+00:00\" \/>\n<meta property=\"og:image\" content=\"https:\/\/www.libriparlanti.org\/wp-content\/uploads\/2020\/12\/download.jpeg\" \/>\n\t<meta property=\"og:image:width\" content=\"364\" \/>\n\t<meta property=\"og:image:height\" content=\"510\" \/>\n\t<meta property=\"og:image:type\" content=\"image\/jpeg\" \/>\n<meta name=\"twitter:card\" content=\"summary_large_image\" \/>\n<meta name=\"twitter:label1\" content=\"Tempo di lettura stimato\" \/>\n\t<meta name=\"twitter:data1\" content=\"1 minuto\" \/>\n<script type=\"application\/ld+json\" class=\"yoast-schema-graph\">{\"@context\":\"https:\\\/\\\/schema.org\",\"@graph\":[{\"@type\":\"WebPage\",\"@id\":\"https:\\\/\\\/www.libriparlanti.org\\\/index.php\\\/prodotto\\\/la-partita\\\/\",\"url\":\"https:\\\/\\\/www.libriparlanti.org\\\/index.php\\\/prodotto\\\/la-partita\\\/\",\"name\":\"La Partita - Libreria Libri parlanti\",\"isPartOf\":{\"@id\":\"https:\\\/\\\/www.libriparlanti.org\\\/#website\"},\"primaryImageOfPage\":{\"@id\":\"https:\\\/\\\/www.libriparlanti.org\\\/index.php\\\/prodotto\\\/la-partita\\\/#primaryimage\"},\"image\":{\"@id\":\"https:\\\/\\\/www.libriparlanti.org\\\/index.php\\\/prodotto\\\/la-partita\\\/#primaryimage\"},\"thumbnailUrl\":\"https:\\\/\\\/www.libriparlanti.org\\\/wp-content\\\/uploads\\\/2020\\\/12\\\/download.jpeg\",\"datePublished\":\"2020-12-10T14:15:08+00:00\",\"dateModified\":\"2020-12-11T19:09:42+00:00\",\"breadcrumb\":{\"@id\":\"https:\\\/\\\/www.libriparlanti.org\\\/index.php\\\/prodotto\\\/la-partita\\\/#breadcrumb\"},\"inLanguage\":\"it-IT\",\"potentialAction\":[{\"@type\":\"ReadAction\",\"target\":[\"https:\\\/\\\/www.libriparlanti.org\\\/index.php\\\/prodotto\\\/la-partita\\\/\"]}]},{\"@type\":\"ImageObject\",\"inLanguage\":\"it-IT\",\"@id\":\"https:\\\/\\\/www.libriparlanti.org\\\/index.php\\\/prodotto\\\/la-partita\\\/#primaryimage\",\"url\":\"https:\\\/\\\/www.libriparlanti.org\\\/wp-content\\\/uploads\\\/2020\\\/12\\\/download.jpeg\",\"contentUrl\":\"https:\\\/\\\/www.libriparlanti.org\\\/wp-content\\\/uploads\\\/2020\\\/12\\\/download.jpeg\",\"width\":364,\"height\":510,\"caption\":\"La Partita\"},{\"@type\":\"BreadcrumbList\",\"@id\":\"https:\\\/\\\/www.libriparlanti.org\\\/index.php\\\/prodotto\\\/la-partita\\\/#breadcrumb\",\"itemListElement\":[{\"@type\":\"ListItem\",\"position\":1,\"name\":\"Home\",\"item\":\"https:\\\/\\\/www.libriparlanti.org\\\/\"},{\"@type\":\"ListItem\",\"position\":2,\"name\":\"Shop\",\"item\":\"https:\\\/\\\/www.libriparlanti.org\\\/index.php\\\/negozio\\\/\"},{\"@type\":\"ListItem\",\"position\":3,\"name\":\"La Partita\"}]},{\"@type\":\"WebSite\",\"@id\":\"https:\\\/\\\/www.libriparlanti.org\\\/#website\",\"url\":\"https:\\\/\\\/www.libriparlanti.org\\\/\",\"name\":\"Libreria Libri parlanti\",\"description\":\"Libreria in Castiglione del Lago (Pg)\",\"potentialAction\":[{\"@type\":\"SearchAction\",\"target\":{\"@type\":\"EntryPoint\",\"urlTemplate\":\"https:\\\/\\\/www.libriparlanti.org\\\/?s={search_term_string}\"},\"query-input\":{\"@type\":\"PropertyValueSpecification\",\"valueRequired\":true,\"valueName\":\"search_term_string\"}}],\"inLanguage\":\"it-IT\"}]}<\/script>\n<!-- \/ Yoast SEO plugin. -->","yoast_head_json":{"title":"La Partita - Libreria Libri parlanti","robots":{"index":"index","follow":"follow","max-snippet":"max-snippet:-1","max-image-preview":"max-image-preview:large","max-video-preview":"max-video-preview:-1"},"canonical":"https:\/\/www.libriparlanti.org\/index.php\/prodotto\/la-partita\/","og_locale":"it_IT","og_type":"article","og_title":"La Partita - Libreria Libri parlanti","og_url":"https:\/\/www.libriparlanti.org\/index.php\/prodotto\/la-partita\/","og_site_name":"Libreria Libri parlanti","article_publisher":"https:\/\/www.facebook.com\/LibriParlanti","article_modified_time":"2020-12-11T19:09:42+00:00","og_image":[{"width":364,"height":510,"url":"https:\/\/www.libriparlanti.org\/wp-content\/uploads\/2020\/12\/download.jpeg","type":"image\/jpeg"}],"twitter_card":"summary_large_image","twitter_misc":{"Tempo di lettura stimato":"1 minuto"},"schema":{"@context":"https:\/\/schema.org","@graph":[{"@type":"WebPage","@id":"https:\/\/www.libriparlanti.org\/index.php\/prodotto\/la-partita\/","url":"https:\/\/www.libriparlanti.org\/index.php\/prodotto\/la-partita\/","name":"La Partita - Libreria Libri parlanti","isPartOf":{"@id":"https:\/\/www.libriparlanti.org\/#website"},"primaryImageOfPage":{"@id":"https:\/\/www.libriparlanti.org\/index.php\/prodotto\/la-partita\/#primaryimage"},"image":{"@id":"https:\/\/www.libriparlanti.org\/index.php\/prodotto\/la-partita\/#primaryimage"},"thumbnailUrl":"https:\/\/www.libriparlanti.org\/wp-content\/uploads\/2020\/12\/download.jpeg","datePublished":"2020-12-10T14:15:08+00:00","dateModified":"2020-12-11T19:09:42+00:00","breadcrumb":{"@id":"https:\/\/www.libriparlanti.org\/index.php\/prodotto\/la-partita\/#breadcrumb"},"inLanguage":"it-IT","potentialAction":[{"@type":"ReadAction","target":["https:\/\/www.libriparlanti.org\/index.php\/prodotto\/la-partita\/"]}]},{"@type":"ImageObject","inLanguage":"it-IT","@id":"https:\/\/www.libriparlanti.org\/index.php\/prodotto\/la-partita\/#primaryimage","url":"https:\/\/www.libriparlanti.org\/wp-content\/uploads\/2020\/12\/download.jpeg","contentUrl":"https:\/\/www.libriparlanti.org\/wp-content\/uploads\/2020\/12\/download.jpeg","width":364,"height":510,"caption":"La Partita"},{"@type":"BreadcrumbList","@id":"https:\/\/www.libriparlanti.org\/index.php\/prodotto\/la-partita\/#breadcrumb","itemListElement":[{"@type":"ListItem","position":1,"name":"Home","item":"https:\/\/www.libriparlanti.org\/"},{"@type":"ListItem","position":2,"name":"Shop","item":"https:\/\/www.libriparlanti.org\/index.php\/negozio\/"},{"@type":"ListItem","position":3,"name":"La Partita"}]},{"@type":"WebSite","@id":"https:\/\/www.libriparlanti.org\/#website","url":"https:\/\/www.libriparlanti.org\/","name":"Libreria Libri parlanti","description":"Libreria in Castiglione del Lago (Pg)","potentialAction":[{"@type":"SearchAction","target":{"@type":"EntryPoint","urlTemplate":"https:\/\/www.libriparlanti.org\/?s={search_term_string}"},"query-input":{"@type":"PropertyValueSpecification","valueRequired":true,"valueName":"search_term_string"}}],"inLanguage":"it-IT"}]}},"_links":{"self":[{"href":"https:\/\/www.libriparlanti.org\/index.php\/wp-json\/wp\/v2\/product\/12522","targetHints":{"allow":["GET"]}}],"collection":[{"href":"https:\/\/www.libriparlanti.org\/index.php\/wp-json\/wp\/v2\/product"}],"about":[{"href":"https:\/\/www.libriparlanti.org\/index.php\/wp-json\/wp\/v2\/types\/product"}],"replies":[{"embeddable":true,"href":"https:\/\/www.libriparlanti.org\/index.php\/wp-json\/wp\/v2\/comments?post=12522"}],"wp:featuredmedia":[{"embeddable":true,"href":"https:\/\/www.libriparlanti.org\/index.php\/wp-json\/wp\/v2\/media\/12523"}],"wp:attachment":[{"href":"https:\/\/www.libriparlanti.org\/index.php\/wp-json\/wp\/v2\/media?parent=12522"}],"wp:term":[{"taxonomy":"product_brand","embeddable":true,"href":"https:\/\/www.libriparlanti.org\/index.php\/wp-json\/wp\/v2\/product_brand?post=12522"},{"taxonomy":"product_cat","embeddable":true,"href":"https:\/\/www.libriparlanti.org\/index.php\/wp-json\/wp\/v2\/product_cat?post=12522"},{"taxonomy":"product_tag","embeddable":true,"href":"https:\/\/www.libriparlanti.org\/index.php\/wp-json\/wp\/v2\/product_tag?post=12522"}],"curies":[{"name":"wp","href":"https:\/\/api.w.org\/{rel}","templated":true}]}}