{"id":12132,"date":"2020-11-27T11:27:12","date_gmt":"2020-11-27T09:27:12","guid":{"rendered":"https:\/\/www.libriparlanti.org\/index.php\/prodotto\/lezioni-di-volo-e-di-atterraggio\/"},"modified":"2021-01-28T20:22:36","modified_gmt":"2021-01-28T18:22:36","slug":"lezioni-di-volo-e-di-atterraggio","status":"publish","type":"product","link":"https:\/\/www.libriparlanti.org\/index.php\/prodotto\/lezioni-di-volo-e-di-atterraggio\/","title":{"rendered":"LEZIONI DI VOLO E DI ATTERRAGGIO"},"content":{"rendered":"<p>Acquista una copia di Lezioni di volo e di atterraggio e potrai partecipare all&#8217;evento esclusivo online con Roberto Vecchioni. Partecipando alla diretta il 5 novembre alle 18.30 potrai scoprire di pi\u00f9 sul libro e interagire con l&#8217;autore. Non perdere questa occasione! Ci si d\u00e0 appuntamento in un parco, ci si mette sparsi, chi in piedi, chi sdraiato e chi in braccio a qualcun altro, dopodich\u00e9 si sceglie una parola e s&#8217;inizia. La scuola di Roberto Vecchioni \u00e8 un luogo in cui s&#8217;insegna senza impartire lezioni e lui, lo si sa gi\u00e0, \u00e8 un professore colto, originale, ma soprattutto appassionato, sempre disposto a quell&#8217;incantesimo che, con i ragazzi, balena diverso ogni giorno. Dietro, c&#8217;\u00e8 il sentimento di chi \u00e8 cresciuto tra le parole e sa che, con quelle stesse parole, i suoi ragazzi affronteranno la vita.<\/p>\n","protected":false},"excerpt":{"rendered":"<p><em>Autore:<\/em> ROBERTO VECCHIONI<br \/>\n<em>Editore:<\/em> EINAUDI<br \/>\n<em>ISBN:<\/em> 9788806248093<br \/>\n<em>Pubblicazione:<\/em> 27\/10\/2020<\/p>\n","protected":false},"featured_media":12131,"comment_status":"closed","ping_status":"closed","template":"","meta":{"_et_pb_use_builder":"","_et_pb_old_content":"","_et_gb_content_width":"","_joinchat":[]},"product_brand":[],"product_cat":[1730],"product_tag":[],"class_list":{"0":"post-12132","1":"product","2":"type-product","3":"status-publish","4":"has-post-thumbnail","6":"product_cat-varia","8":"first","9":"instock","10":"taxable","11":"shipping-taxable","12":"purchasable","13":"product-type-simple"},"yoast_head":"<!-- This site is optimized with the Yoast SEO plugin v27.5 - https:\/\/yoast.com\/product\/yoast-seo-wordpress\/ -->\n<title>LEZIONI DI VOLO E DI ATTERRAGGIO - Libreria Libri parlanti<\/title>\n<meta name=\"robots\" content=\"index, follow, max-snippet:-1, max-image-preview:large, max-video-preview:-1\" \/>\n<link rel=\"canonical\" href=\"https:\/\/www.libriparlanti.org\/index.php\/prodotto\/lezioni-di-volo-e-di-atterraggio\/\" \/>\n<meta property=\"og:locale\" content=\"it_IT\" \/>\n<meta property=\"og:type\" content=\"article\" \/>\n<meta property=\"og:title\" content=\"LEZIONI DI VOLO E DI ATTERRAGGIO - Libreria Libri parlanti\" \/>\n<meta property=\"og:description\" content=\"Autore: ROBERTO VECCHIONI Editore: EINAUDI ISBN: 9788806248093 Pubblicazione: 27\/10\/2020\" \/>\n<meta property=\"og:url\" content=\"https:\/\/www.libriparlanti.org\/index.php\/prodotto\/lezioni-di-volo-e-di-atterraggio\/\" \/>\n<meta property=\"og:site_name\" content=\"Libreria Libri parlanti\" \/>\n<meta property=\"article:publisher\" content=\"https:\/\/www.facebook.com\/LibriParlanti\" \/>\n<meta property=\"article:modified_time\" content=\"2021-01-28T18:22:36+00:00\" \/>\n<meta property=\"og:image\" content=\"https:\/\/www.libriparlanti.org\/wp-content\/uploads\/2020\/11\/9788806248093_0_221_0_75.jpg\" \/>\n\t<meta property=\"og:image:width\" content=\"221\" \/>\n\t<meta property=\"og:image:height\" content=\"342\" \/>\n\t<meta property=\"og:image:type\" content=\"image\/jpeg\" \/>\n<meta name=\"twitter:card\" content=\"summary_large_image\" \/>\n<meta name=\"twitter:label1\" content=\"Tempo di lettura stimato\" \/>\n\t<meta name=\"twitter:data1\" content=\"1 minuto\" \/>\n<script type=\"application\/ld+json\" class=\"yoast-schema-graph\">{\"@context\":\"https:\\\/\\\/schema.org\",\"@graph\":[{\"@type\":\"WebPage\",\"@id\":\"https:\\\/\\\/www.libriparlanti.org\\\/index.php\\\/prodotto\\\/lezioni-di-volo-e-di-atterraggio\\\/\",\"url\":\"https:\\\/\\\/www.libriparlanti.org\\\/index.php\\\/prodotto\\\/lezioni-di-volo-e-di-atterraggio\\\/\",\"name\":\"LEZIONI DI VOLO E DI ATTERRAGGIO - Libreria Libri parlanti\",\"isPartOf\":{\"@id\":\"https:\\\/\\\/www.libriparlanti.org\\\/#website\"},\"primaryImageOfPage\":{\"@id\":\"https:\\\/\\\/www.libriparlanti.org\\\/index.php\\\/prodotto\\\/lezioni-di-volo-e-di-atterraggio\\\/#primaryimage\"},\"image\":{\"@id\":\"https:\\\/\\\/www.libriparlanti.org\\\/index.php\\\/prodotto\\\/lezioni-di-volo-e-di-atterraggio\\\/#primaryimage\"},\"thumbnailUrl\":\"https:\\\/\\\/www.libriparlanti.org\\\/wp-content\\\/uploads\\\/2020\\\/11\\\/9788806248093_0_221_0_75.jpg\",\"datePublished\":\"2020-11-27T09:27:12+00:00\",\"dateModified\":\"2021-01-28T18:22:36+00:00\",\"breadcrumb\":{\"@id\":\"https:\\\/\\\/www.libriparlanti.org\\\/index.php\\\/prodotto\\\/lezioni-di-volo-e-di-atterraggio\\\/#breadcrumb\"},\"inLanguage\":\"it-IT\",\"potentialAction\":[{\"@type\":\"ReadAction\",\"target\":[\"https:\\\/\\\/www.libriparlanti.org\\\/index.php\\\/prodotto\\\/lezioni-di-volo-e-di-atterraggio\\\/\"]}]},{\"@type\":\"ImageObject\",\"inLanguage\":\"it-IT\",\"@id\":\"https:\\\/\\\/www.libriparlanti.org\\\/index.php\\\/prodotto\\\/lezioni-di-volo-e-di-atterraggio\\\/#primaryimage\",\"url\":\"https:\\\/\\\/www.libriparlanti.org\\\/wp-content\\\/uploads\\\/2020\\\/11\\\/9788806248093_0_221_0_75.jpg\",\"contentUrl\":\"https:\\\/\\\/www.libriparlanti.org\\\/wp-content\\\/uploads\\\/2020\\\/11\\\/9788806248093_0_221_0_75.jpg\",\"width\":221,\"height\":342},{\"@type\":\"BreadcrumbList\",\"@id\":\"https:\\\/\\\/www.libriparlanti.org\\\/index.php\\\/prodotto\\\/lezioni-di-volo-e-di-atterraggio\\\/#breadcrumb\",\"itemListElement\":[{\"@type\":\"ListItem\",\"position\":1,\"name\":\"Home\",\"item\":\"https:\\\/\\\/www.libriparlanti.org\\\/\"},{\"@type\":\"ListItem\",\"position\":2,\"name\":\"Shop\",\"item\":\"https:\\\/\\\/www.libriparlanti.org\\\/index.php\\\/negozio\\\/\"},{\"@type\":\"ListItem\",\"position\":3,\"name\":\"LEZIONI DI VOLO E DI ATTERRAGGIO\"}]},{\"@type\":\"WebSite\",\"@id\":\"https:\\\/\\\/www.libriparlanti.org\\\/#website\",\"url\":\"https:\\\/\\\/www.libriparlanti.org\\\/\",\"name\":\"Libreria Libri parlanti\",\"description\":\"Libreria in Castiglione del Lago (Pg)\",\"potentialAction\":[{\"@type\":\"SearchAction\",\"target\":{\"@type\":\"EntryPoint\",\"urlTemplate\":\"https:\\\/\\\/www.libriparlanti.org\\\/?s={search_term_string}\"},\"query-input\":{\"@type\":\"PropertyValueSpecification\",\"valueRequired\":true,\"valueName\":\"search_term_string\"}}],\"inLanguage\":\"it-IT\"}]}<\/script>\n<!-- \/ Yoast SEO plugin. -->","yoast_head_json":{"title":"LEZIONI DI VOLO E DI ATTERRAGGIO - Libreria Libri parlanti","robots":{"index":"index","follow":"follow","max-snippet":"max-snippet:-1","max-image-preview":"max-image-preview:large","max-video-preview":"max-video-preview:-1"},"canonical":"https:\/\/www.libriparlanti.org\/index.php\/prodotto\/lezioni-di-volo-e-di-atterraggio\/","og_locale":"it_IT","og_type":"article","og_title":"LEZIONI DI VOLO E DI ATTERRAGGIO - Libreria Libri parlanti","og_description":"Autore: ROBERTO VECCHIONI Editore: EINAUDI ISBN: 9788806248093 Pubblicazione: 27\/10\/2020","og_url":"https:\/\/www.libriparlanti.org\/index.php\/prodotto\/lezioni-di-volo-e-di-atterraggio\/","og_site_name":"Libreria Libri parlanti","article_publisher":"https:\/\/www.facebook.com\/LibriParlanti","article_modified_time":"2021-01-28T18:22:36+00:00","og_image":[{"width":221,"height":342,"url":"https:\/\/www.libriparlanti.org\/wp-content\/uploads\/2020\/11\/9788806248093_0_221_0_75.jpg","type":"image\/jpeg"}],"twitter_card":"summary_large_image","twitter_misc":{"Tempo di lettura stimato":"1 minuto"},"schema":{"@context":"https:\/\/schema.org","@graph":[{"@type":"WebPage","@id":"https:\/\/www.libriparlanti.org\/index.php\/prodotto\/lezioni-di-volo-e-di-atterraggio\/","url":"https:\/\/www.libriparlanti.org\/index.php\/prodotto\/lezioni-di-volo-e-di-atterraggio\/","name":"LEZIONI DI VOLO E DI ATTERRAGGIO - Libreria Libri parlanti","isPartOf":{"@id":"https:\/\/www.libriparlanti.org\/#website"},"primaryImageOfPage":{"@id":"https:\/\/www.libriparlanti.org\/index.php\/prodotto\/lezioni-di-volo-e-di-atterraggio\/#primaryimage"},"image":{"@id":"https:\/\/www.libriparlanti.org\/index.php\/prodotto\/lezioni-di-volo-e-di-atterraggio\/#primaryimage"},"thumbnailUrl":"https:\/\/www.libriparlanti.org\/wp-content\/uploads\/2020\/11\/9788806248093_0_221_0_75.jpg","datePublished":"2020-11-27T09:27:12+00:00","dateModified":"2021-01-28T18:22:36+00:00","breadcrumb":{"@id":"https:\/\/www.libriparlanti.org\/index.php\/prodotto\/lezioni-di-volo-e-di-atterraggio\/#breadcrumb"},"inLanguage":"it-IT","potentialAction":[{"@type":"ReadAction","target":["https:\/\/www.libriparlanti.org\/index.php\/prodotto\/lezioni-di-volo-e-di-atterraggio\/"]}]},{"@type":"ImageObject","inLanguage":"it-IT","@id":"https:\/\/www.libriparlanti.org\/index.php\/prodotto\/lezioni-di-volo-e-di-atterraggio\/#primaryimage","url":"https:\/\/www.libriparlanti.org\/wp-content\/uploads\/2020\/11\/9788806248093_0_221_0_75.jpg","contentUrl":"https:\/\/www.libriparlanti.org\/wp-content\/uploads\/2020\/11\/9788806248093_0_221_0_75.jpg","width":221,"height":342},{"@type":"BreadcrumbList","@id":"https:\/\/www.libriparlanti.org\/index.php\/prodotto\/lezioni-di-volo-e-di-atterraggio\/#breadcrumb","itemListElement":[{"@type":"ListItem","position":1,"name":"Home","item":"https:\/\/www.libriparlanti.org\/"},{"@type":"ListItem","position":2,"name":"Shop","item":"https:\/\/www.libriparlanti.org\/index.php\/negozio\/"},{"@type":"ListItem","position":3,"name":"LEZIONI DI VOLO E DI ATTERRAGGIO"}]},{"@type":"WebSite","@id":"https:\/\/www.libriparlanti.org\/#website","url":"https:\/\/www.libriparlanti.org\/","name":"Libreria Libri parlanti","description":"Libreria in Castiglione del Lago (Pg)","potentialAction":[{"@type":"SearchAction","target":{"@type":"EntryPoint","urlTemplate":"https:\/\/www.libriparlanti.org\/?s={search_term_string}"},"query-input":{"@type":"PropertyValueSpecification","valueRequired":true,"valueName":"search_term_string"}}],"inLanguage":"it-IT"}]}},"_links":{"self":[{"href":"https:\/\/www.libriparlanti.org\/index.php\/wp-json\/wp\/v2\/product\/12132","targetHints":{"allow":["GET"]}}],"collection":[{"href":"https:\/\/www.libriparlanti.org\/index.php\/wp-json\/wp\/v2\/product"}],"about":[{"href":"https:\/\/www.libriparlanti.org\/index.php\/wp-json\/wp\/v2\/types\/product"}],"replies":[{"embeddable":true,"href":"https:\/\/www.libriparlanti.org\/index.php\/wp-json\/wp\/v2\/comments?post=12132"}],"wp:featuredmedia":[{"embeddable":true,"href":"https:\/\/www.libriparlanti.org\/index.php\/wp-json\/wp\/v2\/media\/12131"}],"wp:attachment":[{"href":"https:\/\/www.libriparlanti.org\/index.php\/wp-json\/wp\/v2\/media?parent=12132"}],"wp:term":[{"taxonomy":"product_brand","embeddable":true,"href":"https:\/\/www.libriparlanti.org\/index.php\/wp-json\/wp\/v2\/product_brand?post=12132"},{"taxonomy":"product_cat","embeddable":true,"href":"https:\/\/www.libriparlanti.org\/index.php\/wp-json\/wp\/v2\/product_cat?post=12132"},{"taxonomy":"product_tag","embeddable":true,"href":"https:\/\/www.libriparlanti.org\/index.php\/wp-json\/wp\/v2\/product_tag?post=12132"}],"curies":[{"name":"wp","href":"https:\/\/api.w.org\/{rel}","templated":true}]}}