{"id":11822,"date":"2020-11-12T20:23:40","date_gmt":"2020-11-12T18:23:40","guid":{"rendered":"https:\/\/www.libriparlanti.org\/index.php\/prodotto\/tre-rimedi-per-un-cuore-spezzato\/"},"modified":"2021-04-03T09:10:21","modified_gmt":"2021-04-03T07:10:21","slug":"tre-rimedi-per-un-cuore-spezzato","status":"publish","type":"product","link":"https:\/\/www.libriparlanti.org\/index.php\/prodotto\/tre-rimedi-per-un-cuore-spezzato\/","title":{"rendered":"TRE RIMEDI PER UN CUORE SPEZZATO"},"content":{"rendered":"<p>\u00abMi chiamo Gabriele, come l&#8217;arcangelo\u00bb aveva detto, \u00abma qui in Germania \u00e8 un nome da donna. Il tuo invece che razza di nome \u00e8?\u00bb Galla si chiama cos\u00ec in onore dell&#8217;imperatrice Galla Placidia: \u00abDarmi quel nome \u00e8 stato uno dei pochi gesti coraggiosi di mia madre\u00bb. Da quando \u00e8 stata lasciata dal marito, improvvisamente e senza spiegazioni, passa le giornate sul divano a fissare la magnolia grandiflora del cortile, fantasticando di buttarsi dal balcone per sfuggire a un dolore insopportabile di cui si attribuisce ogni colpa. Esce di casa solo per vedere la psicanalista Anna Del Fante o per andare in carcere. \u00abDa quando Doug mi ha lasciata sto bene solo dentro. Canto con altre dieci volontarie in un coro di detenuti tossicodipendenti. Anche io devo disintossicarmi.\u00bb Durante il primo viaggio da sola, a Monaco di Baviera, entra per caso in un museo dove \u00e8 allestita la mostra della pittrice tedesca Gabriele M\u00fcnter. Galla, che da ragazza studiava arte, ricorda solo che la M\u00fcnter era nel gruppo del Cavaliere Azzurro con Vasilij Kandinskij. Ma quel giorno le sue opere \u00abcos\u00ec piene di colore e prive di gioia\u00bb la ipnotizzano. Da quel momento la voce di Gabriele entra nella vita di Galla: la tormenta, la prende in giro e intanto le racconta la sua lunga storia d&#8217;amore con Kandinskij, cos\u00ec simile a quella di Galla con Doug.<\/p>\n","protected":false},"excerpt":{"rendered":"<p><em>Autore:<\/em> BIGNARDI DARIA<br \/>\n<em>Editore:<\/em> MONDADORI ARNOLDO VARIA<br \/>\n<em>ISBN:<\/em> 9788804719847<br \/>\n<em>Pubblicazione:<\/em> 10\/11\/2020<\/p>\n","protected":false},"featured_media":11821,"comment_status":"closed","ping_status":"closed","template":"","meta":{"_et_pb_use_builder":"","_et_pb_old_content":"","_et_gb_content_width":"","_joinchat":[]},"product_brand":[],"product_cat":[1730],"product_tag":[],"class_list":{"0":"post-11822","1":"product","2":"type-product","3":"status-publish","4":"has-post-thumbnail","6":"product_cat-varia","8":"first","9":"instock","10":"taxable","11":"shipping-taxable","12":"purchasable","13":"product-type-simple"},"yoast_head":"<!-- This site is optimized with the Yoast SEO plugin v27.5 - https:\/\/yoast.com\/product\/yoast-seo-wordpress\/ -->\n<title>TRE RIMEDI PER UN CUORE SPEZZATO - Libreria Libri parlanti<\/title>\n<meta name=\"robots\" content=\"index, follow, max-snippet:-1, max-image-preview:large, max-video-preview:-1\" \/>\n<link rel=\"canonical\" href=\"https:\/\/www.libriparlanti.org\/index.php\/prodotto\/tre-rimedi-per-un-cuore-spezzato\/\" \/>\n<meta property=\"og:locale\" content=\"it_IT\" \/>\n<meta property=\"og:type\" content=\"article\" \/>\n<meta property=\"og:title\" content=\"TRE RIMEDI PER UN CUORE SPEZZATO - Libreria Libri parlanti\" \/>\n<meta property=\"og:description\" content=\"Autore: BIGNARDI DARIA Editore: MONDADORI ARNOLDO VARIA ISBN: 9788804719847 Pubblicazione: 10\/11\/2020\" \/>\n<meta property=\"og:url\" content=\"https:\/\/www.libriparlanti.org\/index.php\/prodotto\/tre-rimedi-per-un-cuore-spezzato\/\" \/>\n<meta property=\"og:site_name\" content=\"Libreria Libri parlanti\" \/>\n<meta property=\"article:publisher\" content=\"https:\/\/www.facebook.com\/LibriParlanti\" \/>\n<meta property=\"article:modified_time\" content=\"2021-04-03T07:10:21+00:00\" \/>\n<meta property=\"og:image\" content=\"https:\/\/www.libriparlanti.org\/wp-content\/uploads\/2020\/11\/9788804719847.jpg\" \/>\n\t<meta property=\"og:image:width\" content=\"195\" \/>\n\t<meta property=\"og:image:height\" content=\"300\" \/>\n\t<meta property=\"og:image:type\" content=\"image\/jpeg\" \/>\n<meta name=\"twitter:card\" content=\"summary_large_image\" \/>\n<meta name=\"twitter:label1\" content=\"Tempo di lettura stimato\" \/>\n\t<meta name=\"twitter:data1\" content=\"1 minuto\" \/>\n<script type=\"application\/ld+json\" class=\"yoast-schema-graph\">{\"@context\":\"https:\\\/\\\/schema.org\",\"@graph\":[{\"@type\":\"WebPage\",\"@id\":\"https:\\\/\\\/www.libriparlanti.org\\\/index.php\\\/prodotto\\\/tre-rimedi-per-un-cuore-spezzato\\\/\",\"url\":\"https:\\\/\\\/www.libriparlanti.org\\\/index.php\\\/prodotto\\\/tre-rimedi-per-un-cuore-spezzato\\\/\",\"name\":\"TRE RIMEDI PER UN CUORE SPEZZATO - Libreria Libri parlanti\",\"isPartOf\":{\"@id\":\"https:\\\/\\\/www.libriparlanti.org\\\/#website\"},\"primaryImageOfPage\":{\"@id\":\"https:\\\/\\\/www.libriparlanti.org\\\/index.php\\\/prodotto\\\/tre-rimedi-per-un-cuore-spezzato\\\/#primaryimage\"},\"image\":{\"@id\":\"https:\\\/\\\/www.libriparlanti.org\\\/index.php\\\/prodotto\\\/tre-rimedi-per-un-cuore-spezzato\\\/#primaryimage\"},\"thumbnailUrl\":\"https:\\\/\\\/www.libriparlanti.org\\\/wp-content\\\/uploads\\\/2020\\\/11\\\/9788804719847.jpg\",\"datePublished\":\"2020-11-12T18:23:40+00:00\",\"dateModified\":\"2021-04-03T07:10:21+00:00\",\"breadcrumb\":{\"@id\":\"https:\\\/\\\/www.libriparlanti.org\\\/index.php\\\/prodotto\\\/tre-rimedi-per-un-cuore-spezzato\\\/#breadcrumb\"},\"inLanguage\":\"it-IT\",\"potentialAction\":[{\"@type\":\"ReadAction\",\"target\":[\"https:\\\/\\\/www.libriparlanti.org\\\/index.php\\\/prodotto\\\/tre-rimedi-per-un-cuore-spezzato\\\/\"]}]},{\"@type\":\"ImageObject\",\"inLanguage\":\"it-IT\",\"@id\":\"https:\\\/\\\/www.libriparlanti.org\\\/index.php\\\/prodotto\\\/tre-rimedi-per-un-cuore-spezzato\\\/#primaryimage\",\"url\":\"https:\\\/\\\/www.libriparlanti.org\\\/wp-content\\\/uploads\\\/2020\\\/11\\\/9788804719847.jpg\",\"contentUrl\":\"https:\\\/\\\/www.libriparlanti.org\\\/wp-content\\\/uploads\\\/2020\\\/11\\\/9788804719847.jpg\",\"width\":195,\"height\":300},{\"@type\":\"BreadcrumbList\",\"@id\":\"https:\\\/\\\/www.libriparlanti.org\\\/index.php\\\/prodotto\\\/tre-rimedi-per-un-cuore-spezzato\\\/#breadcrumb\",\"itemListElement\":[{\"@type\":\"ListItem\",\"position\":1,\"name\":\"Home\",\"item\":\"https:\\\/\\\/www.libriparlanti.org\\\/\"},{\"@type\":\"ListItem\",\"position\":2,\"name\":\"Shop\",\"item\":\"https:\\\/\\\/www.libriparlanti.org\\\/index.php\\\/negozio\\\/\"},{\"@type\":\"ListItem\",\"position\":3,\"name\":\"TRE RIMEDI PER UN CUORE SPEZZATO\"}]},{\"@type\":\"WebSite\",\"@id\":\"https:\\\/\\\/www.libriparlanti.org\\\/#website\",\"url\":\"https:\\\/\\\/www.libriparlanti.org\\\/\",\"name\":\"Libreria Libri parlanti\",\"description\":\"Libreria in Castiglione del Lago (Pg)\",\"potentialAction\":[{\"@type\":\"SearchAction\",\"target\":{\"@type\":\"EntryPoint\",\"urlTemplate\":\"https:\\\/\\\/www.libriparlanti.org\\\/?s={search_term_string}\"},\"query-input\":{\"@type\":\"PropertyValueSpecification\",\"valueRequired\":true,\"valueName\":\"search_term_string\"}}],\"inLanguage\":\"it-IT\"}]}<\/script>\n<!-- \/ Yoast SEO plugin. -->","yoast_head_json":{"title":"TRE RIMEDI PER UN CUORE SPEZZATO - Libreria Libri parlanti","robots":{"index":"index","follow":"follow","max-snippet":"max-snippet:-1","max-image-preview":"max-image-preview:large","max-video-preview":"max-video-preview:-1"},"canonical":"https:\/\/www.libriparlanti.org\/index.php\/prodotto\/tre-rimedi-per-un-cuore-spezzato\/","og_locale":"it_IT","og_type":"article","og_title":"TRE RIMEDI PER UN CUORE SPEZZATO - Libreria Libri parlanti","og_description":"Autore: BIGNARDI DARIA Editore: MONDADORI ARNOLDO VARIA ISBN: 9788804719847 Pubblicazione: 10\/11\/2020","og_url":"https:\/\/www.libriparlanti.org\/index.php\/prodotto\/tre-rimedi-per-un-cuore-spezzato\/","og_site_name":"Libreria Libri parlanti","article_publisher":"https:\/\/www.facebook.com\/LibriParlanti","article_modified_time":"2021-04-03T07:10:21+00:00","og_image":[{"width":195,"height":300,"url":"https:\/\/www.libriparlanti.org\/wp-content\/uploads\/2020\/11\/9788804719847.jpg","type":"image\/jpeg"}],"twitter_card":"summary_large_image","twitter_misc":{"Tempo di lettura stimato":"1 minuto"},"schema":{"@context":"https:\/\/schema.org","@graph":[{"@type":"WebPage","@id":"https:\/\/www.libriparlanti.org\/index.php\/prodotto\/tre-rimedi-per-un-cuore-spezzato\/","url":"https:\/\/www.libriparlanti.org\/index.php\/prodotto\/tre-rimedi-per-un-cuore-spezzato\/","name":"TRE RIMEDI PER UN CUORE SPEZZATO - Libreria Libri parlanti","isPartOf":{"@id":"https:\/\/www.libriparlanti.org\/#website"},"primaryImageOfPage":{"@id":"https:\/\/www.libriparlanti.org\/index.php\/prodotto\/tre-rimedi-per-un-cuore-spezzato\/#primaryimage"},"image":{"@id":"https:\/\/www.libriparlanti.org\/index.php\/prodotto\/tre-rimedi-per-un-cuore-spezzato\/#primaryimage"},"thumbnailUrl":"https:\/\/www.libriparlanti.org\/wp-content\/uploads\/2020\/11\/9788804719847.jpg","datePublished":"2020-11-12T18:23:40+00:00","dateModified":"2021-04-03T07:10:21+00:00","breadcrumb":{"@id":"https:\/\/www.libriparlanti.org\/index.php\/prodotto\/tre-rimedi-per-un-cuore-spezzato\/#breadcrumb"},"inLanguage":"it-IT","potentialAction":[{"@type":"ReadAction","target":["https:\/\/www.libriparlanti.org\/index.php\/prodotto\/tre-rimedi-per-un-cuore-spezzato\/"]}]},{"@type":"ImageObject","inLanguage":"it-IT","@id":"https:\/\/www.libriparlanti.org\/index.php\/prodotto\/tre-rimedi-per-un-cuore-spezzato\/#primaryimage","url":"https:\/\/www.libriparlanti.org\/wp-content\/uploads\/2020\/11\/9788804719847.jpg","contentUrl":"https:\/\/www.libriparlanti.org\/wp-content\/uploads\/2020\/11\/9788804719847.jpg","width":195,"height":300},{"@type":"BreadcrumbList","@id":"https:\/\/www.libriparlanti.org\/index.php\/prodotto\/tre-rimedi-per-un-cuore-spezzato\/#breadcrumb","itemListElement":[{"@type":"ListItem","position":1,"name":"Home","item":"https:\/\/www.libriparlanti.org\/"},{"@type":"ListItem","position":2,"name":"Shop","item":"https:\/\/www.libriparlanti.org\/index.php\/negozio\/"},{"@type":"ListItem","position":3,"name":"TRE RIMEDI PER UN CUORE SPEZZATO"}]},{"@type":"WebSite","@id":"https:\/\/www.libriparlanti.org\/#website","url":"https:\/\/www.libriparlanti.org\/","name":"Libreria Libri parlanti","description":"Libreria in Castiglione del Lago (Pg)","potentialAction":[{"@type":"SearchAction","target":{"@type":"EntryPoint","urlTemplate":"https:\/\/www.libriparlanti.org\/?s={search_term_string}"},"query-input":{"@type":"PropertyValueSpecification","valueRequired":true,"valueName":"search_term_string"}}],"inLanguage":"it-IT"}]}},"_links":{"self":[{"href":"https:\/\/www.libriparlanti.org\/index.php\/wp-json\/wp\/v2\/product\/11822","targetHints":{"allow":["GET"]}}],"collection":[{"href":"https:\/\/www.libriparlanti.org\/index.php\/wp-json\/wp\/v2\/product"}],"about":[{"href":"https:\/\/www.libriparlanti.org\/index.php\/wp-json\/wp\/v2\/types\/product"}],"replies":[{"embeddable":true,"href":"https:\/\/www.libriparlanti.org\/index.php\/wp-json\/wp\/v2\/comments?post=11822"}],"wp:featuredmedia":[{"embeddable":true,"href":"https:\/\/www.libriparlanti.org\/index.php\/wp-json\/wp\/v2\/media\/11821"}],"wp:attachment":[{"href":"https:\/\/www.libriparlanti.org\/index.php\/wp-json\/wp\/v2\/media?parent=11822"}],"wp:term":[{"taxonomy":"product_brand","embeddable":true,"href":"https:\/\/www.libriparlanti.org\/index.php\/wp-json\/wp\/v2\/product_brand?post=11822"},{"taxonomy":"product_cat","embeddable":true,"href":"https:\/\/www.libriparlanti.org\/index.php\/wp-json\/wp\/v2\/product_cat?post=11822"},{"taxonomy":"product_tag","embeddable":true,"href":"https:\/\/www.libriparlanti.org\/index.php\/wp-json\/wp\/v2\/product_tag?post=11822"}],"curies":[{"name":"wp","href":"https:\/\/api.w.org\/{rel}","templated":true}]}}