{"id":11471,"date":"2020-10-31T22:50:38","date_gmt":"2020-10-31T20:50:38","guid":{"rendered":"https:\/\/www.libriparlanti.org\/?post_type=product&#038;p=11471"},"modified":"2020-10-31T22:50:38","modified_gmt":"2020-10-31T20:50:38","slug":"canada","status":"publish","type":"product","link":"https:\/\/www.libriparlanti.org\/index.php\/prodotto\/canada\/","title":{"rendered":"CANADA"},"content":{"rendered":"<div id=\"attachment_11472\" style=\"width: 203px\" class=\"wp-caption alignnone\"><a href=\"https:\/\/www.libriparlanti.org\/wp-content\/uploads\/2020\/10\/CANADA.jpg\"><img loading=\"lazy\" decoding=\"async\" aria-describedby=\"caption-attachment-11472\" class=\"size-full wp-image-11472\" src=\"https:\/\/www.libriparlanti.org\/wp-content\/uploads\/2020\/10\/CANADA.jpg\" alt=\"\" width=\"193\" height=\"300\"><\/a><p id=\"caption-attachment-11472\" class=\"wp-caption-text\">CANADA RICHARD FORD<\/p><\/div>\n<p>&#8220;Prima di tutto parler\u00f2 della rapina commessa dai nostri genitori. Poi degli omicidi, che avvennero pi\u00f9 tardi.&#8221; Ai nostri giorni, a distanza di mezzo secolo dai fatti, il professor Dell Parsons, americano trapiantato in Canada e alla vigilia della pensione, ricorda i due avvenimenti che hanno impresso una svolta decisiva alla sua vita e a quella di Berner, la sua gemella. Nel 1960, l&#8217;anno dei fatti criminosi, Dell e Berner hanno quindici anni e i Parsons sono una famiglia americana assolutamente normale, da cui sarebbe stato assurdo aspettarsi cose simili. Ma, come scrive Richard Ford, &#8220;il preludio a cose molto brutte pu\u00f2 essere ridicolo, ma pu\u00f2 anche essere casuale e insignificante. Cosa che merita di essere riconosciuta perch\u00e9 indica il punto da cui possono originarsi eventi disastrosi: a un pelo dalla vita di tutti i giorni&#8221;.<\/p>\n","protected":false},"excerpt":{"rendered":"<p>&#8220;Prima di tutto parler\u00f2 della rapina commessa dai nostri genitori. Poi degli omicidi, che avvennero pi\u00f9 tardi.&#8221; Ai nostri giorni, a distanza di mezzo secolo dai fatti, il professor Dell Parsons, americano trapiantato in Canada e alla vigilia della pensione, ricorda i due avvenimenti che hanno impresso una svolta decisiva alla sua vita e a quella di Berner, la sua gemella. Nel 1960, l&#8217;anno dei fatti criminosi, Dell e Berner hanno quindici anni e i Parsons sono una famiglia americana assolutamente normale, da cui sarebbe stato assurdo aspettarsi cose simili. Ma, come scrive Richard Ford, &#8220;il preludio a cose molto brutte pu\u00f2 essere ridicolo, ma pu\u00f2 anche essere casuale e insignificante. Cosa che merita di essere riconosciuta perch\u00e9 indica il punto da cui possono originarsi eventi disastrosi: a un pelo dalla vita di tutti i giorni&#8221;.<\/p>\n<div id=\"attachment_11472\" style=\"width: 203px\" class=\"wp-caption alignnone\"><a href=\"https:\/\/www.libriparlanti.org\/wp-content\/uploads\/2020\/10\/CANADA.jpg\"><img loading=\"lazy\" decoding=\"async\" aria-describedby=\"caption-attachment-11472\" class=\"size-full wp-image-11472\" src=\"https:\/\/www.libriparlanti.org\/wp-content\/uploads\/2020\/10\/CANADA.jpg\" alt=\"\" width=\"193\" height=\"300\"><\/a><p id=\"caption-attachment-11472\" class=\"wp-caption-text\">CANADA RICHARD FORD<\/p><\/div>\n","protected":false},"featured_media":11474,"comment_status":"open","ping_status":"closed","template":"","meta":{"_et_pb_use_builder":"","_et_pb_old_content":"","_et_gb_content_width":"","_joinchat":[]},"product_brand":[],"product_cat":[1736,1730],"product_tag":[1897,1898],"class_list":{"0":"post-11471","1":"product","2":"type-product","3":"status-publish","4":"has-post-thumbnail","6":"product_cat-narrativa","7":"product_cat-varia","8":"product_tag-canada","9":"product_tag-richard-ford","11":"first","12":"instock","13":"taxable","14":"shipping-taxable","15":"purchasable","16":"product-type-simple"},"yoast_head":"<!-- This site is optimized with the Yoast SEO plugin v27.4 - https:\/\/yoast.com\/product\/yoast-seo-wordpress\/ -->\n<title>CANADA - Libreria Libri parlanti<\/title>\n<meta name=\"robots\" content=\"index, follow, max-snippet:-1, max-image-preview:large, max-video-preview:-1\" \/>\n<link rel=\"canonical\" href=\"https:\/\/www.libriparlanti.org\/index.php\/prodotto\/canada\/\" \/>\n<meta property=\"og:locale\" content=\"it_IT\" \/>\n<meta property=\"og:type\" content=\"article\" \/>\n<meta property=\"og:title\" content=\"CANADA - Libreria Libri parlanti\" \/>\n<meta property=\"og:description\" content=\"&quot;Prima di tutto parler\u00f2 della rapina commessa dai nostri genitori. Poi degli omicidi, che avvennero pi\u00f9 tardi.&quot; Ai nostri giorni, a distanza di mezzo secolo dai fatti, il professor Dell Parsons, americano trapiantato in Canada e alla vigilia della pensione, ricorda i due avvenimenti che hanno impresso una svolta decisiva alla sua vita e a quella di Berner, la sua gemella. Nel 1960, l&#039;anno dei fatti criminosi, Dell e Berner hanno quindici anni e i Parsons sono una famiglia americana assolutamente normale, da cui sarebbe stato assurdo aspettarsi cose simili. Ma, come scrive Richard Ford, &quot;il preludio a cose molto brutte pu\u00f2 essere ridicolo, ma pu\u00f2 anche essere casuale e insignificante. Cosa che merita di essere riconosciuta perch\u00e9 indica il punto da cui possono originarsi eventi disastrosi: a un pelo dalla vita di tutti i giorni&quot;.\" \/>\n<meta property=\"og:url\" content=\"https:\/\/www.libriparlanti.org\/index.php\/prodotto\/canada\/\" \/>\n<meta property=\"og:site_name\" content=\"Libreria Libri parlanti\" \/>\n<meta property=\"article:publisher\" content=\"https:\/\/www.facebook.com\/LibriParlanti\" \/>\n<meta property=\"og:image\" content=\"https:\/\/www.libriparlanti.org\/wp-content\/uploads\/2020\/10\/images.jpeg\" \/>\n\t<meta property=\"og:image:width\" content=\"217\" \/>\n\t<meta property=\"og:image:height\" content=\"336\" \/>\n\t<meta property=\"og:image:type\" content=\"image\/jpeg\" \/>\n<meta name=\"twitter:card\" content=\"summary_large_image\" \/>\n<meta name=\"twitter:label1\" content=\"Tempo di lettura stimato\" \/>\n\t<meta name=\"twitter:data1\" content=\"1 minuto\" \/>\n<script type=\"application\/ld+json\" class=\"yoast-schema-graph\">{\"@context\":\"https:\\\/\\\/schema.org\",\"@graph\":[{\"@type\":\"WebPage\",\"@id\":\"https:\\\/\\\/www.libriparlanti.org\\\/index.php\\\/prodotto\\\/canada\\\/\",\"url\":\"https:\\\/\\\/www.libriparlanti.org\\\/index.php\\\/prodotto\\\/canada\\\/\",\"name\":\"CANADA - Libreria Libri parlanti\",\"isPartOf\":{\"@id\":\"https:\\\/\\\/www.libriparlanti.org\\\/#website\"},\"primaryImageOfPage\":{\"@id\":\"https:\\\/\\\/www.libriparlanti.org\\\/index.php\\\/prodotto\\\/canada\\\/#primaryimage\"},\"image\":{\"@id\":\"https:\\\/\\\/www.libriparlanti.org\\\/index.php\\\/prodotto\\\/canada\\\/#primaryimage\"},\"thumbnailUrl\":\"https:\\\/\\\/www.libriparlanti.org\\\/wp-content\\\/uploads\\\/2020\\\/10\\\/images.jpeg\",\"datePublished\":\"2020-10-31T20:50:38+00:00\",\"breadcrumb\":{\"@id\":\"https:\\\/\\\/www.libriparlanti.org\\\/index.php\\\/prodotto\\\/canada\\\/#breadcrumb\"},\"inLanguage\":\"it-IT\",\"potentialAction\":[{\"@type\":\"ReadAction\",\"target\":[\"https:\\\/\\\/www.libriparlanti.org\\\/index.php\\\/prodotto\\\/canada\\\/\"]}]},{\"@type\":\"ImageObject\",\"inLanguage\":\"it-IT\",\"@id\":\"https:\\\/\\\/www.libriparlanti.org\\\/index.php\\\/prodotto\\\/canada\\\/#primaryimage\",\"url\":\"https:\\\/\\\/www.libriparlanti.org\\\/wp-content\\\/uploads\\\/2020\\\/10\\\/images.jpeg\",\"contentUrl\":\"https:\\\/\\\/www.libriparlanti.org\\\/wp-content\\\/uploads\\\/2020\\\/10\\\/images.jpeg\",\"width\":217,\"height\":336,\"caption\":\"CANADA DI RIHCARD FORD\"},{\"@type\":\"BreadcrumbList\",\"@id\":\"https:\\\/\\\/www.libriparlanti.org\\\/index.php\\\/prodotto\\\/canada\\\/#breadcrumb\",\"itemListElement\":[{\"@type\":\"ListItem\",\"position\":1,\"name\":\"Home\",\"item\":\"https:\\\/\\\/www.libriparlanti.org\\\/\"},{\"@type\":\"ListItem\",\"position\":2,\"name\":\"Shop\",\"item\":\"https:\\\/\\\/www.libriparlanti.org\\\/index.php\\\/negozio\\\/\"},{\"@type\":\"ListItem\",\"position\":3,\"name\":\"CANADA\"}]},{\"@type\":\"WebSite\",\"@id\":\"https:\\\/\\\/www.libriparlanti.org\\\/#website\",\"url\":\"https:\\\/\\\/www.libriparlanti.org\\\/\",\"name\":\"Libreria Libri parlanti\",\"description\":\"Libreria in Castiglione del Lago (Pg)\",\"potentialAction\":[{\"@type\":\"SearchAction\",\"target\":{\"@type\":\"EntryPoint\",\"urlTemplate\":\"https:\\\/\\\/www.libriparlanti.org\\\/?s={search_term_string}\"},\"query-input\":{\"@type\":\"PropertyValueSpecification\",\"valueRequired\":true,\"valueName\":\"search_term_string\"}}],\"inLanguage\":\"it-IT\"}]}<\/script>\n<!-- \/ Yoast SEO plugin. -->","yoast_head_json":{"title":"CANADA - Libreria Libri parlanti","robots":{"index":"index","follow":"follow","max-snippet":"max-snippet:-1","max-image-preview":"max-image-preview:large","max-video-preview":"max-video-preview:-1"},"canonical":"https:\/\/www.libriparlanti.org\/index.php\/prodotto\/canada\/","og_locale":"it_IT","og_type":"article","og_title":"CANADA - Libreria Libri parlanti","og_description":"\"Prima di tutto parler\u00f2 della rapina commessa dai nostri genitori. Poi degli omicidi, che avvennero pi\u00f9 tardi.\" Ai nostri giorni, a distanza di mezzo secolo dai fatti, il professor Dell Parsons, americano trapiantato in Canada e alla vigilia della pensione, ricorda i due avvenimenti che hanno impresso una svolta decisiva alla sua vita e a quella di Berner, la sua gemella. Nel 1960, l'anno dei fatti criminosi, Dell e Berner hanno quindici anni e i Parsons sono una famiglia americana assolutamente normale, da cui sarebbe stato assurdo aspettarsi cose simili. Ma, come scrive Richard Ford, \"il preludio a cose molto brutte pu\u00f2 essere ridicolo, ma pu\u00f2 anche essere casuale e insignificante. Cosa che merita di essere riconosciuta perch\u00e9 indica il punto da cui possono originarsi eventi disastrosi: a un pelo dalla vita di tutti i giorni\".","og_url":"https:\/\/www.libriparlanti.org\/index.php\/prodotto\/canada\/","og_site_name":"Libreria Libri parlanti","article_publisher":"https:\/\/www.facebook.com\/LibriParlanti","og_image":[{"width":217,"height":336,"url":"https:\/\/www.libriparlanti.org\/wp-content\/uploads\/2020\/10\/images.jpeg","type":"image\/jpeg"}],"twitter_card":"summary_large_image","twitter_misc":{"Tempo di lettura stimato":"1 minuto"},"schema":{"@context":"https:\/\/schema.org","@graph":[{"@type":"WebPage","@id":"https:\/\/www.libriparlanti.org\/index.php\/prodotto\/canada\/","url":"https:\/\/www.libriparlanti.org\/index.php\/prodotto\/canada\/","name":"CANADA - Libreria Libri parlanti","isPartOf":{"@id":"https:\/\/www.libriparlanti.org\/#website"},"primaryImageOfPage":{"@id":"https:\/\/www.libriparlanti.org\/index.php\/prodotto\/canada\/#primaryimage"},"image":{"@id":"https:\/\/www.libriparlanti.org\/index.php\/prodotto\/canada\/#primaryimage"},"thumbnailUrl":"https:\/\/www.libriparlanti.org\/wp-content\/uploads\/2020\/10\/images.jpeg","datePublished":"2020-10-31T20:50:38+00:00","breadcrumb":{"@id":"https:\/\/www.libriparlanti.org\/index.php\/prodotto\/canada\/#breadcrumb"},"inLanguage":"it-IT","potentialAction":[{"@type":"ReadAction","target":["https:\/\/www.libriparlanti.org\/index.php\/prodotto\/canada\/"]}]},{"@type":"ImageObject","inLanguage":"it-IT","@id":"https:\/\/www.libriparlanti.org\/index.php\/prodotto\/canada\/#primaryimage","url":"https:\/\/www.libriparlanti.org\/wp-content\/uploads\/2020\/10\/images.jpeg","contentUrl":"https:\/\/www.libriparlanti.org\/wp-content\/uploads\/2020\/10\/images.jpeg","width":217,"height":336,"caption":"CANADA DI RIHCARD FORD"},{"@type":"BreadcrumbList","@id":"https:\/\/www.libriparlanti.org\/index.php\/prodotto\/canada\/#breadcrumb","itemListElement":[{"@type":"ListItem","position":1,"name":"Home","item":"https:\/\/www.libriparlanti.org\/"},{"@type":"ListItem","position":2,"name":"Shop","item":"https:\/\/www.libriparlanti.org\/index.php\/negozio\/"},{"@type":"ListItem","position":3,"name":"CANADA"}]},{"@type":"WebSite","@id":"https:\/\/www.libriparlanti.org\/#website","url":"https:\/\/www.libriparlanti.org\/","name":"Libreria Libri parlanti","description":"Libreria in Castiglione del Lago (Pg)","potentialAction":[{"@type":"SearchAction","target":{"@type":"EntryPoint","urlTemplate":"https:\/\/www.libriparlanti.org\/?s={search_term_string}"},"query-input":{"@type":"PropertyValueSpecification","valueRequired":true,"valueName":"search_term_string"}}],"inLanguage":"it-IT"}]}},"_links":{"self":[{"href":"https:\/\/www.libriparlanti.org\/index.php\/wp-json\/wp\/v2\/product\/11471","targetHints":{"allow":["GET"]}}],"collection":[{"href":"https:\/\/www.libriparlanti.org\/index.php\/wp-json\/wp\/v2\/product"}],"about":[{"href":"https:\/\/www.libriparlanti.org\/index.php\/wp-json\/wp\/v2\/types\/product"}],"replies":[{"embeddable":true,"href":"https:\/\/www.libriparlanti.org\/index.php\/wp-json\/wp\/v2\/comments?post=11471"}],"wp:featuredmedia":[{"embeddable":true,"href":"https:\/\/www.libriparlanti.org\/index.php\/wp-json\/wp\/v2\/media\/11474"}],"wp:attachment":[{"href":"https:\/\/www.libriparlanti.org\/index.php\/wp-json\/wp\/v2\/media?parent=11471"}],"wp:term":[{"taxonomy":"product_brand","embeddable":true,"href":"https:\/\/www.libriparlanti.org\/index.php\/wp-json\/wp\/v2\/product_brand?post=11471"},{"taxonomy":"product_cat","embeddable":true,"href":"https:\/\/www.libriparlanti.org\/index.php\/wp-json\/wp\/v2\/product_cat?post=11471"},{"taxonomy":"product_tag","embeddable":true,"href":"https:\/\/www.libriparlanti.org\/index.php\/wp-json\/wp\/v2\/product_tag?post=11471"}],"curies":[{"name":"wp","href":"https:\/\/api.w.org\/{rel}","templated":true}]}}