{"id":11456,"date":"2020-10-31T13:43:13","date_gmt":"2020-10-31T11:43:13","guid":{"rendered":"https:\/\/www.libriparlanti.org\/?post_type=product&#038;p=11456"},"modified":"2020-10-31T13:46:35","modified_gmt":"2020-10-31T11:46:35","slug":"11456","status":"publish","type":"product","link":"https:\/\/www.libriparlanti.org\/index.php\/prodotto\/11456\/","title":{"rendered":"PUFFY &#038; BRUNILDE"},"content":{"rendered":"<p>Si \u00e8 mai vista una strega senza gatto?<br \/>\nPuffy \u00e8 un gatto di strada quasi tutto nero in cerca di qualcuno con cui stare. Brunilde \u00e8 una bimba dalla folta chioma rossa e un po&#8217; pasticciona, che vive in una strana casa dalle mille stanze. Di giorno fa l&#8217;aiutante fioraia e di notte si trasforma in un&#8217;aspirante strega. Per fare il suo debutto di volo e diventare strega a tutti gli effetti, le manca solo una cosa: un gatto nero!<br \/>\nIl grande giorno si avvicina e del micio neppure l&#8217;ombra. Quand&#8217;ecco che sulla porta del negozio fa capolino il piccolo vagabondo. E anche se Puffy ha la punta della coda bianca, Brunilde sa che \u00e8 proprio lui che stava aspettando.<\/p>\n<p>Dopo il successo internazionale della serie Mortina, pubblicata in oltre trenta Paesi, una nuova divertente storia con due protagonisti teneri e indimenticabili, che ci ricorda CHE LA MAGIA PI\u00d9 POTENTE \u00c8 QUELLA DELL&#8217;AMICIZIA.<\/p>\n","protected":false},"excerpt":{"rendered":"<p>Si \u00e8 mai vista una strega senza gatto?<br \/>\nPuffy \u00e8 un gatto di strada quasi tutto nero in cerca di qualcuno con cui stare. Brunilde \u00e8 una bimba dalla folta chioma rossa e un po&#8217; pasticciona, che vive in una strana casa dalle mille stanze. Di giorno fa l&#8217;aiutante fioraia e di notte si trasforma in un&#8217;aspirante strega. Per fare il suo debutto di volo e diventare strega a tutti gli effetti, le manca solo una cosa: un gatto nero!<br \/>\nIl grande giorno si avvicina e del micio neppure l&#8217;ombra. Quand&#8217;ecco che sulla porta del negozio fa capolino il piccolo vagabondo. E anche se Puffy ha la punta della coda bianca, Brunilde sa che \u00e8 proprio lui che stava aspettando.<\/p>\n<p>Dopo il successo internazionale della serie Mortina, pubblicata in oltre trenta Paesi, una nuova divertente storia con due protagonisti teneri e indimenticabili, che ci ricorda CHE LA MAGIA PI\u00d9 POTENTE \u00c8 QUELLA DELL&#8217;AMICIZIA.<\/p>\n<div id=\"attachment_11457\" style=\"width: 223px\" class=\"wp-caption alignnone\"><a href=\"https:\/\/www.libriparlanti.org\/wp-content\/uploads\/2020\/10\/PUFFY-E-BRUNILDE.jpg\"><img loading=\"lazy\" decoding=\"async\" aria-describedby=\"caption-attachment-11457\" class=\"size-medium wp-image-11457\" src=\"https:\/\/www.libriparlanti.org\/wp-content\/uploads\/2020\/10\/PUFFY-E-BRUNILDE-213x300.jpg\" alt=\"\" width=\"213\" height=\"300\" srcset=\"https:\/\/www.libriparlanti.org\/wp-content\/uploads\/2020\/10\/PUFFY-E-BRUNILDE-213x300.jpg 213w, https:\/\/www.libriparlanti.org\/wp-content\/uploads\/2020\/10\/PUFFY-E-BRUNILDE-600x847.jpg 600w, https:\/\/www.libriparlanti.org\/wp-content\/uploads\/2020\/10\/PUFFY-E-BRUNILDE-300x423.jpg 300w, https:\/\/www.libriparlanti.org\/wp-content\/uploads\/2020\/10\/PUFFY-E-BRUNILDE.jpg 635w\" sizes=\"(max-width: 213px) 100vw, 213px\" \/><\/a><p id=\"caption-attachment-11457\" class=\"wp-caption-text\">PUFFY E BRUNILDE<\/p><\/div>\n","protected":false},"featured_media":11457,"comment_status":"open","ping_status":"closed","template":"","meta":{"_et_pb_use_builder":"","_et_pb_old_content":"","_et_gb_content_width":"","_joinchat":[]},"product_brand":[],"product_cat":[1736,1733],"product_tag":[1884,1885],"class_list":{"0":"post-11456","1":"product","2":"type-product","3":"status-publish","4":"has-post-thumbnail","6":"product_cat-narrativa","7":"product_cat-ragazzi","8":"product_tag-barbara-cantini","9":"product_tag-racconti-di-streghe","11":"first","12":"instock","13":"taxable","14":"shipping-taxable","15":"purchasable","16":"product-type-simple"},"yoast_head":"<!-- This site is optimized with the Yoast SEO plugin v27.5 - https:\/\/yoast.com\/product\/yoast-seo-wordpress\/ -->\n<title>PUFFY &amp; BRUNILDE - Libreria Libri parlanti<\/title>\n<meta name=\"robots\" content=\"index, follow, max-snippet:-1, max-image-preview:large, max-video-preview:-1\" \/>\n<link rel=\"canonical\" href=\"https:\/\/www.libriparlanti.org\/index.php\/prodotto\/11456\/\" \/>\n<meta property=\"og:locale\" content=\"it_IT\" \/>\n<meta property=\"og:type\" content=\"article\" \/>\n<meta property=\"og:title\" content=\"PUFFY &amp; BRUNILDE - Libreria Libri parlanti\" \/>\n<meta property=\"og:description\" content=\"Si \u00e8 mai vista una strega senza gatto? Puffy \u00e8 un gatto di strada quasi tutto nero in cerca di qualcuno con cui stare. Brunilde \u00e8 una bimba dalla folta chioma rossa e un po&#039; pasticciona, che vive in una strana casa dalle mille stanze. Di giorno fa l&#039;aiutante fioraia e di notte si trasforma in un&#039;aspirante strega. Per fare il suo debutto di volo e diventare strega a tutti gli effetti, le manca solo una cosa: un gatto nero! Il grande giorno si avvicina e del micio neppure l&#039;ombra. Quand&#039;ecco che sulla porta del negozio fa capolino il piccolo vagabondo. E anche se Puffy ha la punta della coda bianca, Brunilde sa che \u00e8 proprio lui che stava aspettando.  Dopo il successo internazionale della serie Mortina, pubblicata in oltre trenta Paesi, una nuova divertente storia con due protagonisti teneri e indimenticabili, che ci ricorda CHE LA MAGIA PI\u00d9 POTENTE \u00c8 QUELLA DELL&#039;AMICIZIA.\" \/>\n<meta property=\"og:url\" content=\"https:\/\/www.libriparlanti.org\/index.php\/prodotto\/11456\/\" \/>\n<meta property=\"og:site_name\" content=\"Libreria Libri parlanti\" \/>\n<meta property=\"article:publisher\" content=\"https:\/\/www.facebook.com\/LibriParlanti\" \/>\n<meta property=\"article:modified_time\" content=\"2020-10-31T11:46:35+00:00\" \/>\n<meta property=\"og:image\" content=\"https:\/\/www.libriparlanti.org\/wp-content\/uploads\/2020\/10\/PUFFY-E-BRUNILDE.jpg\" \/>\n\t<meta property=\"og:image:width\" content=\"635\" \/>\n\t<meta property=\"og:image:height\" content=\"896\" \/>\n\t<meta property=\"og:image:type\" content=\"image\/jpeg\" \/>\n<meta name=\"twitter:card\" content=\"summary_large_image\" \/>\n<meta name=\"twitter:label1\" content=\"Tempo di lettura stimato\" \/>\n\t<meta name=\"twitter:data1\" content=\"1 minuto\" \/>\n<script type=\"application\/ld+json\" class=\"yoast-schema-graph\">{\"@context\":\"https:\\\/\\\/schema.org\",\"@graph\":[{\"@type\":\"WebPage\",\"@id\":\"https:\\\/\\\/www.libriparlanti.org\\\/index.php\\\/prodotto\\\/11456\\\/\",\"url\":\"https:\\\/\\\/www.libriparlanti.org\\\/index.php\\\/prodotto\\\/11456\\\/\",\"name\":\"PUFFY & BRUNILDE - Libreria Libri parlanti\",\"isPartOf\":{\"@id\":\"https:\\\/\\\/www.libriparlanti.org\\\/#website\"},\"primaryImageOfPage\":{\"@id\":\"https:\\\/\\\/www.libriparlanti.org\\\/index.php\\\/prodotto\\\/11456\\\/#primaryimage\"},\"image\":{\"@id\":\"https:\\\/\\\/www.libriparlanti.org\\\/index.php\\\/prodotto\\\/11456\\\/#primaryimage\"},\"thumbnailUrl\":\"https:\\\/\\\/www.libriparlanti.org\\\/wp-content\\\/uploads\\\/2020\\\/10\\\/PUFFY-E-BRUNILDE.jpg\",\"datePublished\":\"2020-10-31T11:43:13+00:00\",\"dateModified\":\"2020-10-31T11:46:35+00:00\",\"breadcrumb\":{\"@id\":\"https:\\\/\\\/www.libriparlanti.org\\\/index.php\\\/prodotto\\\/11456\\\/#breadcrumb\"},\"inLanguage\":\"it-IT\",\"potentialAction\":[{\"@type\":\"ReadAction\",\"target\":[\"https:\\\/\\\/www.libriparlanti.org\\\/index.php\\\/prodotto\\\/11456\\\/\"]}]},{\"@type\":\"ImageObject\",\"inLanguage\":\"it-IT\",\"@id\":\"https:\\\/\\\/www.libriparlanti.org\\\/index.php\\\/prodotto\\\/11456\\\/#primaryimage\",\"url\":\"https:\\\/\\\/www.libriparlanti.org\\\/wp-content\\\/uploads\\\/2020\\\/10\\\/PUFFY-E-BRUNILDE.jpg\",\"contentUrl\":\"https:\\\/\\\/www.libriparlanti.org\\\/wp-content\\\/uploads\\\/2020\\\/10\\\/PUFFY-E-BRUNILDE.jpg\",\"width\":635,\"height\":896,\"caption\":\"PUFFY E BRUNILDE\"},{\"@type\":\"BreadcrumbList\",\"@id\":\"https:\\\/\\\/www.libriparlanti.org\\\/index.php\\\/prodotto\\\/11456\\\/#breadcrumb\",\"itemListElement\":[{\"@type\":\"ListItem\",\"position\":1,\"name\":\"Home\",\"item\":\"https:\\\/\\\/www.libriparlanti.org\\\/\"},{\"@type\":\"ListItem\",\"position\":2,\"name\":\"Shop\",\"item\":\"https:\\\/\\\/www.libriparlanti.org\\\/index.php\\\/negozio\\\/\"},{\"@type\":\"ListItem\",\"position\":3,\"name\":\"PUFFY &#038; BRUNILDE\"}]},{\"@type\":\"WebSite\",\"@id\":\"https:\\\/\\\/www.libriparlanti.org\\\/#website\",\"url\":\"https:\\\/\\\/www.libriparlanti.org\\\/\",\"name\":\"Libreria Libri parlanti\",\"description\":\"Libreria in Castiglione del Lago (Pg)\",\"potentialAction\":[{\"@type\":\"SearchAction\",\"target\":{\"@type\":\"EntryPoint\",\"urlTemplate\":\"https:\\\/\\\/www.libriparlanti.org\\\/?s={search_term_string}\"},\"query-input\":{\"@type\":\"PropertyValueSpecification\",\"valueRequired\":true,\"valueName\":\"search_term_string\"}}],\"inLanguage\":\"it-IT\"}]}<\/script>\n<!-- \/ Yoast SEO plugin. -->","yoast_head_json":{"title":"PUFFY & BRUNILDE - Libreria Libri parlanti","robots":{"index":"index","follow":"follow","max-snippet":"max-snippet:-1","max-image-preview":"max-image-preview:large","max-video-preview":"max-video-preview:-1"},"canonical":"https:\/\/www.libriparlanti.org\/index.php\/prodotto\/11456\/","og_locale":"it_IT","og_type":"article","og_title":"PUFFY & BRUNILDE - Libreria Libri parlanti","og_description":"Si \u00e8 mai vista una strega senza gatto? Puffy \u00e8 un gatto di strada quasi tutto nero in cerca di qualcuno con cui stare. Brunilde \u00e8 una bimba dalla folta chioma rossa e un po' pasticciona, che vive in una strana casa dalle mille stanze. Di giorno fa l'aiutante fioraia e di notte si trasforma in un'aspirante strega. Per fare il suo debutto di volo e diventare strega a tutti gli effetti, le manca solo una cosa: un gatto nero! Il grande giorno si avvicina e del micio neppure l'ombra. Quand'ecco che sulla porta del negozio fa capolino il piccolo vagabondo. E anche se Puffy ha la punta della coda bianca, Brunilde sa che \u00e8 proprio lui che stava aspettando.  Dopo il successo internazionale della serie Mortina, pubblicata in oltre trenta Paesi, una nuova divertente storia con due protagonisti teneri e indimenticabili, che ci ricorda CHE LA MAGIA PI\u00d9 POTENTE \u00c8 QUELLA DELL'AMICIZIA.","og_url":"https:\/\/www.libriparlanti.org\/index.php\/prodotto\/11456\/","og_site_name":"Libreria Libri parlanti","article_publisher":"https:\/\/www.facebook.com\/LibriParlanti","article_modified_time":"2020-10-31T11:46:35+00:00","og_image":[{"width":635,"height":896,"url":"https:\/\/www.libriparlanti.org\/wp-content\/uploads\/2020\/10\/PUFFY-E-BRUNILDE.jpg","type":"image\/jpeg"}],"twitter_card":"summary_large_image","twitter_misc":{"Tempo di lettura stimato":"1 minuto"},"schema":{"@context":"https:\/\/schema.org","@graph":[{"@type":"WebPage","@id":"https:\/\/www.libriparlanti.org\/index.php\/prodotto\/11456\/","url":"https:\/\/www.libriparlanti.org\/index.php\/prodotto\/11456\/","name":"PUFFY & BRUNILDE - Libreria Libri parlanti","isPartOf":{"@id":"https:\/\/www.libriparlanti.org\/#website"},"primaryImageOfPage":{"@id":"https:\/\/www.libriparlanti.org\/index.php\/prodotto\/11456\/#primaryimage"},"image":{"@id":"https:\/\/www.libriparlanti.org\/index.php\/prodotto\/11456\/#primaryimage"},"thumbnailUrl":"https:\/\/www.libriparlanti.org\/wp-content\/uploads\/2020\/10\/PUFFY-E-BRUNILDE.jpg","datePublished":"2020-10-31T11:43:13+00:00","dateModified":"2020-10-31T11:46:35+00:00","breadcrumb":{"@id":"https:\/\/www.libriparlanti.org\/index.php\/prodotto\/11456\/#breadcrumb"},"inLanguage":"it-IT","potentialAction":[{"@type":"ReadAction","target":["https:\/\/www.libriparlanti.org\/index.php\/prodotto\/11456\/"]}]},{"@type":"ImageObject","inLanguage":"it-IT","@id":"https:\/\/www.libriparlanti.org\/index.php\/prodotto\/11456\/#primaryimage","url":"https:\/\/www.libriparlanti.org\/wp-content\/uploads\/2020\/10\/PUFFY-E-BRUNILDE.jpg","contentUrl":"https:\/\/www.libriparlanti.org\/wp-content\/uploads\/2020\/10\/PUFFY-E-BRUNILDE.jpg","width":635,"height":896,"caption":"PUFFY E BRUNILDE"},{"@type":"BreadcrumbList","@id":"https:\/\/www.libriparlanti.org\/index.php\/prodotto\/11456\/#breadcrumb","itemListElement":[{"@type":"ListItem","position":1,"name":"Home","item":"https:\/\/www.libriparlanti.org\/"},{"@type":"ListItem","position":2,"name":"Shop","item":"https:\/\/www.libriparlanti.org\/index.php\/negozio\/"},{"@type":"ListItem","position":3,"name":"PUFFY &#038; BRUNILDE"}]},{"@type":"WebSite","@id":"https:\/\/www.libriparlanti.org\/#website","url":"https:\/\/www.libriparlanti.org\/","name":"Libreria Libri parlanti","description":"Libreria in Castiglione del Lago (Pg)","potentialAction":[{"@type":"SearchAction","target":{"@type":"EntryPoint","urlTemplate":"https:\/\/www.libriparlanti.org\/?s={search_term_string}"},"query-input":{"@type":"PropertyValueSpecification","valueRequired":true,"valueName":"search_term_string"}}],"inLanguage":"it-IT"}]}},"_links":{"self":[{"href":"https:\/\/www.libriparlanti.org\/index.php\/wp-json\/wp\/v2\/product\/11456","targetHints":{"allow":["GET"]}}],"collection":[{"href":"https:\/\/www.libriparlanti.org\/index.php\/wp-json\/wp\/v2\/product"}],"about":[{"href":"https:\/\/www.libriparlanti.org\/index.php\/wp-json\/wp\/v2\/types\/product"}],"replies":[{"embeddable":true,"href":"https:\/\/www.libriparlanti.org\/index.php\/wp-json\/wp\/v2\/comments?post=11456"}],"wp:featuredmedia":[{"embeddable":true,"href":"https:\/\/www.libriparlanti.org\/index.php\/wp-json\/wp\/v2\/media\/11457"}],"wp:attachment":[{"href":"https:\/\/www.libriparlanti.org\/index.php\/wp-json\/wp\/v2\/media?parent=11456"}],"wp:term":[{"taxonomy":"product_brand","embeddable":true,"href":"https:\/\/www.libriparlanti.org\/index.php\/wp-json\/wp\/v2\/product_brand?post=11456"},{"taxonomy":"product_cat","embeddable":true,"href":"https:\/\/www.libriparlanti.org\/index.php\/wp-json\/wp\/v2\/product_cat?post=11456"},{"taxonomy":"product_tag","embeddable":true,"href":"https:\/\/www.libriparlanti.org\/index.php\/wp-json\/wp\/v2\/product_tag?post=11456"}],"curies":[{"name":"wp","href":"https:\/\/api.w.org\/{rel}","templated":true}]}}