{"id":11454,"date":"2020-10-31T13:38:23","date_gmt":"2020-10-31T11:38:23","guid":{"rendered":"https:\/\/www.libriparlanti.org\/?post_type=product&#038;p=11454"},"modified":"2020-10-31T13:38:23","modified_gmt":"2020-10-31T11:38:23","slug":"frankenstein","status":"publish","type":"product","link":"https:\/\/www.libriparlanti.org\/index.php\/prodotto\/frankenstein\/","title":{"rendered":"Frankenstein"},"content":{"rendered":"<div id=\"attachment_11455\" style=\"width: 203px\" class=\"wp-caption alignnone\"><a href=\"https:\/\/www.libriparlanti.org\/wp-content\/uploads\/2020\/10\/frankestein.jpg\"><img loading=\"lazy\" decoding=\"async\" aria-describedby=\"caption-attachment-11455\" class=\"size-medium wp-image-11455\" src=\"https:\/\/www.libriparlanti.org\/wp-content\/uploads\/2020\/10\/frankestein-193x300.jpg\" alt=\"\" width=\"193\" height=\"300\" srcset=\"https:\/\/www.libriparlanti.org\/wp-content\/uploads\/2020\/10\/frankestein-193x300.jpg 193w, https:\/\/www.libriparlanti.org\/wp-content\/uploads\/2020\/10\/frankestein.jpg 221w\" sizes=\"(max-width: 193px) 100vw, 193px\" \/><\/a><p id=\"caption-attachment-11455\" class=\"wp-caption-text\">FRANKESTEIN DI MARY SHELLEY<\/p><\/div>\n<p>Luci e ombre sono una caratteristica di tutto il romanzo, da quelle della foresta tedesca all&#8217;aurora boreale del Polo Nord. Il marinaio Robert Walton si reca nei paesi nordici con la speranza di vedere la luce eterna&#8230; Una luce unica \u00e8 quella che vede Frankenstein quando d\u00e0 vita alla creatura, ed \u00e8 sempre una luce a illuminargli la mente durante l&#8217;esperimento&#8230; La luce \u00e8 un elemento che contraddistingue e accompagna anche la vita della creatura sin dal primo momento in cui apre gli occhi&#8230; Fra luce e ombra si giocher\u00e0 cos\u00ec tutta la sua esistenza: sar\u00e0 proprio il fuoco, che l&#8217;ha stupita e spinta a evolversi, a costituire la sua ultima ragione di vita.<\/p>\n","protected":false},"excerpt":{"rendered":"<p>Luci e ombre sono una caratteristica di tutto il romanzo, da quelle della foresta tedesca all&#8217;aurora boreale del Polo Nord. Il marinaio Robert Walton si reca nei paesi nordici con la speranza di vedere la luce eterna&#8230; Una luce unica \u00e8 quella che vede Frankenstein quando d\u00e0 vita alla creatura, ed \u00e8 sempre una luce a illuminargli la mente durante l&#8217;esperimento&#8230; La luce \u00e8 un elemento che contraddistingue e accompagna anche la vita della creatura sin dal primo momento in cui apre gli occhi&#8230; Fra luce e ombra si giocher\u00e0 cos\u00ec tutta la sua esistenza: sar\u00e0 proprio il fuoco, che l&#8217;ha stupita e spinta a evolversi, a costituire la sua ultima ragione di vita.<\/p>\n<div id=\"attachment_11455\" style=\"width: 203px\" class=\"wp-caption alignnone\"><a href=\"https:\/\/www.libriparlanti.org\/wp-content\/uploads\/2020\/10\/frankestein.jpg\"><img loading=\"lazy\" decoding=\"async\" aria-describedby=\"caption-attachment-11455\" class=\"size-medium wp-image-11455\" src=\"https:\/\/www.libriparlanti.org\/wp-content\/uploads\/2020\/10\/frankestein-193x300.jpg\" alt=\"IMMAGINE DI FRANKESTEIN DI SPALLE\" width=\"193\" height=\"300\" srcset=\"https:\/\/www.libriparlanti.org\/wp-content\/uploads\/2020\/10\/frankestein-193x300.jpg 193w, https:\/\/www.libriparlanti.org\/wp-content\/uploads\/2020\/10\/frankestein.jpg 221w\" sizes=\"(max-width: 193px) 100vw, 193px\" \/><\/a><p id=\"caption-attachment-11455\" class=\"wp-caption-text\">FRANKESTEIN DI MARY SHELLEY<\/p><\/div>\n","protected":false},"featured_media":11455,"comment_status":"open","ping_status":"closed","template":"","meta":{"_et_pb_use_builder":"","_et_pb_old_content":"","_et_gb_content_width":"","_joinchat":[]},"product_brand":[],"product_cat":[959],"product_tag":[1881,1882,1883],"class_list":{"0":"post-11454","1":"product","2":"type-product","3":"status-publish","4":"has-post-thumbnail","6":"product_cat-senza-categoria","7":"product_tag-frankestein","8":"product_tag-mary-shelley","9":"product_tag-moderno-prometeo","11":"first","12":"instock","13":"taxable","14":"shipping-taxable","15":"purchasable","16":"product-type-simple"},"yoast_head":"<!-- This site is optimized with the Yoast SEO plugin v27.5 - https:\/\/yoast.com\/product\/yoast-seo-wordpress\/ -->\n<title>Frankenstein - Libreria Libri parlanti<\/title>\n<meta name=\"robots\" content=\"index, follow, max-snippet:-1, max-image-preview:large, max-video-preview:-1\" \/>\n<link rel=\"canonical\" href=\"https:\/\/www.libriparlanti.org\/index.php\/prodotto\/frankenstein\/\" \/>\n<meta property=\"og:locale\" content=\"it_IT\" \/>\n<meta property=\"og:type\" content=\"article\" \/>\n<meta property=\"og:title\" content=\"Frankenstein - Libreria Libri parlanti\" \/>\n<meta property=\"og:description\" content=\"Luci e ombre sono una caratteristica di tutto il romanzo, da quelle della foresta tedesca all&#039;aurora boreale del Polo Nord. Il marinaio Robert Walton si reca nei paesi nordici con la speranza di vedere la luce eterna... Una luce unica \u00e8 quella che vede Frankenstein quando d\u00e0 vita alla creatura, ed \u00e8 sempre una luce a illuminargli la mente durante l&#039;esperimento... La luce \u00e8 un elemento che contraddistingue e accompagna anche la vita della creatura sin dal primo momento in cui apre gli occhi... Fra luce e ombra si giocher\u00e0 cos\u00ec tutta la sua esistenza: sar\u00e0 proprio il fuoco, che l&#039;ha stupita e spinta a evolversi, a costituire la sua ultima ragione di vita.\" \/>\n<meta property=\"og:url\" content=\"https:\/\/www.libriparlanti.org\/index.php\/prodotto\/frankenstein\/\" \/>\n<meta property=\"og:site_name\" content=\"Libreria Libri parlanti\" \/>\n<meta property=\"article:publisher\" content=\"https:\/\/www.facebook.com\/LibriParlanti\" \/>\n<meta property=\"og:image\" content=\"https:\/\/www.libriparlanti.org\/wp-content\/uploads\/2020\/10\/frankestein.jpg\" \/>\n\t<meta property=\"og:image:width\" content=\"221\" \/>\n\t<meta property=\"og:image:height\" content=\"344\" \/>\n\t<meta property=\"og:image:type\" content=\"image\/jpeg\" \/>\n<meta name=\"twitter:card\" content=\"summary_large_image\" \/>\n<meta name=\"twitter:label1\" content=\"Tempo di lettura stimato\" \/>\n\t<meta name=\"twitter:data1\" content=\"1 minuto\" \/>\n<script type=\"application\/ld+json\" class=\"yoast-schema-graph\">{\"@context\":\"https:\\\/\\\/schema.org\",\"@graph\":[{\"@type\":\"WebPage\",\"@id\":\"https:\\\/\\\/www.libriparlanti.org\\\/index.php\\\/prodotto\\\/frankenstein\\\/\",\"url\":\"https:\\\/\\\/www.libriparlanti.org\\\/index.php\\\/prodotto\\\/frankenstein\\\/\",\"name\":\"Frankenstein - Libreria Libri parlanti\",\"isPartOf\":{\"@id\":\"https:\\\/\\\/www.libriparlanti.org\\\/#website\"},\"primaryImageOfPage\":{\"@id\":\"https:\\\/\\\/www.libriparlanti.org\\\/index.php\\\/prodotto\\\/frankenstein\\\/#primaryimage\"},\"image\":{\"@id\":\"https:\\\/\\\/www.libriparlanti.org\\\/index.php\\\/prodotto\\\/frankenstein\\\/#primaryimage\"},\"thumbnailUrl\":\"https:\\\/\\\/www.libriparlanti.org\\\/wp-content\\\/uploads\\\/2020\\\/10\\\/frankestein.jpg\",\"datePublished\":\"2020-10-31T11:38:23+00:00\",\"breadcrumb\":{\"@id\":\"https:\\\/\\\/www.libriparlanti.org\\\/index.php\\\/prodotto\\\/frankenstein\\\/#breadcrumb\"},\"inLanguage\":\"it-IT\",\"potentialAction\":[{\"@type\":\"ReadAction\",\"target\":[\"https:\\\/\\\/www.libriparlanti.org\\\/index.php\\\/prodotto\\\/frankenstein\\\/\"]}]},{\"@type\":\"ImageObject\",\"inLanguage\":\"it-IT\",\"@id\":\"https:\\\/\\\/www.libriparlanti.org\\\/index.php\\\/prodotto\\\/frankenstein\\\/#primaryimage\",\"url\":\"https:\\\/\\\/www.libriparlanti.org\\\/wp-content\\\/uploads\\\/2020\\\/10\\\/frankestein.jpg\",\"contentUrl\":\"https:\\\/\\\/www.libriparlanti.org\\\/wp-content\\\/uploads\\\/2020\\\/10\\\/frankestein.jpg\",\"width\":221,\"height\":344,\"caption\":\"FRANKESTEIN DI MARY SHELLEY\"},{\"@type\":\"BreadcrumbList\",\"@id\":\"https:\\\/\\\/www.libriparlanti.org\\\/index.php\\\/prodotto\\\/frankenstein\\\/#breadcrumb\",\"itemListElement\":[{\"@type\":\"ListItem\",\"position\":1,\"name\":\"Home\",\"item\":\"https:\\\/\\\/www.libriparlanti.org\\\/\"},{\"@type\":\"ListItem\",\"position\":2,\"name\":\"Shop\",\"item\":\"https:\\\/\\\/www.libriparlanti.org\\\/index.php\\\/negozio\\\/\"},{\"@type\":\"ListItem\",\"position\":3,\"name\":\"Frankenstein\"}]},{\"@type\":\"WebSite\",\"@id\":\"https:\\\/\\\/www.libriparlanti.org\\\/#website\",\"url\":\"https:\\\/\\\/www.libriparlanti.org\\\/\",\"name\":\"Libreria Libri parlanti\",\"description\":\"Libreria in Castiglione del Lago (Pg)\",\"potentialAction\":[{\"@type\":\"SearchAction\",\"target\":{\"@type\":\"EntryPoint\",\"urlTemplate\":\"https:\\\/\\\/www.libriparlanti.org\\\/?s={search_term_string}\"},\"query-input\":{\"@type\":\"PropertyValueSpecification\",\"valueRequired\":true,\"valueName\":\"search_term_string\"}}],\"inLanguage\":\"it-IT\"}]}<\/script>\n<!-- \/ Yoast SEO plugin. -->","yoast_head_json":{"title":"Frankenstein - Libreria Libri parlanti","robots":{"index":"index","follow":"follow","max-snippet":"max-snippet:-1","max-image-preview":"max-image-preview:large","max-video-preview":"max-video-preview:-1"},"canonical":"https:\/\/www.libriparlanti.org\/index.php\/prodotto\/frankenstein\/","og_locale":"it_IT","og_type":"article","og_title":"Frankenstein - Libreria Libri parlanti","og_description":"Luci e ombre sono una caratteristica di tutto il romanzo, da quelle della foresta tedesca all'aurora boreale del Polo Nord. Il marinaio Robert Walton si reca nei paesi nordici con la speranza di vedere la luce eterna... Una luce unica \u00e8 quella che vede Frankenstein quando d\u00e0 vita alla creatura, ed \u00e8 sempre una luce a illuminargli la mente durante l'esperimento... La luce \u00e8 un elemento che contraddistingue e accompagna anche la vita della creatura sin dal primo momento in cui apre gli occhi... Fra luce e ombra si giocher\u00e0 cos\u00ec tutta la sua esistenza: sar\u00e0 proprio il fuoco, che l'ha stupita e spinta a evolversi, a costituire la sua ultima ragione di vita.","og_url":"https:\/\/www.libriparlanti.org\/index.php\/prodotto\/frankenstein\/","og_site_name":"Libreria Libri parlanti","article_publisher":"https:\/\/www.facebook.com\/LibriParlanti","og_image":[{"width":221,"height":344,"url":"https:\/\/www.libriparlanti.org\/wp-content\/uploads\/2020\/10\/frankestein.jpg","type":"image\/jpeg"}],"twitter_card":"summary_large_image","twitter_misc":{"Tempo di lettura stimato":"1 minuto"},"schema":{"@context":"https:\/\/schema.org","@graph":[{"@type":"WebPage","@id":"https:\/\/www.libriparlanti.org\/index.php\/prodotto\/frankenstein\/","url":"https:\/\/www.libriparlanti.org\/index.php\/prodotto\/frankenstein\/","name":"Frankenstein - Libreria Libri parlanti","isPartOf":{"@id":"https:\/\/www.libriparlanti.org\/#website"},"primaryImageOfPage":{"@id":"https:\/\/www.libriparlanti.org\/index.php\/prodotto\/frankenstein\/#primaryimage"},"image":{"@id":"https:\/\/www.libriparlanti.org\/index.php\/prodotto\/frankenstein\/#primaryimage"},"thumbnailUrl":"https:\/\/www.libriparlanti.org\/wp-content\/uploads\/2020\/10\/frankestein.jpg","datePublished":"2020-10-31T11:38:23+00:00","breadcrumb":{"@id":"https:\/\/www.libriparlanti.org\/index.php\/prodotto\/frankenstein\/#breadcrumb"},"inLanguage":"it-IT","potentialAction":[{"@type":"ReadAction","target":["https:\/\/www.libriparlanti.org\/index.php\/prodotto\/frankenstein\/"]}]},{"@type":"ImageObject","inLanguage":"it-IT","@id":"https:\/\/www.libriparlanti.org\/index.php\/prodotto\/frankenstein\/#primaryimage","url":"https:\/\/www.libriparlanti.org\/wp-content\/uploads\/2020\/10\/frankestein.jpg","contentUrl":"https:\/\/www.libriparlanti.org\/wp-content\/uploads\/2020\/10\/frankestein.jpg","width":221,"height":344,"caption":"FRANKESTEIN DI MARY SHELLEY"},{"@type":"BreadcrumbList","@id":"https:\/\/www.libriparlanti.org\/index.php\/prodotto\/frankenstein\/#breadcrumb","itemListElement":[{"@type":"ListItem","position":1,"name":"Home","item":"https:\/\/www.libriparlanti.org\/"},{"@type":"ListItem","position":2,"name":"Shop","item":"https:\/\/www.libriparlanti.org\/index.php\/negozio\/"},{"@type":"ListItem","position":3,"name":"Frankenstein"}]},{"@type":"WebSite","@id":"https:\/\/www.libriparlanti.org\/#website","url":"https:\/\/www.libriparlanti.org\/","name":"Libreria Libri parlanti","description":"Libreria in Castiglione del Lago (Pg)","potentialAction":[{"@type":"SearchAction","target":{"@type":"EntryPoint","urlTemplate":"https:\/\/www.libriparlanti.org\/?s={search_term_string}"},"query-input":{"@type":"PropertyValueSpecification","valueRequired":true,"valueName":"search_term_string"}}],"inLanguage":"it-IT"}]}},"_links":{"self":[{"href":"https:\/\/www.libriparlanti.org\/index.php\/wp-json\/wp\/v2\/product\/11454","targetHints":{"allow":["GET"]}}],"collection":[{"href":"https:\/\/www.libriparlanti.org\/index.php\/wp-json\/wp\/v2\/product"}],"about":[{"href":"https:\/\/www.libriparlanti.org\/index.php\/wp-json\/wp\/v2\/types\/product"}],"replies":[{"embeddable":true,"href":"https:\/\/www.libriparlanti.org\/index.php\/wp-json\/wp\/v2\/comments?post=11454"}],"wp:featuredmedia":[{"embeddable":true,"href":"https:\/\/www.libriparlanti.org\/index.php\/wp-json\/wp\/v2\/media\/11455"}],"wp:attachment":[{"href":"https:\/\/www.libriparlanti.org\/index.php\/wp-json\/wp\/v2\/media?parent=11454"}],"wp:term":[{"taxonomy":"product_brand","embeddable":true,"href":"https:\/\/www.libriparlanti.org\/index.php\/wp-json\/wp\/v2\/product_brand?post=11454"},{"taxonomy":"product_cat","embeddable":true,"href":"https:\/\/www.libriparlanti.org\/index.php\/wp-json\/wp\/v2\/product_cat?post=11454"},{"taxonomy":"product_tag","embeddable":true,"href":"https:\/\/www.libriparlanti.org\/index.php\/wp-json\/wp\/v2\/product_tag?post=11454"}],"curies":[{"name":"wp","href":"https:\/\/api.w.org\/{rel}","templated":true}]}}