{"id":11434,"date":"2020-10-29T12:16:31","date_gmt":"2020-10-29T10:16:31","guid":{"rendered":"https:\/\/www.libriparlanti.org\/?post_type=product&#038;p=11434"},"modified":"2022-01-29T10:20:03","modified_gmt":"2022-01-29T08:20:03","slug":"11434","status":"publish","type":"product","link":"https:\/\/www.libriparlanti.org\/index.php\/prodotto\/11434\/","title":{"rendered":"INSIEME IN CUCINA"},"content":{"rendered":"<p>&#8220;Gli anni sono passati, ma io ho ancora la passione di quand&#8217;ero bambina e il piacere della condivisione di quand&#8217;ero ragazza. Da adulta capisco la necessit\u00e0 di chi deve conciliare la quotidianit\u00e0 con la velocit\u00e0 e la qualit\u00e0 di un pasto che accontenti tutta la famiglia. Quindi questa volta ho pensato di proporvi le mie ricette partendo dagli ingredienti che abbiamo in casa tutti, quelli che in frigorifero e in dispensa si trovano sempre&#8221;. (Benedetta Rossi). Benedetta Rossi ci sorprende ancora una volta e anche in questo libro ha voluto trasmettere la sua cucina e il suo stile di vita con semplicit\u00e0 e divertimento. Benedetta \u00e8 instancabile nella ricerca di nuovi sapori e abbinamenti, e sa bene che per una cena, un buffet o un anniversario, per un peccato di gola o per la tavola di tutti i giorni chi cucina deve combinare il gusto alla praticit\u00e0. Lei \u00e8 impareggiabile nel rendere una ricetta alla portata di tutti e nel dare i suggerimenti giusti per ogni occasione: piatti gustosi, facili e che riescono sempre. In questo libro Benedetta propone le sue ricette partendo dagli ingredienti che tutti abbiamo in casa, quelli che, se apriamo il frigorifero, l&#8217;armadietto di cucina o la dispensa, senz&#8217;altro non mancano. Ci suggerisce anche presentazioni alternative delle pietanze, e ricette comode e di rapida realizzazione. E stavolta non \u00e8 sola: il simpatico marito Marco ha deciso di partecipare con alcune delle sue &#8220;ricette inutili&#8221;.<\/p>\n","protected":false},"excerpt":{"rendered":"<p><em>Autore:<\/em> BENEDETTA ROSSI<br \/>\n<em>Editore:<\/em> ELECTA<br \/>\n<em>ISBN:<\/em> 9788891829610<br \/>\n<em>Pubblicazione:<\/em> 27\/10\/2020<\/p>\n","protected":false},"featured_media":11436,"comment_status":"closed","ping_status":"closed","template":"","meta":{"_et_pb_use_builder":"","_et_pb_old_content":"","_et_gb_content_width":"","_joinchat":[]},"product_brand":[],"product_cat":[1742],"product_tag":[1858,1859,1861,1860],"class_list":{"0":"post-11434","1":"product","2":"type-product","3":"status-publish","4":"has-post-thumbnail","6":"product_cat-cucina","7":"product_tag-benedetta-rossi","8":"product_tag-cucina","9":"product_tag-fatto-in-casa","10":"product_tag-ricette","12":"first","13":"instock","14":"taxable","15":"shipping-taxable","16":"purchasable","17":"product-type-simple"},"yoast_head":"<!-- This site is optimized with the Yoast SEO plugin v27.4 - https:\/\/yoast.com\/product\/yoast-seo-wordpress\/ -->\n<title>INSIEME IN CUCINA - Libreria Libri parlanti<\/title>\n<meta name=\"robots\" content=\"index, follow, max-snippet:-1, max-image-preview:large, max-video-preview:-1\" \/>\n<link rel=\"canonical\" href=\"https:\/\/www.libriparlanti.org\/index.php\/prodotto\/11434\/\" \/>\n<meta property=\"og:locale\" content=\"it_IT\" \/>\n<meta property=\"og:type\" content=\"article\" \/>\n<meta property=\"og:title\" content=\"INSIEME IN CUCINA - Libreria Libri parlanti\" \/>\n<meta property=\"og:description\" content=\"Autore: BENEDETTA ROSSI Editore: ELECTA ISBN: 9788891829610 Pubblicazione: 27\/10\/2020\" \/>\n<meta property=\"og:url\" content=\"https:\/\/www.libriparlanti.org\/index.php\/prodotto\/11434\/\" \/>\n<meta property=\"og:site_name\" content=\"Libreria Libri parlanti\" \/>\n<meta property=\"article:publisher\" content=\"https:\/\/www.facebook.com\/LibriParlanti\" \/>\n<meta property=\"article:modified_time\" content=\"2022-01-29T08:20:03+00:00\" \/>\n<meta property=\"og:image\" content=\"https:\/\/www.libriparlanti.org\/wp-content\/uploads\/2020\/10\/9788891829610_0_221_0_75-1.jpg\" \/>\n\t<meta property=\"og:image:width\" content=\"221\" \/>\n\t<meta property=\"og:image:height\" content=\"300\" \/>\n\t<meta property=\"og:image:type\" content=\"image\/jpeg\" \/>\n<meta name=\"twitter:card\" content=\"summary_large_image\" \/>\n<meta name=\"twitter:label1\" content=\"Tempo di lettura stimato\" \/>\n\t<meta name=\"twitter:data1\" content=\"1 minuto\" \/>\n<script type=\"application\/ld+json\" class=\"yoast-schema-graph\">{\"@context\":\"https:\\\/\\\/schema.org\",\"@graph\":[{\"@type\":\"WebPage\",\"@id\":\"https:\\\/\\\/www.libriparlanti.org\\\/index.php\\\/prodotto\\\/11434\\\/\",\"url\":\"https:\\\/\\\/www.libriparlanti.org\\\/index.php\\\/prodotto\\\/11434\\\/\",\"name\":\"INSIEME IN CUCINA - Libreria Libri parlanti\",\"isPartOf\":{\"@id\":\"https:\\\/\\\/www.libriparlanti.org\\\/#website\"},\"primaryImageOfPage\":{\"@id\":\"https:\\\/\\\/www.libriparlanti.org\\\/index.php\\\/prodotto\\\/11434\\\/#primaryimage\"},\"image\":{\"@id\":\"https:\\\/\\\/www.libriparlanti.org\\\/index.php\\\/prodotto\\\/11434\\\/#primaryimage\"},\"thumbnailUrl\":\"https:\\\/\\\/www.libriparlanti.org\\\/wp-content\\\/uploads\\\/2020\\\/10\\\/9788891829610_0_221_0_75-1.jpg\",\"datePublished\":\"2020-10-29T10:16:31+00:00\",\"dateModified\":\"2022-01-29T08:20:03+00:00\",\"breadcrumb\":{\"@id\":\"https:\\\/\\\/www.libriparlanti.org\\\/index.php\\\/prodotto\\\/11434\\\/#breadcrumb\"},\"inLanguage\":\"it-IT\",\"potentialAction\":[{\"@type\":\"ReadAction\",\"target\":[\"https:\\\/\\\/www.libriparlanti.org\\\/index.php\\\/prodotto\\\/11434\\\/\"]}]},{\"@type\":\"ImageObject\",\"inLanguage\":\"it-IT\",\"@id\":\"https:\\\/\\\/www.libriparlanti.org\\\/index.php\\\/prodotto\\\/11434\\\/#primaryimage\",\"url\":\"https:\\\/\\\/www.libriparlanti.org\\\/wp-content\\\/uploads\\\/2020\\\/10\\\/9788891829610_0_221_0_75-1.jpg\",\"contentUrl\":\"https:\\\/\\\/www.libriparlanti.org\\\/wp-content\\\/uploads\\\/2020\\\/10\\\/9788891829610_0_221_0_75-1.jpg\",\"width\":221,\"height\":300,\"caption\":\"benedetta rossi\"},{\"@type\":\"BreadcrumbList\",\"@id\":\"https:\\\/\\\/www.libriparlanti.org\\\/index.php\\\/prodotto\\\/11434\\\/#breadcrumb\",\"itemListElement\":[{\"@type\":\"ListItem\",\"position\":1,\"name\":\"Home\",\"item\":\"https:\\\/\\\/www.libriparlanti.org\\\/\"},{\"@type\":\"ListItem\",\"position\":2,\"name\":\"Shop\",\"item\":\"https:\\\/\\\/www.libriparlanti.org\\\/index.php\\\/negozio\\\/\"},{\"@type\":\"ListItem\",\"position\":3,\"name\":\"INSIEME IN CUCINA\"}]},{\"@type\":\"WebSite\",\"@id\":\"https:\\\/\\\/www.libriparlanti.org\\\/#website\",\"url\":\"https:\\\/\\\/www.libriparlanti.org\\\/\",\"name\":\"Libreria Libri parlanti\",\"description\":\"Libreria in Castiglione del Lago (Pg)\",\"potentialAction\":[{\"@type\":\"SearchAction\",\"target\":{\"@type\":\"EntryPoint\",\"urlTemplate\":\"https:\\\/\\\/www.libriparlanti.org\\\/?s={search_term_string}\"},\"query-input\":{\"@type\":\"PropertyValueSpecification\",\"valueRequired\":true,\"valueName\":\"search_term_string\"}}],\"inLanguage\":\"it-IT\"}]}<\/script>\n<!-- \/ Yoast SEO plugin. -->","yoast_head_json":{"title":"INSIEME IN CUCINA - Libreria Libri parlanti","robots":{"index":"index","follow":"follow","max-snippet":"max-snippet:-1","max-image-preview":"max-image-preview:large","max-video-preview":"max-video-preview:-1"},"canonical":"https:\/\/www.libriparlanti.org\/index.php\/prodotto\/11434\/","og_locale":"it_IT","og_type":"article","og_title":"INSIEME IN CUCINA - Libreria Libri parlanti","og_description":"Autore: BENEDETTA ROSSI Editore: ELECTA ISBN: 9788891829610 Pubblicazione: 27\/10\/2020","og_url":"https:\/\/www.libriparlanti.org\/index.php\/prodotto\/11434\/","og_site_name":"Libreria Libri parlanti","article_publisher":"https:\/\/www.facebook.com\/LibriParlanti","article_modified_time":"2022-01-29T08:20:03+00:00","og_image":[{"width":221,"height":300,"url":"https:\/\/www.libriparlanti.org\/wp-content\/uploads\/2020\/10\/9788891829610_0_221_0_75-1.jpg","type":"image\/jpeg"}],"twitter_card":"summary_large_image","twitter_misc":{"Tempo di lettura stimato":"1 minuto"},"schema":{"@context":"https:\/\/schema.org","@graph":[{"@type":"WebPage","@id":"https:\/\/www.libriparlanti.org\/index.php\/prodotto\/11434\/","url":"https:\/\/www.libriparlanti.org\/index.php\/prodotto\/11434\/","name":"INSIEME IN CUCINA - Libreria Libri parlanti","isPartOf":{"@id":"https:\/\/www.libriparlanti.org\/#website"},"primaryImageOfPage":{"@id":"https:\/\/www.libriparlanti.org\/index.php\/prodotto\/11434\/#primaryimage"},"image":{"@id":"https:\/\/www.libriparlanti.org\/index.php\/prodotto\/11434\/#primaryimage"},"thumbnailUrl":"https:\/\/www.libriparlanti.org\/wp-content\/uploads\/2020\/10\/9788891829610_0_221_0_75-1.jpg","datePublished":"2020-10-29T10:16:31+00:00","dateModified":"2022-01-29T08:20:03+00:00","breadcrumb":{"@id":"https:\/\/www.libriparlanti.org\/index.php\/prodotto\/11434\/#breadcrumb"},"inLanguage":"it-IT","potentialAction":[{"@type":"ReadAction","target":["https:\/\/www.libriparlanti.org\/index.php\/prodotto\/11434\/"]}]},{"@type":"ImageObject","inLanguage":"it-IT","@id":"https:\/\/www.libriparlanti.org\/index.php\/prodotto\/11434\/#primaryimage","url":"https:\/\/www.libriparlanti.org\/wp-content\/uploads\/2020\/10\/9788891829610_0_221_0_75-1.jpg","contentUrl":"https:\/\/www.libriparlanti.org\/wp-content\/uploads\/2020\/10\/9788891829610_0_221_0_75-1.jpg","width":221,"height":300,"caption":"benedetta rossi"},{"@type":"BreadcrumbList","@id":"https:\/\/www.libriparlanti.org\/index.php\/prodotto\/11434\/#breadcrumb","itemListElement":[{"@type":"ListItem","position":1,"name":"Home","item":"https:\/\/www.libriparlanti.org\/"},{"@type":"ListItem","position":2,"name":"Shop","item":"https:\/\/www.libriparlanti.org\/index.php\/negozio\/"},{"@type":"ListItem","position":3,"name":"INSIEME IN CUCINA"}]},{"@type":"WebSite","@id":"https:\/\/www.libriparlanti.org\/#website","url":"https:\/\/www.libriparlanti.org\/","name":"Libreria Libri parlanti","description":"Libreria in Castiglione del Lago (Pg)","potentialAction":[{"@type":"SearchAction","target":{"@type":"EntryPoint","urlTemplate":"https:\/\/www.libriparlanti.org\/?s={search_term_string}"},"query-input":{"@type":"PropertyValueSpecification","valueRequired":true,"valueName":"search_term_string"}}],"inLanguage":"it-IT"}]}},"_links":{"self":[{"href":"https:\/\/www.libriparlanti.org\/index.php\/wp-json\/wp\/v2\/product\/11434","targetHints":{"allow":["GET"]}}],"collection":[{"href":"https:\/\/www.libriparlanti.org\/index.php\/wp-json\/wp\/v2\/product"}],"about":[{"href":"https:\/\/www.libriparlanti.org\/index.php\/wp-json\/wp\/v2\/types\/product"}],"replies":[{"embeddable":true,"href":"https:\/\/www.libriparlanti.org\/index.php\/wp-json\/wp\/v2\/comments?post=11434"}],"wp:featuredmedia":[{"embeddable":true,"href":"https:\/\/www.libriparlanti.org\/index.php\/wp-json\/wp\/v2\/media\/11436"}],"wp:attachment":[{"href":"https:\/\/www.libriparlanti.org\/index.php\/wp-json\/wp\/v2\/media?parent=11434"}],"wp:term":[{"taxonomy":"product_brand","embeddable":true,"href":"https:\/\/www.libriparlanti.org\/index.php\/wp-json\/wp\/v2\/product_brand?post=11434"},{"taxonomy":"product_cat","embeddable":true,"href":"https:\/\/www.libriparlanti.org\/index.php\/wp-json\/wp\/v2\/product_cat?post=11434"},{"taxonomy":"product_tag","embeddable":true,"href":"https:\/\/www.libriparlanti.org\/index.php\/wp-json\/wp\/v2\/product_tag?post=11434"}],"curies":[{"name":"wp","href":"https:\/\/api.w.org\/{rel}","templated":true}]}}