{"id":11412,"date":"2020-10-26T22:43:48","date_gmt":"2020-10-26T20:43:48","guid":{"rendered":"https:\/\/www.libriparlanti.org\/?post_type=product&#038;p=11412"},"modified":"2020-10-26T22:43:48","modified_gmt":"2020-10-26T20:43:48","slug":"finalmente-ho-capito-come-funzionano-i-virus","status":"publish","type":"product","link":"https:\/\/www.libriparlanti.org\/index.php\/prodotto\/finalmente-ho-capito-come-funzionano-i-virus\/","title":{"rendered":"FINALMENTE HO CAPITO COME FUNZIONANO I VIRUS"},"content":{"rendered":"<p>\u00abQuesto libro nasce per aiutarci a conoscere meglio il mondo dei virus, comprendere cosa sono e come sono fatti, come si moltiplicano e perch\u00e9 possono essere cos\u00ec pericolosi. Capire \u00e8 il primo passo per avere meno paura, ma anche per smettere di essere in balia delle opinioni altrui.\u00bb<\/p>\n<p>Per chi vuole saperne di pi\u00f9 sui virus, ecco un libro che parla a tutti, con linguaggio chiaro e accessibile, di biologia, virologia e medicina. Attraverso un racconto che parte dal lontano 1898, quando fu scoperto e studiato il primo virus e ci si accorse cos\u00ec che i virus sono le entit\u00e0 pi\u00f9 diffuse nel nostro pianeta, ripercorreremo la storia del rapporto tra l\u2019uomo e i virus, con un approfondimento sui tre big killer \u2013 Ebola, HIV e influenza \u2013 e sull\u2019azione dei vaccini, fino a scoprire come \u00e8 avvenuta la pi\u00f9 grande conquista della medicina: l\u2019eradicazione del vaiolo dal nostro pianeta. Alla luce delle precedenti pandemie del \u2018900, dall\u2019influenza Spagnola all\u2019Asiatica, fino a Sars e Suina di questo millennio, scopriremo infine come si \u00e8 originato il COVID-19 e quali mezzi abbiamo oggi per proteggerci.<\/p>\n<div id=\"attachment_11413\" style=\"width: 222px\" class=\"wp-caption alignnone\"><a href=\"https:\/\/www.libriparlanti.org\/wp-content\/uploads\/2020\/10\/9788855053150_92_310_0_75.jpg\"><img loading=\"lazy\" decoding=\"async\" aria-describedby=\"caption-attachment-11413\" class=\"size-medium wp-image-11413\" src=\"https:\/\/www.libriparlanti.org\/wp-content\/uploads\/2020\/10\/9788855053150_92_310_0_75-212x300.jpg\" alt=\"\" width=\"212\" height=\"300\" srcset=\"https:\/\/www.libriparlanti.org\/wp-content\/uploads\/2020\/10\/9788855053150_92_310_0_75-212x300.jpg 212w, https:\/\/www.libriparlanti.org\/wp-content\/uploads\/2020\/10\/9788855053150_92_310_0_75-300x425.jpg 300w, https:\/\/www.libriparlanti.org\/wp-content\/uploads\/2020\/10\/9788855053150_92_310_0_75.jpg 310w\" sizes=\"(max-width: 212px) 100vw, 212px\" \/><\/a><p id=\"caption-attachment-11413\" class=\"wp-caption-text\">FINALMENTE HO CAPITO COME FUNZIONANO I VIRUS<\/p><\/div>\n","protected":false},"excerpt":{"rendered":"<p>FINALMENTE HO CAPITO COME FUNZIONANO I VIRUS<\/p>\n","protected":false},"featured_media":11413,"comment_status":"open","ping_status":"closed","template":"","meta":{"_et_pb_use_builder":"","_et_pb_old_content":"","_et_gb_content_width":"","_joinchat":[]},"product_brand":[],"product_cat":[1734],"product_tag":[1829,1834,1833],"class_list":{"0":"post-11412","1":"product","2":"type-product","3":"status-publish","4":"has-post-thumbnail","6":"product_cat-saggistica","7":"product_tag-covid-19","8":"product_tag-scienza","9":"product_tag-virus","11":"first","12":"instock","13":"taxable","14":"shipping-taxable","15":"purchasable","16":"product-type-simple"},"yoast_head":"<!-- This site is optimized with the Yoast SEO plugin v27.5 - https:\/\/yoast.com\/product\/yoast-seo-wordpress\/ -->\n<title>FINALMENTE HO CAPITO COME FUNZIONANO I VIRUS - Libreria Libri parlanti<\/title>\n<meta name=\"robots\" content=\"index, follow, max-snippet:-1, max-image-preview:large, max-video-preview:-1\" \/>\n<link rel=\"canonical\" href=\"https:\/\/www.libriparlanti.org\/index.php\/prodotto\/finalmente-ho-capito-come-funzionano-i-virus\/\" \/>\n<meta property=\"og:locale\" content=\"it_IT\" \/>\n<meta property=\"og:type\" content=\"article\" \/>\n<meta property=\"og:title\" content=\"FINALMENTE HO CAPITO COME FUNZIONANO I VIRUS - Libreria Libri parlanti\" \/>\n<meta property=\"og:description\" content=\"FINALMENTE HO CAPITO COME FUNZIONANO I VIRUS\" \/>\n<meta property=\"og:url\" content=\"https:\/\/www.libriparlanti.org\/index.php\/prodotto\/finalmente-ho-capito-come-funzionano-i-virus\/\" \/>\n<meta property=\"og:site_name\" content=\"Libreria Libri parlanti\" \/>\n<meta property=\"article:publisher\" content=\"https:\/\/www.facebook.com\/LibriParlanti\" \/>\n<meta property=\"og:image\" content=\"https:\/\/www.libriparlanti.org\/wp-content\/uploads\/2020\/10\/9788855053150_92_310_0_75.jpg\" \/>\n\t<meta property=\"og:image:width\" content=\"310\" \/>\n\t<meta property=\"og:image:height\" content=\"439\" \/>\n\t<meta property=\"og:image:type\" content=\"image\/jpeg\" \/>\n<meta name=\"twitter:card\" content=\"summary_large_image\" \/>\n<meta name=\"twitter:label1\" content=\"Tempo di lettura stimato\" \/>\n\t<meta name=\"twitter:data1\" content=\"1 minuto\" \/>\n<script type=\"application\/ld+json\" class=\"yoast-schema-graph\">{\"@context\":\"https:\\\/\\\/schema.org\",\"@graph\":[{\"@type\":\"WebPage\",\"@id\":\"https:\\\/\\\/www.libriparlanti.org\\\/index.php\\\/prodotto\\\/finalmente-ho-capito-come-funzionano-i-virus\\\/\",\"url\":\"https:\\\/\\\/www.libriparlanti.org\\\/index.php\\\/prodotto\\\/finalmente-ho-capito-come-funzionano-i-virus\\\/\",\"name\":\"FINALMENTE HO CAPITO COME FUNZIONANO I VIRUS - Libreria Libri parlanti\",\"isPartOf\":{\"@id\":\"https:\\\/\\\/www.libriparlanti.org\\\/#website\"},\"primaryImageOfPage\":{\"@id\":\"https:\\\/\\\/www.libriparlanti.org\\\/index.php\\\/prodotto\\\/finalmente-ho-capito-come-funzionano-i-virus\\\/#primaryimage\"},\"image\":{\"@id\":\"https:\\\/\\\/www.libriparlanti.org\\\/index.php\\\/prodotto\\\/finalmente-ho-capito-come-funzionano-i-virus\\\/#primaryimage\"},\"thumbnailUrl\":\"https:\\\/\\\/www.libriparlanti.org\\\/wp-content\\\/uploads\\\/2020\\\/10\\\/9788855053150_92_310_0_75.jpg\",\"datePublished\":\"2020-10-26T20:43:48+00:00\",\"breadcrumb\":{\"@id\":\"https:\\\/\\\/www.libriparlanti.org\\\/index.php\\\/prodotto\\\/finalmente-ho-capito-come-funzionano-i-virus\\\/#breadcrumb\"},\"inLanguage\":\"it-IT\",\"potentialAction\":[{\"@type\":\"ReadAction\",\"target\":[\"https:\\\/\\\/www.libriparlanti.org\\\/index.php\\\/prodotto\\\/finalmente-ho-capito-come-funzionano-i-virus\\\/\"]}]},{\"@type\":\"ImageObject\",\"inLanguage\":\"it-IT\",\"@id\":\"https:\\\/\\\/www.libriparlanti.org\\\/index.php\\\/prodotto\\\/finalmente-ho-capito-come-funzionano-i-virus\\\/#primaryimage\",\"url\":\"https:\\\/\\\/www.libriparlanti.org\\\/wp-content\\\/uploads\\\/2020\\\/10\\\/9788855053150_92_310_0_75.jpg\",\"contentUrl\":\"https:\\\/\\\/www.libriparlanti.org\\\/wp-content\\\/uploads\\\/2020\\\/10\\\/9788855053150_92_310_0_75.jpg\",\"width\":310,\"height\":439,\"caption\":\"FINALMENTE HO CAPITO COME FUNZIONANO I VIRUS\"},{\"@type\":\"BreadcrumbList\",\"@id\":\"https:\\\/\\\/www.libriparlanti.org\\\/index.php\\\/prodotto\\\/finalmente-ho-capito-come-funzionano-i-virus\\\/#breadcrumb\",\"itemListElement\":[{\"@type\":\"ListItem\",\"position\":1,\"name\":\"Home\",\"item\":\"https:\\\/\\\/www.libriparlanti.org\\\/\"},{\"@type\":\"ListItem\",\"position\":2,\"name\":\"Shop\",\"item\":\"https:\\\/\\\/www.libriparlanti.org\\\/index.php\\\/negozio\\\/\"},{\"@type\":\"ListItem\",\"position\":3,\"name\":\"FINALMENTE HO CAPITO COME FUNZIONANO I VIRUS\"}]},{\"@type\":\"WebSite\",\"@id\":\"https:\\\/\\\/www.libriparlanti.org\\\/#website\",\"url\":\"https:\\\/\\\/www.libriparlanti.org\\\/\",\"name\":\"Libreria Libri parlanti\",\"description\":\"Libreria in Castiglione del Lago (Pg)\",\"potentialAction\":[{\"@type\":\"SearchAction\",\"target\":{\"@type\":\"EntryPoint\",\"urlTemplate\":\"https:\\\/\\\/www.libriparlanti.org\\\/?s={search_term_string}\"},\"query-input\":{\"@type\":\"PropertyValueSpecification\",\"valueRequired\":true,\"valueName\":\"search_term_string\"}}],\"inLanguage\":\"it-IT\"}]}<\/script>\n<!-- \/ Yoast SEO plugin. -->","yoast_head_json":{"title":"FINALMENTE HO CAPITO COME FUNZIONANO I VIRUS - Libreria Libri parlanti","robots":{"index":"index","follow":"follow","max-snippet":"max-snippet:-1","max-image-preview":"max-image-preview:large","max-video-preview":"max-video-preview:-1"},"canonical":"https:\/\/www.libriparlanti.org\/index.php\/prodotto\/finalmente-ho-capito-come-funzionano-i-virus\/","og_locale":"it_IT","og_type":"article","og_title":"FINALMENTE HO CAPITO COME FUNZIONANO I VIRUS - Libreria Libri parlanti","og_description":"FINALMENTE HO CAPITO COME FUNZIONANO I VIRUS","og_url":"https:\/\/www.libriparlanti.org\/index.php\/prodotto\/finalmente-ho-capito-come-funzionano-i-virus\/","og_site_name":"Libreria Libri parlanti","article_publisher":"https:\/\/www.facebook.com\/LibriParlanti","og_image":[{"width":310,"height":439,"url":"https:\/\/www.libriparlanti.org\/wp-content\/uploads\/2020\/10\/9788855053150_92_310_0_75.jpg","type":"image\/jpeg"}],"twitter_card":"summary_large_image","twitter_misc":{"Tempo di lettura stimato":"1 minuto"},"schema":{"@context":"https:\/\/schema.org","@graph":[{"@type":"WebPage","@id":"https:\/\/www.libriparlanti.org\/index.php\/prodotto\/finalmente-ho-capito-come-funzionano-i-virus\/","url":"https:\/\/www.libriparlanti.org\/index.php\/prodotto\/finalmente-ho-capito-come-funzionano-i-virus\/","name":"FINALMENTE HO CAPITO COME FUNZIONANO I VIRUS - Libreria Libri parlanti","isPartOf":{"@id":"https:\/\/www.libriparlanti.org\/#website"},"primaryImageOfPage":{"@id":"https:\/\/www.libriparlanti.org\/index.php\/prodotto\/finalmente-ho-capito-come-funzionano-i-virus\/#primaryimage"},"image":{"@id":"https:\/\/www.libriparlanti.org\/index.php\/prodotto\/finalmente-ho-capito-come-funzionano-i-virus\/#primaryimage"},"thumbnailUrl":"https:\/\/www.libriparlanti.org\/wp-content\/uploads\/2020\/10\/9788855053150_92_310_0_75.jpg","datePublished":"2020-10-26T20:43:48+00:00","breadcrumb":{"@id":"https:\/\/www.libriparlanti.org\/index.php\/prodotto\/finalmente-ho-capito-come-funzionano-i-virus\/#breadcrumb"},"inLanguage":"it-IT","potentialAction":[{"@type":"ReadAction","target":["https:\/\/www.libriparlanti.org\/index.php\/prodotto\/finalmente-ho-capito-come-funzionano-i-virus\/"]}]},{"@type":"ImageObject","inLanguage":"it-IT","@id":"https:\/\/www.libriparlanti.org\/index.php\/prodotto\/finalmente-ho-capito-come-funzionano-i-virus\/#primaryimage","url":"https:\/\/www.libriparlanti.org\/wp-content\/uploads\/2020\/10\/9788855053150_92_310_0_75.jpg","contentUrl":"https:\/\/www.libriparlanti.org\/wp-content\/uploads\/2020\/10\/9788855053150_92_310_0_75.jpg","width":310,"height":439,"caption":"FINALMENTE HO CAPITO COME FUNZIONANO I VIRUS"},{"@type":"BreadcrumbList","@id":"https:\/\/www.libriparlanti.org\/index.php\/prodotto\/finalmente-ho-capito-come-funzionano-i-virus\/#breadcrumb","itemListElement":[{"@type":"ListItem","position":1,"name":"Home","item":"https:\/\/www.libriparlanti.org\/"},{"@type":"ListItem","position":2,"name":"Shop","item":"https:\/\/www.libriparlanti.org\/index.php\/negozio\/"},{"@type":"ListItem","position":3,"name":"FINALMENTE HO CAPITO COME FUNZIONANO I VIRUS"}]},{"@type":"WebSite","@id":"https:\/\/www.libriparlanti.org\/#website","url":"https:\/\/www.libriparlanti.org\/","name":"Libreria Libri parlanti","description":"Libreria in Castiglione del Lago (Pg)","potentialAction":[{"@type":"SearchAction","target":{"@type":"EntryPoint","urlTemplate":"https:\/\/www.libriparlanti.org\/?s={search_term_string}"},"query-input":{"@type":"PropertyValueSpecification","valueRequired":true,"valueName":"search_term_string"}}],"inLanguage":"it-IT"}]}},"_links":{"self":[{"href":"https:\/\/www.libriparlanti.org\/index.php\/wp-json\/wp\/v2\/product\/11412","targetHints":{"allow":["GET"]}}],"collection":[{"href":"https:\/\/www.libriparlanti.org\/index.php\/wp-json\/wp\/v2\/product"}],"about":[{"href":"https:\/\/www.libriparlanti.org\/index.php\/wp-json\/wp\/v2\/types\/product"}],"replies":[{"embeddable":true,"href":"https:\/\/www.libriparlanti.org\/index.php\/wp-json\/wp\/v2\/comments?post=11412"}],"wp:featuredmedia":[{"embeddable":true,"href":"https:\/\/www.libriparlanti.org\/index.php\/wp-json\/wp\/v2\/media\/11413"}],"wp:attachment":[{"href":"https:\/\/www.libriparlanti.org\/index.php\/wp-json\/wp\/v2\/media?parent=11412"}],"wp:term":[{"taxonomy":"product_brand","embeddable":true,"href":"https:\/\/www.libriparlanti.org\/index.php\/wp-json\/wp\/v2\/product_brand?post=11412"},{"taxonomy":"product_cat","embeddable":true,"href":"https:\/\/www.libriparlanti.org\/index.php\/wp-json\/wp\/v2\/product_cat?post=11412"},{"taxonomy":"product_tag","embeddable":true,"href":"https:\/\/www.libriparlanti.org\/index.php\/wp-json\/wp\/v2\/product_tag?post=11412"}],"curies":[{"name":"wp","href":"https:\/\/api.w.org\/{rel}","templated":true}]}}