{"id":11387,"date":"2020-10-26T18:44:17","date_gmt":"2020-10-26T16:44:17","guid":{"rendered":"https:\/\/www.libriparlanti.org\/?post_type=product&#038;p=11387"},"modified":"2020-10-27T07:19:44","modified_gmt":"2020-10-27T05:19:44","slug":"il-capitano-e-la-gloria","status":"publish","type":"product","link":"https:\/\/www.libriparlanti.org\/index.php\/prodotto\/il-capitano-e-la-gloria\/","title":{"rendered":"IL CAPITANO E LA GLORIA"},"content":{"rendered":"<div id=\"attachment_11388\" style=\"width: 201px\" class=\"wp-caption alignnone\"><a href=\"https:\/\/www.libriparlanti.org\/wp-content\/uploads\/2020\/10\/9788807034183_quarta-scaled.jpg\"><img loading=\"lazy\" decoding=\"async\" aria-describedby=\"caption-attachment-11388\" class=\"size-medium wp-image-11388\" src=\"https:\/\/www.libriparlanti.org\/wp-content\/uploads\/2020\/10\/9788807034183_quarta-191x300.jpg\" alt=\"CAPITANO \" width=\"191\" height=\"300\" srcset=\"https:\/\/www.libriparlanti.org\/wp-content\/uploads\/2020\/10\/9788807034183_quarta-191x300.jpg 191w, https:\/\/www.libriparlanti.org\/wp-content\/uploads\/2020\/10\/9788807034183_quarta-600x941.jpg 600w, https:\/\/www.libriparlanti.org\/wp-content\/uploads\/2020\/10\/9788807034183_quarta-653x1024.jpg 653w, https:\/\/www.libriparlanti.org\/wp-content\/uploads\/2020\/10\/9788807034183_quarta-768x1204.jpg 768w, https:\/\/www.libriparlanti.org\/wp-content\/uploads\/2020\/10\/9788807034183_quarta-980x1536.jpg 980w, https:\/\/www.libriparlanti.org\/wp-content\/uploads\/2020\/10\/9788807034183_quarta-1306x2048.jpg 1306w, https:\/\/www.libriparlanti.org\/wp-content\/uploads\/2020\/10\/9788807034183_quarta-300x470.jpg 300w, https:\/\/www.libriparlanti.org\/wp-content\/uploads\/2020\/10\/9788807034183_quarta-scaled.jpg 1633w\" sizes=\"(max-width: 191px) 100vw, 191px\" \/><\/a><p id=\"caption-attachment-11388\" class=\"wp-caption-text\">IL CAPITANO E LA GLORIA<\/p><\/div>\n<p>In un oceano vasto quanto tutti gli oceani messi insieme, naviga un bastimento grande come tutti i bastimenti messi insieme. Ma la Glory non \u00e8 una nave come le altre. Le sue migliaia di passeggeri sono anche i milioni di cittadini di un paese innominato che sta forse cominciando a pentirsi di aver scelto di farsi governare da un uomo con una piuma gialla tra i capelli. Quest\u2019uomo pauroso, irresoluto e crudele, che odia tutti coloro che sono migliori di lui, \u00e8 il capo di una cricca che a poco a poco allargher\u00e0 il proprio potere fino a espellere con violenza dalla nave ogni pi\u00f9 piccola forma di dissenso. Ma ogni tiranno trova, prima o poi, un tiranno pi\u00f9 feroce e pi\u00f9 intelligente di lui. Cos\u00ec, un bel giorno, la Glory sar\u00e0 abbordata da altri bastimenti e il Capitano, che si credeva cos\u00ec forte, sicuro e amato su una nave-paese trasformata dal suo oscuro carisma in un adorante pollaio, dovr\u00e0 fare i conti con pirati ancora pi\u00f9 sanguinari di lui ai quali basteranno due risate per distruggerlo.<\/p>\n<p>\u201cRidacchiavano tra loro, mostrando grande soddisfazione per il fatto che i loro voti avevano piazzato la persona pi\u00f9 ridicola che conoscevano nel posto pi\u00f9 importante della nave, mentre in segreto speravano che lui non li ammazzasse tutti.\u201d<\/p>\n","protected":false},"excerpt":{"rendered":"<p>In un oceano vasto quanto tutti gli oceani messi insieme, naviga un bastimento grande come tutti i bastimenti messi insieme. Ma la Glory non \u00e8 una nave come le altre. Le sue migliaia di passeggeri sono anche i milioni di cittadini di un paese innominato che sta forse cominciando a pentirsi di aver scelto di farsi governare da un uomo con una piuma gialla tra i capelli. Quest\u2019uomo pauroso, irresoluto e crudele, che odia tutti coloro che sono migliori di lui, \u00e8 il capo di una cricca che a poco a poco allargher\u00e0 il proprio potere fino a espellere con violenza dalla nave ogni pi\u00f9 piccola forma di dissenso. Ma ogni tiranno trova, prima o poi, un tiranno pi\u00f9 feroce e pi\u00f9 intelligente di lui. Cos\u00ec, un bel giorno, la Glory sar\u00e0 abbordata da altri bastimenti e il Capitano, che si credeva cos\u00ec forte, sicuro e amato su una nave-paese trasformata dal suo oscuro carisma in un adorante pollaio, dovr\u00e0 fare i conti con pirati ancora pi\u00f9 sanguinari di lui ai quali basteranno due risate per distruggerlo.<\/p>\n<p>\u201cRidacchiavano tra loro, mostrando grande soddisfazione per il fatto che i loro voti avevano piazzato la persona pi\u00f9 ridicola che conoscevano nel posto pi\u00f9 importante della nave, mentre in segreto speravano che lui non li ammazzasse tutti.\u201d<\/p>\n<div id=\"attachment_11388\" style=\"width: 201px\" class=\"wp-caption alignnone\"><a href=\"https:\/\/www.libriparlanti.org\/wp-content\/uploads\/2020\/10\/9788807034183_quarta-scaled.jpg\"><img loading=\"lazy\" decoding=\"async\" aria-describedby=\"caption-attachment-11388\" class=\"size-medium wp-image-11388\" src=\"https:\/\/www.libriparlanti.org\/wp-content\/uploads\/2020\/10\/9788807034183_quarta-191x300.jpg\" alt=\"\" width=\"191\" height=\"300\" srcset=\"https:\/\/www.libriparlanti.org\/wp-content\/uploads\/2020\/10\/9788807034183_quarta-191x300.jpg 191w, https:\/\/www.libriparlanti.org\/wp-content\/uploads\/2020\/10\/9788807034183_quarta-600x941.jpg 600w, https:\/\/www.libriparlanti.org\/wp-content\/uploads\/2020\/10\/9788807034183_quarta-653x1024.jpg 653w, https:\/\/www.libriparlanti.org\/wp-content\/uploads\/2020\/10\/9788807034183_quarta-768x1204.jpg 768w, https:\/\/www.libriparlanti.org\/wp-content\/uploads\/2020\/10\/9788807034183_quarta-980x1536.jpg 980w, https:\/\/www.libriparlanti.org\/wp-content\/uploads\/2020\/10\/9788807034183_quarta-1306x2048.jpg 1306w, https:\/\/www.libriparlanti.org\/wp-content\/uploads\/2020\/10\/9788807034183_quarta-300x470.jpg 300w, https:\/\/www.libriparlanti.org\/wp-content\/uploads\/2020\/10\/9788807034183_quarta-scaled.jpg 1633w\" sizes=\"(max-width: 191px) 100vw, 191px\" \/><\/a><p id=\"caption-attachment-11388\" class=\"wp-caption-text\">IL CAPITANO E LA GLORIA<\/p><\/div>\n","protected":false},"featured_media":11388,"comment_status":"open","ping_status":"closed","template":"","meta":{"_et_pb_use_builder":"","_et_pb_old_content":"","_et_gb_content_width":"","_joinchat":[]},"product_brand":[],"product_cat":[1736],"product_tag":[1820,1822,1821],"class_list":{"0":"post-11387","1":"product","2":"type-product","3":"status-publish","4":"has-post-thumbnail","6":"product_cat-narrativa","7":"product_tag-eggers","8":"product_tag-feltrinelli","9":"product_tag-il-capitano-e-la-gloria","11":"first","12":"instock","13":"taxable","14":"shipping-taxable","15":"purchasable","16":"product-type-simple"},"yoast_head":"<!-- This site is optimized with the Yoast SEO plugin v27.3 - https:\/\/yoast.com\/product\/yoast-seo-wordpress\/ -->\n<title>IL CAPITANO E LA GLORIA - Libreria Libri parlanti<\/title>\n<meta name=\"robots\" content=\"index, follow, max-snippet:-1, max-image-preview:large, max-video-preview:-1\" \/>\n<link rel=\"canonical\" href=\"https:\/\/www.libriparlanti.org\/index.php\/prodotto\/il-capitano-e-la-gloria\/\" \/>\n<meta property=\"og:locale\" content=\"it_IT\" \/>\n<meta property=\"og:type\" content=\"article\" \/>\n<meta property=\"og:title\" content=\"IL CAPITANO E LA GLORIA - Libreria Libri parlanti\" \/>\n<meta property=\"og:description\" content=\"In un oceano vasto quanto tutti gli oceani messi insieme, naviga un bastimento grande come tutti i bastimenti messi insieme. Ma la Glory non \u00e8 una nave come le altre. Le sue migliaia di passeggeri sono anche i milioni di cittadini di un paese innominato che sta forse cominciando a pentirsi di aver scelto di farsi governare da un uomo con una piuma gialla tra i capelli. Quest\u2019uomo pauroso, irresoluto e crudele, che odia tutti coloro che sono migliori di lui, \u00e8 il capo di una cricca che a poco a poco allargher\u00e0 il proprio potere fino a espellere con violenza dalla nave ogni pi\u00f9 piccola forma di dissenso. Ma ogni tiranno trova, prima o poi, un tiranno pi\u00f9 feroce e pi\u00f9 intelligente di lui. Cos\u00ec, un bel giorno, la Glory sar\u00e0 abbordata da altri bastimenti e il Capitano, che si credeva cos\u00ec forte, sicuro e amato su una nave-paese trasformata dal suo oscuro carisma in un adorante pollaio, dovr\u00e0 fare i conti con pirati ancora pi\u00f9 sanguinari di lui ai quali basteranno due risate per distruggerlo.  \u201cRidacchiavano tra loro, mostrando grande soddisfazione per il fatto che i loro voti avevano piazzato la persona pi\u00f9 ridicola che conoscevano nel posto pi\u00f9 importante della nave, mentre in segreto speravano che lui non li ammazzasse tutti.\u201d\" \/>\n<meta property=\"og:url\" content=\"https:\/\/www.libriparlanti.org\/index.php\/prodotto\/il-capitano-e-la-gloria\/\" \/>\n<meta property=\"og:site_name\" content=\"Libreria Libri parlanti\" \/>\n<meta property=\"article:publisher\" content=\"https:\/\/www.facebook.com\/LibriParlanti\" \/>\n<meta property=\"article:modified_time\" content=\"2020-10-27T05:19:44+00:00\" \/>\n<meta property=\"og:image\" content=\"https:\/\/www.libriparlanti.org\/wp-content\/uploads\/2020\/10\/9788807034183_quarta-scaled.jpg\" \/>\n\t<meta property=\"og:image:width\" content=\"1633\" \/>\n\t<meta property=\"og:image:height\" content=\"2560\" \/>\n\t<meta property=\"og:image:type\" content=\"image\/jpeg\" \/>\n<meta name=\"twitter:card\" content=\"summary_large_image\" \/>\n<meta name=\"twitter:label1\" content=\"Tempo di lettura stimato\" \/>\n\t<meta name=\"twitter:data1\" content=\"1 minuto\" \/>\n<script type=\"application\/ld+json\" class=\"yoast-schema-graph\">{\"@context\":\"https:\\\/\\\/schema.org\",\"@graph\":[{\"@type\":\"WebPage\",\"@id\":\"https:\\\/\\\/www.libriparlanti.org\\\/index.php\\\/prodotto\\\/il-capitano-e-la-gloria\\\/\",\"url\":\"https:\\\/\\\/www.libriparlanti.org\\\/index.php\\\/prodotto\\\/il-capitano-e-la-gloria\\\/\",\"name\":\"IL CAPITANO E LA GLORIA - Libreria Libri parlanti\",\"isPartOf\":{\"@id\":\"https:\\\/\\\/www.libriparlanti.org\\\/#website\"},\"primaryImageOfPage\":{\"@id\":\"https:\\\/\\\/www.libriparlanti.org\\\/index.php\\\/prodotto\\\/il-capitano-e-la-gloria\\\/#primaryimage\"},\"image\":{\"@id\":\"https:\\\/\\\/www.libriparlanti.org\\\/index.php\\\/prodotto\\\/il-capitano-e-la-gloria\\\/#primaryimage\"},\"thumbnailUrl\":\"https:\\\/\\\/www.libriparlanti.org\\\/wp-content\\\/uploads\\\/2020\\\/10\\\/9788807034183_quarta-scaled.jpg\",\"datePublished\":\"2020-10-26T16:44:17+00:00\",\"dateModified\":\"2020-10-27T05:19:44+00:00\",\"breadcrumb\":{\"@id\":\"https:\\\/\\\/www.libriparlanti.org\\\/index.php\\\/prodotto\\\/il-capitano-e-la-gloria\\\/#breadcrumb\"},\"inLanguage\":\"it-IT\",\"potentialAction\":[{\"@type\":\"ReadAction\",\"target\":[\"https:\\\/\\\/www.libriparlanti.org\\\/index.php\\\/prodotto\\\/il-capitano-e-la-gloria\\\/\"]}]},{\"@type\":\"ImageObject\",\"inLanguage\":\"it-IT\",\"@id\":\"https:\\\/\\\/www.libriparlanti.org\\\/index.php\\\/prodotto\\\/il-capitano-e-la-gloria\\\/#primaryimage\",\"url\":\"https:\\\/\\\/www.libriparlanti.org\\\/wp-content\\\/uploads\\\/2020\\\/10\\\/9788807034183_quarta-scaled.jpg\",\"contentUrl\":\"https:\\\/\\\/www.libriparlanti.org\\\/wp-content\\\/uploads\\\/2020\\\/10\\\/9788807034183_quarta-scaled.jpg\",\"width\":1633,\"height\":2560,\"caption\":\"IL CAPITANO E LA GLORIA\"},{\"@type\":\"BreadcrumbList\",\"@id\":\"https:\\\/\\\/www.libriparlanti.org\\\/index.php\\\/prodotto\\\/il-capitano-e-la-gloria\\\/#breadcrumb\",\"itemListElement\":[{\"@type\":\"ListItem\",\"position\":1,\"name\":\"Home\",\"item\":\"https:\\\/\\\/www.libriparlanti.org\\\/\"},{\"@type\":\"ListItem\",\"position\":2,\"name\":\"Shop\",\"item\":\"https:\\\/\\\/www.libriparlanti.org\\\/index.php\\\/negozio\\\/\"},{\"@type\":\"ListItem\",\"position\":3,\"name\":\"IL CAPITANO E LA GLORIA\"}]},{\"@type\":\"WebSite\",\"@id\":\"https:\\\/\\\/www.libriparlanti.org\\\/#website\",\"url\":\"https:\\\/\\\/www.libriparlanti.org\\\/\",\"name\":\"Libreria Libri parlanti\",\"description\":\"Libreria in Castiglione del Lago (Pg)\",\"potentialAction\":[{\"@type\":\"SearchAction\",\"target\":{\"@type\":\"EntryPoint\",\"urlTemplate\":\"https:\\\/\\\/www.libriparlanti.org\\\/?s={search_term_string}\"},\"query-input\":{\"@type\":\"PropertyValueSpecification\",\"valueRequired\":true,\"valueName\":\"search_term_string\"}}],\"inLanguage\":\"it-IT\"}]}<\/script>\n<!-- \/ Yoast SEO plugin. -->","yoast_head_json":{"title":"IL CAPITANO E LA GLORIA - Libreria Libri parlanti","robots":{"index":"index","follow":"follow","max-snippet":"max-snippet:-1","max-image-preview":"max-image-preview:large","max-video-preview":"max-video-preview:-1"},"canonical":"https:\/\/www.libriparlanti.org\/index.php\/prodotto\/il-capitano-e-la-gloria\/","og_locale":"it_IT","og_type":"article","og_title":"IL CAPITANO E LA GLORIA - Libreria Libri parlanti","og_description":"In un oceano vasto quanto tutti gli oceani messi insieme, naviga un bastimento grande come tutti i bastimenti messi insieme. Ma la Glory non \u00e8 una nave come le altre. Le sue migliaia di passeggeri sono anche i milioni di cittadini di un paese innominato che sta forse cominciando a pentirsi di aver scelto di farsi governare da un uomo con una piuma gialla tra i capelli. Quest\u2019uomo pauroso, irresoluto e crudele, che odia tutti coloro che sono migliori di lui, \u00e8 il capo di una cricca che a poco a poco allargher\u00e0 il proprio potere fino a espellere con violenza dalla nave ogni pi\u00f9 piccola forma di dissenso. Ma ogni tiranno trova, prima o poi, un tiranno pi\u00f9 feroce e pi\u00f9 intelligente di lui. Cos\u00ec, un bel giorno, la Glory sar\u00e0 abbordata da altri bastimenti e il Capitano, che si credeva cos\u00ec forte, sicuro e amato su una nave-paese trasformata dal suo oscuro carisma in un adorante pollaio, dovr\u00e0 fare i conti con pirati ancora pi\u00f9 sanguinari di lui ai quali basteranno due risate per distruggerlo.  \u201cRidacchiavano tra loro, mostrando grande soddisfazione per il fatto che i loro voti avevano piazzato la persona pi\u00f9 ridicola che conoscevano nel posto pi\u00f9 importante della nave, mentre in segreto speravano che lui non li ammazzasse tutti.\u201d","og_url":"https:\/\/www.libriparlanti.org\/index.php\/prodotto\/il-capitano-e-la-gloria\/","og_site_name":"Libreria Libri parlanti","article_publisher":"https:\/\/www.facebook.com\/LibriParlanti","article_modified_time":"2020-10-27T05:19:44+00:00","og_image":[{"width":1633,"height":2560,"url":"https:\/\/www.libriparlanti.org\/wp-content\/uploads\/2020\/10\/9788807034183_quarta-scaled.jpg","type":"image\/jpeg"}],"twitter_card":"summary_large_image","twitter_misc":{"Tempo di lettura stimato":"1 minuto"},"schema":{"@context":"https:\/\/schema.org","@graph":[{"@type":"WebPage","@id":"https:\/\/www.libriparlanti.org\/index.php\/prodotto\/il-capitano-e-la-gloria\/","url":"https:\/\/www.libriparlanti.org\/index.php\/prodotto\/il-capitano-e-la-gloria\/","name":"IL CAPITANO E LA GLORIA - Libreria Libri parlanti","isPartOf":{"@id":"https:\/\/www.libriparlanti.org\/#website"},"primaryImageOfPage":{"@id":"https:\/\/www.libriparlanti.org\/index.php\/prodotto\/il-capitano-e-la-gloria\/#primaryimage"},"image":{"@id":"https:\/\/www.libriparlanti.org\/index.php\/prodotto\/il-capitano-e-la-gloria\/#primaryimage"},"thumbnailUrl":"https:\/\/www.libriparlanti.org\/wp-content\/uploads\/2020\/10\/9788807034183_quarta-scaled.jpg","datePublished":"2020-10-26T16:44:17+00:00","dateModified":"2020-10-27T05:19:44+00:00","breadcrumb":{"@id":"https:\/\/www.libriparlanti.org\/index.php\/prodotto\/il-capitano-e-la-gloria\/#breadcrumb"},"inLanguage":"it-IT","potentialAction":[{"@type":"ReadAction","target":["https:\/\/www.libriparlanti.org\/index.php\/prodotto\/il-capitano-e-la-gloria\/"]}]},{"@type":"ImageObject","inLanguage":"it-IT","@id":"https:\/\/www.libriparlanti.org\/index.php\/prodotto\/il-capitano-e-la-gloria\/#primaryimage","url":"https:\/\/www.libriparlanti.org\/wp-content\/uploads\/2020\/10\/9788807034183_quarta-scaled.jpg","contentUrl":"https:\/\/www.libriparlanti.org\/wp-content\/uploads\/2020\/10\/9788807034183_quarta-scaled.jpg","width":1633,"height":2560,"caption":"IL CAPITANO E LA GLORIA"},{"@type":"BreadcrumbList","@id":"https:\/\/www.libriparlanti.org\/index.php\/prodotto\/il-capitano-e-la-gloria\/#breadcrumb","itemListElement":[{"@type":"ListItem","position":1,"name":"Home","item":"https:\/\/www.libriparlanti.org\/"},{"@type":"ListItem","position":2,"name":"Shop","item":"https:\/\/www.libriparlanti.org\/index.php\/negozio\/"},{"@type":"ListItem","position":3,"name":"IL CAPITANO E LA GLORIA"}]},{"@type":"WebSite","@id":"https:\/\/www.libriparlanti.org\/#website","url":"https:\/\/www.libriparlanti.org\/","name":"Libreria Libri parlanti","description":"Libreria in Castiglione del Lago (Pg)","potentialAction":[{"@type":"SearchAction","target":{"@type":"EntryPoint","urlTemplate":"https:\/\/www.libriparlanti.org\/?s={search_term_string}"},"query-input":{"@type":"PropertyValueSpecification","valueRequired":true,"valueName":"search_term_string"}}],"inLanguage":"it-IT"}]}},"_links":{"self":[{"href":"https:\/\/www.libriparlanti.org\/index.php\/wp-json\/wp\/v2\/product\/11387","targetHints":{"allow":["GET"]}}],"collection":[{"href":"https:\/\/www.libriparlanti.org\/index.php\/wp-json\/wp\/v2\/product"}],"about":[{"href":"https:\/\/www.libriparlanti.org\/index.php\/wp-json\/wp\/v2\/types\/product"}],"replies":[{"embeddable":true,"href":"https:\/\/www.libriparlanti.org\/index.php\/wp-json\/wp\/v2\/comments?post=11387"}],"wp:featuredmedia":[{"embeddable":true,"href":"https:\/\/www.libriparlanti.org\/index.php\/wp-json\/wp\/v2\/media\/11388"}],"wp:attachment":[{"href":"https:\/\/www.libriparlanti.org\/index.php\/wp-json\/wp\/v2\/media?parent=11387"}],"wp:term":[{"taxonomy":"product_brand","embeddable":true,"href":"https:\/\/www.libriparlanti.org\/index.php\/wp-json\/wp\/v2\/product_brand?post=11387"},{"taxonomy":"product_cat","embeddable":true,"href":"https:\/\/www.libriparlanti.org\/index.php\/wp-json\/wp\/v2\/product_cat?post=11387"},{"taxonomy":"product_tag","embeddable":true,"href":"https:\/\/www.libriparlanti.org\/index.php\/wp-json\/wp\/v2\/product_tag?post=11387"}],"curies":[{"name":"wp","href":"https:\/\/api.w.org\/{rel}","templated":true}]}}