{"id":11361,"date":"2020-10-25T20:07:50","date_gmt":"2020-10-25T18:07:50","guid":{"rendered":"https:\/\/www.libriparlanti.org\/?post_type=product&#038;p=11361"},"modified":"2020-10-25T20:07:50","modified_gmt":"2020-10-25T18:07:50","slug":"dolce-come-il-desiderio","status":"publish","type":"product","link":"https:\/\/www.libriparlanti.org\/index.php\/prodotto\/dolce-come-il-desiderio\/","title":{"rendered":"DOLCE COME IL DESIDERIO"},"content":{"rendered":"<p>Mar\u00eda non ha mai conosciuto gioia pi\u00f9 grande di quella che prova cullando il piccolo Horacio. Negli occhi del figlio vede il riflesso di una felicit\u00e0 e di un amore totalizzanti, mai provati prima. Non \u00e8 cos\u00ec per il marito Carlos e il resto della famiglia che leggono in quegli stessi occhi una maledizione che potrebbe colpire ognuno di loro. Tradita da coloro di cui si \u00e8 sempre fidata, Mar\u00eda rifiuta di assecondare un atteggiamento tanto meschino. \u00c8 sicura che ci sia una spiegazione e ha intenzione di cercarla. E non \u00e8 sola come crede: un giorno, nella sua vita ricompare la nonna Luc\u00eda, che non vede da anni. \u00c8 lei, che subito si lascia conquistare da Horacio, a offrire alla nipote un&#8217;occasione unica: trasferirsi nella tenuta di famiglia, dove \u00e8 vissuta anche la loro antenata Tita, e, l\u00ec, trovare le risposte che cerca. Mar\u00eda accetta l&#8217;invito. Tra quelle mura in cui il passato vive ancora, si imbatte nel diario di Tita, le cui pagine&nbsp; custodiscono ricette che profumano di cioccolato e segreti. Segreti che le parlano di un tempo lontano in cui non c&#8217;era posto per la superstizione, ma solo per la capacit\u00e0 dell&#8217;anim<\/p>\n<div id=\"attachment_11362\" style=\"width: 170px\" class=\"wp-caption alignnone\"><a href=\"https:\/\/www.libriparlanti.org\/wp-content\/uploads\/2020\/10\/laura-esquivel-dolce-come-il-desiderio-9788811607267-160x245-1.jpg\"><img loading=\"lazy\" decoding=\"async\" aria-describedby=\"caption-attachment-11362\" class=\"size-full wp-image-11362\" src=\"https:\/\/www.libriparlanti.org\/wp-content\/uploads\/2020\/10\/laura-esquivel-dolce-come-il-desiderio-9788811607267-160x245-1.jpg\" alt=\"\" width=\"160\" height=\"245\"><\/a><p id=\"caption-attachment-11362\" class=\"wp-caption-text\">DOLCE COME IL DESIDERIO<\/p><\/div>\n<p>o umano di guardare oltre le apparenze. Di accettare che la diversit\u00e0 non deve per forza pregiudicare il senso di appartenenza a un luogo o a una famiglia. Nutrendosi delle parole dell&#8217;antenata come di un cibo che conforta e rinvigorisce, Mar\u00eda impara ad ascoltare le proprie emozioni. Di fronte a lei sta per aprirsi un futuro luminoso, ma prima deve trovare il coraggio di innamorarsi ancora.<\/p>\n","protected":false},"excerpt":{"rendered":"<p>Mar\u00eda non ha mai conosciuto gioia pi\u00f9 grande di quella che prova cullando il piccolo Horacio. Negli occhi del figlio vede il riflesso di una felicit\u00e0 e di un amore totalizzanti, mai provati prima. Non \u00e8 cos\u00ec per il marito Carlos e il resto della famiglia che leggono in quegli stessi occhi una maledizione che [&hellip;]<\/p>\n","protected":false},"featured_media":11362,"comment_status":"open","ping_status":"closed","template":"","meta":{"_et_pb_use_builder":"","_et_pb_old_content":"","_et_gb_content_width":"","_joinchat":[]},"product_brand":[],"product_cat":[1736,1730],"product_tag":[1810,1809],"class_list":{"0":"post-11361","1":"product","2":"type-product","3":"status-publish","4":"has-post-thumbnail","6":"product_cat-narrativa","7":"product_cat-varia","8":"product_tag-esquivel","9":"product_tag-garzanti","11":"first","12":"instock","13":"taxable","14":"shipping-taxable","15":"purchasable","16":"product-type-simple"},"yoast_head":"<!-- This site is optimized with the Yoast SEO plugin v27.3 - https:\/\/yoast.com\/product\/yoast-seo-wordpress\/ -->\n<title>DOLCE COME IL DESIDERIO - Libreria Libri parlanti<\/title>\n<meta name=\"robots\" content=\"index, follow, max-snippet:-1, max-image-preview:large, max-video-preview:-1\" \/>\n<link rel=\"canonical\" href=\"https:\/\/www.libriparlanti.org\/index.php\/prodotto\/dolce-come-il-desiderio\/\" \/>\n<meta property=\"og:locale\" content=\"it_IT\" \/>\n<meta property=\"og:type\" content=\"article\" \/>\n<meta property=\"og:title\" content=\"DOLCE COME IL DESIDERIO - Libreria Libri parlanti\" \/>\n<meta property=\"og:description\" content=\"Mar\u00eda non ha mai conosciuto gioia pi\u00f9 grande di quella che prova cullando il piccolo Horacio. Negli occhi del figlio vede il riflesso di una felicit\u00e0 e di un amore totalizzanti, mai provati prima. Non \u00e8 cos\u00ec per il marito Carlos e il resto della famiglia che leggono in quegli stessi occhi una maledizione che [&hellip;]\" \/>\n<meta property=\"og:url\" content=\"https:\/\/www.libriparlanti.org\/index.php\/prodotto\/dolce-come-il-desiderio\/\" \/>\n<meta property=\"og:site_name\" content=\"Libreria Libri parlanti\" \/>\n<meta property=\"article:publisher\" content=\"https:\/\/www.facebook.com\/LibriParlanti\" \/>\n<meta property=\"og:image\" content=\"https:\/\/www.libriparlanti.org\/wp-content\/uploads\/2020\/10\/laura-esquivel-dolce-come-il-desiderio-9788811607267-160x245-1.jpg\" \/>\n\t<meta property=\"og:image:width\" content=\"160\" \/>\n\t<meta property=\"og:image:height\" content=\"245\" \/>\n\t<meta property=\"og:image:type\" content=\"image\/jpeg\" \/>\n<meta name=\"twitter:card\" content=\"summary_large_image\" \/>\n<meta name=\"twitter:label1\" content=\"Tempo di lettura stimato\" \/>\n\t<meta name=\"twitter:data1\" content=\"1 minuto\" \/>\n<script type=\"application\/ld+json\" class=\"yoast-schema-graph\">{\"@context\":\"https:\\\/\\\/schema.org\",\"@graph\":[{\"@type\":\"WebPage\",\"@id\":\"https:\\\/\\\/www.libriparlanti.org\\\/index.php\\\/prodotto\\\/dolce-come-il-desiderio\\\/\",\"url\":\"https:\\\/\\\/www.libriparlanti.org\\\/index.php\\\/prodotto\\\/dolce-come-il-desiderio\\\/\",\"name\":\"DOLCE COME IL DESIDERIO - Libreria Libri parlanti\",\"isPartOf\":{\"@id\":\"https:\\\/\\\/www.libriparlanti.org\\\/#website\"},\"primaryImageOfPage\":{\"@id\":\"https:\\\/\\\/www.libriparlanti.org\\\/index.php\\\/prodotto\\\/dolce-come-il-desiderio\\\/#primaryimage\"},\"image\":{\"@id\":\"https:\\\/\\\/www.libriparlanti.org\\\/index.php\\\/prodotto\\\/dolce-come-il-desiderio\\\/#primaryimage\"},\"thumbnailUrl\":\"https:\\\/\\\/www.libriparlanti.org\\\/wp-content\\\/uploads\\\/2020\\\/10\\\/laura-esquivel-dolce-come-il-desiderio-9788811607267-160x245-1.jpg\",\"datePublished\":\"2020-10-25T18:07:50+00:00\",\"breadcrumb\":{\"@id\":\"https:\\\/\\\/www.libriparlanti.org\\\/index.php\\\/prodotto\\\/dolce-come-il-desiderio\\\/#breadcrumb\"},\"inLanguage\":\"it-IT\",\"potentialAction\":[{\"@type\":\"ReadAction\",\"target\":[\"https:\\\/\\\/www.libriparlanti.org\\\/index.php\\\/prodotto\\\/dolce-come-il-desiderio\\\/\"]}]},{\"@type\":\"ImageObject\",\"inLanguage\":\"it-IT\",\"@id\":\"https:\\\/\\\/www.libriparlanti.org\\\/index.php\\\/prodotto\\\/dolce-come-il-desiderio\\\/#primaryimage\",\"url\":\"https:\\\/\\\/www.libriparlanti.org\\\/wp-content\\\/uploads\\\/2020\\\/10\\\/laura-esquivel-dolce-come-il-desiderio-9788811607267-160x245-1.jpg\",\"contentUrl\":\"https:\\\/\\\/www.libriparlanti.org\\\/wp-content\\\/uploads\\\/2020\\\/10\\\/laura-esquivel-dolce-come-il-desiderio-9788811607267-160x245-1.jpg\",\"width\":160,\"height\":245,\"caption\":\"DOLCE COME IL DESIDERIO\"},{\"@type\":\"BreadcrumbList\",\"@id\":\"https:\\\/\\\/www.libriparlanti.org\\\/index.php\\\/prodotto\\\/dolce-come-il-desiderio\\\/#breadcrumb\",\"itemListElement\":[{\"@type\":\"ListItem\",\"position\":1,\"name\":\"Home\",\"item\":\"https:\\\/\\\/www.libriparlanti.org\\\/\"},{\"@type\":\"ListItem\",\"position\":2,\"name\":\"Shop\",\"item\":\"https:\\\/\\\/www.libriparlanti.org\\\/index.php\\\/negozio\\\/\"},{\"@type\":\"ListItem\",\"position\":3,\"name\":\"DOLCE COME IL DESIDERIO\"}]},{\"@type\":\"WebSite\",\"@id\":\"https:\\\/\\\/www.libriparlanti.org\\\/#website\",\"url\":\"https:\\\/\\\/www.libriparlanti.org\\\/\",\"name\":\"Libreria Libri parlanti\",\"description\":\"Libreria in Castiglione del Lago (Pg)\",\"potentialAction\":[{\"@type\":\"SearchAction\",\"target\":{\"@type\":\"EntryPoint\",\"urlTemplate\":\"https:\\\/\\\/www.libriparlanti.org\\\/?s={search_term_string}\"},\"query-input\":{\"@type\":\"PropertyValueSpecification\",\"valueRequired\":true,\"valueName\":\"search_term_string\"}}],\"inLanguage\":\"it-IT\"}]}<\/script>\n<!-- \/ Yoast SEO plugin. -->","yoast_head_json":{"title":"DOLCE COME IL DESIDERIO - Libreria Libri parlanti","robots":{"index":"index","follow":"follow","max-snippet":"max-snippet:-1","max-image-preview":"max-image-preview:large","max-video-preview":"max-video-preview:-1"},"canonical":"https:\/\/www.libriparlanti.org\/index.php\/prodotto\/dolce-come-il-desiderio\/","og_locale":"it_IT","og_type":"article","og_title":"DOLCE COME IL DESIDERIO - Libreria Libri parlanti","og_description":"Mar\u00eda non ha mai conosciuto gioia pi\u00f9 grande di quella che prova cullando il piccolo Horacio. Negli occhi del figlio vede il riflesso di una felicit\u00e0 e di un amore totalizzanti, mai provati prima. Non \u00e8 cos\u00ec per il marito Carlos e il resto della famiglia che leggono in quegli stessi occhi una maledizione che [&hellip;]","og_url":"https:\/\/www.libriparlanti.org\/index.php\/prodotto\/dolce-come-il-desiderio\/","og_site_name":"Libreria Libri parlanti","article_publisher":"https:\/\/www.facebook.com\/LibriParlanti","og_image":[{"width":160,"height":245,"url":"https:\/\/www.libriparlanti.org\/wp-content\/uploads\/2020\/10\/laura-esquivel-dolce-come-il-desiderio-9788811607267-160x245-1.jpg","type":"image\/jpeg"}],"twitter_card":"summary_large_image","twitter_misc":{"Tempo di lettura stimato":"1 minuto"},"schema":{"@context":"https:\/\/schema.org","@graph":[{"@type":"WebPage","@id":"https:\/\/www.libriparlanti.org\/index.php\/prodotto\/dolce-come-il-desiderio\/","url":"https:\/\/www.libriparlanti.org\/index.php\/prodotto\/dolce-come-il-desiderio\/","name":"DOLCE COME IL DESIDERIO - Libreria Libri parlanti","isPartOf":{"@id":"https:\/\/www.libriparlanti.org\/#website"},"primaryImageOfPage":{"@id":"https:\/\/www.libriparlanti.org\/index.php\/prodotto\/dolce-come-il-desiderio\/#primaryimage"},"image":{"@id":"https:\/\/www.libriparlanti.org\/index.php\/prodotto\/dolce-come-il-desiderio\/#primaryimage"},"thumbnailUrl":"https:\/\/www.libriparlanti.org\/wp-content\/uploads\/2020\/10\/laura-esquivel-dolce-come-il-desiderio-9788811607267-160x245-1.jpg","datePublished":"2020-10-25T18:07:50+00:00","breadcrumb":{"@id":"https:\/\/www.libriparlanti.org\/index.php\/prodotto\/dolce-come-il-desiderio\/#breadcrumb"},"inLanguage":"it-IT","potentialAction":[{"@type":"ReadAction","target":["https:\/\/www.libriparlanti.org\/index.php\/prodotto\/dolce-come-il-desiderio\/"]}]},{"@type":"ImageObject","inLanguage":"it-IT","@id":"https:\/\/www.libriparlanti.org\/index.php\/prodotto\/dolce-come-il-desiderio\/#primaryimage","url":"https:\/\/www.libriparlanti.org\/wp-content\/uploads\/2020\/10\/laura-esquivel-dolce-come-il-desiderio-9788811607267-160x245-1.jpg","contentUrl":"https:\/\/www.libriparlanti.org\/wp-content\/uploads\/2020\/10\/laura-esquivel-dolce-come-il-desiderio-9788811607267-160x245-1.jpg","width":160,"height":245,"caption":"DOLCE COME IL DESIDERIO"},{"@type":"BreadcrumbList","@id":"https:\/\/www.libriparlanti.org\/index.php\/prodotto\/dolce-come-il-desiderio\/#breadcrumb","itemListElement":[{"@type":"ListItem","position":1,"name":"Home","item":"https:\/\/www.libriparlanti.org\/"},{"@type":"ListItem","position":2,"name":"Shop","item":"https:\/\/www.libriparlanti.org\/index.php\/negozio\/"},{"@type":"ListItem","position":3,"name":"DOLCE COME IL DESIDERIO"}]},{"@type":"WebSite","@id":"https:\/\/www.libriparlanti.org\/#website","url":"https:\/\/www.libriparlanti.org\/","name":"Libreria Libri parlanti","description":"Libreria in Castiglione del Lago (Pg)","potentialAction":[{"@type":"SearchAction","target":{"@type":"EntryPoint","urlTemplate":"https:\/\/www.libriparlanti.org\/?s={search_term_string}"},"query-input":{"@type":"PropertyValueSpecification","valueRequired":true,"valueName":"search_term_string"}}],"inLanguage":"it-IT"}]}},"_links":{"self":[{"href":"https:\/\/www.libriparlanti.org\/index.php\/wp-json\/wp\/v2\/product\/11361","targetHints":{"allow":["GET"]}}],"collection":[{"href":"https:\/\/www.libriparlanti.org\/index.php\/wp-json\/wp\/v2\/product"}],"about":[{"href":"https:\/\/www.libriparlanti.org\/index.php\/wp-json\/wp\/v2\/types\/product"}],"replies":[{"embeddable":true,"href":"https:\/\/www.libriparlanti.org\/index.php\/wp-json\/wp\/v2\/comments?post=11361"}],"wp:featuredmedia":[{"embeddable":true,"href":"https:\/\/www.libriparlanti.org\/index.php\/wp-json\/wp\/v2\/media\/11362"}],"wp:attachment":[{"href":"https:\/\/www.libriparlanti.org\/index.php\/wp-json\/wp\/v2\/media?parent=11361"}],"wp:term":[{"taxonomy":"product_brand","embeddable":true,"href":"https:\/\/www.libriparlanti.org\/index.php\/wp-json\/wp\/v2\/product_brand?post=11361"},{"taxonomy":"product_cat","embeddable":true,"href":"https:\/\/www.libriparlanti.org\/index.php\/wp-json\/wp\/v2\/product_cat?post=11361"},{"taxonomy":"product_tag","embeddable":true,"href":"https:\/\/www.libriparlanti.org\/index.php\/wp-json\/wp\/v2\/product_tag?post=11361"}],"curies":[{"name":"wp","href":"https:\/\/api.w.org\/{rel}","templated":true}]}}