{"id":11357,"date":"2020-10-25T19:56:18","date_gmt":"2020-10-25T17:56:18","guid":{"rendered":"https:\/\/www.libriparlanti.org\/?post_type=product&#038;p=11357"},"modified":"2020-10-25T19:56:18","modified_gmt":"2020-10-25T17:56:18","slug":"senza-ritorno","status":"publish","type":"product","link":"https:\/\/www.libriparlanti.org\/index.php\/prodotto\/senza-ritorno\/","title":{"rendered":"SENZA RITORNO"},"content":{"rendered":"<p>Carmen Y\u00e1\u00f1ez torna in questa raccolta alle tematiche che le sono pi\u00f9 care &#8211; l&#8217;amore, la memoria, l&#8217;esilio e la poesia stessa -, un mondo denso di ideali e di battaglie civili e politiche. La sua \u00e8 una scrittura che colpisce, quasi ferisce il lettore, frutto di un dolore che in qualche modo l&#8217;autrice ha saputo addomesticare. E la sua parola \u00e8 sempre esatta, spoglia di ogni fronzolo retorico per cercare, e cogliere, il nucleo del senso. Un nucleo che gravita intorno ad alcuni cardini: il Cile, il forte senso di appartenenza alla terra; E la casa, origine e allegoria di ci\u00f2 che vorremmo forte e duraturo, ma che sappiamo essere evanescente e fragile. Per questo, chi \u00e8 costretto a lasciare il proprio paese impara in modo brutale a non sentirsi mai al centro di niente, a sentirsi, semmai, alla periferia anche di se stesso. In questa poesia della perdita e della vita nostalgica c&#8217;\u00e8 spazio anche per la morte. Non importa che i versi si rivolgano alle persone amate &#8211; come nella prima, struggente poesia dedicata al compagno della sua vita, Luis Sep\u00falveda &#8211; o ad altri personaggi che vanno e vengono come ombre: la voce di Carmen Y\u00e1\u00f1ez si fa voce di tutti noi e, attraverso la parola e il ricordo, apre uno spiraglio di salvezza. TESTO SPAGNOLO A FRONTE<\/p>\n<div id=\"attachment_11358\" style=\"width: 193px\" class=\"wp-caption alignnone\"><a href=\"https:\/\/www.libriparlanti.org\/wp-content\/uploads\/2020\/10\/carmen-yanez-senza-ritorno-9788823527324-300x491-1.jpg\"><img loading=\"lazy\" decoding=\"async\" aria-describedby=\"caption-attachment-11358\" class=\"size-medium wp-image-11358\" src=\"https:\/\/www.libriparlanti.org\/wp-content\/uploads\/2020\/10\/carmen-yanez-senza-ritorno-9788823527324-300x491-1-183x300.jpg\" alt=\"\" width=\"183\" height=\"300\" srcset=\"https:\/\/www.libriparlanti.org\/wp-content\/uploads\/2020\/10\/carmen-yanez-senza-ritorno-9788823527324-300x491-1-183x300.jpg 183w, https:\/\/www.libriparlanti.org\/wp-content\/uploads\/2020\/10\/carmen-yanez-senza-ritorno-9788823527324-300x491-1.jpg 300w\" sizes=\"(max-width: 183px) 100vw, 183px\" \/><\/a><p id=\"caption-attachment-11358\" class=\"wp-caption-text\">SENZA RITORNO CARMEN YANEZ<\/p><\/div>\n","protected":false},"excerpt":{"rendered":"<p>Carmen Y\u00e1\u00f1ez torna in questa raccolta alle tematiche che le sono pi\u00f9 care &#8211; l&#8217;amore, la memoria, l&#8217;esilio e la poesia stessa -, un mondo denso di ideali e di battaglie civili e politiche. La sua \u00e8 una scrittura che colpisce, quasi ferisce il lettore, frutto di un dolore che in qualche modo l&#8217;autrice ha saputo addomesticare. E la sua parola \u00e8 sempre esatta, spoglia di ogni fronzolo retorico per cercare, e cogliere, il nucleo del senso. Un nucleo che gravita intorno ad alcuni cardini: il Cile, il forte senso di appartenenza alla terra; E la casa, origine e allegoria di ci\u00f2 che vorremmo forte e duraturo, ma che sappiamo essere evanescente e fragile. Per questo, chi \u00e8 costretto a lasciare il proprio paese impara in modo brutale a non sentirsi mai al centro di niente, a sentirsi, semmai, alla periferia anche di se stesso. In questa poesia della perdita e della vita nostalgica c&#8217;\u00e8 spazio anche per la morte. Non importa che i versi si rivolgano alle persone amate &#8211; come nella prima, struggente poesia dedicata al compagno della sua vita, Luis Sep\u00falveda &#8211; o ad altri personaggi che vanno e vengono come ombre: la voce di Carmen Y\u00e1\u00f1ez si fa voce di tutti noi e, attraverso la parola e il ricordo, apre uno spiraglio di salvezza. TESTO SPAGNOLO A FRONTE<\/p>\n<div class=\"mceTemp\">&nbsp;<\/div>\n<p>SENZA RITORNO CARMEN YANEZ<\/p>\n<div id=\"attachment_11358\" style=\"width: 193px\" class=\"wp-caption alignnone\"><a href=\"https:\/\/www.libriparlanti.org\/wp-content\/uploads\/2020\/10\/carmen-yanez-senza-ritorno-9788823527324-300x491-1.jpg\"><img loading=\"lazy\" decoding=\"async\" aria-describedby=\"caption-attachment-11358\" class=\"size-medium wp-image-11358\" src=\"https:\/\/www.libriparlanti.org\/wp-content\/uploads\/2020\/10\/carmen-yanez-senza-ritorno-9788823527324-300x491-1-183x300.jpg\" alt=\"\" width=\"183\" height=\"300\" srcset=\"https:\/\/www.libriparlanti.org\/wp-content\/uploads\/2020\/10\/carmen-yanez-senza-ritorno-9788823527324-300x491-1-183x300.jpg 183w, https:\/\/www.libriparlanti.org\/wp-content\/uploads\/2020\/10\/carmen-yanez-senza-ritorno-9788823527324-300x491-1.jpg 300w\" sizes=\"(max-width: 183px) 100vw, 183px\" \/><\/a><p id=\"caption-attachment-11358\" class=\"wp-caption-text\">SENZA RITORNO CARMEN YANEZ<\/p><\/div>\n<div class=\"col-lg-100 col-md-100 col-xs-100 bg-light-gray book-header sticky book-page clear\">\n<div class=\"book-thumbnail col-xs-100\">\n<div class=\"book-cover-container\"><img decoding=\"async\" src=\"https:\/\/www.guanda.it\/wp-content\/uploads\/2020\/10\/carmen-yanez-senza-ritorno-9788823527324-300x491.jpg\"><\/div>\n<div class=\"dropdown book-btns\"><a class=\"btn likereading-btn read-btn reduced white bg-green\" title=\"Hai letto questo libro?\" href=\"https:\/\/www.guanda.it\/libri\/carmen-yanez-senza-ritorno-9788823527324\/#\" data-id=\"\" data-user=\"0\" data-content=\"10581687\" data-operation=\"2\" data-type=\"1\" data-source=\"0\"><i class=\"fa fa-plus\"><\/i>&nbsp;<\/a>SENZA RITORNO<\/div>\n<\/div>\n<div class=\"book-info \">\n<div class=\"book-author\">\n<div class=\"author-image\"><img decoding=\"async\" class=\"img-responsive img-circle\" src=\"https:\/\/www.guanda.it\/wp-content\/uploads\/2020\/10\/carmen-yanez-150x150.jpg\"><\/div>\n<div class=\"author-info\">\n<h3 class=\"white\"><strong>DI&nbsp;<a class=\"white\" title=\"Carmen Y\u00e1\u00f1ez\" href=\"https:\/\/www.guanda.it\/autori\/carmen-yanez\/\">CARMEN Y\u00c1\u00d1EZ<\/a><\/strong><\/h3>\n<div class=\"follow-btns\">&nbsp;<\/div>\n<\/div>\n<\/div>\n<\/div>\n<div class=\"book-external-right \"><span class=\"acquista-label\">ACQUISTA<\/span><a class=\"btn-img\" href=\"https:\/\/www.illibraio.it\/librerie\/\" target=\"_blank\" rel=\"noopener noreferrer\"><img decoding=\"async\" src=\"https:\/\/www.guanda.it\/wp-content\/themes\/guanda\/images\/btn-libreria.png\"><\/a><a class=\"btn-img\" href=\"https:\/\/clkuk.tradedoubler.com\/click?p(217249)a(2390842)g(20336894)url(\/\/www.ibs.it\/libro\/e\/9788823527324)\" target=\"_blank\" rel=\"noopener noreferrer\"><img decoding=\"async\" src=\"https:\/\/www.guanda.it\/wp-content\/themes\/guanda\/images\/btn-ibs.png\"><\/a><a class=\"btn-img\" href=\"https:\/\/www.amazon.it\/dp\/8823527325?ie=UTF8&amp;currency=EUR&amp;language=it_IT&amp;psc=1&amp;tag=guanda-sito-21\" target=\"_blank\" rel=\"noopener noreferrer\"><img decoding=\"async\" src=\"https:\/\/www.guanda.it\/wp-content\/themes\/guanda\/images\/btn-amazon.png\"><\/a><\/div>\n<div class=\"blurred\">\n<div class=\"ovfog\">&nbsp;<\/div>\n<div class=\"fog\">&nbsp;<\/div>\n<\/div>\n<\/div>\n<div class=\"col-lg-100 col-md-100 col-xs-100 book-container clear\">\n<div class=\"book-content-container\">\n<div class=\"book-content\">Carmen Y\u00e1\u00f1ez torna in questa raccolta alle tematiche che le sono pi\u00f9 care \u2013 l\u2019amore, la memoria, l\u2019esilio e la poesia stessa \u2013, un mondo denso di ideali e di battaglie civili e politiche. La sua \u00e8 una scrittura che colpisce, quasi ferisce il lettore, frutto di un dolore che in qualche modo l\u2019autrice ha saputo addomesticare. E la sua parola \u00e8 sempre esatta, spoglia di ogni fronzolo retorico per cercare, e cogliere, il nucleo del senso. Un nucleo che gravita intorno ad alcuni cardini: il Cile, il forte senso di appartenenza alla terra; e la casa, origine e allegoria di ci\u00f2 che vorremmo forte e duraturo, ma che sappiamo essere evanescente e fragile. Per questo, chi \u00e8 costretto a lasciare il proprio paese impara in modo brutale a non sentirsi mai al centro di niente, a sentirsi, semmai, alla periferia anche di se stesso. In questa poesia della perdita e della vita nostalgica c\u2019\u00e8 spazio anche per la morte. Non importa che i versi si rivolgano alle persone amate \u2013 come nella prima, struggente poesia dedicata al compagno della sua vita, Luis Sep\u00falveda \u2013 o ad altri personaggi che vanno e vengono come ombre: la voce di Carmen Y\u00e1\u00f1ez si fa voce di tutti noi e, attraverso la parola e il ricordo, apre uno spiraglio di salvezza.<\/div>\n<\/div>\n<\/div>\n","protected":false},"featured_media":11358,"comment_status":"open","ping_status":"closed","template":"","meta":{"_et_pb_use_builder":"","_et_pb_old_content":"","_et_gb_content_width":"","_joinchat":[]},"product_brand":[],"product_cat":[1736],"product_tag":[1806,1805],"class_list":{"0":"post-11357","1":"product","2":"type-product","3":"status-publish","4":"has-post-thumbnail","6":"product_cat-narrativa","7":"product_tag-guanda","8":"product_tag-yanez","10":"first","11":"instock","12":"taxable","13":"shipping-taxable","14":"purchasable","15":"product-type-simple"},"yoast_head":"<!-- This site is optimized with the Yoast SEO plugin v27.3 - https:\/\/yoast.com\/product\/yoast-seo-wordpress\/ -->\n<title>SENZA RITORNO - Libreria Libri parlanti<\/title>\n<meta name=\"robots\" content=\"index, follow, max-snippet:-1, max-image-preview:large, max-video-preview:-1\" \/>\n<link rel=\"canonical\" href=\"https:\/\/www.libriparlanti.org\/index.php\/prodotto\/senza-ritorno\/\" \/>\n<meta property=\"og:locale\" content=\"it_IT\" \/>\n<meta property=\"og:type\" content=\"article\" \/>\n<meta property=\"og:title\" content=\"SENZA RITORNO - Libreria Libri parlanti\" \/>\n<meta property=\"og:description\" content=\"Carmen Y\u00e1\u00f1ez torna in questa raccolta alle tematiche che le sono pi\u00f9 care - l&#039;amore, la memoria, l&#039;esilio e la poesia stessa -, un mondo denso di ideali e di battaglie civili e politiche. La sua \u00e8 una scrittura che colpisce, quasi ferisce il lettore, frutto di un dolore che in qualche modo l&#039;autrice ha saputo addomesticare. E la sua parola \u00e8 sempre esatta, spoglia di ogni fronzolo retorico per cercare, e cogliere, il nucleo del senso. Un nucleo che gravita intorno ad alcuni cardini: il Cile, il forte senso di appartenenza alla terra; E la casa, origine e allegoria di ci\u00f2 che vorremmo forte e duraturo, ma che sappiamo essere evanescente e fragile. Per questo, chi \u00e8 costretto a lasciare il proprio paese impara in modo brutale a non sentirsi mai al centro di niente, a sentirsi, semmai, alla periferia anche di se stesso. In questa poesia della perdita e della vita nostalgica c&#039;\u00e8 spazio anche per la morte. Non importa che i versi si rivolgano alle persone amate - come nella prima, struggente poesia dedicata al compagno della sua vita, Luis Sep\u00falveda - o ad altri personaggi che vanno e vengono come ombre: la voce di Carmen Y\u00e1\u00f1ez si fa voce di tutti noi e, attraverso la parola e il ricordo, apre uno spiraglio di salvezza. TESTO SPAGNOLO A FRONTE &nbsp; SENZA RITORNO CARMEN YANEZ       &nbsp;SENZA RITORNO      DI&nbsp;CARMEN Y\u00c1\u00d1EZ &nbsp;    ACQUISTA  &nbsp; &nbsp;     Carmen Y\u00e1\u00f1ez torna in questa raccolta alle tematiche che le sono pi\u00f9 care \u2013 l\u2019amore, la memoria, l\u2019esilio e la poesia stessa \u2013, un mondo denso di ideali e di battaglie civili e politiche. La sua \u00e8 una scrittura che colpisce, quasi ferisce il lettore, frutto di un dolore che in qualche modo l\u2019autrice ha saputo addomesticare. E la sua parola \u00e8 sempre esatta, spoglia di ogni fronzolo retorico per cercare, e cogliere, il nucleo del senso. Un nucleo che gravita intorno ad alcuni cardini: il Cile, il forte senso di appartenenza alla terra; e la casa, origine e allegoria di ci\u00f2 che vorremmo forte e duraturo, ma che sappiamo essere evanescente e fragile. Per questo, chi \u00e8 costretto a lasciare il proprio paese impara in modo brutale a non sentirsi mai al centro di niente, a sentirsi, semmai, alla periferia anche di se stesso. In questa poesia della perdita e della vita nostalgica c\u2019\u00e8 spazio anche per la morte. Non importa che i versi si rivolgano alle persone amate \u2013 come nella prima, struggente poesia dedicata al compagno della sua vita, Luis Sep\u00falveda \u2013 o ad altri personaggi che vanno e vengono come ombre: la voce di Carmen Y\u00e1\u00f1ez si fa voce di tutti noi e, attraverso la parola e il ricordo, apre uno spiraglio di salvezza.\" \/>\n<meta property=\"og:url\" content=\"https:\/\/www.libriparlanti.org\/index.php\/prodotto\/senza-ritorno\/\" \/>\n<meta property=\"og:site_name\" content=\"Libreria Libri parlanti\" \/>\n<meta property=\"article:publisher\" content=\"https:\/\/www.facebook.com\/LibriParlanti\" \/>\n<meta property=\"og:image\" content=\"https:\/\/www.libriparlanti.org\/wp-content\/uploads\/2020\/10\/carmen-yanez-senza-ritorno-9788823527324-300x491-1.jpg\" \/>\n\t<meta property=\"og:image:width\" content=\"300\" \/>\n\t<meta property=\"og:image:height\" content=\"491\" \/>\n\t<meta property=\"og:image:type\" content=\"image\/jpeg\" \/>\n<meta name=\"twitter:card\" content=\"summary_large_image\" \/>\n<meta name=\"twitter:label1\" content=\"Tempo di lettura stimato\" \/>\n\t<meta name=\"twitter:data1\" content=\"1 minuto\" \/>\n<script type=\"application\/ld+json\" class=\"yoast-schema-graph\">{\"@context\":\"https:\\\/\\\/schema.org\",\"@graph\":[{\"@type\":\"WebPage\",\"@id\":\"https:\\\/\\\/www.libriparlanti.org\\\/index.php\\\/prodotto\\\/senza-ritorno\\\/\",\"url\":\"https:\\\/\\\/www.libriparlanti.org\\\/index.php\\\/prodotto\\\/senza-ritorno\\\/\",\"name\":\"SENZA RITORNO - Libreria Libri parlanti\",\"isPartOf\":{\"@id\":\"https:\\\/\\\/www.libriparlanti.org\\\/#website\"},\"primaryImageOfPage\":{\"@id\":\"https:\\\/\\\/www.libriparlanti.org\\\/index.php\\\/prodotto\\\/senza-ritorno\\\/#primaryimage\"},\"image\":{\"@id\":\"https:\\\/\\\/www.libriparlanti.org\\\/index.php\\\/prodotto\\\/senza-ritorno\\\/#primaryimage\"},\"thumbnailUrl\":\"https:\\\/\\\/www.libriparlanti.org\\\/wp-content\\\/uploads\\\/2020\\\/10\\\/carmen-yanez-senza-ritorno-9788823527324-300x491-1.jpg\",\"datePublished\":\"2020-10-25T17:56:18+00:00\",\"breadcrumb\":{\"@id\":\"https:\\\/\\\/www.libriparlanti.org\\\/index.php\\\/prodotto\\\/senza-ritorno\\\/#breadcrumb\"},\"inLanguage\":\"it-IT\",\"potentialAction\":[{\"@type\":\"ReadAction\",\"target\":[\"https:\\\/\\\/www.libriparlanti.org\\\/index.php\\\/prodotto\\\/senza-ritorno\\\/\"]}]},{\"@type\":\"ImageObject\",\"inLanguage\":\"it-IT\",\"@id\":\"https:\\\/\\\/www.libriparlanti.org\\\/index.php\\\/prodotto\\\/senza-ritorno\\\/#primaryimage\",\"url\":\"https:\\\/\\\/www.libriparlanti.org\\\/wp-content\\\/uploads\\\/2020\\\/10\\\/carmen-yanez-senza-ritorno-9788823527324-300x491-1.jpg\",\"contentUrl\":\"https:\\\/\\\/www.libriparlanti.org\\\/wp-content\\\/uploads\\\/2020\\\/10\\\/carmen-yanez-senza-ritorno-9788823527324-300x491-1.jpg\",\"width\":300,\"height\":491,\"caption\":\"SENZA RITORNO CARMEN YANEZ\"},{\"@type\":\"BreadcrumbList\",\"@id\":\"https:\\\/\\\/www.libriparlanti.org\\\/index.php\\\/prodotto\\\/senza-ritorno\\\/#breadcrumb\",\"itemListElement\":[{\"@type\":\"ListItem\",\"position\":1,\"name\":\"Home\",\"item\":\"https:\\\/\\\/www.libriparlanti.org\\\/\"},{\"@type\":\"ListItem\",\"position\":2,\"name\":\"Shop\",\"item\":\"https:\\\/\\\/www.libriparlanti.org\\\/index.php\\\/negozio\\\/\"},{\"@type\":\"ListItem\",\"position\":3,\"name\":\"SENZA RITORNO\"}]},{\"@type\":\"WebSite\",\"@id\":\"https:\\\/\\\/www.libriparlanti.org\\\/#website\",\"url\":\"https:\\\/\\\/www.libriparlanti.org\\\/\",\"name\":\"Libreria Libri parlanti\",\"description\":\"Libreria in Castiglione del Lago (Pg)\",\"potentialAction\":[{\"@type\":\"SearchAction\",\"target\":{\"@type\":\"EntryPoint\",\"urlTemplate\":\"https:\\\/\\\/www.libriparlanti.org\\\/?s={search_term_string}\"},\"query-input\":{\"@type\":\"PropertyValueSpecification\",\"valueRequired\":true,\"valueName\":\"search_term_string\"}}],\"inLanguage\":\"it-IT\"}]}<\/script>\n<!-- \/ Yoast SEO plugin. -->","yoast_head_json":{"title":"SENZA RITORNO - Libreria Libri parlanti","robots":{"index":"index","follow":"follow","max-snippet":"max-snippet:-1","max-image-preview":"max-image-preview:large","max-video-preview":"max-video-preview:-1"},"canonical":"https:\/\/www.libriparlanti.org\/index.php\/prodotto\/senza-ritorno\/","og_locale":"it_IT","og_type":"article","og_title":"SENZA RITORNO - Libreria Libri parlanti","og_description":"Carmen Y\u00e1\u00f1ez torna in questa raccolta alle tematiche che le sono pi\u00f9 care - l'amore, la memoria, l'esilio e la poesia stessa -, un mondo denso di ideali e di battaglie civili e politiche. La sua \u00e8 una scrittura che colpisce, quasi ferisce il lettore, frutto di un dolore che in qualche modo l'autrice ha saputo addomesticare. E la sua parola \u00e8 sempre esatta, spoglia di ogni fronzolo retorico per cercare, e cogliere, il nucleo del senso. Un nucleo che gravita intorno ad alcuni cardini: il Cile, il forte senso di appartenenza alla terra; E la casa, origine e allegoria di ci\u00f2 che vorremmo forte e duraturo, ma che sappiamo essere evanescente e fragile. Per questo, chi \u00e8 costretto a lasciare il proprio paese impara in modo brutale a non sentirsi mai al centro di niente, a sentirsi, semmai, alla periferia anche di se stesso. In questa poesia della perdita e della vita nostalgica c'\u00e8 spazio anche per la morte. Non importa che i versi si rivolgano alle persone amate - come nella prima, struggente poesia dedicata al compagno della sua vita, Luis Sep\u00falveda - o ad altri personaggi che vanno e vengono come ombre: la voce di Carmen Y\u00e1\u00f1ez si fa voce di tutti noi e, attraverso la parola e il ricordo, apre uno spiraglio di salvezza. TESTO SPAGNOLO A FRONTE &nbsp; SENZA RITORNO CARMEN YANEZ       &nbsp;SENZA RITORNO      DI&nbsp;CARMEN Y\u00c1\u00d1EZ &nbsp;    ACQUISTA  &nbsp; &nbsp;     Carmen Y\u00e1\u00f1ez torna in questa raccolta alle tematiche che le sono pi\u00f9 care \u2013 l\u2019amore, la memoria, l\u2019esilio e la poesia stessa \u2013, un mondo denso di ideali e di battaglie civili e politiche. La sua \u00e8 una scrittura che colpisce, quasi ferisce il lettore, frutto di un dolore che in qualche modo l\u2019autrice ha saputo addomesticare. E la sua parola \u00e8 sempre esatta, spoglia di ogni fronzolo retorico per cercare, e cogliere, il nucleo del senso. Un nucleo che gravita intorno ad alcuni cardini: il Cile, il forte senso di appartenenza alla terra; e la casa, origine e allegoria di ci\u00f2 che vorremmo forte e duraturo, ma che sappiamo essere evanescente e fragile. Per questo, chi \u00e8 costretto a lasciare il proprio paese impara in modo brutale a non sentirsi mai al centro di niente, a sentirsi, semmai, alla periferia anche di se stesso. In questa poesia della perdita e della vita nostalgica c\u2019\u00e8 spazio anche per la morte. Non importa che i versi si rivolgano alle persone amate \u2013 come nella prima, struggente poesia dedicata al compagno della sua vita, Luis Sep\u00falveda \u2013 o ad altri personaggi che vanno e vengono come ombre: la voce di Carmen Y\u00e1\u00f1ez si fa voce di tutti noi e, attraverso la parola e il ricordo, apre uno spiraglio di salvezza.","og_url":"https:\/\/www.libriparlanti.org\/index.php\/prodotto\/senza-ritorno\/","og_site_name":"Libreria Libri parlanti","article_publisher":"https:\/\/www.facebook.com\/LibriParlanti","og_image":[{"width":300,"height":491,"url":"https:\/\/www.libriparlanti.org\/wp-content\/uploads\/2020\/10\/carmen-yanez-senza-ritorno-9788823527324-300x491-1.jpg","type":"image\/jpeg"}],"twitter_card":"summary_large_image","twitter_misc":{"Tempo di lettura stimato":"1 minuto"},"schema":{"@context":"https:\/\/schema.org","@graph":[{"@type":"WebPage","@id":"https:\/\/www.libriparlanti.org\/index.php\/prodotto\/senza-ritorno\/","url":"https:\/\/www.libriparlanti.org\/index.php\/prodotto\/senza-ritorno\/","name":"SENZA RITORNO - Libreria Libri parlanti","isPartOf":{"@id":"https:\/\/www.libriparlanti.org\/#website"},"primaryImageOfPage":{"@id":"https:\/\/www.libriparlanti.org\/index.php\/prodotto\/senza-ritorno\/#primaryimage"},"image":{"@id":"https:\/\/www.libriparlanti.org\/index.php\/prodotto\/senza-ritorno\/#primaryimage"},"thumbnailUrl":"https:\/\/www.libriparlanti.org\/wp-content\/uploads\/2020\/10\/carmen-yanez-senza-ritorno-9788823527324-300x491-1.jpg","datePublished":"2020-10-25T17:56:18+00:00","breadcrumb":{"@id":"https:\/\/www.libriparlanti.org\/index.php\/prodotto\/senza-ritorno\/#breadcrumb"},"inLanguage":"it-IT","potentialAction":[{"@type":"ReadAction","target":["https:\/\/www.libriparlanti.org\/index.php\/prodotto\/senza-ritorno\/"]}]},{"@type":"ImageObject","inLanguage":"it-IT","@id":"https:\/\/www.libriparlanti.org\/index.php\/prodotto\/senza-ritorno\/#primaryimage","url":"https:\/\/www.libriparlanti.org\/wp-content\/uploads\/2020\/10\/carmen-yanez-senza-ritorno-9788823527324-300x491-1.jpg","contentUrl":"https:\/\/www.libriparlanti.org\/wp-content\/uploads\/2020\/10\/carmen-yanez-senza-ritorno-9788823527324-300x491-1.jpg","width":300,"height":491,"caption":"SENZA RITORNO CARMEN YANEZ"},{"@type":"BreadcrumbList","@id":"https:\/\/www.libriparlanti.org\/index.php\/prodotto\/senza-ritorno\/#breadcrumb","itemListElement":[{"@type":"ListItem","position":1,"name":"Home","item":"https:\/\/www.libriparlanti.org\/"},{"@type":"ListItem","position":2,"name":"Shop","item":"https:\/\/www.libriparlanti.org\/index.php\/negozio\/"},{"@type":"ListItem","position":3,"name":"SENZA RITORNO"}]},{"@type":"WebSite","@id":"https:\/\/www.libriparlanti.org\/#website","url":"https:\/\/www.libriparlanti.org\/","name":"Libreria Libri parlanti","description":"Libreria in Castiglione del Lago (Pg)","potentialAction":[{"@type":"SearchAction","target":{"@type":"EntryPoint","urlTemplate":"https:\/\/www.libriparlanti.org\/?s={search_term_string}"},"query-input":{"@type":"PropertyValueSpecification","valueRequired":true,"valueName":"search_term_string"}}],"inLanguage":"it-IT"}]}},"_links":{"self":[{"href":"https:\/\/www.libriparlanti.org\/index.php\/wp-json\/wp\/v2\/product\/11357","targetHints":{"allow":["GET"]}}],"collection":[{"href":"https:\/\/www.libriparlanti.org\/index.php\/wp-json\/wp\/v2\/product"}],"about":[{"href":"https:\/\/www.libriparlanti.org\/index.php\/wp-json\/wp\/v2\/types\/product"}],"replies":[{"embeddable":true,"href":"https:\/\/www.libriparlanti.org\/index.php\/wp-json\/wp\/v2\/comments?post=11357"}],"wp:featuredmedia":[{"embeddable":true,"href":"https:\/\/www.libriparlanti.org\/index.php\/wp-json\/wp\/v2\/media\/11358"}],"wp:attachment":[{"href":"https:\/\/www.libriparlanti.org\/index.php\/wp-json\/wp\/v2\/media?parent=11357"}],"wp:term":[{"taxonomy":"product_brand","embeddable":true,"href":"https:\/\/www.libriparlanti.org\/index.php\/wp-json\/wp\/v2\/product_brand?post=11357"},{"taxonomy":"product_cat","embeddable":true,"href":"https:\/\/www.libriparlanti.org\/index.php\/wp-json\/wp\/v2\/product_cat?post=11357"},{"taxonomy":"product_tag","embeddable":true,"href":"https:\/\/www.libriparlanti.org\/index.php\/wp-json\/wp\/v2\/product_tag?post=11357"}],"curies":[{"name":"wp","href":"https:\/\/api.w.org\/{rel}","templated":true}]}}