{"id":11355,"date":"2020-10-25T19:18:36","date_gmt":"2020-10-25T17:18:36","guid":{"rendered":"https:\/\/www.libriparlanti.org\/?post_type=product&#038;p=11355"},"modified":"2020-10-25T19:18:36","modified_gmt":"2020-10-25T17:18:36","slug":"la-saggezza-del-lupo","status":"publish","type":"product","link":"https:\/\/www.libriparlanti.org\/index.php\/prodotto\/la-saggezza-del-lupo\/","title":{"rendered":"LA SAGGEZZA DEL LUPO"},"content":{"rendered":"<p>Quando uno nasce, non sa chi \u00e8. E se non c\u2019\u00e8 nessuno che glielo dice, la vita diventa una bella complicazione. Lei, per esempio, non sapeva chi era, perch\u00e9 quando era nata, la notte di Natale, rotolando gi\u00f9 dal camion di Jack il camionista, si era ritrovata completamente sola e aveva scambiato per sua madre una pantofola di pelo. E tutto sarebbe rimasto per sempre cos\u00ec, se sulla sua strada non avesse continuamente incontrato qualcuno che le chiedeva: \u00abChe animale sei?\u00bb<br \/>\n&nbsp;<br \/>\nIn questo secondo \u00abromanzo di animali\u00bb di Paola Mastrocola il lupo \u00e8 un filosofo, uno che ama starsene a pensare e scrivere, ma che improvvisamente vuole diventare meno astratto. La sua consorte anatra \u00e8 un\u2019anatra e basta, che svolazza spensierata ma ora si chiede se ai suoi figli, quando nasceranno, piacer\u00e0 una madre che non sa niente del mondo. Hanno solo ventotto giorni, il lupo e l\u2019anatra, per diventare quello che non sono, il tempo che ci metteranno le loro uova a schiudersi, il tempo di covare o svolazzare e prepararsi a essere genitori: il misterioso, e irripetibile, tempo dell\u2019attesa.<\/p>\n<p>Questa \u00e8 una storia di uno strano autunno in cui le foglie si rifiutano di cadere e tutti si domandano perch\u00e9. Specialmente i bambini, che sanno guardare, e una scoiattola inquieta che ha bisogno di sapere. Ed \u00e8 soprattutto una doppia storia d\u2019amore: per un amore che non vorrebbe finire mai, ce n\u2019\u00e8 un altro che vorrebbe iniziare ma non osa. Mentre tutti cercano di fronteggiare la nuova vita nel Paese in cui non cadono le foglie, la scoiattolina si avventura in un\u2019indagine che finir\u00e0 per sollevare interrogativi importanti sulla felicit\u00e0 e sulle leggi della natura.<\/p>\n<div id=\"attachment_11356\" style=\"width: 197px\" class=\"wp-caption alignnone\"><a href=\"https:\/\/www.libriparlanti.org\/wp-content\/uploads\/2020\/10\/paola-mastrocola-la-saggezza-del-lupo-9788823527089-300x481-1.jpg\"><img loading=\"lazy\" decoding=\"async\" aria-describedby=\"caption-attachment-11356\" class=\"size-medium wp-image-11356\" src=\"https:\/\/www.libriparlanti.org\/wp-content\/uploads\/2020\/10\/paola-mastrocola-la-saggezza-del-lupo-9788823527089-300x481-1-187x300.jpg\" alt=\"\" width=\"187\" height=\"300\" srcset=\"https:\/\/www.libriparlanti.org\/wp-content\/uploads\/2020\/10\/paola-mastrocola-la-saggezza-del-lupo-9788823527089-300x481-1-187x300.jpg 187w, https:\/\/www.libriparlanti.org\/wp-content\/uploads\/2020\/10\/paola-mastrocola-la-saggezza-del-lupo-9788823527089-300x481-1.jpg 300w\" sizes=\"(max-width: 187px) 100vw, 187px\" \/><\/a><p id=\"caption-attachment-11356\" class=\"wp-caption-text\">LA SAGGEZZA DEL LUPO<\/p><\/div>\n","protected":false},"excerpt":{"rendered":"<p>Quando uno nasce, non sa chi \u00e8. E se non c\u2019\u00e8 nessuno che glielo dice, la vita diventa una bella complicazione. Lei, per esempio, non sapeva chi era, perch\u00e9 quando era nata, la notte di Natale, rotolando gi\u00f9 dal camion di Jack il camionista, si era ritrovata completamente sola e aveva scambiato per sua madre una pantofola di pelo. E tutto sarebbe rimasto per sempre cos\u00ec, se sulla sua strada non avesse continuamente incontrato qualcuno che le chiedeva: \u00abChe animale sei?\u00bb<\/p>\n","protected":false},"featured_media":11356,"comment_status":"open","ping_status":"closed","template":"","meta":{"_et_pb_use_builder":"","_et_pb_old_content":"","_et_gb_content_width":"","_joinchat":[]},"product_brand":[],"product_cat":[1736,1733],"product_tag":[1803,1804],"class_list":{"0":"post-11355","1":"product","2":"type-product","3":"status-publish","4":"has-post-thumbnail","6":"product_cat-narrativa","7":"product_cat-ragazzi","8":"product_tag-lupo","9":"product_tag-mastrocola","11":"first","12":"instock","13":"taxable","14":"shipping-taxable","15":"purchasable","16":"product-type-simple"},"yoast_head":"<!-- This site is optimized with the Yoast SEO plugin v27.5 - https:\/\/yoast.com\/product\/yoast-seo-wordpress\/ -->\n<title>LA SAGGEZZA DEL LUPO - Libreria Libri parlanti<\/title>\n<meta name=\"robots\" content=\"index, follow, max-snippet:-1, max-image-preview:large, max-video-preview:-1\" \/>\n<link rel=\"canonical\" href=\"https:\/\/www.libriparlanti.org\/index.php\/prodotto\/la-saggezza-del-lupo\/\" \/>\n<meta property=\"og:locale\" content=\"it_IT\" \/>\n<meta property=\"og:type\" content=\"article\" \/>\n<meta property=\"og:title\" content=\"LA SAGGEZZA DEL LUPO - Libreria Libri parlanti\" \/>\n<meta property=\"og:description\" content=\"Quando uno nasce, non sa chi \u00e8. E se non c\u2019\u00e8 nessuno che glielo dice, la vita diventa una bella complicazione. Lei, per esempio, non sapeva chi era, perch\u00e9 quando era nata, la notte di Natale, rotolando gi\u00f9 dal camion di Jack il camionista, si era ritrovata completamente sola e aveva scambiato per sua madre una pantofola di pelo. E tutto sarebbe rimasto per sempre cos\u00ec, se sulla sua strada non avesse continuamente incontrato qualcuno che le chiedeva: \u00abChe animale sei?\u00bb\" \/>\n<meta property=\"og:url\" content=\"https:\/\/www.libriparlanti.org\/index.php\/prodotto\/la-saggezza-del-lupo\/\" \/>\n<meta property=\"og:site_name\" content=\"Libreria Libri parlanti\" \/>\n<meta property=\"article:publisher\" content=\"https:\/\/www.facebook.com\/LibriParlanti\" \/>\n<meta property=\"og:image\" content=\"https:\/\/www.libriparlanti.org\/wp-content\/uploads\/2020\/10\/paola-mastrocola-la-saggezza-del-lupo-9788823527089-300x481-1.jpg\" \/>\n\t<meta property=\"og:image:width\" content=\"300\" \/>\n\t<meta property=\"og:image:height\" content=\"481\" \/>\n\t<meta property=\"og:image:type\" content=\"image\/jpeg\" \/>\n<meta name=\"twitter:card\" content=\"summary_large_image\" \/>\n<meta name=\"twitter:label1\" content=\"Tempo di lettura stimato\" \/>\n\t<meta name=\"twitter:data1\" content=\"1 minuto\" \/>\n<script type=\"application\/ld+json\" class=\"yoast-schema-graph\">{\"@context\":\"https:\\\/\\\/schema.org\",\"@graph\":[{\"@type\":\"WebPage\",\"@id\":\"https:\\\/\\\/www.libriparlanti.org\\\/index.php\\\/prodotto\\\/la-saggezza-del-lupo\\\/\",\"url\":\"https:\\\/\\\/www.libriparlanti.org\\\/index.php\\\/prodotto\\\/la-saggezza-del-lupo\\\/\",\"name\":\"LA SAGGEZZA DEL LUPO - Libreria Libri parlanti\",\"isPartOf\":{\"@id\":\"https:\\\/\\\/www.libriparlanti.org\\\/#website\"},\"primaryImageOfPage\":{\"@id\":\"https:\\\/\\\/www.libriparlanti.org\\\/index.php\\\/prodotto\\\/la-saggezza-del-lupo\\\/#primaryimage\"},\"image\":{\"@id\":\"https:\\\/\\\/www.libriparlanti.org\\\/index.php\\\/prodotto\\\/la-saggezza-del-lupo\\\/#primaryimage\"},\"thumbnailUrl\":\"https:\\\/\\\/www.libriparlanti.org\\\/wp-content\\\/uploads\\\/2020\\\/10\\\/paola-mastrocola-la-saggezza-del-lupo-9788823527089-300x481-1.jpg\",\"datePublished\":\"2020-10-25T17:18:36+00:00\",\"breadcrumb\":{\"@id\":\"https:\\\/\\\/www.libriparlanti.org\\\/index.php\\\/prodotto\\\/la-saggezza-del-lupo\\\/#breadcrumb\"},\"inLanguage\":\"it-IT\",\"potentialAction\":[{\"@type\":\"ReadAction\",\"target\":[\"https:\\\/\\\/www.libriparlanti.org\\\/index.php\\\/prodotto\\\/la-saggezza-del-lupo\\\/\"]}]},{\"@type\":\"ImageObject\",\"inLanguage\":\"it-IT\",\"@id\":\"https:\\\/\\\/www.libriparlanti.org\\\/index.php\\\/prodotto\\\/la-saggezza-del-lupo\\\/#primaryimage\",\"url\":\"https:\\\/\\\/www.libriparlanti.org\\\/wp-content\\\/uploads\\\/2020\\\/10\\\/paola-mastrocola-la-saggezza-del-lupo-9788823527089-300x481-1.jpg\",\"contentUrl\":\"https:\\\/\\\/www.libriparlanti.org\\\/wp-content\\\/uploads\\\/2020\\\/10\\\/paola-mastrocola-la-saggezza-del-lupo-9788823527089-300x481-1.jpg\",\"width\":300,\"height\":481,\"caption\":\"LA SAGGEZZA DEL LUPO\"},{\"@type\":\"BreadcrumbList\",\"@id\":\"https:\\\/\\\/www.libriparlanti.org\\\/index.php\\\/prodotto\\\/la-saggezza-del-lupo\\\/#breadcrumb\",\"itemListElement\":[{\"@type\":\"ListItem\",\"position\":1,\"name\":\"Home\",\"item\":\"https:\\\/\\\/www.libriparlanti.org\\\/\"},{\"@type\":\"ListItem\",\"position\":2,\"name\":\"Shop\",\"item\":\"https:\\\/\\\/www.libriparlanti.org\\\/index.php\\\/negozio\\\/\"},{\"@type\":\"ListItem\",\"position\":3,\"name\":\"LA SAGGEZZA DEL LUPO\"}]},{\"@type\":\"WebSite\",\"@id\":\"https:\\\/\\\/www.libriparlanti.org\\\/#website\",\"url\":\"https:\\\/\\\/www.libriparlanti.org\\\/\",\"name\":\"Libreria Libri parlanti\",\"description\":\"Libreria in Castiglione del Lago (Pg)\",\"potentialAction\":[{\"@type\":\"SearchAction\",\"target\":{\"@type\":\"EntryPoint\",\"urlTemplate\":\"https:\\\/\\\/www.libriparlanti.org\\\/?s={search_term_string}\"},\"query-input\":{\"@type\":\"PropertyValueSpecification\",\"valueRequired\":true,\"valueName\":\"search_term_string\"}}],\"inLanguage\":\"it-IT\"}]}<\/script>\n<!-- \/ Yoast SEO plugin. -->","yoast_head_json":{"title":"LA SAGGEZZA DEL LUPO - Libreria Libri parlanti","robots":{"index":"index","follow":"follow","max-snippet":"max-snippet:-1","max-image-preview":"max-image-preview:large","max-video-preview":"max-video-preview:-1"},"canonical":"https:\/\/www.libriparlanti.org\/index.php\/prodotto\/la-saggezza-del-lupo\/","og_locale":"it_IT","og_type":"article","og_title":"LA SAGGEZZA DEL LUPO - Libreria Libri parlanti","og_description":"Quando uno nasce, non sa chi \u00e8. E se non c\u2019\u00e8 nessuno che glielo dice, la vita diventa una bella complicazione. Lei, per esempio, non sapeva chi era, perch\u00e9 quando era nata, la notte di Natale, rotolando gi\u00f9 dal camion di Jack il camionista, si era ritrovata completamente sola e aveva scambiato per sua madre una pantofola di pelo. E tutto sarebbe rimasto per sempre cos\u00ec, se sulla sua strada non avesse continuamente incontrato qualcuno che le chiedeva: \u00abChe animale sei?\u00bb","og_url":"https:\/\/www.libriparlanti.org\/index.php\/prodotto\/la-saggezza-del-lupo\/","og_site_name":"Libreria Libri parlanti","article_publisher":"https:\/\/www.facebook.com\/LibriParlanti","og_image":[{"width":300,"height":481,"url":"https:\/\/www.libriparlanti.org\/wp-content\/uploads\/2020\/10\/paola-mastrocola-la-saggezza-del-lupo-9788823527089-300x481-1.jpg","type":"image\/jpeg"}],"twitter_card":"summary_large_image","twitter_misc":{"Tempo di lettura stimato":"1 minuto"},"schema":{"@context":"https:\/\/schema.org","@graph":[{"@type":"WebPage","@id":"https:\/\/www.libriparlanti.org\/index.php\/prodotto\/la-saggezza-del-lupo\/","url":"https:\/\/www.libriparlanti.org\/index.php\/prodotto\/la-saggezza-del-lupo\/","name":"LA SAGGEZZA DEL LUPO - Libreria Libri parlanti","isPartOf":{"@id":"https:\/\/www.libriparlanti.org\/#website"},"primaryImageOfPage":{"@id":"https:\/\/www.libriparlanti.org\/index.php\/prodotto\/la-saggezza-del-lupo\/#primaryimage"},"image":{"@id":"https:\/\/www.libriparlanti.org\/index.php\/prodotto\/la-saggezza-del-lupo\/#primaryimage"},"thumbnailUrl":"https:\/\/www.libriparlanti.org\/wp-content\/uploads\/2020\/10\/paola-mastrocola-la-saggezza-del-lupo-9788823527089-300x481-1.jpg","datePublished":"2020-10-25T17:18:36+00:00","breadcrumb":{"@id":"https:\/\/www.libriparlanti.org\/index.php\/prodotto\/la-saggezza-del-lupo\/#breadcrumb"},"inLanguage":"it-IT","potentialAction":[{"@type":"ReadAction","target":["https:\/\/www.libriparlanti.org\/index.php\/prodotto\/la-saggezza-del-lupo\/"]}]},{"@type":"ImageObject","inLanguage":"it-IT","@id":"https:\/\/www.libriparlanti.org\/index.php\/prodotto\/la-saggezza-del-lupo\/#primaryimage","url":"https:\/\/www.libriparlanti.org\/wp-content\/uploads\/2020\/10\/paola-mastrocola-la-saggezza-del-lupo-9788823527089-300x481-1.jpg","contentUrl":"https:\/\/www.libriparlanti.org\/wp-content\/uploads\/2020\/10\/paola-mastrocola-la-saggezza-del-lupo-9788823527089-300x481-1.jpg","width":300,"height":481,"caption":"LA SAGGEZZA DEL LUPO"},{"@type":"BreadcrumbList","@id":"https:\/\/www.libriparlanti.org\/index.php\/prodotto\/la-saggezza-del-lupo\/#breadcrumb","itemListElement":[{"@type":"ListItem","position":1,"name":"Home","item":"https:\/\/www.libriparlanti.org\/"},{"@type":"ListItem","position":2,"name":"Shop","item":"https:\/\/www.libriparlanti.org\/index.php\/negozio\/"},{"@type":"ListItem","position":3,"name":"LA SAGGEZZA DEL LUPO"}]},{"@type":"WebSite","@id":"https:\/\/www.libriparlanti.org\/#website","url":"https:\/\/www.libriparlanti.org\/","name":"Libreria Libri parlanti","description":"Libreria in Castiglione del Lago (Pg)","potentialAction":[{"@type":"SearchAction","target":{"@type":"EntryPoint","urlTemplate":"https:\/\/www.libriparlanti.org\/?s={search_term_string}"},"query-input":{"@type":"PropertyValueSpecification","valueRequired":true,"valueName":"search_term_string"}}],"inLanguage":"it-IT"}]}},"_links":{"self":[{"href":"https:\/\/www.libriparlanti.org\/index.php\/wp-json\/wp\/v2\/product\/11355","targetHints":{"allow":["GET"]}}],"collection":[{"href":"https:\/\/www.libriparlanti.org\/index.php\/wp-json\/wp\/v2\/product"}],"about":[{"href":"https:\/\/www.libriparlanti.org\/index.php\/wp-json\/wp\/v2\/types\/product"}],"replies":[{"embeddable":true,"href":"https:\/\/www.libriparlanti.org\/index.php\/wp-json\/wp\/v2\/comments?post=11355"}],"wp:featuredmedia":[{"embeddable":true,"href":"https:\/\/www.libriparlanti.org\/index.php\/wp-json\/wp\/v2\/media\/11356"}],"wp:attachment":[{"href":"https:\/\/www.libriparlanti.org\/index.php\/wp-json\/wp\/v2\/media?parent=11355"}],"wp:term":[{"taxonomy":"product_brand","embeddable":true,"href":"https:\/\/www.libriparlanti.org\/index.php\/wp-json\/wp\/v2\/product_brand?post=11355"},{"taxonomy":"product_cat","embeddable":true,"href":"https:\/\/www.libriparlanti.org\/index.php\/wp-json\/wp\/v2\/product_cat?post=11355"},{"taxonomy":"product_tag","embeddable":true,"href":"https:\/\/www.libriparlanti.org\/index.php\/wp-json\/wp\/v2\/product_tag?post=11355"}],"curies":[{"name":"wp","href":"https:\/\/api.w.org\/{rel}","templated":true}]}}