{"id":11352,"date":"2020-10-25T07:54:13","date_gmt":"2020-10-25T05:54:13","guid":{"rendered":"https:\/\/www.libriparlanti.org\/?post_type=product&#038;p=11352"},"modified":"2025-10-30T12:24:19","modified_gmt":"2025-10-30T10:24:19","slug":"dante-di-alessandro-barbero","status":"publish","type":"product","link":"https:\/\/www.libriparlanti.org\/index.php\/prodotto\/dante-di-alessandro-barbero\/","title":{"rendered":"DANTE DI ALESSANDRO BARBERO"},"content":{"rendered":"<div id=\"attachment_11350\" style=\"width: 310px\" class=\"wp-caption alignnone\"><a href=\"https:\/\/www.libriparlanti.org\/wp-content\/uploads\/2020\/10\/barbero_dante.jpg\"><img loading=\"lazy\" decoding=\"async\" aria-describedby=\"caption-attachment-11350\" class=\"size-medium wp-image-11350\" src=\"https:\/\/www.libriparlanti.org\/wp-content\/uploads\/2020\/10\/barbero_dante-300x184.jpg\" alt=\"DANTE ALIGHIERI E ALESSANDRO BARBERO\" width=\"300\" height=\"184\" srcset=\"https:\/\/www.libriparlanti.org\/wp-content\/uploads\/2020\/10\/barbero_dante-300x184.jpg 300w, https:\/\/www.libriparlanti.org\/wp-content\/uploads\/2020\/10\/barbero_dante-600x369.jpg 600w, https:\/\/www.libriparlanti.org\/wp-content\/uploads\/2020\/10\/barbero_dante-1024x629.jpg 1024w, https:\/\/www.libriparlanti.org\/wp-content\/uploads\/2020\/10\/barbero_dante-768x472.jpg 768w, https:\/\/www.libriparlanti.org\/wp-content\/uploads\/2020\/10\/barbero_dante-1536x943.jpg 1536w, https:\/\/www.libriparlanti.org\/wp-content\/uploads\/2020\/10\/barbero_dante-2048x1258.jpg 2048w\" sizes=\"(max-width: 300px) 100vw, 300px\" \/><\/a><p id=\"caption-attachment-11350\" class=\"wp-caption-text\">barbero_dante<\/p><\/div>\n<p>Dante \u00e8 l&#8217;uomo su cui, per la fama che lo accompagnava gi\u00e0 in vita, sappiamo forse pi\u00f9 cose che su qualunque altro uomo di quell&#8217;epoca, e che ci ha lasciato la sua testimonianza personale su cosa significava, allora, essere un giovane uomo innamorato o cosa si provava quando si saliva a cavallo per andare in battaglia.<\/p>\n","protected":false},"excerpt":{"rendered":"<p>Dante \u00e8 l&#8217;uomo su cui, per la fama che lo accompagnava gi\u00e0 in vita, sappiamo forse pi\u00f9 cose che su qualunque altro uomo di quell&#8217;epoca, e che ci ha lasciato la sua testimonianza personale su cosa significava, allora, essere un giovane uomo innamorato o cosa si provava quando si saliva a cavallo per andare in battaglia.<\/p>\n<div id=\"attachment_11350\" style=\"width: 310px\" class=\"wp-caption alignnone\"><a href=\"https:\/\/www.libriparlanti.org\/wp-content\/uploads\/2020\/10\/barbero_dante.jpg\"><img loading=\"lazy\" decoding=\"async\" aria-describedby=\"caption-attachment-11350\" class=\"size-medium wp-image-11350\" src=\"https:\/\/www.libriparlanti.org\/wp-content\/uploads\/2020\/10\/barbero_dante-300x184.jpg\" alt=\"DANTE ALIGHIERI E ALESSANDRO BARBERO\" width=\"300\" height=\"184\" srcset=\"https:\/\/www.libriparlanti.org\/wp-content\/uploads\/2020\/10\/barbero_dante-300x184.jpg 300w, https:\/\/www.libriparlanti.org\/wp-content\/uploads\/2020\/10\/barbero_dante-600x369.jpg 600w, https:\/\/www.libriparlanti.org\/wp-content\/uploads\/2020\/10\/barbero_dante-1024x629.jpg 1024w, https:\/\/www.libriparlanti.org\/wp-content\/uploads\/2020\/10\/barbero_dante-768x472.jpg 768w, https:\/\/www.libriparlanti.org\/wp-content\/uploads\/2020\/10\/barbero_dante-1536x943.jpg 1536w, https:\/\/www.libriparlanti.org\/wp-content\/uploads\/2020\/10\/barbero_dante-2048x1258.jpg 2048w\" sizes=\"(max-width: 300px) 100vw, 300px\" \/><\/a><p id=\"caption-attachment-11350\" class=\"wp-caption-text\">barbero_dante<\/p><\/div>\n","protected":false},"featured_media":11350,"comment_status":"open","ping_status":"closed","template":"","meta":{"_et_pb_use_builder":"","_et_pb_old_content":"","_et_gb_content_width":"","_joinchat":[]},"product_brand":[],"product_cat":[1736,1734],"product_tag":[],"class_list":{"0":"post-11352","1":"product","2":"type-product","3":"status-publish","4":"has-post-thumbnail","6":"product_cat-narrativa","7":"product_cat-saggistica","9":"first","10":"instock","11":"taxable","12":"shipping-taxable","13":"purchasable","14":"product-type-simple"},"yoast_head":"<!-- This site is optimized with the Yoast SEO plugin v27.5 - https:\/\/yoast.com\/product\/yoast-seo-wordpress\/ -->\n<title>DANTE DI ALESSANDRO BARBERO - Libreria Libri parlanti<\/title>\n<meta name=\"robots\" content=\"index, follow, max-snippet:-1, max-image-preview:large, max-video-preview:-1\" \/>\n<link rel=\"canonical\" href=\"https:\/\/www.libriparlanti.org\/index.php\/prodotto\/dante-di-alessandro-barbero\/\" \/>\n<meta property=\"og:locale\" content=\"it_IT\" \/>\n<meta property=\"og:type\" content=\"article\" \/>\n<meta property=\"og:title\" content=\"DANTE DI ALESSANDRO BARBERO - Libreria Libri parlanti\" \/>\n<meta property=\"og:description\" content=\"Dante \u00e8 l&#039;uomo su cui, per la fama che lo accompagnava gi\u00e0 in vita, sappiamo forse pi\u00f9 cose che su qualunque altro uomo di quell&#039;epoca, e che ci ha lasciato la sua testimonianza personale su cosa significava, allora, essere un giovane uomo innamorato o cosa si provava quando si saliva a cavallo per andare in battaglia.\" \/>\n<meta property=\"og:url\" content=\"https:\/\/www.libriparlanti.org\/index.php\/prodotto\/dante-di-alessandro-barbero\/\" \/>\n<meta property=\"og:site_name\" content=\"Libreria Libri parlanti\" \/>\n<meta property=\"article:publisher\" content=\"https:\/\/www.facebook.com\/LibriParlanti\" \/>\n<meta property=\"article:modified_time\" content=\"2025-10-30T10:24:19+00:00\" \/>\n<meta property=\"og:image\" content=\"https:\/\/www.libriparlanti.org\/wp-content\/uploads\/2020\/10\/barbero_dante.jpg\" \/>\n\t<meta property=\"og:image:width\" content=\"2250\" \/>\n\t<meta property=\"og:image:height\" content=\"1382\" \/>\n\t<meta property=\"og:image:type\" content=\"image\/jpeg\" \/>\n<meta name=\"twitter:card\" content=\"summary_large_image\" \/>\n<script type=\"application\/ld+json\" class=\"yoast-schema-graph\">{\"@context\":\"https:\\\/\\\/schema.org\",\"@graph\":[{\"@type\":\"WebPage\",\"@id\":\"https:\\\/\\\/www.libriparlanti.org\\\/index.php\\\/prodotto\\\/dante-di-alessandro-barbero\\\/\",\"url\":\"https:\\\/\\\/www.libriparlanti.org\\\/index.php\\\/prodotto\\\/dante-di-alessandro-barbero\\\/\",\"name\":\"DANTE DI ALESSANDRO BARBERO - Libreria Libri parlanti\",\"isPartOf\":{\"@id\":\"https:\\\/\\\/www.libriparlanti.org\\\/#website\"},\"primaryImageOfPage\":{\"@id\":\"https:\\\/\\\/www.libriparlanti.org\\\/index.php\\\/prodotto\\\/dante-di-alessandro-barbero\\\/#primaryimage\"},\"image\":{\"@id\":\"https:\\\/\\\/www.libriparlanti.org\\\/index.php\\\/prodotto\\\/dante-di-alessandro-barbero\\\/#primaryimage\"},\"thumbnailUrl\":\"https:\\\/\\\/www.libriparlanti.org\\\/wp-content\\\/uploads\\\/2020\\\/10\\\/barbero_dante.jpg\",\"datePublished\":\"2020-10-25T05:54:13+00:00\",\"dateModified\":\"2025-10-30T10:24:19+00:00\",\"breadcrumb\":{\"@id\":\"https:\\\/\\\/www.libriparlanti.org\\\/index.php\\\/prodotto\\\/dante-di-alessandro-barbero\\\/#breadcrumb\"},\"inLanguage\":\"it-IT\",\"potentialAction\":[{\"@type\":\"ReadAction\",\"target\":[\"https:\\\/\\\/www.libriparlanti.org\\\/index.php\\\/prodotto\\\/dante-di-alessandro-barbero\\\/\"]}]},{\"@type\":\"ImageObject\",\"inLanguage\":\"it-IT\",\"@id\":\"https:\\\/\\\/www.libriparlanti.org\\\/index.php\\\/prodotto\\\/dante-di-alessandro-barbero\\\/#primaryimage\",\"url\":\"https:\\\/\\\/www.libriparlanti.org\\\/wp-content\\\/uploads\\\/2020\\\/10\\\/barbero_dante.jpg\",\"contentUrl\":\"https:\\\/\\\/www.libriparlanti.org\\\/wp-content\\\/uploads\\\/2020\\\/10\\\/barbero_dante.jpg\",\"width\":2250,\"height\":1382,\"caption\":\"barbero_dante\"},{\"@type\":\"BreadcrumbList\",\"@id\":\"https:\\\/\\\/www.libriparlanti.org\\\/index.php\\\/prodotto\\\/dante-di-alessandro-barbero\\\/#breadcrumb\",\"itemListElement\":[{\"@type\":\"ListItem\",\"position\":1,\"name\":\"Home\",\"item\":\"https:\\\/\\\/www.libriparlanti.org\\\/\"},{\"@type\":\"ListItem\",\"position\":2,\"name\":\"Shop\",\"item\":\"https:\\\/\\\/www.libriparlanti.org\\\/index.php\\\/negozio\\\/\"},{\"@type\":\"ListItem\",\"position\":3,\"name\":\"DANTE DI ALESSANDRO BARBERO\"}]},{\"@type\":\"WebSite\",\"@id\":\"https:\\\/\\\/www.libriparlanti.org\\\/#website\",\"url\":\"https:\\\/\\\/www.libriparlanti.org\\\/\",\"name\":\"Libreria Libri parlanti\",\"description\":\"Libreria in Castiglione del Lago (Pg)\",\"potentialAction\":[{\"@type\":\"SearchAction\",\"target\":{\"@type\":\"EntryPoint\",\"urlTemplate\":\"https:\\\/\\\/www.libriparlanti.org\\\/?s={search_term_string}\"},\"query-input\":{\"@type\":\"PropertyValueSpecification\",\"valueRequired\":true,\"valueName\":\"search_term_string\"}}],\"inLanguage\":\"it-IT\"}]}<\/script>\n<!-- \/ Yoast SEO plugin. -->","yoast_head_json":{"title":"DANTE DI ALESSANDRO BARBERO - Libreria Libri parlanti","robots":{"index":"index","follow":"follow","max-snippet":"max-snippet:-1","max-image-preview":"max-image-preview:large","max-video-preview":"max-video-preview:-1"},"canonical":"https:\/\/www.libriparlanti.org\/index.php\/prodotto\/dante-di-alessandro-barbero\/","og_locale":"it_IT","og_type":"article","og_title":"DANTE DI ALESSANDRO BARBERO - Libreria Libri parlanti","og_description":"Dante \u00e8 l'uomo su cui, per la fama che lo accompagnava gi\u00e0 in vita, sappiamo forse pi\u00f9 cose che su qualunque altro uomo di quell'epoca, e che ci ha lasciato la sua testimonianza personale su cosa significava, allora, essere un giovane uomo innamorato o cosa si provava quando si saliva a cavallo per andare in battaglia.","og_url":"https:\/\/www.libriparlanti.org\/index.php\/prodotto\/dante-di-alessandro-barbero\/","og_site_name":"Libreria Libri parlanti","article_publisher":"https:\/\/www.facebook.com\/LibriParlanti","article_modified_time":"2025-10-30T10:24:19+00:00","og_image":[{"width":2250,"height":1382,"url":"https:\/\/www.libriparlanti.org\/wp-content\/uploads\/2020\/10\/barbero_dante.jpg","type":"image\/jpeg"}],"twitter_card":"summary_large_image","schema":{"@context":"https:\/\/schema.org","@graph":[{"@type":"WebPage","@id":"https:\/\/www.libriparlanti.org\/index.php\/prodotto\/dante-di-alessandro-barbero\/","url":"https:\/\/www.libriparlanti.org\/index.php\/prodotto\/dante-di-alessandro-barbero\/","name":"DANTE DI ALESSANDRO BARBERO - Libreria Libri parlanti","isPartOf":{"@id":"https:\/\/www.libriparlanti.org\/#website"},"primaryImageOfPage":{"@id":"https:\/\/www.libriparlanti.org\/index.php\/prodotto\/dante-di-alessandro-barbero\/#primaryimage"},"image":{"@id":"https:\/\/www.libriparlanti.org\/index.php\/prodotto\/dante-di-alessandro-barbero\/#primaryimage"},"thumbnailUrl":"https:\/\/www.libriparlanti.org\/wp-content\/uploads\/2020\/10\/barbero_dante.jpg","datePublished":"2020-10-25T05:54:13+00:00","dateModified":"2025-10-30T10:24:19+00:00","breadcrumb":{"@id":"https:\/\/www.libriparlanti.org\/index.php\/prodotto\/dante-di-alessandro-barbero\/#breadcrumb"},"inLanguage":"it-IT","potentialAction":[{"@type":"ReadAction","target":["https:\/\/www.libriparlanti.org\/index.php\/prodotto\/dante-di-alessandro-barbero\/"]}]},{"@type":"ImageObject","inLanguage":"it-IT","@id":"https:\/\/www.libriparlanti.org\/index.php\/prodotto\/dante-di-alessandro-barbero\/#primaryimage","url":"https:\/\/www.libriparlanti.org\/wp-content\/uploads\/2020\/10\/barbero_dante.jpg","contentUrl":"https:\/\/www.libriparlanti.org\/wp-content\/uploads\/2020\/10\/barbero_dante.jpg","width":2250,"height":1382,"caption":"barbero_dante"},{"@type":"BreadcrumbList","@id":"https:\/\/www.libriparlanti.org\/index.php\/prodotto\/dante-di-alessandro-barbero\/#breadcrumb","itemListElement":[{"@type":"ListItem","position":1,"name":"Home","item":"https:\/\/www.libriparlanti.org\/"},{"@type":"ListItem","position":2,"name":"Shop","item":"https:\/\/www.libriparlanti.org\/index.php\/negozio\/"},{"@type":"ListItem","position":3,"name":"DANTE DI ALESSANDRO BARBERO"}]},{"@type":"WebSite","@id":"https:\/\/www.libriparlanti.org\/#website","url":"https:\/\/www.libriparlanti.org\/","name":"Libreria Libri parlanti","description":"Libreria in Castiglione del Lago (Pg)","potentialAction":[{"@type":"SearchAction","target":{"@type":"EntryPoint","urlTemplate":"https:\/\/www.libriparlanti.org\/?s={search_term_string}"},"query-input":{"@type":"PropertyValueSpecification","valueRequired":true,"valueName":"search_term_string"}}],"inLanguage":"it-IT"}]}},"_links":{"self":[{"href":"https:\/\/www.libriparlanti.org\/index.php\/wp-json\/wp\/v2\/product\/11352","targetHints":{"allow":["GET"]}}],"collection":[{"href":"https:\/\/www.libriparlanti.org\/index.php\/wp-json\/wp\/v2\/product"}],"about":[{"href":"https:\/\/www.libriparlanti.org\/index.php\/wp-json\/wp\/v2\/types\/product"}],"replies":[{"embeddable":true,"href":"https:\/\/www.libriparlanti.org\/index.php\/wp-json\/wp\/v2\/comments?post=11352"}],"wp:featuredmedia":[{"embeddable":true,"href":"https:\/\/www.libriparlanti.org\/index.php\/wp-json\/wp\/v2\/media\/11350"}],"wp:attachment":[{"href":"https:\/\/www.libriparlanti.org\/index.php\/wp-json\/wp\/v2\/media?parent=11352"}],"wp:term":[{"taxonomy":"product_brand","embeddable":true,"href":"https:\/\/www.libriparlanti.org\/index.php\/wp-json\/wp\/v2\/product_brand?post=11352"},{"taxonomy":"product_cat","embeddable":true,"href":"https:\/\/www.libriparlanti.org\/index.php\/wp-json\/wp\/v2\/product_cat?post=11352"},{"taxonomy":"product_tag","embeddable":true,"href":"https:\/\/www.libriparlanti.org\/index.php\/wp-json\/wp\/v2\/product_tag?post=11352"}],"curies":[{"name":"wp","href":"https:\/\/api.w.org\/{rel}","templated":true}]}}