{"id":11305,"date":"2020-10-24T10:56:51","date_gmt":"2020-10-24T08:56:51","guid":{"rendered":"https:\/\/www.libriparlanti.org\/?post_type=product&#038;p=11305"},"modified":"2020-10-24T10:56:51","modified_gmt":"2020-10-24T08:56:51","slug":"adorazione-di-alice-urciolo","status":"publish","type":"product","link":"https:\/\/www.libriparlanti.org\/index.php\/prodotto\/adorazione-di-alice-urciolo\/","title":{"rendered":"ADORAZIONE DI ALICE URCIOLO"},"content":{"rendered":"<p>A Pontinia, piccolo centro di fondazione fascista nel mezzo dell\u2019Agro Pontino, la giovane Elena \u00e8 stata uccisa dal fidanzato. A distanza di un anno, i suoi amici sono ancora divisi tra il dolore di quel trauma e il bisogno di un\u2019adolescenza normale. Nell\u2019arco di un\u2019estate afosa, vissuta fra le architetture metafisiche di Pontinia e di Latina e le sensuali dune di Sabaudia, e con Roma, la grande citt\u00e0, sullo sfondo, si intrecciano i loro destini. C\u2019\u00e8 Diana, con la sua voglia sulla gamba che la rende tanto insicura, e c\u2019\u00e8 la sua migliore amica Vera, che sembra invece non aver paura di niente. Ci sono Giorgio, il fratello di Vera, che era innamorato di Elena e non lo ha mai detto a nessuno, e Vanessa, cugina di Giorgio e Vera e migliore amica di Elena. Intorno a loro una comunit\u00e0 ancora regolata nel profondo da valori patriarcali perfettamente interiorizzati, una comunit\u00e0 dove le famiglie sono spesso tenute insieme solo dall\u2019ipocrisia e dal silenzio. Le ragazze e i ragazzi dovranno cos\u00ec crescere, perdersi e ritrovarsi da soli. Faranno i conti con il vuoto e la passione, l\u2019insicurezza e l\u2019ansia, l\u2019accettazione e l\u2019affermazione di s\u00e9. La morte di Elena assumer\u00e0 per ognuno un significato diverso, e per ognuno si sovrapporr\u00e0 alla propria storia personale, a un\u2019educazione sentimentale e sessuale fatta di estremi, in cui l\u2019amore, la tenerezza e il desiderio si mescolano alla sopraffazione, all\u2019umiliazione e alla vergogna.<\/p>\n","protected":false},"excerpt":{"rendered":"<p>A Pontinia, piccolo centro di fondazione fascista nel mezzo dell\u2019Agro Pontino, la giovane Elena \u00e8 stata uccisa dal fidanzato. A distanza di un anno, i suoi amici sono ancora divisi tra il dolore di quel trauma e il bisogno di un\u2019adolescenza normale. Nell\u2019arco di un\u2019estate afosa, vissuta fra le architetture metafisiche di Pontinia e di Latina e le sensuali dune di Sabaudia, e con Roma, la grande citt\u00e0, sullo sfondo, si intrecciano i loro destini. C\u2019\u00e8 Diana, con la sua voglia sulla gamba che la rende tanto insicura, e c\u2019\u00e8 la sua migliore amica Vera, che sembra invece non aver paura di niente. Ci sono Giorgio, il fratello di Vera, che era innamorato di Elena e non lo ha mai detto a nessuno, e Vanessa, cugina di Giorgio e Vera e migliore amica di Elena. Intorno a loro una comunit\u00e0 ancora regolata nel profondo da valori patriarcali perfettamente interiorizzati, una comunit\u00e0 dove le famiglie sono spesso tenute insieme solo dall\u2019ipocrisia e dal silenzio. Le ragazze e i ragazzi dovranno cos\u00ec crescere, perdersi e ritrovarsi da soli. Faranno i conti con il vuoto e la passione, l\u2019insicurezza e l\u2019ansia, l\u2019accettazione e l\u2019affermazione di s\u00e9. La morte di Elena assumer\u00e0 per ognuno un significato diverso, e per ognuno si sovrapporr\u00e0 alla propria storia personale, a un\u2019educazione sentimentale e sessuale fatta di estremi, in cui l\u2019amore, la tenerezza e il desiderio si mescolano alla sopraffazione, all\u2019umiliazione e alla vergogna.<\/p>\n","protected":false},"featured_media":11306,"comment_status":"open","ping_status":"closed","template":"","meta":{"_et_pb_use_builder":"","_et_pb_old_content":"","_et_gb_content_width":"","_joinchat":[]},"product_brand":[],"product_cat":[1736],"product_tag":[1785],"class_list":{"0":"post-11305","1":"product","2":"type-product","3":"status-publish","4":"has-post-thumbnail","6":"product_cat-narrativa","7":"product_tag-adorazione","9":"first","10":"instock","11":"taxable","12":"shipping-taxable","13":"purchasable","14":"product-type-simple"},"yoast_head":"<!-- This site is optimized with the Yoast SEO plugin v27.3 - https:\/\/yoast.com\/product\/yoast-seo-wordpress\/ -->\n<title>ADORAZIONE DI ALICE URCIOLO - Libreria Libri parlanti<\/title>\n<meta name=\"description\" content=\"A Pontinia, piccolo centro di fondazione fascista nel mezzo dell\u2019Agro Pontino, la giovane Elena \u00e8 stata uccisa dal fidanzato. A distanza di un anno, i suoi amici sono ancora divisi tra il dolore di quel trauma e il bisogno di un\u2019adolescenza normale. Nell\u2019arco di un\u2019estate afosa, vissuta fra le architetture metafisiche di Pontinia e di Latina e le sensuali dune di Sabaudia, e con Roma, la grande citt\u00e0, sullo sfondo, si intrecciano i loro destini. C\u2019\u00e8 Diana, con la sua voglia sulla gamba che la rende tanto insicura, e c\u2019\u00e8 la sua migliore amica Vera, che sembra invece non aver paura di niente. Ci sono Giorgio, il fratello di Vera, che era innamorato di Elena e non lo ha mai detto a nessuno, e Vanessa, cugina di Giorgio e Vera e migliore amica di Elena. Intorno a loro una comunit\u00e0 ancora regolata nel profondo da valori patriarcali perfettamente interiorizzati, una comunit\u00e0 dove le famiglie sono spesso tenute insieme solo dall\u2019ipocrisia e dal silenzio. Le ragazze e i ragazzi dovranno cos\u00ec crescere, perdersi e ritrovarsi da soli. Faranno i conti con il vuoto e la passione, l\u2019insicurezza e l\u2019ansia, l\u2019accettazione e l\u2019affermazione di s\u00e9. La morte di Elena assumer\u00e0 per ognuno un significato diverso, e per ognuno si sovrapporr\u00e0 alla propria storia personale, a un\u2019educazione sentimentale e sessuale fatta di estremi, in cui l\u2019amore, la tenerezza e il desiderio si mescolano alla sopraffazione, all\u2019umiliazione e alla vergogna.\" \/>\n<meta name=\"robots\" content=\"index, follow, max-snippet:-1, max-image-preview:large, max-video-preview:-1\" \/>\n<link rel=\"canonical\" href=\"https:\/\/www.libriparlanti.org\/index.php\/prodotto\/adorazione-di-alice-urciolo\/\" \/>\n<meta property=\"og:locale\" content=\"it_IT\" \/>\n<meta property=\"og:type\" content=\"article\" \/>\n<meta property=\"og:title\" content=\"ADORAZIONE DI ALICE URCIOLO - Libreria Libri parlanti\" \/>\n<meta property=\"og:description\" content=\"A Pontinia, piccolo centro di fondazione fascista nel mezzo dell\u2019Agro Pontino, la giovane Elena \u00e8 stata uccisa dal fidanzato. A distanza di un anno, i suoi amici sono ancora divisi tra il dolore di quel trauma e il bisogno di un\u2019adolescenza normale. Nell\u2019arco di un\u2019estate afosa, vissuta fra le architetture metafisiche di Pontinia e di Latina e le sensuali dune di Sabaudia, e con Roma, la grande citt\u00e0, sullo sfondo, si intrecciano i loro destini. C\u2019\u00e8 Diana, con la sua voglia sulla gamba che la rende tanto insicura, e c\u2019\u00e8 la sua migliore amica Vera, che sembra invece non aver paura di niente. Ci sono Giorgio, il fratello di Vera, che era innamorato di Elena e non lo ha mai detto a nessuno, e Vanessa, cugina di Giorgio e Vera e migliore amica di Elena. Intorno a loro una comunit\u00e0 ancora regolata nel profondo da valori patriarcali perfettamente interiorizzati, una comunit\u00e0 dove le famiglie sono spesso tenute insieme solo dall\u2019ipocrisia e dal silenzio. Le ragazze e i ragazzi dovranno cos\u00ec crescere, perdersi e ritrovarsi da soli. Faranno i conti con il vuoto e la passione, l\u2019insicurezza e l\u2019ansia, l\u2019accettazione e l\u2019affermazione di s\u00e9. La morte di Elena assumer\u00e0 per ognuno un significato diverso, e per ognuno si sovrapporr\u00e0 alla propria storia personale, a un\u2019educazione sentimentale e sessuale fatta di estremi, in cui l\u2019amore, la tenerezza e il desiderio si mescolano alla sopraffazione, all\u2019umiliazione e alla vergogna.\" \/>\n<meta property=\"og:url\" content=\"https:\/\/www.libriparlanti.org\/index.php\/prodotto\/adorazione-di-alice-urciolo\/\" \/>\n<meta property=\"og:site_name\" content=\"Libreria Libri parlanti\" \/>\n<meta property=\"article:publisher\" content=\"https:\/\/www.facebook.com\/LibriParlanti\" \/>\n<meta property=\"og:image\" content=\"https:\/\/www.libriparlanti.org\/wp-content\/uploads\/2020\/10\/adorazione_DEF_Sss.jpg\" \/>\n\t<meta property=\"og:image:width\" content=\"350\" \/>\n\t<meta property=\"og:image:height\" content=\"518\" \/>\n\t<meta property=\"og:image:type\" content=\"image\/jpeg\" \/>\n<meta name=\"twitter:card\" content=\"summary_large_image\" \/>\n<meta name=\"twitter:label1\" content=\"Tempo di lettura stimato\" \/>\n\t<meta name=\"twitter:data1\" content=\"1 minuto\" \/>\n<script type=\"application\/ld+json\" class=\"yoast-schema-graph\">{\"@context\":\"https:\\\/\\\/schema.org\",\"@graph\":[{\"@type\":\"WebPage\",\"@id\":\"https:\\\/\\\/www.libriparlanti.org\\\/index.php\\\/prodotto\\\/adorazione-di-alice-urciolo\\\/\",\"url\":\"https:\\\/\\\/www.libriparlanti.org\\\/index.php\\\/prodotto\\\/adorazione-di-alice-urciolo\\\/\",\"name\":\"ADORAZIONE DI ALICE URCIOLO - Libreria Libri parlanti\",\"isPartOf\":{\"@id\":\"https:\\\/\\\/www.libriparlanti.org\\\/#website\"},\"primaryImageOfPage\":{\"@id\":\"https:\\\/\\\/www.libriparlanti.org\\\/index.php\\\/prodotto\\\/adorazione-di-alice-urciolo\\\/#primaryimage\"},\"image\":{\"@id\":\"https:\\\/\\\/www.libriparlanti.org\\\/index.php\\\/prodotto\\\/adorazione-di-alice-urciolo\\\/#primaryimage\"},\"thumbnailUrl\":\"https:\\\/\\\/www.libriparlanti.org\\\/wp-content\\\/uploads\\\/2020\\\/10\\\/adorazione_DEF_Sss.jpg\",\"datePublished\":\"2020-10-24T08:56:51+00:00\",\"description\":\"A Pontinia, piccolo centro di fondazione fascista nel mezzo dell\u2019Agro Pontino, la giovane Elena \u00e8 stata uccisa dal fidanzato. A distanza di un anno, i suoi amici sono ancora divisi tra il dolore di quel trauma e il bisogno di un\u2019adolescenza normale. Nell\u2019arco di un\u2019estate afosa, vissuta fra le architetture metafisiche di Pontinia e di Latina e le sensuali dune di Sabaudia, e con Roma, la grande citt\u00e0, sullo sfondo, si intrecciano i loro destini. C\u2019\u00e8 Diana, con la sua voglia sulla gamba che la rende tanto insicura, e c\u2019\u00e8 la sua migliore amica Vera, che sembra invece non aver paura di niente. Ci sono Giorgio, il fratello di Vera, che era innamorato di Elena e non lo ha mai detto a nessuno, e Vanessa, cugina di Giorgio e Vera e migliore amica di Elena. Intorno a loro una comunit\u00e0 ancora regolata nel profondo da valori patriarcali perfettamente interiorizzati, una comunit\u00e0 dove le famiglie sono spesso tenute insieme solo dall\u2019ipocrisia e dal silenzio. Le ragazze e i ragazzi dovranno cos\u00ec crescere, perdersi e ritrovarsi da soli. Faranno i conti con il vuoto e la passione, l\u2019insicurezza e l\u2019ansia, l\u2019accettazione e l\u2019affermazione di s\u00e9. La morte di Elena assumer\u00e0 per ognuno un significato diverso, e per ognuno si sovrapporr\u00e0 alla propria storia personale, a un\u2019educazione sentimentale e sessuale fatta di estremi, in cui l\u2019amore, la tenerezza e il desiderio si mescolano alla sopraffazione, all\u2019umiliazione e alla vergogna.\",\"breadcrumb\":{\"@id\":\"https:\\\/\\\/www.libriparlanti.org\\\/index.php\\\/prodotto\\\/adorazione-di-alice-urciolo\\\/#breadcrumb\"},\"inLanguage\":\"it-IT\",\"potentialAction\":[{\"@type\":\"ReadAction\",\"target\":[\"https:\\\/\\\/www.libriparlanti.org\\\/index.php\\\/prodotto\\\/adorazione-di-alice-urciolo\\\/\"]}]},{\"@type\":\"ImageObject\",\"inLanguage\":\"it-IT\",\"@id\":\"https:\\\/\\\/www.libriparlanti.org\\\/index.php\\\/prodotto\\\/adorazione-di-alice-urciolo\\\/#primaryimage\",\"url\":\"https:\\\/\\\/www.libriparlanti.org\\\/wp-content\\\/uploads\\\/2020\\\/10\\\/adorazione_DEF_Sss.jpg\",\"contentUrl\":\"https:\\\/\\\/www.libriparlanti.org\\\/wp-content\\\/uploads\\\/2020\\\/10\\\/adorazione_DEF_Sss.jpg\",\"width\":350,\"height\":518,\"caption\":\"ADORAZIONE DI ALICE URCIOLO\"},{\"@type\":\"BreadcrumbList\",\"@id\":\"https:\\\/\\\/www.libriparlanti.org\\\/index.php\\\/prodotto\\\/adorazione-di-alice-urciolo\\\/#breadcrumb\",\"itemListElement\":[{\"@type\":\"ListItem\",\"position\":1,\"name\":\"Home\",\"item\":\"https:\\\/\\\/www.libriparlanti.org\\\/\"},{\"@type\":\"ListItem\",\"position\":2,\"name\":\"Shop\",\"item\":\"https:\\\/\\\/www.libriparlanti.org\\\/index.php\\\/negozio\\\/\"},{\"@type\":\"ListItem\",\"position\":3,\"name\":\"ADORAZIONE DI ALICE URCIOLO\"}]},{\"@type\":\"WebSite\",\"@id\":\"https:\\\/\\\/www.libriparlanti.org\\\/#website\",\"url\":\"https:\\\/\\\/www.libriparlanti.org\\\/\",\"name\":\"Libreria Libri parlanti\",\"description\":\"Libreria in Castiglione del Lago (Pg)\",\"potentialAction\":[{\"@type\":\"SearchAction\",\"target\":{\"@type\":\"EntryPoint\",\"urlTemplate\":\"https:\\\/\\\/www.libriparlanti.org\\\/?s={search_term_string}\"},\"query-input\":{\"@type\":\"PropertyValueSpecification\",\"valueRequired\":true,\"valueName\":\"search_term_string\"}}],\"inLanguage\":\"it-IT\"}]}<\/script>\n<!-- \/ Yoast SEO plugin. -->","yoast_head_json":{"title":"ADORAZIONE DI ALICE URCIOLO - Libreria Libri parlanti","description":"A Pontinia, piccolo centro di fondazione fascista nel mezzo dell\u2019Agro Pontino, la giovane Elena \u00e8 stata uccisa dal fidanzato. A distanza di un anno, i suoi amici sono ancora divisi tra il dolore di quel trauma e il bisogno di un\u2019adolescenza normale. Nell\u2019arco di un\u2019estate afosa, vissuta fra le architetture metafisiche di Pontinia e di Latina e le sensuali dune di Sabaudia, e con Roma, la grande citt\u00e0, sullo sfondo, si intrecciano i loro destini. C\u2019\u00e8 Diana, con la sua voglia sulla gamba che la rende tanto insicura, e c\u2019\u00e8 la sua migliore amica Vera, che sembra invece non aver paura di niente. Ci sono Giorgio, il fratello di Vera, che era innamorato di Elena e non lo ha mai detto a nessuno, e Vanessa, cugina di Giorgio e Vera e migliore amica di Elena. Intorno a loro una comunit\u00e0 ancora regolata nel profondo da valori patriarcali perfettamente interiorizzati, una comunit\u00e0 dove le famiglie sono spesso tenute insieme solo dall\u2019ipocrisia e dal silenzio. Le ragazze e i ragazzi dovranno cos\u00ec crescere, perdersi e ritrovarsi da soli. Faranno i conti con il vuoto e la passione, l\u2019insicurezza e l\u2019ansia, l\u2019accettazione e l\u2019affermazione di s\u00e9. La morte di Elena assumer\u00e0 per ognuno un significato diverso, e per ognuno si sovrapporr\u00e0 alla propria storia personale, a un\u2019educazione sentimentale e sessuale fatta di estremi, in cui l\u2019amore, la tenerezza e il desiderio si mescolano alla sopraffazione, all\u2019umiliazione e alla vergogna.","robots":{"index":"index","follow":"follow","max-snippet":"max-snippet:-1","max-image-preview":"max-image-preview:large","max-video-preview":"max-video-preview:-1"},"canonical":"https:\/\/www.libriparlanti.org\/index.php\/prodotto\/adorazione-di-alice-urciolo\/","og_locale":"it_IT","og_type":"article","og_title":"ADORAZIONE DI ALICE URCIOLO - Libreria Libri parlanti","og_description":"A Pontinia, piccolo centro di fondazione fascista nel mezzo dell\u2019Agro Pontino, la giovane Elena \u00e8 stata uccisa dal fidanzato. A distanza di un anno, i suoi amici sono ancora divisi tra il dolore di quel trauma e il bisogno di un\u2019adolescenza normale. Nell\u2019arco di un\u2019estate afosa, vissuta fra le architetture metafisiche di Pontinia e di Latina e le sensuali dune di Sabaudia, e con Roma, la grande citt\u00e0, sullo sfondo, si intrecciano i loro destini. C\u2019\u00e8 Diana, con la sua voglia sulla gamba che la rende tanto insicura, e c\u2019\u00e8 la sua migliore amica Vera, che sembra invece non aver paura di niente. Ci sono Giorgio, il fratello di Vera, che era innamorato di Elena e non lo ha mai detto a nessuno, e Vanessa, cugina di Giorgio e Vera e migliore amica di Elena. Intorno a loro una comunit\u00e0 ancora regolata nel profondo da valori patriarcali perfettamente interiorizzati, una comunit\u00e0 dove le famiglie sono spesso tenute insieme solo dall\u2019ipocrisia e dal silenzio. Le ragazze e i ragazzi dovranno cos\u00ec crescere, perdersi e ritrovarsi da soli. Faranno i conti con il vuoto e la passione, l\u2019insicurezza e l\u2019ansia, l\u2019accettazione e l\u2019affermazione di s\u00e9. La morte di Elena assumer\u00e0 per ognuno un significato diverso, e per ognuno si sovrapporr\u00e0 alla propria storia personale, a un\u2019educazione sentimentale e sessuale fatta di estremi, in cui l\u2019amore, la tenerezza e il desiderio si mescolano alla sopraffazione, all\u2019umiliazione e alla vergogna.","og_url":"https:\/\/www.libriparlanti.org\/index.php\/prodotto\/adorazione-di-alice-urciolo\/","og_site_name":"Libreria Libri parlanti","article_publisher":"https:\/\/www.facebook.com\/LibriParlanti","og_image":[{"width":350,"height":518,"url":"https:\/\/www.libriparlanti.org\/wp-content\/uploads\/2020\/10\/adorazione_DEF_Sss.jpg","type":"image\/jpeg"}],"twitter_card":"summary_large_image","twitter_misc":{"Tempo di lettura stimato":"1 minuto"},"schema":{"@context":"https:\/\/schema.org","@graph":[{"@type":"WebPage","@id":"https:\/\/www.libriparlanti.org\/index.php\/prodotto\/adorazione-di-alice-urciolo\/","url":"https:\/\/www.libriparlanti.org\/index.php\/prodotto\/adorazione-di-alice-urciolo\/","name":"ADORAZIONE DI ALICE URCIOLO - Libreria Libri parlanti","isPartOf":{"@id":"https:\/\/www.libriparlanti.org\/#website"},"primaryImageOfPage":{"@id":"https:\/\/www.libriparlanti.org\/index.php\/prodotto\/adorazione-di-alice-urciolo\/#primaryimage"},"image":{"@id":"https:\/\/www.libriparlanti.org\/index.php\/prodotto\/adorazione-di-alice-urciolo\/#primaryimage"},"thumbnailUrl":"https:\/\/www.libriparlanti.org\/wp-content\/uploads\/2020\/10\/adorazione_DEF_Sss.jpg","datePublished":"2020-10-24T08:56:51+00:00","description":"A Pontinia, piccolo centro di fondazione fascista nel mezzo dell\u2019Agro Pontino, la giovane Elena \u00e8 stata uccisa dal fidanzato. A distanza di un anno, i suoi amici sono ancora divisi tra il dolore di quel trauma e il bisogno di un\u2019adolescenza normale. Nell\u2019arco di un\u2019estate afosa, vissuta fra le architetture metafisiche di Pontinia e di Latina e le sensuali dune di Sabaudia, e con Roma, la grande citt\u00e0, sullo sfondo, si intrecciano i loro destini. C\u2019\u00e8 Diana, con la sua voglia sulla gamba che la rende tanto insicura, e c\u2019\u00e8 la sua migliore amica Vera, che sembra invece non aver paura di niente. Ci sono Giorgio, il fratello di Vera, che era innamorato di Elena e non lo ha mai detto a nessuno, e Vanessa, cugina di Giorgio e Vera e migliore amica di Elena. Intorno a loro una comunit\u00e0 ancora regolata nel profondo da valori patriarcali perfettamente interiorizzati, una comunit\u00e0 dove le famiglie sono spesso tenute insieme solo dall\u2019ipocrisia e dal silenzio. Le ragazze e i ragazzi dovranno cos\u00ec crescere, perdersi e ritrovarsi da soli. Faranno i conti con il vuoto e la passione, l\u2019insicurezza e l\u2019ansia, l\u2019accettazione e l\u2019affermazione di s\u00e9. La morte di Elena assumer\u00e0 per ognuno un significato diverso, e per ognuno si sovrapporr\u00e0 alla propria storia personale, a un\u2019educazione sentimentale e sessuale fatta di estremi, in cui l\u2019amore, la tenerezza e il desiderio si mescolano alla sopraffazione, all\u2019umiliazione e alla vergogna.","breadcrumb":{"@id":"https:\/\/www.libriparlanti.org\/index.php\/prodotto\/adorazione-di-alice-urciolo\/#breadcrumb"},"inLanguage":"it-IT","potentialAction":[{"@type":"ReadAction","target":["https:\/\/www.libriparlanti.org\/index.php\/prodotto\/adorazione-di-alice-urciolo\/"]}]},{"@type":"ImageObject","inLanguage":"it-IT","@id":"https:\/\/www.libriparlanti.org\/index.php\/prodotto\/adorazione-di-alice-urciolo\/#primaryimage","url":"https:\/\/www.libriparlanti.org\/wp-content\/uploads\/2020\/10\/adorazione_DEF_Sss.jpg","contentUrl":"https:\/\/www.libriparlanti.org\/wp-content\/uploads\/2020\/10\/adorazione_DEF_Sss.jpg","width":350,"height":518,"caption":"ADORAZIONE DI ALICE URCIOLO"},{"@type":"BreadcrumbList","@id":"https:\/\/www.libriparlanti.org\/index.php\/prodotto\/adorazione-di-alice-urciolo\/#breadcrumb","itemListElement":[{"@type":"ListItem","position":1,"name":"Home","item":"https:\/\/www.libriparlanti.org\/"},{"@type":"ListItem","position":2,"name":"Shop","item":"https:\/\/www.libriparlanti.org\/index.php\/negozio\/"},{"@type":"ListItem","position":3,"name":"ADORAZIONE DI ALICE URCIOLO"}]},{"@type":"WebSite","@id":"https:\/\/www.libriparlanti.org\/#website","url":"https:\/\/www.libriparlanti.org\/","name":"Libreria Libri parlanti","description":"Libreria in Castiglione del Lago (Pg)","potentialAction":[{"@type":"SearchAction","target":{"@type":"EntryPoint","urlTemplate":"https:\/\/www.libriparlanti.org\/?s={search_term_string}"},"query-input":{"@type":"PropertyValueSpecification","valueRequired":true,"valueName":"search_term_string"}}],"inLanguage":"it-IT"}]}},"_links":{"self":[{"href":"https:\/\/www.libriparlanti.org\/index.php\/wp-json\/wp\/v2\/product\/11305","targetHints":{"allow":["GET"]}}],"collection":[{"href":"https:\/\/www.libriparlanti.org\/index.php\/wp-json\/wp\/v2\/product"}],"about":[{"href":"https:\/\/www.libriparlanti.org\/index.php\/wp-json\/wp\/v2\/types\/product"}],"replies":[{"embeddable":true,"href":"https:\/\/www.libriparlanti.org\/index.php\/wp-json\/wp\/v2\/comments?post=11305"}],"wp:featuredmedia":[{"embeddable":true,"href":"https:\/\/www.libriparlanti.org\/index.php\/wp-json\/wp\/v2\/media\/11306"}],"wp:attachment":[{"href":"https:\/\/www.libriparlanti.org\/index.php\/wp-json\/wp\/v2\/media?parent=11305"}],"wp:term":[{"taxonomy":"product_brand","embeddable":true,"href":"https:\/\/www.libriparlanti.org\/index.php\/wp-json\/wp\/v2\/product_brand?post=11305"},{"taxonomy":"product_cat","embeddable":true,"href":"https:\/\/www.libriparlanti.org\/index.php\/wp-json\/wp\/v2\/product_cat?post=11305"},{"taxonomy":"product_tag","embeddable":true,"href":"https:\/\/www.libriparlanti.org\/index.php\/wp-json\/wp\/v2\/product_tag?post=11305"}],"curies":[{"name":"wp","href":"https:\/\/api.w.org\/{rel}","templated":true}]}}