{"id":10381,"date":"2020-07-28T16:46:18","date_gmt":"2020-07-28T14:46:18","guid":{"rendered":"https:\/\/www.libriparlanti.org\/index.php\/prodotto\/bianco-come-dio\/"},"modified":"2021-07-15T08:29:52","modified_gmt":"2021-07-15T06:29:52","slug":"bianco-come-dio","status":"publish","type":"product","link":"https:\/\/www.libriparlanti.org\/index.php\/prodotto\/bianco-come-dio\/","title":{"rendered":"BIANCO COME DIO"},"content":{"rendered":"<p>Se ti dicono che il mondo \u00e8 sbagliato e non puoi fare nulla per aggiustarlo, hai due possibilit\u00e0: ti rassegni a vivere una vita che non \u00e8 la tua, con il dubbio d\u00ec sprecare tempo prezioso, o ti rimbocchi le maniche e provi a migliorare le cose, un bambino alla volta. \u00c8 quello che sceglie Nicol\u00f2, vent&#8217;anni carichi di domande, di energia e di un&#8217;inestinguibile ricerca di senso. A casa, in Italia, mancano le risposte, le prospettive di un futuro che lo riempia, cos\u00ec sceglie di partire. Lo zaino che si porta \u00e8 leggero: \u00e8 convinto di trattenersi in India, nell&#8217;orfanotrofio di Dayavu Home, per qualche mese. Ma non sa che in quell&#8217;angolo remoto di mondo la sua vita \u00e8 destinata a cambiare. Perch\u00e9 presto scoprir\u00e0 che una vacanza da &#8216;volonturista&#8217; non \u00e8 quello che sta cercando. I venti bambini che incontra sono stati abbandonati dalla societ\u00e0 ma nonostante questo, ogni giorno gli insegnano che si pu\u00f2 sempre rinascere. E anche se Nicol\u00f2 sa bene che la battaglia contro il male \u00e8 persa in partenza, capisce che vale la pena di rischiare tutto per regalare un solo sorriso ai suoi ragazzini. Cos\u00ec decide di restare: Dayavu Home diventa la sua Casa, Joshua, direttore dell&#8217;orfanotrofio e suo mentore, un secondo Padre e i bambini la sua Famiglia. &#8216;Bianco come Dio&#8217; \u00e8 la loro storia, il racconto che Nicol\u00f2 ha scritto &#8211; prima su un blog e poi su Facebook &#8211; per raccogliere fondi destinati alla struttura e agli studi dei ragazzi. \u00c8 la testimonianza semplice e sincera di una passione contagiosa che vuole cambiare il mondo, sorriso dopo sorriso.<\/p>\n","protected":false},"excerpt":{"rendered":"<p><em>Autore:<\/em> NICOLO&#8217; GOVONI<br \/>\n<em>Editore:<\/em> RIZZOLI<br \/>\n<em>ISBN:<\/em> 9788817144636<br \/>\n<em>Pubblicazione:<\/em> 31\/03\/2020<\/p>\n","protected":false},"featured_media":10380,"comment_status":"closed","ping_status":"closed","template":"","meta":{"_et_pb_use_builder":"","_et_pb_old_content":"","_et_gb_content_width":"","_joinchat":[]},"product_brand":[],"product_cat":[1736,1730],"product_tag":[],"class_list":{"0":"post-10381","1":"product","2":"type-product","3":"status-publish","4":"has-post-thumbnail","6":"product_cat-narrativa","7":"product_cat-varia","9":"first","10":"instock","11":"taxable","12":"shipping-taxable","13":"purchasable","14":"product-type-simple"},"yoast_head":"<!-- This site is optimized with the Yoast SEO plugin v27.5 - https:\/\/yoast.com\/product\/yoast-seo-wordpress\/ -->\n<title>BIANCO COME DIO - Libreria Libri parlanti<\/title>\n<meta name=\"robots\" content=\"index, follow, max-snippet:-1, max-image-preview:large, max-video-preview:-1\" \/>\n<link rel=\"canonical\" href=\"https:\/\/www.libriparlanti.org\/index.php\/prodotto\/bianco-come-dio\/\" \/>\n<meta property=\"og:locale\" content=\"it_IT\" \/>\n<meta property=\"og:type\" content=\"article\" \/>\n<meta property=\"og:title\" content=\"BIANCO COME DIO - Libreria Libri parlanti\" \/>\n<meta property=\"og:description\" content=\"Autore: NICOLO&#039; GOVONI Editore: RIZZOLI ISBN: 9788817144636 Pubblicazione: 31\/03\/2020\" \/>\n<meta property=\"og:url\" content=\"https:\/\/www.libriparlanti.org\/index.php\/prodotto\/bianco-come-dio\/\" \/>\n<meta property=\"og:site_name\" content=\"Libreria Libri parlanti\" \/>\n<meta property=\"article:publisher\" content=\"https:\/\/www.facebook.com\/LibriParlanti\" \/>\n<meta property=\"article:modified_time\" content=\"2021-07-15T06:29:52+00:00\" \/>\n<meta property=\"og:image\" content=\"https:\/\/www.libriparlanti.org\/wp-content\/uploads\/2020\/07\/gNzYDN0EzNxgDO4cTO.jpg\" \/>\n\t<meta property=\"og:image:width\" content=\"195\" \/>\n\t<meta property=\"og:image:height\" content=\"300\" \/>\n\t<meta property=\"og:image:type\" content=\"image\/jpeg\" \/>\n<meta name=\"twitter:card\" content=\"summary_large_image\" \/>\n<meta name=\"twitter:label1\" content=\"Tempo di lettura stimato\" \/>\n\t<meta name=\"twitter:data1\" content=\"1 minuto\" \/>\n<script type=\"application\/ld+json\" class=\"yoast-schema-graph\">{\"@context\":\"https:\\\/\\\/schema.org\",\"@graph\":[{\"@type\":\"WebPage\",\"@id\":\"https:\\\/\\\/www.libriparlanti.org\\\/index.php\\\/prodotto\\\/bianco-come-dio\\\/\",\"url\":\"https:\\\/\\\/www.libriparlanti.org\\\/index.php\\\/prodotto\\\/bianco-come-dio\\\/\",\"name\":\"BIANCO COME DIO - Libreria Libri parlanti\",\"isPartOf\":{\"@id\":\"https:\\\/\\\/www.libriparlanti.org\\\/#website\"},\"primaryImageOfPage\":{\"@id\":\"https:\\\/\\\/www.libriparlanti.org\\\/index.php\\\/prodotto\\\/bianco-come-dio\\\/#primaryimage\"},\"image\":{\"@id\":\"https:\\\/\\\/www.libriparlanti.org\\\/index.php\\\/prodotto\\\/bianco-come-dio\\\/#primaryimage\"},\"thumbnailUrl\":\"https:\\\/\\\/www.libriparlanti.org\\\/wp-content\\\/uploads\\\/2020\\\/07\\\/gNzYDN0EzNxgDO4cTO.jpg\",\"datePublished\":\"2020-07-28T14:46:18+00:00\",\"dateModified\":\"2021-07-15T06:29:52+00:00\",\"breadcrumb\":{\"@id\":\"https:\\\/\\\/www.libriparlanti.org\\\/index.php\\\/prodotto\\\/bianco-come-dio\\\/#breadcrumb\"},\"inLanguage\":\"it-IT\",\"potentialAction\":[{\"@type\":\"ReadAction\",\"target\":[\"https:\\\/\\\/www.libriparlanti.org\\\/index.php\\\/prodotto\\\/bianco-come-dio\\\/\"]}]},{\"@type\":\"ImageObject\",\"inLanguage\":\"it-IT\",\"@id\":\"https:\\\/\\\/www.libriparlanti.org\\\/index.php\\\/prodotto\\\/bianco-come-dio\\\/#primaryimage\",\"url\":\"https:\\\/\\\/www.libriparlanti.org\\\/wp-content\\\/uploads\\\/2020\\\/07\\\/gNzYDN0EzNxgDO4cTO.jpg\",\"contentUrl\":\"https:\\\/\\\/www.libriparlanti.org\\\/wp-content\\\/uploads\\\/2020\\\/07\\\/gNzYDN0EzNxgDO4cTO.jpg\",\"width\":195,\"height\":300},{\"@type\":\"BreadcrumbList\",\"@id\":\"https:\\\/\\\/www.libriparlanti.org\\\/index.php\\\/prodotto\\\/bianco-come-dio\\\/#breadcrumb\",\"itemListElement\":[{\"@type\":\"ListItem\",\"position\":1,\"name\":\"Home\",\"item\":\"https:\\\/\\\/www.libriparlanti.org\\\/\"},{\"@type\":\"ListItem\",\"position\":2,\"name\":\"Shop\",\"item\":\"https:\\\/\\\/www.libriparlanti.org\\\/index.php\\\/negozio\\\/\"},{\"@type\":\"ListItem\",\"position\":3,\"name\":\"BIANCO COME DIO\"}]},{\"@type\":\"WebSite\",\"@id\":\"https:\\\/\\\/www.libriparlanti.org\\\/#website\",\"url\":\"https:\\\/\\\/www.libriparlanti.org\\\/\",\"name\":\"Libreria Libri parlanti\",\"description\":\"Libreria in Castiglione del Lago (Pg)\",\"potentialAction\":[{\"@type\":\"SearchAction\",\"target\":{\"@type\":\"EntryPoint\",\"urlTemplate\":\"https:\\\/\\\/www.libriparlanti.org\\\/?s={search_term_string}\"},\"query-input\":{\"@type\":\"PropertyValueSpecification\",\"valueRequired\":true,\"valueName\":\"search_term_string\"}}],\"inLanguage\":\"it-IT\"}]}<\/script>\n<!-- \/ Yoast SEO plugin. -->","yoast_head_json":{"title":"BIANCO COME DIO - Libreria Libri parlanti","robots":{"index":"index","follow":"follow","max-snippet":"max-snippet:-1","max-image-preview":"max-image-preview:large","max-video-preview":"max-video-preview:-1"},"canonical":"https:\/\/www.libriparlanti.org\/index.php\/prodotto\/bianco-come-dio\/","og_locale":"it_IT","og_type":"article","og_title":"BIANCO COME DIO - Libreria Libri parlanti","og_description":"Autore: NICOLO' GOVONI Editore: RIZZOLI ISBN: 9788817144636 Pubblicazione: 31\/03\/2020","og_url":"https:\/\/www.libriparlanti.org\/index.php\/prodotto\/bianco-come-dio\/","og_site_name":"Libreria Libri parlanti","article_publisher":"https:\/\/www.facebook.com\/LibriParlanti","article_modified_time":"2021-07-15T06:29:52+00:00","og_image":[{"width":195,"height":300,"url":"https:\/\/www.libriparlanti.org\/wp-content\/uploads\/2020\/07\/gNzYDN0EzNxgDO4cTO.jpg","type":"image\/jpeg"}],"twitter_card":"summary_large_image","twitter_misc":{"Tempo di lettura stimato":"1 minuto"},"schema":{"@context":"https:\/\/schema.org","@graph":[{"@type":"WebPage","@id":"https:\/\/www.libriparlanti.org\/index.php\/prodotto\/bianco-come-dio\/","url":"https:\/\/www.libriparlanti.org\/index.php\/prodotto\/bianco-come-dio\/","name":"BIANCO COME DIO - Libreria Libri parlanti","isPartOf":{"@id":"https:\/\/www.libriparlanti.org\/#website"},"primaryImageOfPage":{"@id":"https:\/\/www.libriparlanti.org\/index.php\/prodotto\/bianco-come-dio\/#primaryimage"},"image":{"@id":"https:\/\/www.libriparlanti.org\/index.php\/prodotto\/bianco-come-dio\/#primaryimage"},"thumbnailUrl":"https:\/\/www.libriparlanti.org\/wp-content\/uploads\/2020\/07\/gNzYDN0EzNxgDO4cTO.jpg","datePublished":"2020-07-28T14:46:18+00:00","dateModified":"2021-07-15T06:29:52+00:00","breadcrumb":{"@id":"https:\/\/www.libriparlanti.org\/index.php\/prodotto\/bianco-come-dio\/#breadcrumb"},"inLanguage":"it-IT","potentialAction":[{"@type":"ReadAction","target":["https:\/\/www.libriparlanti.org\/index.php\/prodotto\/bianco-come-dio\/"]}]},{"@type":"ImageObject","inLanguage":"it-IT","@id":"https:\/\/www.libriparlanti.org\/index.php\/prodotto\/bianco-come-dio\/#primaryimage","url":"https:\/\/www.libriparlanti.org\/wp-content\/uploads\/2020\/07\/gNzYDN0EzNxgDO4cTO.jpg","contentUrl":"https:\/\/www.libriparlanti.org\/wp-content\/uploads\/2020\/07\/gNzYDN0EzNxgDO4cTO.jpg","width":195,"height":300},{"@type":"BreadcrumbList","@id":"https:\/\/www.libriparlanti.org\/index.php\/prodotto\/bianco-come-dio\/#breadcrumb","itemListElement":[{"@type":"ListItem","position":1,"name":"Home","item":"https:\/\/www.libriparlanti.org\/"},{"@type":"ListItem","position":2,"name":"Shop","item":"https:\/\/www.libriparlanti.org\/index.php\/negozio\/"},{"@type":"ListItem","position":3,"name":"BIANCO COME DIO"}]},{"@type":"WebSite","@id":"https:\/\/www.libriparlanti.org\/#website","url":"https:\/\/www.libriparlanti.org\/","name":"Libreria Libri parlanti","description":"Libreria in Castiglione del Lago (Pg)","potentialAction":[{"@type":"SearchAction","target":{"@type":"EntryPoint","urlTemplate":"https:\/\/www.libriparlanti.org\/?s={search_term_string}"},"query-input":{"@type":"PropertyValueSpecification","valueRequired":true,"valueName":"search_term_string"}}],"inLanguage":"it-IT"}]}},"_links":{"self":[{"href":"https:\/\/www.libriparlanti.org\/index.php\/wp-json\/wp\/v2\/product\/10381","targetHints":{"allow":["GET"]}}],"collection":[{"href":"https:\/\/www.libriparlanti.org\/index.php\/wp-json\/wp\/v2\/product"}],"about":[{"href":"https:\/\/www.libriparlanti.org\/index.php\/wp-json\/wp\/v2\/types\/product"}],"replies":[{"embeddable":true,"href":"https:\/\/www.libriparlanti.org\/index.php\/wp-json\/wp\/v2\/comments?post=10381"}],"wp:featuredmedia":[{"embeddable":true,"href":"https:\/\/www.libriparlanti.org\/index.php\/wp-json\/wp\/v2\/media\/10380"}],"wp:attachment":[{"href":"https:\/\/www.libriparlanti.org\/index.php\/wp-json\/wp\/v2\/media?parent=10381"}],"wp:term":[{"taxonomy":"product_brand","embeddable":true,"href":"https:\/\/www.libriparlanti.org\/index.php\/wp-json\/wp\/v2\/product_brand?post=10381"},{"taxonomy":"product_cat","embeddable":true,"href":"https:\/\/www.libriparlanti.org\/index.php\/wp-json\/wp\/v2\/product_cat?post=10381"},{"taxonomy":"product_tag","embeddable":true,"href":"https:\/\/www.libriparlanti.org\/index.php\/wp-json\/wp\/v2\/product_tag?post=10381"}],"curies":[{"name":"wp","href":"https:\/\/api.w.org\/{rel}","templated":true}]}}