{"id":10147,"date":"2020-07-16T12:19:02","date_gmt":"2020-07-16T10:19:02","guid":{"rendered":"https:\/\/www.libriparlanti.org\/index.php\/prodotto\/riccardino\/"},"modified":"2020-09-15T12:59:47","modified_gmt":"2020-09-15T10:59:47","slug":"riccardino","status":"publish","type":"product","link":"https:\/\/www.libriparlanti.org\/index.php\/prodotto\/riccardino\/","title":{"rendered":"RICCARDINO"},"content":{"rendered":"<p>Anno 2005: Camilleri ha appena pubblicato La luna di carta. Sta lavorando alla successiva avventura della serie, ma in estate consegna a Elvira Sellerio un altro romanzo con protagonista il commissario Montalbano. Si intitola Riccardino. L&#8217;accordo \u00e8 che verr\u00e0 pubblicato poi, un domani indefinito, si sa solo che sar\u00e0 l&#8217;ultimo romanzo della saga Montalbano.<br \/>\nAnno 2016. Sono passati 11 anni durante i quali sono usciti 15 libri di Montalbano. Andrea Camilleri sente l&#8217;urgenza di riprendere quel romanzo, che \u00e8 venuta l&#8217;ora di \u00absistemarlo\u00bb. Nulla cambia nella trama ma solo nella lingua che nel frattempo si \u00e8 evoluta. N\u00e9 muta il titolo che allora considerava provvisorio ma al quale ormai si \u00e8 affezionato e che nel 2016 decide essere definitivo. Un titolo cos\u00ec diverso da quelli essenziali ed evocativi e pieni di significato ai quali siamo abituati, in cui risuonano echi letterari: La forma dell&#8217;acqua, Il giro di boa, Il ladro di merendine, L&#8217;altro capo del filo. Ma Riccardino segna quasi una cesura, una fine, ed \u00e8 giusto marcare la differenza sin dal titolo.<\/p>\n","protected":false},"excerpt":{"rendered":"<p><em>Autore:<\/em> ANDREA CAMILLERI<br \/>\n<em>Editore:<\/em> SELLERIO<br \/>\n<em>ISBN:<\/em> 9788838940750<br \/>\n<em>Pubblicazione:<\/em> 16\/07\/2020<\/p>\n","protected":false},"featured_media":10146,"comment_status":"closed","ping_status":"closed","template":"","meta":{"_et_pb_use_builder":"","_et_pb_old_content":"","_et_gb_content_width":"","_joinchat":[]},"product_brand":[],"product_cat":[1730],"product_tag":[],"class_list":{"0":"post-10147","1":"product","2":"type-product","3":"status-publish","4":"has-post-thumbnail","6":"product_cat-varia","8":"first","9":"instock","10":"taxable","11":"shipping-taxable","12":"purchasable","13":"product-type-simple"},"yoast_head":"<!-- This site is optimized with the Yoast SEO plugin v27.5 - https:\/\/yoast.com\/product\/yoast-seo-wordpress\/ -->\n<title>RICCARDINO - Libreria Libri parlanti<\/title>\n<meta name=\"robots\" content=\"index, follow, max-snippet:-1, max-image-preview:large, max-video-preview:-1\" \/>\n<link rel=\"canonical\" href=\"https:\/\/www.libriparlanti.org\/index.php\/prodotto\/riccardino\/\" \/>\n<meta property=\"og:locale\" content=\"it_IT\" \/>\n<meta property=\"og:type\" content=\"article\" \/>\n<meta property=\"og:title\" content=\"RICCARDINO - Libreria Libri parlanti\" \/>\n<meta property=\"og:description\" content=\"Autore: ANDREA CAMILLERI Editore: SELLERIO ISBN: 9788838940750 Pubblicazione: 16\/07\/2020\" \/>\n<meta property=\"og:url\" content=\"https:\/\/www.libriparlanti.org\/index.php\/prodotto\/riccardino\/\" \/>\n<meta property=\"og:site_name\" content=\"Libreria Libri parlanti\" \/>\n<meta property=\"article:publisher\" content=\"https:\/\/www.facebook.com\/LibriParlanti\" \/>\n<meta property=\"article:modified_time\" content=\"2020-09-15T10:59:47+00:00\" \/>\n<meta property=\"og:image\" content=\"https:\/\/www.libriparlanti.org\/wp-content\/uploads\/2020\/07\/9788838940750.jpg\" \/>\n\t<meta property=\"og:image:width\" content=\"190\" \/>\n\t<meta property=\"og:image:height\" content=\"266\" \/>\n\t<meta property=\"og:image:type\" content=\"image\/jpeg\" \/>\n<meta name=\"twitter:card\" content=\"summary_large_image\" \/>\n<meta name=\"twitter:label1\" content=\"Tempo di lettura stimato\" \/>\n\t<meta name=\"twitter:data1\" content=\"1 minuto\" \/>\n<script type=\"application\/ld+json\" class=\"yoast-schema-graph\">{\"@context\":\"https:\\\/\\\/schema.org\",\"@graph\":[{\"@type\":\"WebPage\",\"@id\":\"https:\\\/\\\/www.libriparlanti.org\\\/index.php\\\/prodotto\\\/riccardino\\\/\",\"url\":\"https:\\\/\\\/www.libriparlanti.org\\\/index.php\\\/prodotto\\\/riccardino\\\/\",\"name\":\"RICCARDINO - Libreria Libri parlanti\",\"isPartOf\":{\"@id\":\"https:\\\/\\\/www.libriparlanti.org\\\/#website\"},\"primaryImageOfPage\":{\"@id\":\"https:\\\/\\\/www.libriparlanti.org\\\/index.php\\\/prodotto\\\/riccardino\\\/#primaryimage\"},\"image\":{\"@id\":\"https:\\\/\\\/www.libriparlanti.org\\\/index.php\\\/prodotto\\\/riccardino\\\/#primaryimage\"},\"thumbnailUrl\":\"https:\\\/\\\/www.libriparlanti.org\\\/wp-content\\\/uploads\\\/2020\\\/07\\\/9788838940750.jpg\",\"datePublished\":\"2020-07-16T10:19:02+00:00\",\"dateModified\":\"2020-09-15T10:59:47+00:00\",\"breadcrumb\":{\"@id\":\"https:\\\/\\\/www.libriparlanti.org\\\/index.php\\\/prodotto\\\/riccardino\\\/#breadcrumb\"},\"inLanguage\":\"it-IT\",\"potentialAction\":[{\"@type\":\"ReadAction\",\"target\":[\"https:\\\/\\\/www.libriparlanti.org\\\/index.php\\\/prodotto\\\/riccardino\\\/\"]}]},{\"@type\":\"ImageObject\",\"inLanguage\":\"it-IT\",\"@id\":\"https:\\\/\\\/www.libriparlanti.org\\\/index.php\\\/prodotto\\\/riccardino\\\/#primaryimage\",\"url\":\"https:\\\/\\\/www.libriparlanti.org\\\/wp-content\\\/uploads\\\/2020\\\/07\\\/9788838940750.jpg\",\"contentUrl\":\"https:\\\/\\\/www.libriparlanti.org\\\/wp-content\\\/uploads\\\/2020\\\/07\\\/9788838940750.jpg\",\"width\":190,\"height\":266},{\"@type\":\"BreadcrumbList\",\"@id\":\"https:\\\/\\\/www.libriparlanti.org\\\/index.php\\\/prodotto\\\/riccardino\\\/#breadcrumb\",\"itemListElement\":[{\"@type\":\"ListItem\",\"position\":1,\"name\":\"Home\",\"item\":\"https:\\\/\\\/www.libriparlanti.org\\\/\"},{\"@type\":\"ListItem\",\"position\":2,\"name\":\"Shop\",\"item\":\"https:\\\/\\\/www.libriparlanti.org\\\/index.php\\\/negozio\\\/\"},{\"@type\":\"ListItem\",\"position\":3,\"name\":\"RICCARDINO\"}]},{\"@type\":\"WebSite\",\"@id\":\"https:\\\/\\\/www.libriparlanti.org\\\/#website\",\"url\":\"https:\\\/\\\/www.libriparlanti.org\\\/\",\"name\":\"Libreria Libri parlanti\",\"description\":\"Libreria in Castiglione del Lago (Pg)\",\"potentialAction\":[{\"@type\":\"SearchAction\",\"target\":{\"@type\":\"EntryPoint\",\"urlTemplate\":\"https:\\\/\\\/www.libriparlanti.org\\\/?s={search_term_string}\"},\"query-input\":{\"@type\":\"PropertyValueSpecification\",\"valueRequired\":true,\"valueName\":\"search_term_string\"}}],\"inLanguage\":\"it-IT\"}]}<\/script>\n<!-- \/ Yoast SEO plugin. -->","yoast_head_json":{"title":"RICCARDINO - Libreria Libri parlanti","robots":{"index":"index","follow":"follow","max-snippet":"max-snippet:-1","max-image-preview":"max-image-preview:large","max-video-preview":"max-video-preview:-1"},"canonical":"https:\/\/www.libriparlanti.org\/index.php\/prodotto\/riccardino\/","og_locale":"it_IT","og_type":"article","og_title":"RICCARDINO - Libreria Libri parlanti","og_description":"Autore: ANDREA CAMILLERI Editore: SELLERIO ISBN: 9788838940750 Pubblicazione: 16\/07\/2020","og_url":"https:\/\/www.libriparlanti.org\/index.php\/prodotto\/riccardino\/","og_site_name":"Libreria Libri parlanti","article_publisher":"https:\/\/www.facebook.com\/LibriParlanti","article_modified_time":"2020-09-15T10:59:47+00:00","og_image":[{"width":190,"height":266,"url":"https:\/\/www.libriparlanti.org\/wp-content\/uploads\/2020\/07\/9788838940750.jpg","type":"image\/jpeg"}],"twitter_card":"summary_large_image","twitter_misc":{"Tempo di lettura stimato":"1 minuto"},"schema":{"@context":"https:\/\/schema.org","@graph":[{"@type":"WebPage","@id":"https:\/\/www.libriparlanti.org\/index.php\/prodotto\/riccardino\/","url":"https:\/\/www.libriparlanti.org\/index.php\/prodotto\/riccardino\/","name":"RICCARDINO - Libreria Libri parlanti","isPartOf":{"@id":"https:\/\/www.libriparlanti.org\/#website"},"primaryImageOfPage":{"@id":"https:\/\/www.libriparlanti.org\/index.php\/prodotto\/riccardino\/#primaryimage"},"image":{"@id":"https:\/\/www.libriparlanti.org\/index.php\/prodotto\/riccardino\/#primaryimage"},"thumbnailUrl":"https:\/\/www.libriparlanti.org\/wp-content\/uploads\/2020\/07\/9788838940750.jpg","datePublished":"2020-07-16T10:19:02+00:00","dateModified":"2020-09-15T10:59:47+00:00","breadcrumb":{"@id":"https:\/\/www.libriparlanti.org\/index.php\/prodotto\/riccardino\/#breadcrumb"},"inLanguage":"it-IT","potentialAction":[{"@type":"ReadAction","target":["https:\/\/www.libriparlanti.org\/index.php\/prodotto\/riccardino\/"]}]},{"@type":"ImageObject","inLanguage":"it-IT","@id":"https:\/\/www.libriparlanti.org\/index.php\/prodotto\/riccardino\/#primaryimage","url":"https:\/\/www.libriparlanti.org\/wp-content\/uploads\/2020\/07\/9788838940750.jpg","contentUrl":"https:\/\/www.libriparlanti.org\/wp-content\/uploads\/2020\/07\/9788838940750.jpg","width":190,"height":266},{"@type":"BreadcrumbList","@id":"https:\/\/www.libriparlanti.org\/index.php\/prodotto\/riccardino\/#breadcrumb","itemListElement":[{"@type":"ListItem","position":1,"name":"Home","item":"https:\/\/www.libriparlanti.org\/"},{"@type":"ListItem","position":2,"name":"Shop","item":"https:\/\/www.libriparlanti.org\/index.php\/negozio\/"},{"@type":"ListItem","position":3,"name":"RICCARDINO"}]},{"@type":"WebSite","@id":"https:\/\/www.libriparlanti.org\/#website","url":"https:\/\/www.libriparlanti.org\/","name":"Libreria Libri parlanti","description":"Libreria in Castiglione del Lago (Pg)","potentialAction":[{"@type":"SearchAction","target":{"@type":"EntryPoint","urlTemplate":"https:\/\/www.libriparlanti.org\/?s={search_term_string}"},"query-input":{"@type":"PropertyValueSpecification","valueRequired":true,"valueName":"search_term_string"}}],"inLanguage":"it-IT"}]}},"_links":{"self":[{"href":"https:\/\/www.libriparlanti.org\/index.php\/wp-json\/wp\/v2\/product\/10147","targetHints":{"allow":["GET"]}}],"collection":[{"href":"https:\/\/www.libriparlanti.org\/index.php\/wp-json\/wp\/v2\/product"}],"about":[{"href":"https:\/\/www.libriparlanti.org\/index.php\/wp-json\/wp\/v2\/types\/product"}],"replies":[{"embeddable":true,"href":"https:\/\/www.libriparlanti.org\/index.php\/wp-json\/wp\/v2\/comments?post=10147"}],"wp:featuredmedia":[{"embeddable":true,"href":"https:\/\/www.libriparlanti.org\/index.php\/wp-json\/wp\/v2\/media\/10146"}],"wp:attachment":[{"href":"https:\/\/www.libriparlanti.org\/index.php\/wp-json\/wp\/v2\/media?parent=10147"}],"wp:term":[{"taxonomy":"product_brand","embeddable":true,"href":"https:\/\/www.libriparlanti.org\/index.php\/wp-json\/wp\/v2\/product_brand?post=10147"},{"taxonomy":"product_cat","embeddable":true,"href":"https:\/\/www.libriparlanti.org\/index.php\/wp-json\/wp\/v2\/product_cat?post=10147"},{"taxonomy":"product_tag","embeddable":true,"href":"https:\/\/www.libriparlanti.org\/index.php\/wp-json\/wp\/v2\/product_tag?post=10147"}],"curies":[{"name":"wp","href":"https:\/\/api.w.org\/{rel}","templated":true}]}}