{"id":7737,"date":"2020-03-22T15:16:21","date_gmt":"2020-03-22T15:16:21","guid":{"rendered":"http:\/\/www.libriparlanti.org\/index.php\/negozio\/"},"modified":"2025-10-31T16:51:40","modified_gmt":"2025-10-31T14:51:40","slug":"negozio","status":"publish","type":"page","link":"https:\/\/www.libriparlanti.org\/index.php\/negozio\/","title":{"rendered":"Shop"},"content":{"rendered":"<p>[et_pb_section fb_built=&#8221;1&#8243; admin_label=&#8221;Header&#8221; _builder_version=&#8221;4.22.0&#8243; _module_preset=&#8221;default&#8221; background_color=&#8221;gcid-e428b4a0-8f75-478b-bc91-d4c919946667&#8243; background_image=&#8221;https:\/\/www.libriparlanti.org\/wp-content\/uploads\/2025\/10\/book-store-69c.png&#8221; background_size=&#8221;initial&#8221; background_position=&#8221;top_center&#8221; custom_padding=&#8221;100px||100px||true|false&#8221; collapsed=&#8221;on&#8221; global_colors_info=&#8221;{%22gcid-e428b4a0-8f75-478b-bc91-d4c919946667%22:%91%22background_color%22%93}&#8221;][et_pb_row _builder_version=&#8221;4.22.0&#8243; _module_preset=&#8221;default&#8221; background_color=&#8221;#FFFFFF&#8221; custom_padding=&#8221;0px||0px||true|false&#8221; box_shadow_style=&#8221;preset4&#8243; box_shadow_horizontal=&#8221;40px&#8221; box_shadow_vertical=&#8221;40px&#8221; box_shadow_color=&#8221;gcid-39c39fce-5264-4a4c-9266-982a8a79f610&#8243; global_colors_info=&#8221;{%22gcid-39c39fce-5264-4a4c-9266-982a8a79f610%22:%91%22box_shadow_color%22%93}&#8221;][et_pb_column type=&#8221;4_4&#8243; _builder_version=&#8221;4.22.0&#8243; _module_preset=&#8221;default&#8221; custom_padding=&#8221;60px|8vw|60px|8vw|true|true&#8221; custom_padding_tablet=&#8221;30px|8vw|30px|8vw|true|true&#8221; custom_padding_phone=&#8221;30px||30px||true|true&#8221; custom_padding_last_edited=&#8221;on|tablet&#8221; box_shadow_style=&#8221;preset4&#8243; box_shadow_horizontal=&#8221;20px&#8221; box_shadow_vertical=&#8221;20px&#8221; box_shadow_color=&#8221;gcid-e428b4a0-8f75-478b-bc91-d4c919946667&#8243; global_colors_info=&#8221;{%22gcid-e428b4a0-8f75-478b-bc91-d4c919946667%22:%91%22box_shadow_color%22%93}&#8221;][et_pb_text _builder_version=&#8221;4.22.0&#8243; _module_preset=&#8221;c00a8fa6-2815-41e9-8fb5-6f98ccb5c4f3&#8243; header_text_color=&#8221;gcid-9d0cae7c-074f-4d45-9577-f64cb1aa2c6b&#8221; text_orientation=&#8221;center&#8221; custom_margin=&#8221;||10px||false|false&#8221; global_colors_info=&#8221;{%22gcid-9d0cae7c-074f-4d45-9577-f64cb1aa2c6b%22:%91%22header_text_color%22%93}&#8221;]<\/p>\n<h1>I nostri Prodotti<\/h1>\n<p>[\/et_pb_text][et_pb_text _builder_version=&#8221;4.22.0&#8243; _module_preset=&#8221;e3d9b694-1ec7-4581-903a-c8fcc448a9f3&#8243; text_text_color=&#8221;gcid-9d0cae7c-074f-4d45-9577-f64cb1aa2c6b&#8221; text_orientation=&#8221;center&#8221; global_colors_info=&#8221;{%22gcid-9d0cae7c-074f-4d45-9577-f64cb1aa2c6b%22:%91%22text_text_color%22%93}&#8221;]<\/p>\n<p>Nel nostro shop online trovi un ricco catalogo di libri per ogni et\u00e0 e interesse, giochi da tavolo e educativi per divertirsi imparando, articoli di cartoleria di qualit\u00e0 e testi specialistici per approfondire le tue passioni e competenze. Tutto ci\u00f2 che serve per coltivare curiosit\u00e0 e creativit\u00e0!<\/p>\n<p>E se non trovi quello che stai cercando\u00a0<\/p>\n<p>[\/et_pb_text][et_pb_button button_url=&#8221;mailto:libriparlanti.booksandcoffee@gmail.com&#8221; button_text=&#8221;contattaci&#8221; button_alignment=&#8221;center&#8221; _builder_version=&#8221;4.27.4&#8243; _module_preset=&#8221;89255ec6-e03c-4772-8c11-7895edb91d3d&#8221; global_colors_info=&#8221;{}&#8221;][\/et_pb_button][\/et_pb_column][\/et_pb_row][\/et_pb_section][et_pb_section fb_built=&#8221;1&#8243; admin_label=&#8221;Products &#8211; New Releases&#8221; _builder_version=&#8221;4.27.4&#8243; _module_preset=&#8221;default&#8221; background_enable_color=&#8221;off&#8221; collapsed=&#8221;on&#8221; global_colors_info=&#8221;{%22gcid-dc7481a9-d70d-4c29-b152-17b0ba30940e%22:%91%22background_color%22%93}&#8221;][et_pb_row _builder_version=&#8221;4.27.4&#8243; _module_preset=&#8221;default&#8221; global_colors_info=&#8221;{}&#8221;][et_pb_column type=&#8221;4_4&#8243; _builder_version=&#8221;4.22.0&#8243; _module_preset=&#8221;default&#8221; global_colors_info=&#8221;{}&#8221;][et_pb_shop type=&#8221;product_category&#8221; show_pagination=&#8221;on&#8221; include_categories=&#8221;1740,1778,1751,1741,1737,1995,1738,1991&#8243; orderby=&#8221;date-desc&#8221; show_rating=&#8221;off&#8221; show_sale_badge=&#8221;off&#8221; _builder_version=&#8221;4.27.4&#8243; _module_preset=&#8221;1809ccf5-7bba-46b2-bbbe-6ce0983a5f3f&#8221; locked=&#8221;off&#8221; global_colors_info=&#8221;{%22gcid-e428b4a0-8f75-478b-bc91-d4c919946667%22:%91%22price_text_color%22,%22sale_badge_color%22,%22rating_text_color%22%93,%22gcid-f0b81583-c55e-43e8-91ce-43dd9fe19dec%22:%91%22sale_badge_text_color%22%93}&#8221;][\/et_pb_shop][\/et_pb_column][\/et_pb_row][\/et_pb_section]<\/p>\n","protected":false},"excerpt":{"rendered":"<p>I nostri ProdottiNel nostro shop online trovi un ricco catalogo di libri per ogni et\u00e0 e interesse, giochi da tavolo e educativi per divertirsi imparando, articoli di cartoleria di qualit\u00e0 e testi specialistici per approfondire le tue passioni e competenze. Tutto ci\u00f2 che serve per coltivare curiosit\u00e0 e creativit\u00e0! E se non trovi quello che [&hellip;]<\/p>\n","protected":false},"author":1,"featured_media":0,"parent":0,"menu_order":0,"comment_status":"closed","ping_status":"closed","template":"","meta":{"_et_pb_use_builder":"on","_et_pb_old_content":"","_et_gb_content_width":"","_joinchat":[],"footnotes":""},"class_list":["post-7737","page","type-page","status-publish","hentry"],"yoast_head":"<!-- This site is optimized with the Yoast SEO plugin v27.5 - https:\/\/yoast.com\/product\/yoast-seo-wordpress\/ -->\n<title>Shop - Libreria Libri parlanti<\/title>\n<meta name=\"robots\" content=\"index, follow, max-snippet:-1, max-image-preview:large, max-video-preview:-1\" \/>\n<link rel=\"canonical\" href=\"https:\/\/www.libriparlanti.org\/index.php\/negozio\/\" \/>\n<meta property=\"og:locale\" content=\"it_IT\" \/>\n<meta property=\"og:type\" content=\"article\" \/>\n<meta property=\"og:title\" content=\"Shop - Libreria Libri parlanti\" \/>\n<meta property=\"og:description\" content=\"I nostri ProdottiNel nostro shop online trovi un ricco catalogo di libri per ogni et\u00e0 e interesse, giochi da tavolo e educativi per divertirsi imparando, articoli di cartoleria di qualit\u00e0 e testi specialistici per approfondire le tue passioni e competenze. Tutto ci\u00f2 che serve per coltivare curiosit\u00e0 e creativit\u00e0! E se non trovi quello che [&hellip;]\" \/>\n<meta property=\"og:url\" content=\"https:\/\/www.libriparlanti.org\/index.php\/negozio\/\" \/>\n<meta property=\"og:site_name\" content=\"Libreria Libri parlanti\" \/>\n<meta property=\"article:publisher\" content=\"https:\/\/www.facebook.com\/LibriParlanti\" \/>\n<meta property=\"article:modified_time\" content=\"2025-10-31T14:51:40+00:00\" \/>\n<meta name=\"twitter:card\" content=\"summary_large_image\" \/>\n<meta name=\"twitter:label1\" content=\"Tempo di lettura stimato\" \/>\n\t<meta name=\"twitter:data1\" content=\"3 minuti\" \/>\n<script type=\"application\/ld+json\" class=\"yoast-schema-graph\">{\"@context\":\"https:\\\/\\\/schema.org\",\"@graph\":[{\"@type\":\"WebPage\",\"@id\":\"https:\\\/\\\/www.libriparlanti.org\\\/index.php\\\/negozio\\\/\",\"url\":\"https:\\\/\\\/www.libriparlanti.org\\\/index.php\\\/negozio\\\/\",\"name\":\"Shop - Libreria Libri parlanti\",\"isPartOf\":{\"@id\":\"https:\\\/\\\/www.libriparlanti.org\\\/#website\"},\"datePublished\":\"2020-03-22T15:16:21+00:00\",\"dateModified\":\"2025-10-31T14:51:40+00:00\",\"breadcrumb\":{\"@id\":\"https:\\\/\\\/www.libriparlanti.org\\\/index.php\\\/negozio\\\/#breadcrumb\"},\"inLanguage\":\"it-IT\",\"potentialAction\":[{\"@type\":\"ReadAction\",\"target\":[\"https:\\\/\\\/www.libriparlanti.org\\\/index.php\\\/negozio\\\/\"]}]},{\"@type\":\"BreadcrumbList\",\"@id\":\"https:\\\/\\\/www.libriparlanti.org\\\/index.php\\\/negozio\\\/#breadcrumb\",\"itemListElement\":[{\"@type\":\"ListItem\",\"position\":1,\"name\":\"Home\",\"item\":\"https:\\\/\\\/www.libriparlanti.org\\\/\"},{\"@type\":\"ListItem\",\"position\":2,\"name\":\"Shop\"}]},{\"@type\":\"WebSite\",\"@id\":\"https:\\\/\\\/www.libriparlanti.org\\\/#website\",\"url\":\"https:\\\/\\\/www.libriparlanti.org\\\/\",\"name\":\"Libreria Libri parlanti\",\"description\":\"Libreria in Castiglione del Lago (Pg)\",\"potentialAction\":[{\"@type\":\"SearchAction\",\"target\":{\"@type\":\"EntryPoint\",\"urlTemplate\":\"https:\\\/\\\/www.libriparlanti.org\\\/?s={search_term_string}\"},\"query-input\":{\"@type\":\"PropertyValueSpecification\",\"valueRequired\":true,\"valueName\":\"search_term_string\"}}],\"inLanguage\":\"it-IT\"}]}<\/script>\n<!-- \/ Yoast SEO plugin. -->","yoast_head_json":{"title":"Shop - Libreria Libri parlanti","robots":{"index":"index","follow":"follow","max-snippet":"max-snippet:-1","max-image-preview":"max-image-preview:large","max-video-preview":"max-video-preview:-1"},"canonical":"https:\/\/www.libriparlanti.org\/index.php\/negozio\/","og_locale":"it_IT","og_type":"article","og_title":"Shop - Libreria Libri parlanti","og_description":"I nostri ProdottiNel nostro shop online trovi un ricco catalogo di libri per ogni et\u00e0 e interesse, giochi da tavolo e educativi per divertirsi imparando, articoli di cartoleria di qualit\u00e0 e testi specialistici per approfondire le tue passioni e competenze. Tutto ci\u00f2 che serve per coltivare curiosit\u00e0 e creativit\u00e0! E se non trovi quello che [&hellip;]","og_url":"https:\/\/www.libriparlanti.org\/index.php\/negozio\/","og_site_name":"Libreria Libri parlanti","article_publisher":"https:\/\/www.facebook.com\/LibriParlanti","article_modified_time":"2025-10-31T14:51:40+00:00","twitter_card":"summary_large_image","twitter_misc":{"Tempo di lettura stimato":"3 minuti"},"schema":{"@context":"https:\/\/schema.org","@graph":[{"@type":"WebPage","@id":"https:\/\/www.libriparlanti.org\/index.php\/negozio\/","url":"https:\/\/www.libriparlanti.org\/index.php\/negozio\/","name":"Shop - Libreria Libri parlanti","isPartOf":{"@id":"https:\/\/www.libriparlanti.org\/#website"},"datePublished":"2020-03-22T15:16:21+00:00","dateModified":"2025-10-31T14:51:40+00:00","breadcrumb":{"@id":"https:\/\/www.libriparlanti.org\/index.php\/negozio\/#breadcrumb"},"inLanguage":"it-IT","potentialAction":[{"@type":"ReadAction","target":["https:\/\/www.libriparlanti.org\/index.php\/negozio\/"]}]},{"@type":"BreadcrumbList","@id":"https:\/\/www.libriparlanti.org\/index.php\/negozio\/#breadcrumb","itemListElement":[{"@type":"ListItem","position":1,"name":"Home","item":"https:\/\/www.libriparlanti.org\/"},{"@type":"ListItem","position":2,"name":"Shop"}]},{"@type":"WebSite","@id":"https:\/\/www.libriparlanti.org\/#website","url":"https:\/\/www.libriparlanti.org\/","name":"Libreria Libri parlanti","description":"Libreria in Castiglione del Lago (Pg)","potentialAction":[{"@type":"SearchAction","target":{"@type":"EntryPoint","urlTemplate":"https:\/\/www.libriparlanti.org\/?s={search_term_string}"},"query-input":{"@type":"PropertyValueSpecification","valueRequired":true,"valueName":"search_term_string"}}],"inLanguage":"it-IT"}]}},"_links":{"self":[{"href":"https:\/\/www.libriparlanti.org\/index.php\/wp-json\/wp\/v2\/pages\/7737","targetHints":{"allow":["GET"]}}],"collection":[{"href":"https:\/\/www.libriparlanti.org\/index.php\/wp-json\/wp\/v2\/pages"}],"about":[{"href":"https:\/\/www.libriparlanti.org\/index.php\/wp-json\/wp\/v2\/types\/page"}],"author":[{"embeddable":true,"href":"https:\/\/www.libriparlanti.org\/index.php\/wp-json\/wp\/v2\/users\/1"}],"replies":[{"embeddable":true,"href":"https:\/\/www.libriparlanti.org\/index.php\/wp-json\/wp\/v2\/comments?post=7737"}],"version-history":[{"count":10,"href":"https:\/\/www.libriparlanti.org\/index.php\/wp-json\/wp\/v2\/pages\/7737\/revisions"}],"predecessor-version":[{"id":35837,"href":"https:\/\/www.libriparlanti.org\/index.php\/wp-json\/wp\/v2\/pages\/7737\/revisions\/35837"}],"wp:attachment":[{"href":"https:\/\/www.libriparlanti.org\/index.php\/wp-json\/wp\/v2\/media?parent=7737"}],"curies":[{"name":"wp","href":"https:\/\/api.w.org\/{rel}","templated":true}]}}